{"id":1138,"date":"2017-04-06T12:46:00","date_gmt":"2017-04-06T10:46:00","guid":{"rendered":"http:\/\/univet.hu\/egyetem\/nemzetkozi-kapcsolatok\/kapcsolat\/"},"modified":"2025-09-08T09:57:15","modified_gmt":"2025-09-08T07:57:15","slug":"nemzetkozi-kapcsolat","status":"publish","type":"page","link":"https:\/\/univet.hu\/hu\/egyetem\/nemzetkozi-kapcsolatok\/nemzetkozi-kapcsolat\/","title":{"rendered":"Kapcsolat"},"content":{"rendered":"<p><strong>Nemzetk\u00f6zi Kapcsolatok Oszt\u00e1lya<\/strong><\/p> <p>C\u00edm:<br \/> \u00c1llatorvostudom\u00e1nyi Egyetem, Nemzetk\u00f6zi Kapcsolatok Oszt\u00e1lya<br \/> 1078 Budapest, Istv\u00e1n u. 2.<\/p> <p>Telefon: (1) 478 4100 \/ 8865<br \/> Email: <a class=\"decrypt\" rel=\"joufsobujpobmAvojwfu\/iv\" href=\"javascript:void(0);\">[Kattintson az emailc\u00edmhez]<\/a><\/p> <p>&nbsp;<\/p> <p><strong>Nemzetk\u00f6zi \u00fcgyek\u00e9rt felel\u0151s igazgat\u00f3<\/strong><\/p> <p>Dr. Bartha Tibor<\/p> <p>Hely: 1078 Budapest, Istv\u00e1n utca 2, C. \u00e9p\u00fclet, 1. emelet, \u00c9lettani \u00e9s Biok\u00e9miai Tansz\u00e9k<br \/> Telefon:\u00a0 (1) 478 4100 \/ 8400<br \/> Email: <a class=\"decrypt\" rel=\"joufsobujpobmAvojwfu\/iv\" href=\"javascript:void(0);\">[Kattintson az emailc\u00edmhez]<\/a><\/p> <p><strong>Nemzetk\u00f6zi kapcsolatok koordin\u00e1tor<\/strong><\/p> <p>Vad\u00e1sz Eszter<\/p> <p><strong>Nyitva tart\u00e1s: <\/strong><br \/> Kedd \u00e9s Cs\u00fct\u00f6rt\u00f6k: 9:00-11:00<\/p> <p>H\u00e9tf\u0151 \u00e9s Szerda: 13:00-15:00<\/p> <p>Hely: 1078 Budapest, Istv\u00e1n utca 2, C. \u00e9p\u00fclet, 1. emelet, 1.04 &#8211; \u00c9lettani \u00e9s Biok\u00e9miai Tansz\u00e9k<br \/> Telefon:\u00a0 (1) 478 4100 \/ 8865<br \/> Email: <a class=\"decrypt\" rel=\"joufsobujpobmAvojwfu\/iv\" href=\"javascript:void(0);\">[Kattintson az emailc\u00edmhez]<\/a><\/p>","protected":false},"excerpt":{"rendered":"<p>Nemzetk\u00f6zi Kapcsolatok Oszt\u00e1lya C\u00edm: \u00c1llatorvostudom\u00e1nyi Egyetem, Nemzetk\u00f6zi Kapcsolatok Oszt\u00e1lya 1078 Budapest, Istv\u00e1n u. 2. Telefon: (1) 478 4100 \/ 8865 Email: [Kattintson az emailc\u00edmhez] &nbsp; Nemzetk\u00f6zi \u00fcgyek\u00e9rt felel\u0151s igazgat\u00f3 Dr. Bartha Tibor Hely: 1078 Budapest, Istv\u00e1n utca 2, C. \u00e9p\u00fclet, 1. emelet, \u00c9lettani \u00e9s Biok\u00e9miai Tansz\u00e9k Telefon:\u00a0 (1) 478 4100 \/ 8400 Email: [Kattintson az<\/p>\n","protected":false},"author":1,"featured_media":0,"parent":1116,"menu_order":228,"comment_status":"closed","ping_status":"closed","template":"","meta":{"_acf_changed":false,"footnotes":""},"categories":[],"tags":[],"class_list":["post-1138","page","type-page","status-publish","hentry"],"acf":[],"_links":{"self":[{"href":"https:\/\/univet.hu\/hu\/wp-json\/wp\/v2\/pages\/1138","targetHints":{"allow":["GET"]}}],"collection":[{"href":"https:\/\/univet.hu\/hu\/wp-json\/wp\/v2\/pages"}],"about":[{"href":"https:\/\/univet.hu\/hu\/wp-json\/wp\/v2\/types\/page"}],"author":[{"embeddable":true,"href":"https:\/\/univet.hu\/hu\/wp-json\/wp\/v2\/users\/1"}],"replies":[{"embeddable":true,"href":"https:\/\/univet.hu\/hu\/wp-json\/wp\/v2\/comments?post=1138"}],"version-history":[{"count":5,"href":"https:\/\/univet.hu\/hu\/wp-json\/wp\/v2\/pages\/1138\/revisions"}],"predecessor-version":[{"id":190291,"href":"https:\/\/univet.hu\/hu\/wp-json\/wp\/v2\/pages\/1138\/revisions\/190291"}],"up":[{"embeddable":true,"href":"https:\/\/univet.hu\/hu\/wp-json\/wp\/v2\/pages\/1116"}],"wp:attachment":[{"href":"https:\/\/univet.hu\/hu\/wp-json\/wp\/v2\/media?parent=1138"}],"wp:term":[{"taxonomy":"category","embeddable":true,"href":"https:\/\/univet.hu\/hu\/wp-json\/wp\/v2\/categories?post=1138"},{"taxonomy":"post_tag","embeddable":true,"href":"https:\/\/univet.hu\/hu\/wp-json\/wp\/v2\/tags?post=1138"}],"curies":[{"name":"wp","href":"https:\/\/api.w.org\/{rel}","templated":true}]}}