{"id":11437,"date":"2018-08-24T23:42:10","date_gmt":"2018-08-24T21:42:10","guid":{"rendered":"http:\/\/univet.hu\/egyetem\/palyazati-projektek\/palyazat-nyolc\/"},"modified":"2025-09-18T10:53:21","modified_gmt":"2025-09-18T08:53:21","slug":"a-neuroinflammacio-vizsgalata-a-neurodegenerativ-folyamatokban","status":"publish","type":"page","link":"https:\/\/univet.hu\/hu\/egyetem\/palyazati-projektek\/eu-projektek\/a-neuroinflammacio-vizsgalata-a-neurodegenerativ-folyamatokban\/","title":{"rendered":"A neuroinflamm\u00e1ci\u00f3 vizsg\u00e1lata a neurodegenerat\u00edv folyamatokban"},"content":{"rendered":"<p><span style=\"font-size: 14pt\"><strong>A p\u00e1ly\u00e1zat r\u00e9szletei<\/strong><\/span><\/p> <p><em><strong>A projekt k\u00f3dja:<\/strong><\/em> <span style=\"color: #333333\">EFOP-3.6.2-16-2017-00008<\/span><br \/> <!--[endif]--><\/p> <p><em><strong>A projekt c\u00edme:<\/strong> <\/em>\u201e<span style=\"color: #333333\">A neuroinflamm\u00e1ci\u00f3 vizsg\u00e1lata a neurodegenerat\u00edv folyamatokban: a molekul\u00e1t\u00f3l a beteg\u00e1gyig<\/span>\u201d<\/p> <p>A projekt c\u00e9lja, felt\u00e1rni \u00e9s meg\u00e9rteni a neurodegerat\u00edv megbeteged\u00e9sek \u00e9s bizonyos, a kognit\u00edv funkci\u00f3k k\u00f6z\u00f6tti mechanisztikus \u00e9s struktur\u00e1lis kapcsolatokat. Valamint r\u00e1vil\u00e1g\u00edtani arra, hogy lehets\u00e9ges-e labor- \u00e9s h\u00e1zi\u00e1llatokban k\u00e9palkot\u00f3 elj\u00e1r\u00e1sokat \u00e9s ultrastruktur\u00e1lis vizsg\u00e1latokat korrel\u00e1lni. Hossz\u00fa t\u00e1v\u00fa gazdas\u00e1gi \u00e9s eg\u00e9szs\u00e9g\u00fcgyi vonatkoz\u00e1sai vannak, ismerve a neurodegenerat\u00edv, illetve a ment\u00e1lis betegs\u00e9gek prevalenci\u00e1j\u00e1t \u00e9s az ezzel \u00f6sszef\u00fcgg\u0151 t\u00e1rsadalombiztos\u00edt\u00e1si kiad\u00e1sokat.<\/p> <p><strong><em>Kedvezm\u00e9nyezett:<\/em> <\/strong>P\u00e9csi Tudom\u00e1nyegyetem (Konzorciumvezet\u0151)<\/p> <p>\u00c1llatorvostudom\u00e1nyi Egyetem (Konzorciumi Tag)<\/p> <p>Somogy Megyei Kaposi M\u00f3r Oktat\u00f3 K\u00f3rh\u00e1z (Konzorciumi Tag)<\/p> <p><em><strong>A t\u00e1mogat\u00e1s \u00f6sszege:<\/strong><\/em> 1 247 745 566 Ft<\/p> <p><em><strong>A t\u00e1mogat\u00e1s intenzit\u00e1sa:<\/strong><\/em> 100%<\/p> <p><em><strong>Projekt kezd\u00e9si d\u00e1tum<\/strong><\/em>: 2017.07.01<\/p> <p><em><strong>Projekt z\u00e1r\u00e1si d\u00e1tum:<\/strong><\/em> 2021.09.30.<\/p> <p><a href=\"https:\/\/univet.hu\/wp-content\/uploads\/2019\/02\/2.-P\u00e1ly\u00e1zati-felh\u00edv\u00e1s_EFOP362-ideg.pdf\" data-replaced=\"true\">2. P\u00e1ly\u00e1zati felh\u00edv\u00e1s_EFOP362 ideg<\/a><\/p> <p><a href=\"https:\/\/univet.hu\/wp-content\/uploads\/2019\/02\/2.-Hallgat\u00f3i-p\u00e1ly\u00e1zat-adatlap-EFOP-362-ideg.docx\" data-replaced=\"true\">2. Hallgat\u00f3i p\u00e1ly\u00e1zat adatlap EFOP 362 ideg<\/a><\/p> <p><a href=\"https:\/\/univet.hu\/files\/subpages\/456\/files\/EFOP-3.6.2-NEUR_nyertes%20p%C3%A1ly%C3%A1zatok.xlsx\" target=\"_blank\" rel=\"noopener\" data-replaced=\"true\">Nyertes p\u00e1ly\u00e1zatok<\/a><\/p> <p><span style=\"font-size: 14pt\"><strong>Documents in English<\/strong><\/span><\/p> <p><a href=\"https:\/\/univet.hu\/wp-content\/uploads\/2019\/02\/2nd-Student-application-datasheet_Neuroscience.doc\" data-replaced=\"true\">2nd Student application datasheet_Neuroscience<\/a><\/p> <p><a href=\"https:\/\/univet.hu\/wp-content\/uploads\/2019\/02\/2nd-call-for-application-for-students_EFOP362_neuroscience.pdf\" data-replaced=\"true\">2nd call for application for students_EFOP362_neuroscience<\/a><\/p>","protected":false},"excerpt":{"rendered":"<p>A p\u00e1ly\u00e1zat r\u00e9szletei A projekt k\u00f3dja: EFOP-3.6.2-16-2017-00008 A projekt c\u00edme: \u201eA neuroinflamm\u00e1ci\u00f3 vizsg\u00e1lata a neurodegenerat\u00edv folyamatokban: a molekul\u00e1t\u00f3l a beteg\u00e1gyig\u201d A projekt c\u00e9lja, felt\u00e1rni \u00e9s meg\u00e9rteni a neurodegerat\u00edv megbeteged\u00e9sek \u00e9s bizonyos, a kognit\u00edv funkci\u00f3k k\u00f6z\u00f6tti mechanisztikus \u00e9s struktur\u00e1lis kapcsolatokat. Valamint r\u00e1vil\u00e1g\u00edtani arra, hogy lehets\u00e9ges-e labor- \u00e9s h\u00e1zi\u00e1llatokban k\u00e9palkot\u00f3 elj\u00e1r\u00e1sokat \u00e9s ultrastruktur\u00e1lis vizsg\u00e1latokat korrel\u00e1lni. Hossz\u00fa t\u00e1v\u00fa<\/p>\n","protected":false},"author":1,"featured_media":0,"parent":45566,"menu_order":279,"comment_status":"closed","ping_status":"closed","template":"page-templates\/page-project.php","meta":{"_acf_changed":false,"footnotes":""},"categories":[],"tags":[],"class_list":["post-11437","page","type-page","status-publish","hentry"],"acf":[],"_links":{"self":[{"href":"https:\/\/univet.hu\/hu\/wp-json\/wp\/v2\/pages\/11437","targetHints":{"allow":["GET"]}}],"collection":[{"href":"https:\/\/univet.hu\/hu\/wp-json\/wp\/v2\/pages"}],"about":[{"href":"https:\/\/univet.hu\/hu\/wp-json\/wp\/v2\/types\/page"}],"author":[{"embeddable":true,"href":"https:\/\/univet.hu\/hu\/wp-json\/wp\/v2\/users\/1"}],"replies":[{"embeddable":true,"href":"https:\/\/univet.hu\/hu\/wp-json\/wp\/v2\/comments?post=11437"}],"version-history":[{"count":1,"href":"https:\/\/univet.hu\/hu\/wp-json\/wp\/v2\/pages\/11437\/revisions"}],"predecessor-version":[{"id":190624,"href":"https:\/\/univet.hu\/hu\/wp-json\/wp\/v2\/pages\/11437\/revisions\/190624"}],"up":[{"embeddable":true,"href":"https:\/\/univet.hu\/hu\/wp-json\/wp\/v2\/pages\/45566"}],"wp:attachment":[{"href":"https:\/\/univet.hu\/hu\/wp-json\/wp\/v2\/media?parent=11437"}],"wp:term":[{"taxonomy":"category","embeddable":true,"href":"https:\/\/univet.hu\/hu\/wp-json\/wp\/v2\/categories?post=11437"},{"taxonomy":"post_tag","embeddable":true,"href":"https:\/\/univet.hu\/hu\/wp-json\/wp\/v2\/tags?post=11437"}],"curies":[{"name":"wp","href":"https:\/\/api.w.org\/{rel}","templated":true}]}}