{"id":1146,"date":"2018-03-28T11:04:00","date_gmt":"2017-02-28T15:08:00","guid":{"rendered":"http:\/\/univet.hu\/egyetem\/nemzetkozi-kapcsolatok\/erasmus\/erasmus-hallgatok\/erasmus-szakkepzes-friss-diplomasoknak\/"},"modified":"2024-03-05T11:10:01","modified_gmt":"2024-03-05T10:10:01","slug":"erasmus-szakkepzes-friss-diplomasoknak","status":"publish","type":"page","link":"https:\/\/univet.hu\/hu\/egyetem\/nemzetkozi-kapcsolatok\/erasmus\/erasmus-hallgatok\/erasmus-szakkepzes-friss-diplomasoknak\/","title":{"rendered":"Erasmus Szakk\u00e9pz\u00e9s friss diplom\u00e1soknak"},"content":{"rendered":"<p>Jelenleg nincs akt\u00edv felh\u00edv\u00e1sunk Erasmus \u00f6szt\u00f6nd\u00edjakra.<\/p> <p>Hallgat\u00f3inkat k\u00e9rj\u00fck, hogy n\u00e9zz\u00e9k meg az egy\u00e9b nemzetk\u00f6zi \u00f6szt\u00f6nd\u00edjlehet\u0151s\u00e9geket: Pann\u00f3nia \u00e9s Ceepus \u00f6szt\u00f6nd\u00edj programokat.<\/p>","protected":false},"excerpt":{"rendered":"<p>Jelenleg nincs akt\u00edv felh\u00edv\u00e1sunk Erasmus \u00f6szt\u00f6nd\u00edjakra. Hallgat\u00f3inkat k\u00e9rj\u00fck, hogy n\u00e9zz\u00e9k meg az egy\u00e9b nemzetk\u00f6zi \u00f6szt\u00f6nd\u00edjlehet\u0151s\u00e9geket: Pann\u00f3nia \u00e9s Ceepus \u00f6szt\u00f6nd\u00edj programokat.<\/p>\n","protected":false},"author":1,"featured_media":0,"parent":1144,"menu_order":228,"comment_status":"closed","ping_status":"closed","template":"","meta":{"_acf_changed":false,"footnotes":""},"categories":[],"tags":[],"class_list":["post-1146","page","type-page","status-publish","hentry"],"acf":[],"_links":{"self":[{"href":"https:\/\/univet.hu\/hu\/wp-json\/wp\/v2\/pages\/1146","targetHints":{"allow":["GET"]}}],"collection":[{"href":"https:\/\/univet.hu\/hu\/wp-json\/wp\/v2\/pages"}],"about":[{"href":"https:\/\/univet.hu\/hu\/wp-json\/wp\/v2\/types\/page"}],"author":[{"embeddable":true,"href":"https:\/\/univet.hu\/hu\/wp-json\/wp\/v2\/users\/1"}],"replies":[{"embeddable":true,"href":"https:\/\/univet.hu\/hu\/wp-json\/wp\/v2\/comments?post=1146"}],"version-history":[{"count":0,"href":"https:\/\/univet.hu\/hu\/wp-json\/wp\/v2\/pages\/1146\/revisions"}],"up":[{"embeddable":true,"href":"https:\/\/univet.hu\/hu\/wp-json\/wp\/v2\/pages\/1144"}],"wp:attachment":[{"href":"https:\/\/univet.hu\/hu\/wp-json\/wp\/v2\/media?parent=1146"}],"wp:term":[{"taxonomy":"category","embeddable":true,"href":"https:\/\/univet.hu\/hu\/wp-json\/wp\/v2\/categories?post=1146"},{"taxonomy":"post_tag","embeddable":true,"href":"https:\/\/univet.hu\/hu\/wp-json\/wp\/v2\/tags?post=1146"}],"curies":[{"name":"wp","href":"https:\/\/api.w.org\/{rel}","templated":true}]}}