{"id":1149,"date":"2018-06-27T15:02:00","date_gmt":"2018-02-19T14:44:00","guid":{"rendered":"http:\/\/univet.hu\/egyetem\/nemzetkozi-kapcsolatok\/erasmus\/erasmus-oktatok\/"},"modified":"2024-03-05T11:11:55","modified_gmt":"2024-03-05T10:11:55","slug":"erasmus-oktatok","status":"publish","type":"page","link":"https:\/\/univet.hu\/hu\/egyetem\/nemzetkozi-kapcsolatok\/erasmus\/erasmus-oktatok\/","title":{"rendered":"ERASMUS &#8211; Oktat\u00f3k"},"content":{"rendered":"<p>Jelenleg nincs akt\u00edv felh\u00edv\u00e1sunk Erasmus \u00f6szt\u00f6nd\u00edjakra.<\/p> <p>Oktat\u00f3inkat k\u00e9rj\u00fck, hogy n\u00e9zz\u00e9k meg a Pann\u00f3nia \u00f6szt\u00f6nd\u00edj ny\u00fajtotta lehet\u0151s\u00e9geket.<\/p>","protected":false},"excerpt":{"rendered":"<p>Jelenleg nincs akt\u00edv felh\u00edv\u00e1sunk Erasmus \u00f6szt\u00f6nd\u00edjakra. Oktat\u00f3inkat k\u00e9rj\u00fck, hogy n\u00e9zz\u00e9k meg a Pann\u00f3nia \u00f6szt\u00f6nd\u00edj ny\u00fajtotta lehet\u0151s\u00e9geket.<\/p>\n","protected":false},"author":1,"featured_media":0,"parent":1122,"menu_order":228,"comment_status":"closed","ping_status":"closed","template":"","meta":{"_acf_changed":false,"footnotes":""},"categories":[],"tags":[],"class_list":["post-1149","page","type-page","status-publish","hentry"],"acf":[],"_links":{"self":[{"href":"https:\/\/univet.hu\/hu\/wp-json\/wp\/v2\/pages\/1149","targetHints":{"allow":["GET"]}}],"collection":[{"href":"https:\/\/univet.hu\/hu\/wp-json\/wp\/v2\/pages"}],"about":[{"href":"https:\/\/univet.hu\/hu\/wp-json\/wp\/v2\/types\/page"}],"author":[{"embeddable":true,"href":"https:\/\/univet.hu\/hu\/wp-json\/wp\/v2\/users\/1"}],"replies":[{"embeddable":true,"href":"https:\/\/univet.hu\/hu\/wp-json\/wp\/v2\/comments?post=1149"}],"version-history":[{"count":0,"href":"https:\/\/univet.hu\/hu\/wp-json\/wp\/v2\/pages\/1149\/revisions"}],"up":[{"embeddable":true,"href":"https:\/\/univet.hu\/hu\/wp-json\/wp\/v2\/pages\/1122"}],"wp:attachment":[{"href":"https:\/\/univet.hu\/hu\/wp-json\/wp\/v2\/media?parent=1149"}],"wp:term":[{"taxonomy":"category","embeddable":true,"href":"https:\/\/univet.hu\/hu\/wp-json\/wp\/v2\/categories?post=1149"},{"taxonomy":"post_tag","embeddable":true,"href":"https:\/\/univet.hu\/hu\/wp-json\/wp\/v2\/tags?post=1149"}],"curies":[{"name":"wp","href":"https:\/\/api.w.org\/{rel}","templated":true}]}}