{"id":1150,"date":"2018-06-27T15:03:00","date_gmt":"2018-02-19T14:45:00","guid":{"rendered":"http:\/\/univet.hu\/egyetem\/nemzetkozi-kapcsolatok\/erasmus\/erasmus-szemelyzet\/"},"modified":"2024-03-05T11:13:09","modified_gmt":"2024-03-05T10:13:09","slug":"erasmus-szemelyzeti_mobilitas","status":"publish","type":"page","link":"https:\/\/univet.hu\/hu\/egyetem\/nemzetkozi-kapcsolatok\/erasmus\/erasmus-szemelyzeti_mobilitas\/","title":{"rendered":"ERASMUS &#8211; Szem\u00e9lyzeti mobilit\u00e1s"},"content":{"rendered":"<p>Jelenleg nincs akt\u00edv felh\u00edv\u00e1sunk Erasmus \u00f6szt\u00f6nd\u00edjakra.<\/p> <p>Munkat\u00e1rsainkat k\u00e9rj\u00fck, hogy n\u00e9zz\u00e9k meg a Pann\u00f3nia \u00f6szt\u00f6nd\u00edj ny\u00fajtotta lehet\u0151s\u00e9geket.<\/p> <p>Erasmus Staff Week keres\u0151:\u00a0<a href=\"http:\/\/staffmobility.eu\/staff-week-search\" target=\"_blank\" rel=\"noopener\" data-replaced=\"true\">IMOTION<\/a><\/p> <p><a href=\"https:\/\/erasmusplusz.hu\/erasmus_palyazati_lehetosegek_oktatoknak_es_intezmenyi_munkatarsaknak\/felsooktatasi-munkatarsak-oktatasi-celu-mobilitasa\" target=\"_blank\" rel=\"noopener\">P\u00e1ly\u00e1zati Alapelvek<\/a> (Tempus K\u00f6zalap\u00edtv\u00e1ny)<\/p> <p>&nbsp;<\/p> <p>&nbsp;<\/p>","protected":false},"excerpt":{"rendered":"<p>Jelenleg nincs akt\u00edv felh\u00edv\u00e1sunk Erasmus \u00f6szt\u00f6nd\u00edjakra. Munkat\u00e1rsainkat k\u00e9rj\u00fck, hogy n\u00e9zz\u00e9k meg a Pann\u00f3nia \u00f6szt\u00f6nd\u00edj ny\u00fajtotta lehet\u0151s\u00e9geket. Erasmus Staff Week keres\u0151:\u00a0IMOTION P\u00e1ly\u00e1zati Alapelvek (Tempus K\u00f6zalap\u00edtv\u00e1ny) &nbsp; &nbsp;<\/p>\n","protected":false},"author":1,"featured_media":0,"parent":1122,"menu_order":228,"comment_status":"closed","ping_status":"closed","template":"","meta":{"_acf_changed":false,"footnotes":""},"categories":[],"tags":[],"class_list":["post-1150","page","type-page","status-publish","hentry"],"acf":[],"_links":{"self":[{"href":"https:\/\/univet.hu\/hu\/wp-json\/wp\/v2\/pages\/1150","targetHints":{"allow":["GET"]}}],"collection":[{"href":"https:\/\/univet.hu\/hu\/wp-json\/wp\/v2\/pages"}],"about":[{"href":"https:\/\/univet.hu\/hu\/wp-json\/wp\/v2\/types\/page"}],"author":[{"embeddable":true,"href":"https:\/\/univet.hu\/hu\/wp-json\/wp\/v2\/users\/1"}],"replies":[{"embeddable":true,"href":"https:\/\/univet.hu\/hu\/wp-json\/wp\/v2\/comments?post=1150"}],"version-history":[{"count":0,"href":"https:\/\/univet.hu\/hu\/wp-json\/wp\/v2\/pages\/1150\/revisions"}],"up":[{"embeddable":true,"href":"https:\/\/univet.hu\/hu\/wp-json\/wp\/v2\/pages\/1122"}],"wp:attachment":[{"href":"https:\/\/univet.hu\/hu\/wp-json\/wp\/v2\/media?parent=1150"}],"wp:term":[{"taxonomy":"category","embeddable":true,"href":"https:\/\/univet.hu\/hu\/wp-json\/wp\/v2\/categories?post=1150"},{"taxonomy":"post_tag","embeddable":true,"href":"https:\/\/univet.hu\/hu\/wp-json\/wp\/v2\/tags?post=1150"}],"curies":[{"name":"wp","href":"https:\/\/api.w.org\/{rel}","templated":true}]}}