{"id":1180,"date":"2016-11-29T12:51:00","date_gmt":"2016-11-29T11:51:00","guid":{"rendered":"http:\/\/univet.hu\/egyetem\/allatorvosok-lapja\/"},"modified":"2018-12-17T11:06:13","modified_gmt":"2018-12-17T10:06:13","slug":"allatorvosok-lapja","status":"publish","type":"page","link":"https:\/\/univet.hu\/hu\/egyetem\/allatorvosok-lapja\/","title":{"rendered":"Magyar \u00c1llatorvosok Lapja"},"content":{"rendered":"<h2>Szerkeszt\u0151s\u00e9g<\/h2> <p>F\u0151szerkeszt\u0151: Dr. Balka Gyula<\/p> <p>C\u00edm: H-1078 Budapest, Istv\u00e1n u. 2.<br \/> Tel.: +(36) 1-341-3023, +(36) 1-478-4100\/8961<\/p> <p>E-mail: <a class=\"decrypt\" rel=\"nbmAvojwfu\/iv\" href=\"javascript:void(0);\">[Kattintson az emailc\u00edmhez]<\/a><\/p>","protected":false},"excerpt":{"rendered":"<p>Szerkeszt\u0151s\u00e9g F\u0151szerkeszt\u0151: Dr. Balka Gyula C\u00edm: H-1078 Budapest, Istv\u00e1n u. 2. Tel.: +(36) 1-341-3023, +(36) 1-478-4100\/8961 E-mail: [Kattintson az emailc\u00edmhez]<\/p>\n","protected":false},"author":1,"featured_media":0,"parent":336,"menu_order":342,"comment_status":"closed","ping_status":"closed","template":"","meta":{"_acf_changed":false,"footnotes":""},"categories":[],"tags":[],"class_list":["post-1180","page","type-page","status-publish","hentry"],"acf":[],"_links":{"self":[{"href":"https:\/\/univet.hu\/hu\/wp-json\/wp\/v2\/pages\/1180","targetHints":{"allow":["GET"]}}],"collection":[{"href":"https:\/\/univet.hu\/hu\/wp-json\/wp\/v2\/pages"}],"about":[{"href":"https:\/\/univet.hu\/hu\/wp-json\/wp\/v2\/types\/page"}],"author":[{"embeddable":true,"href":"https:\/\/univet.hu\/hu\/wp-json\/wp\/v2\/users\/1"}],"replies":[{"embeddable":true,"href":"https:\/\/univet.hu\/hu\/wp-json\/wp\/v2\/comments?post=1180"}],"version-history":[{"count":0,"href":"https:\/\/univet.hu\/hu\/wp-json\/wp\/v2\/pages\/1180\/revisions"}],"up":[{"embeddable":true,"href":"https:\/\/univet.hu\/hu\/wp-json\/wp\/v2\/pages\/336"}],"wp:attachment":[{"href":"https:\/\/univet.hu\/hu\/wp-json\/wp\/v2\/media?parent=1180"}],"wp:term":[{"taxonomy":"category","embeddable":true,"href":"https:\/\/univet.hu\/hu\/wp-json\/wp\/v2\/categories?post=1180"},{"taxonomy":"post_tag","embeddable":true,"href":"https:\/\/univet.hu\/hu\/wp-json\/wp\/v2\/tags?post=1180"}],"curies":[{"name":"wp","href":"https:\/\/api.w.org\/{rel}","templated":true}]}}