{"id":1191,"date":"2016-11-10T11:48:00","date_gmt":"2016-11-10T10:48:00","guid":{"rendered":"http:\/\/univet.hu\/egyetem\/allatorvosok-lapja\/kapcsolat\/"},"modified":"2025-01-07T19:57:29","modified_gmt":"2025-01-07T18:57:29","slug":"mal-kapcsolat","status":"publish","type":"page","link":"https:\/\/univet.hu\/hu\/egyetem\/allatorvosok-lapja\/mal-kapcsolat\/","title":{"rendered":"Kapcsolat"},"content":{"rendered":"<h2>Magyar \u00c1llatorvosok Lapja<\/h2> <p>F\u0150SZERKESZT\u0150 \/ EDITOR IN CHIEF: Dr. Balka Gyula<\/p> <p>SZERKESZT\u0150S\u00c9GI TITK\u00c1R \/ EDITORIAL OFFICE SECRETARY: T\u00f3th Zsuzsanna<\/p> <p>SZERKESZT\u0150S\u00c9G \/ EDITORIAL OFFICE<br \/> H-1078 Budapest, Istv\u00e1n u. 2. N \u00e9p. 2. em. (building N. 2. floor)<br \/> Lev\u00e9lc\u00edm: 1400 Budapest 7. Pf. 2.<br \/> Telefon\/fax: (36-1) 341-3023<br \/> Internet: http:\/\/www.univet.hu\/mal<br \/> E-mail: <a class=\"decrypt\" rel=\"nbmAvojwfu\/iv\" href=\"javascript:void(0);\">[Kattintson az emailc\u00edmhez]<\/a><\/p> <p>KIAD\u00d3 \/ PUBLISHER<br \/> Herman Ott\u00f3 Int\u00e9zet Nonprofit Kft.<br \/> H-1223 Budapest, Park u. 2.<br \/> Telefon: (36-1) 362-8100<br \/> Telefax: (36-1) 362-8104<br \/> Internet: www.agrarlapok.hu<br \/> E-mail: <a class=\"decrypt\" rel=\"jogpAbhsbsmbqpl\/iv\" href=\"javascript:void(0);\">[Kattintson az emailc\u00edmhez]<\/a><\/p> <p>&nbsp;<\/p> <p>&nbsp;<\/p> <p>&nbsp;<\/p> <p>&nbsp;<\/p>","protected":false},"excerpt":{"rendered":"<p>Magyar \u00c1llatorvosok Lapja F\u0150SZERKESZT\u0150 \/ EDITOR IN CHIEF: Dr. Balka Gyula SZERKESZT\u0150S\u00c9GI TITK\u00c1R \/ EDITORIAL OFFICE SECRETARY: T\u00f3th Zsuzsanna SZERKESZT\u0150S\u00c9G \/ EDITORIAL OFFICE H-1078 Budapest, Istv\u00e1n u. 2. N \u00e9p. 2. em. (building N. 2. floor) Lev\u00e9lc\u00edm: 1400 Budapest 7. Pf. 2. Telefon\/fax: (36-1) 341-3023 Internet: http:\/\/www.univet.hu\/mal E-mail: [Kattintson az emailc\u00edmhez] KIAD\u00d3 \/ PUBLISHER Herman<\/p>\n","protected":false},"author":1,"featured_media":0,"parent":1180,"menu_order":228,"comment_status":"closed","ping_status":"closed","template":"","meta":{"_acf_changed":false,"footnotes":""},"categories":[],"tags":[],"class_list":["post-1191","page","type-page","status-publish","hentry"],"acf":[],"_links":{"self":[{"href":"https:\/\/univet.hu\/hu\/wp-json\/wp\/v2\/pages\/1191","targetHints":{"allow":["GET"]}}],"collection":[{"href":"https:\/\/univet.hu\/hu\/wp-json\/wp\/v2\/pages"}],"about":[{"href":"https:\/\/univet.hu\/hu\/wp-json\/wp\/v2\/types\/page"}],"author":[{"embeddable":true,"href":"https:\/\/univet.hu\/hu\/wp-json\/wp\/v2\/users\/1"}],"replies":[{"embeddable":true,"href":"https:\/\/univet.hu\/hu\/wp-json\/wp\/v2\/comments?post=1191"}],"version-history":[{"count":1,"href":"https:\/\/univet.hu\/hu\/wp-json\/wp\/v2\/pages\/1191\/revisions"}],"predecessor-version":[{"id":172641,"href":"https:\/\/univet.hu\/hu\/wp-json\/wp\/v2\/pages\/1191\/revisions\/172641"}],"up":[{"embeddable":true,"href":"https:\/\/univet.hu\/hu\/wp-json\/wp\/v2\/pages\/1180"}],"wp:attachment":[{"href":"https:\/\/univet.hu\/hu\/wp-json\/wp\/v2\/media?parent=1191"}],"wp:term":[{"taxonomy":"category","embeddable":true,"href":"https:\/\/univet.hu\/hu\/wp-json\/wp\/v2\/categories?post=1191"},{"taxonomy":"post_tag","embeddable":true,"href":"https:\/\/univet.hu\/hu\/wp-json\/wp\/v2\/tags?post=1191"}],"curies":[{"name":"wp","href":"https:\/\/api.w.org\/{rel}","templated":true}]}}