{"id":1192,"date":"2017-11-30T14:20:00","date_gmt":"2017-11-30T13:20:00","guid":{"rendered":"http:\/\/univet.hu\/egyetem\/allatorvosok-lapja\/utmutato-a-szerzok-szamara\/"},"modified":"2021-01-21T13:36:04","modified_gmt":"2021-01-21T12:36:04","slug":"utmutato-a-szerzok-szamara","status":"publish","type":"page","link":"https:\/\/univet.hu\/hu\/egyetem\/allatorvosok-lapja\/utmutato-a-szerzok-szamara\/","title":{"rendered":"\u00datmutat\u00f3 a szerz\u0151k sz\u00e1m\u00e1ra"},"content":{"rendered":"<p><span style=\"font-family: arial, helvetica, sans-serif; font-size: 10pt;\"><strong>A k\u00e9zirat nyelve:<\/strong>\u00a0magyar<\/span><\/p> <p><span style=\"font-family: arial, helvetica, sans-serif; font-size: 10pt;\"><strong>A k\u00e9zirat szerkezete:<\/strong>\u00a0\u00d6sszefoglal\u00e1s. Irodalmi \u00e1ttekint\u00e9s. Saj\u00e1t \u00a0vizsg\u00e1lat. Anyag \u00e9s m\u00f3dszer. Eredm\u00e9nyek. K\u00f6vetkeztet\u00e9sek. K\u00f6sz\u00f6netnyilv\u00e1n\u00edt\u00e1s.\u00a0Irodalomjegyz\u00e9k.<\/span><\/p> <p><span style=\"font-family: arial, helvetica, sans-serif; font-size: 10pt;\"><strong>Sork\u00f6z:<\/strong> 1,5<\/span><\/p> <p><span style=\"font-family: arial, helvetica, sans-serif; font-size: 10pt;\"><strong>Marg\u00f3k:<\/strong>\u00a0jobb \u00e9s bal oldal: 2,5 cm; fel\u00fcl \u00e9s alul: 2,5 cm.<\/span><\/p> <p><span style=\"font-family: arial, helvetica, sans-serif; font-size: 10pt;\"><strong>Cikk c\u00edme:<\/strong>\u00a0Magyarul \u00e9s angolul, Times New Roman 12-es, f\u00e9lk\u00f6v\u00e9r, kisbet\u0171s, balra z\u00e1rva.<\/span><\/p> <p><span style=\"font-family: arial, helvetica, sans-serif; font-size: 10pt;\"><strong>Szerz\u0151k neve:<\/strong>\u00a0Times New Roman 12-es, f\u00e9lk\u00f6v\u00e9r \u00e9s d\u0151lt, kisbet\u0171s, balra z\u00e1rva.<\/span><\/p> <p><span style=\"font-family: arial, helvetica, sans-serif; font-size: 10pt;\">A szerz\u0151k munkahelye \u00e9s annak c\u00edme.<\/span><\/p> <p><span style=\"font-family: arial, helvetica, sans-serif; font-size: 10pt;\">Az els\u0151 szerz\u0151 e-mail c\u00edm\u00e9t k\u00e9rj\u00fck megadni.<\/span><\/p> <p><span style=\"font-family: arial, helvetica, sans-serif; font-size: 10pt;\"><strong>Sz\u00f6vegr\u00e9szek bet\u0171t\u00edpusa \u00e9s st\u00edlusa:<\/strong><\/span><\/p> <p><strong><span style=\"font-family: arial, helvetica, sans-serif; font-size: 10pt;\">\u00d6sszefoglal\u00e1s\u00a0magyar \u00e9s angol nyelven, a magyar min. 500 max. 600 karakter, az angol min. 1500 max. 1800 karakter (sz\u00f3k\u00f6z n\u00e9lk\u00fcl), <\/span><\/strong><\/p> <p><strong><span style=\"font-family: arial, helvetica, sans-serif; font-size: 10pt;\">Times New Roman 12-es, kisbet\u0171s, sorkiz\u00e1rt.<\/span><\/strong><\/p> <p><strong><span style=\"font-family: arial, helvetica, sans-serif; font-size: 10pt;\">Az angol \u00f6sszefoglal\u00f3t k\u00e9rj\u00fck a k\u00f6vetkez\u0151 r\u00e9szekre bontani (<\/span><span style=\"font-family: arial, helvetica, sans-serif; font-size: 10pt;\">kiv\u00e9telt k\u00e9peznek az irodalmi \u00f6sszefoglal\u00f3k, ezek eset\u00e9ben csak a fenti karaktersz\u00e1mokhoz sz\u00edveskedjenek igazodni<\/span><span style=\"font-family: arial, helvetica, sans-serif; font-size: 10pt;\">):<\/span><\/strong><\/p> <ul> <li><strong><span style=\"font-family: arial, helvetica, sans-serif; font-size: 10pt;\">Background<\/span><\/strong><\/li> <li><strong><span style=\"font-family: arial, helvetica, sans-serif; font-size: 10pt;\">Objectives<\/span><\/strong><\/li> <li><strong><span style=\"font-family: arial, helvetica, sans-serif; font-size: 10pt;\">Materials and Methods<\/span><\/strong><\/li> <li><strong><span style=\"font-family: arial, helvetica, sans-serif; font-size: 10pt;\">Results and Discussion<\/span><\/strong><\/li> <\/ul> <p><span style=\"font-family: arial, helvetica, sans-serif; font-size: 10pt;\"><strong>Egy\u00e9b sz\u00f6vegr\u00e9szek:<\/strong>\u00a0Magyarul. Times New Roman 12-es, kisbet\u0171s, sorkiz\u00e1rt.<\/span><\/p> <p><span style=\"font-family: arial, helvetica, sans-serif; font-size: 10pt;\"><strong>Fejezetc\u00edm \u00e9s 1. alc\u00edm:<\/strong>\u00a0Times New Roman 12-es, f\u00e9lk\u00f6v\u00e9r, kisbet\u0171s<\/span><\/p> <p><span style=\"font-family: arial, helvetica, sans-serif; font-size: 10pt;\"><strong>2. alc\u00edm:<\/strong>\u00a0Times New Roman 12-es, d\u0151lt, kisbet\u0171s.<\/span><\/p> <p><span style=\"font-family: arial, helvetica, sans-serif; font-size: 10pt;\"><strong>T\u00e1bl\u00e1zatok, \u00e1br\u00e1k \u00e9s k\u00e9pek:<\/strong><\/span><br \/> <span style=\"font-family: arial, helvetica, sans-serif; font-size: 10pt;\"> Sz\u00f6veges r\u00e9szt\u0151l f\u00fcggetlen\u00fcl, k\u00fcl\u00f6n lapra nyomtatva. \u00d6n\u00e1ll\u00f3an is \u00a0\u00e9rthet\u0151ek legyenek. C\u00edmek magyar \u00e9s angol nyelven. Folyamatosan sorsz\u00e1mozva, a k\u00e9pek is \u00e1br\u00e1knak nevezend\u0151k. Az el\u0151sz\u00f6r eml\u00edtett hivatkoz\u00e1s a sz\u00f6vegben z\u00e1r\u00f3jelben, \u00e9s f\u00e9lk\u00f6v\u00e9r. <\/span><\/p> <p><span style=\"font-family: arial, helvetica, sans-serif; font-size: 10pt;\">A t\u00e1bl\u00e1zatban a sz\u00e1mok helyi\u00e9rt\u00e9k szerint.<\/span><span style=\"font-family: arial, helvetica, sans-serif; font-size: 10pt;\">A t\u00e1bl\u00e1zatok doc form\u00e1tumban. <\/span><\/p> <p><span style=\"font-family: arial, helvetica, sans-serif; font-size: 10pt;\">Az \u00e1br\u00e1k \u00e9s k\u00e9pek: jpg form\u00e1tumban, felbont\u00e1s 300 dpi.<\/span><\/p> <p><span style=\"font-family: arial, helvetica, sans-serif; font-size: 10pt;\"><strong>MINTA:<\/strong><\/span><\/p> <p><span style=\"font-family: arial, helvetica, sans-serif; font-size: 10pt;\"><strong>1. T\u00c1BL\u00c1ZAT.<\/strong>\u00a0<em>Kartonpap\u00edrb\u00f3l k\u00e9sz\u00fclt, 100X70X3 mm-es csapd\u00e1kban tal\u00e1lt <\/em><\/span><span style=\"font-family: arial, helvetica, sans-serif; font-size: 10pt;\"><em>mad\u00e1rtet\u0151atk\u00e1k sz\u00e1ma<\/em><\/span><\/p> <p><span style=\"font-family: arial, helvetica, sans-serif; font-size: 10pt;\"><strong>TABLE 1.<\/strong>\u00a0<em>Number of red mites found in cardboard traps of 100x70x3 mm<\/em><\/span><\/p> <p><span style=\"font-family: arial, helvetica, sans-serif; font-size: 10pt;\"><strong>1. \u00c1BRA.<\/strong>\u00a0<em>Prepar\u00e1lt, karbofur\u00e1ntartalm\u00fa toj\u00e1s<\/em><\/span><\/p> <p><span style=\"font-family: arial, helvetica, sans-serif; font-size: 10pt;\"><strong>FIGURE 1.<\/strong>\u00a0<em>Preparated egg with carbofurane content<\/em><\/span><\/p> <p><span style=\"font-family: arial, helvetica, sans-serif; font-size: 10pt;\"><strong>IRODALOM<\/strong><\/span><\/p> <p><strong><span style=\"font-family: arial, helvetica, sans-serif; font-size: 10pt;\">A Magyar \u00c1llatorvosok Lapja szerkeszt\u0151s\u00e9ge Szerz\u0151ink t\u00f6bbsz\u00f6ri k\u00e9r\u00e9s\u00e9nek eleget t\u00e9ve olyan hivatkoz\u00e1si form\u00e1tumot <\/span><span style=\"font-family: arial, helvetica, sans-serif; font-size: 10pt;\">v\u00e1lasztott, amely jobban hasonl\u00edt m\u00e1s, nemzetk\u00f6zi tudom\u00e1nyos \u00fajs\u00e1gok\u00e9hoz, ill. a hivatkoz\u00e1skezel\u0151 <\/span><span style=\"font-family: arial, helvetica, sans-serif; font-size: 10pt;\">programokkal is kompatibilis. Ezek alapj\u00e1n a 2021. janu\u00e1ri sz\u00e1mt\u00f3l kezd\u0151d\u0151en az \u00fan. Springer Basic form\u00e1tumot <\/span><span style=\"font-family: arial, helvetica, sans-serif; font-size: 10pt;\">fogjuk haszn\u00e1lni. Ugyanezt haszn\u00e1lja pl. az egyik legrangosabb, tiszt\u00e1n \u00e1llatorvos-tudom\u00e1nyi periodika a Veterinary <\/span><span style=\"font-family: arial, helvetica, sans-serif; font-size: 10pt;\">Research is (az \u00fajs\u00e1g szerz\u0151i \u00fatmutat\u00f3j\u00e1b\u00f3l let\u00f6lthet\u0151 a megfelel\u0151 EndNote-b\u0151v\u00edtm\u00e9ny).<\/span><\/strong><\/p> <p><strong><span style=\"font-family: arial, helvetica, sans-serif; font-size: 10pt;\">Ez alapj\u00e1n a legfontosabb v\u00e1ltoz\u00e1sok:<\/span><\/strong><br \/> <strong> <span style=\"font-family: arial, helvetica, sans-serif; font-size: 10pt;\">1. A hivatkozott k\u00f6zlem\u00e9nyeket, egy\u00e9b forr\u00e1sokat nem az els\u0151 szerz\u0151 neve szerinti \u00e1b\u00e9c\u00e9rendben, hanem a sz\u00f6vegben <\/span><span style=\"font-family: arial, helvetica, sans-serif; font-size: 10pt;\">t\u00f6rt\u00e9n\u0151 elfordul\u00e1s sorrendje szerint kell besz\u00e1mozni mind a sz\u00f6vegben, mind az irodalomjegyz\u00e9kben.<\/span><\/strong><br \/> <strong> <span style=\"font-family: arial, helvetica, sans-serif; font-size: 10pt;\">2. A sz\u00f6vegez\u00e9sben ezent\u00fal sz\u00f6gletes z\u00e1r\u00f3jelben [ ] kell megadni hivatkoz\u00e1sok sorsz\u00e1m\u00e1t (t\u00f6bb hivatkoz\u00e1s felsorol\u00e1sakor <\/span><span style=\"font-family: arial, helvetica, sans-serif; font-size: 10pt;\">azokat a kapcsos z\u00e1r\u00f3jelen bel\u00fclre, vessz\u0151vel elv\u00e1lasztva n\u00f6vekv\u0151 sz\u00e1msorrendben kell be\u00edrni, pl. [ 4, 7, 18, 19]).<\/span><\/strong><br \/> <strong> <span style=\"font-family: arial, helvetica, sans-serif; font-size: 10pt;\">3. Az irodalomjegyz\u00e9kben a forr\u00e1sok felsorol\u00e1sakor az \u00f6sszes szerz\u0151t ki kell \u00edrni (csak 30 szerz\u0151 felett lehet <\/span><span style=\"font-family: arial, helvetica, sans-serif; font-size: 10pt;\">haszn\u00e1lni et al.-t), tov\u00e1bb\u00e1 megsz\u0171nik a kiskapit\u00e1lis bet\u0171forma az irodalomjegyz\u00e9kben. A sz\u00f6vegben megjelen\u0151 <\/span><span style=\"font-family: arial, helvetica, sans-serif; font-size: 10pt;\">nevek kapcs\u00e1n eset\u00fcnkben tov\u00e1bbra is megmarad a kiskapit\u00e1lis forma.<\/span><\/strong><br \/> <strong> <span style=\"font-family: arial, helvetica, sans-serif; font-size: 10pt;\">4. A csak on-line megjelent k\u00f6zlem\u00e9nyek eset\u00e9n a teljes DOI-hivatkoz\u00e1st kell megadni.<\/span><\/strong><\/p> <p><span style=\"font-family: arial, helvetica, sans-serif; font-size: 10pt;\">P\u00e9ld\u00e1k az id\u00e9z\u00e9sre:<\/span><br \/> <span style=\"font-family: arial, helvetica, sans-serif; font-size: 10pt;\">1. Papp M, Krik\u00f3 E, Borb\u00e9ly F, Reibling T, Makrai L, Solymosi N (2020) Sert\u00e9sb\u00e9ls\u00e1r bakteriomvizsg\u00e1lata egy <\/span><span style=\"font-family: arial, helvetica, sans-serif; font-size: 10pt;\">hazai nagy l\u00e9tsz\u00e1m\u00fa \u00e1llom\u00e1nyban. Magy \u00c1llatorvosok Lapja 142:469\u2013480<\/span><br \/> <span style=\"font-family: arial, helvetica, sans-serif; font-size: 10pt;\">2. D\u00e9nes L, Biksi I, Albert M, Szeredi L, Knapp DG, Szilasi A, B\u00e1lint \u00c1, Balka G (2018) Detection and phylogenetic <\/span><span style=\"font-family: arial, helvetica, sans-serif; font-size: 10pt;\">characterization of atypical porcine pestivirus strains in Hungary. Transbound Emerg Dis 65:2039\u20132042<\/span><br \/> <span style=\"font-family: arial, helvetica, sans-serif; font-size: 10pt;\">3. Szilasi A, D\u00e9nes L, Krik\u00f3 E, Heenemann K, Ertl R, M\u00e1ndoki M, Vahlenkamp T W, Balka G (2019) Prevalence of <\/span><span style=\"font-family: arial, helvetica, sans-serif; font-size: 10pt;\">feline immunodeficiency virus and feline leukaemia virus in domestic cats in Hungary. JFMS open reports <\/span><span style=\"font-family: arial, helvetica, sans-serif; font-size: 10pt;\">5(2), 2055116919892094. https:\/\/doi.org\/10.1177\/2055116919892094<\/span><br \/> <span style=\"font-family: arial, helvetica, sans-serif; font-size: 10pt;\">4. Schurath U, Wipprecht V (1980) Reactions of peroxiacyl radicals. In: Versino B, Ott H (eds) Proceedings of <\/span><span style=\"font-family: arial, helvetica, sans-serif; font-size: 10pt;\">the 1st European Symposium on the Physico-Chemical Behavior of Atmospheric Pollutants, Ispra, October <\/span><span style=\"font-family: arial, helvetica, sans-serif; font-size: 10pt;\">1979. Commission of the European Communities, pp 157\u2013166<\/span><br \/> <span style=\"font-family: arial, helvetica, sans-serif; font-size: 10pt;\">5. Smith J, Brown B (eds) (2001) The demise of modern genomics. Blackwell, London<\/span><br \/> <span style=\"font-family: arial, helvetica, sans-serif; font-size: 10pt;\">6. Pichon A (2010) Debating cyclobutadiene. http:\/\/ blogs.nature.com\/thescepticalchymist\/2010\/11\/debating_cyclobutadiene.<\/span><span style=\"font-family: arial, helvetica, sans-serif; font-size: 10pt;\">html. Accessed 22 Feb 2011<\/span><\/p> <p>&nbsp;<\/p> <p>&nbsp;<\/p> <p>&nbsp;<\/p>","protected":false},"excerpt":{"rendered":"<p>A k\u00e9zirat nyelve:\u00a0magyar A k\u00e9zirat szerkezete:\u00a0\u00d6sszefoglal\u00e1s. Irodalmi \u00e1ttekint\u00e9s. Saj\u00e1t \u00a0vizsg\u00e1lat. Anyag \u00e9s m\u00f3dszer. Eredm\u00e9nyek. K\u00f6vetkeztet\u00e9sek. K\u00f6sz\u00f6netnyilv\u00e1n\u00edt\u00e1s.\u00a0Irodalomjegyz\u00e9k. Sork\u00f6z: 1,5 Marg\u00f3k:\u00a0jobb \u00e9s bal oldal: 2,5 cm; fel\u00fcl \u00e9s alul: 2,5 cm. Cikk c\u00edme:\u00a0Magyarul \u00e9s angolul, Times New Roman 12-es, f\u00e9lk\u00f6v\u00e9r, kisbet\u0171s, balra z\u00e1rva. Szerz\u0151k neve:\u00a0Times New Roman 12-es, f\u00e9lk\u00f6v\u00e9r \u00e9s d\u0151lt, kisbet\u0171s, balra z\u00e1rva. A szerz\u0151k munkahelye<\/p>\n","protected":false},"author":1,"featured_media":0,"parent":1180,"menu_order":228,"comment_status":"closed","ping_status":"closed","template":"","meta":{"_acf_changed":false,"footnotes":""},"categories":[],"tags":[],"class_list":["post-1192","page","type-page","status-publish","hentry"],"acf":[],"_links":{"self":[{"href":"https:\/\/univet.hu\/hu\/wp-json\/wp\/v2\/pages\/1192","targetHints":{"allow":["GET"]}}],"collection":[{"href":"https:\/\/univet.hu\/hu\/wp-json\/wp\/v2\/pages"}],"about":[{"href":"https:\/\/univet.hu\/hu\/wp-json\/wp\/v2\/types\/page"}],"author":[{"embeddable":true,"href":"https:\/\/univet.hu\/hu\/wp-json\/wp\/v2\/users\/1"}],"replies":[{"embeddable":true,"href":"https:\/\/univet.hu\/hu\/wp-json\/wp\/v2\/comments?post=1192"}],"version-history":[{"count":0,"href":"https:\/\/univet.hu\/hu\/wp-json\/wp\/v2\/pages\/1192\/revisions"}],"up":[{"embeddable":true,"href":"https:\/\/univet.hu\/hu\/wp-json\/wp\/v2\/pages\/1180"}],"wp:attachment":[{"href":"https:\/\/univet.hu\/hu\/wp-json\/wp\/v2\/media?parent=1192"}],"wp:term":[{"taxonomy":"category","embeddable":true,"href":"https:\/\/univet.hu\/hu\/wp-json\/wp\/v2\/categories?post=1192"},{"taxonomy":"post_tag","embeddable":true,"href":"https:\/\/univet.hu\/hu\/wp-json\/wp\/v2\/tags?post=1192"}],"curies":[{"name":"wp","href":"https:\/\/api.w.org\/{rel}","templated":true}]}}