{"id":1212,"date":"2017-10-25T18:51:00","date_gmt":"2017-10-25T16:51:00","guid":{"rendered":"http:\/\/univet.hu\/egyetem\/kozerdeku-adatok\/kozbeszerzes-2017\/"},"modified":"2018-09-07T05:00:19","modified_gmt":"2018-09-07T03:00:19","slug":"kozbeszerzes-2017","status":"publish","type":"page","link":"https:\/\/univet.hu\/hu\/egyetem\/kozerdeku-adatok\/kozbeszerzes-2017\/","title":{"rendered":"K\u00f6zbeszerz\u00e9s 2017"},"content":{"rendered":"<p><strong>Fotovoltaikus rendszer kialak&iacute;t&aacute;sa az &Aacute;llatorvostudom&aacute;nyi Egyetem villamosenergia ell&aacute;t&aacute;s&aacute;nak c&eacute;lj&aacute;b&oacute;l a KEHOP-5.2.11-16-2016-00033&nbsp;<\/strong><\/p> <p><a href=\"https:\/\/univet.hu\/files\/subpages\/386\/files\/Aj%C3%A1nlatt%C3%A9teli_felh%C3%ADv%C3%A1s_KEHOP.PDF\" data-replaced=\"true\">Aj&aacute;nlatt&eacute;teli_felh&iacute;v&aacute;s_KEHOP<\/a><br \/>  <a href=\"https:\/\/univet.hu\/files\/subpages\/386\/files\/G1656_14_Allatorvosi_Tenderterv_20170209.pdf\" data-replaced=\"true\">G1656_14_Allatorvosi_Tenderterv_20170209<\/a><br \/>  <a href=\"https:\/\/univet.hu\/files\/subpages\/386\/files\/K%C3%B6zbeszerz%C3%A9si%20dokumentumok_KEHOP.PDF\" data-replaced=\"true\">K&ouml;zbeszerz&eacute;si dokumentumok_KEHOP<\/a><br \/>  <a href=\"https:\/\/univet.hu\/files\/subpages\/386\/files\/arazatlan_ktsvetes_0211.xls\" data-replaced=\"true\">&Aacute;razatlan k&ouml;lts&eacute;gvet&eacute;s<\/a><br \/>  <a href=\"https:\/\/univet.hu\/files\/subpages\/386\/files\/Nyilatkozat%20megh%C3%ADvand%C3%B3%20gazdas%C3%A1gi%20szerepl%C5%91kr%C5%91l.pdf\" data-replaced=\"true\">Nyilatkozatmint&aacute;k_KEHOP_0211<br \/>  Nyilatkozat megh&iacute;vand&oacute; gazdas&aacute;gi szerepl\u0151kr\u0151l<\/a><br \/>  <a href=\"https:\/\/univet.hu\/files\/subpages\/386\/files\/Jegyz%C5%91k%C3%B6nyv%20aj%C3%A1nlatok%20bont%C3%A1s%C3%A1r%C3%B3l.pdf\" data-replaced=\"true\">Jegyz\u0151k&ouml;nyv aj&aacute;nlatok bont&aacute;s&aacute;r&oacute;l<\/a><\/p> <p><strong>Az &Aacute;llatorvostudom&aacute;nyi&nbsp; Egyetem L&oacute;gy&oacute;gy&aacute;szati tansz&eacute;k &eacute;s Klinika (2225 &Uuml;ll\u0151 D&oacute;ra major ) l&oacute;ist&aacute;ll&oacute; bels\u0151&eacute;p&iacute;t&eacute;szeti kialak&iacute;t&aacute;s&aacute;nak kivitelez&eacute;si munk&aacute;i,az Int&eacute;zm&eacute;ny Higi&eacute;n&eacute;s Protokollj&aacute;nak &eacute;s a vonatkoz&oacute; tervdokument&aacute;ci&oacute;nak megfelel\u0151en<\/strong><\/p> <p>  <a href=\"https:\/\/univet.hu\/files\/subpages\/386\/files\/Ajanlatteteli_felhivas_Loklinika_20171009.pdf\" data-replaced=\"true\">Aj&aacute;nlatt&eacute;teli felh&iacute;v&aacute;s<\/a><br \/>  <a href=\"https:\/\/univet.hu\/files\/subpages\/386\/files\/Dokumentacio_Loklinika.docx\" data-replaced=\"true\">Dokument&aacute;ci&oacute;<\/a><br \/>  <a href=\"https:\/\/univet.hu\/files\/subpages\/386\/files\/Szerzodestervezet_Loklinika.docx\" data-replaced=\"true\">Szerz\u0151d&eacute;stervezet<\/a><br \/>  <a href=\"https:\/\/univet.hu\/files\/subpages\/386\/files\/arazatlan_koltsegvetes.xls\" data-replaced=\"true\">&Aacute;razatlan k&ouml;lts&eacute;gvet&eacute;s <\/a><br \/>  <a href=\"https:\/\/univet.hu\/files\/subpages\/386\/files\/Bont%C3%A1si_jkv_ist%C3%A1ll%C3%B3.pdf\" data-replaced=\"true\">Bont&aacute;si Jegyz\u0151k&ouml;nyv <\/a><br \/>  <a href=\"https:\/\/univet.hu\/files\/subpages\/386\/files\/Hirdetm%C3%A9ny%20k%C3%B6zz%C3%A9t%C3%A9tele%20n%C3%A9lk%C3%BCli%20elj%C3%A1r%C3%A1s%20eset%C3%A9n%20a%20megh%C3%ADvottak.pdf\" data-replaced=\"true\">Hirdetm&eacute;ny k&ouml;zz&eacute;t&eacute;tele n&eacute;lk&uuml;li elj&aacute;r&aacute;s eset&eacute;n a megh&iacute;vottak<\/a><\/p> <p><a href=\"https:\/\/univet.hu\/files\/subpages\/386\/files\/ATE%20k%C3%B6zbeszterv%202017.pdf\" data-replaced=\"true\"><strong>ATE 2017. &eacute;vre vonatkoz&oacute; K&ouml;zbeszerz&eacute;si terv <\/strong><\/a><\/p> <p>&nbsp;<\/p>","protected":false},"excerpt":{"rendered":"<p>Fotovoltaikus rendszer kialak&iacute;t&aacute;sa az &Aacute;llatorvostudom&aacute;nyi Egyetem villamosenergia ell&aacute;t&aacute;s&aacute;nak c&eacute;lj&aacute;b&oacute;l a KEHOP-5.2.11-16-2016-00033&nbsp; Aj&aacute;nlatt&eacute;teli_felh&iacute;v&aacute;s_KEHOP G1656_14_Allatorvosi_Tenderterv_20170209 K&ouml;zbeszerz&eacute;si dokumentumok_KEHOP &Aacute;razatlan k&ouml;lts&eacute;gvet&eacute;s Nyilatkozatmint&aacute;k_KEHOP_0211 Nyilatkozat megh&iacute;vand&oacute; gazdas&aacute;gi szerepl\u0151kr\u0151l Jegyz\u0151k&ouml;nyv aj&aacute;nlatok bont&aacute;s&aacute;r&oacute;l Az &Aacute;llatorvostudom&aacute;nyi&nbsp; Egyetem L&oacute;gy&oacute;gy&aacute;szati tansz&eacute;k &eacute;s Klinika (2225 &Uuml;ll\u0151 D&oacute;ra major ) l&oacute;ist&aacute;ll&oacute; bels\u0151&eacute;p&iacute;t&eacute;szeti kialak&iacute;t&aacute;s&aacute;nak kivitelez&eacute;si munk&aacute;i,az Int&eacute;zm&eacute;ny Higi&eacute;n&eacute;s Protokollj&aacute;nak &eacute;s a vonatkoz&oacute; tervdokument&aacute;ci&oacute;nak megfelel\u0151en Aj&aacute;nlatt&eacute;teli felh&iacute;v&aacute;s Dokument&aacute;ci&oacute; Szerz\u0151d&eacute;stervezet &Aacute;razatlan<\/p>\n","protected":false},"author":1,"featured_media":0,"parent":1207,"menu_order":230,"comment_status":"closed","ping_status":"closed","template":"","meta":{"_acf_changed":false,"footnotes":""},"categories":[],"tags":[],"class_list":["post-1212","page","type-page","status-publish","hentry"],"acf":[],"_links":{"self":[{"href":"https:\/\/univet.hu\/hu\/wp-json\/wp\/v2\/pages\/1212","targetHints":{"allow":["GET"]}}],"collection":[{"href":"https:\/\/univet.hu\/hu\/wp-json\/wp\/v2\/pages"}],"about":[{"href":"https:\/\/univet.hu\/hu\/wp-json\/wp\/v2\/types\/page"}],"author":[{"embeddable":true,"href":"https:\/\/univet.hu\/hu\/wp-json\/wp\/v2\/users\/1"}],"replies":[{"embeddable":true,"href":"https:\/\/univet.hu\/hu\/wp-json\/wp\/v2\/comments?post=1212"}],"version-history":[{"count":0,"href":"https:\/\/univet.hu\/hu\/wp-json\/wp\/v2\/pages\/1212\/revisions"}],"up":[{"embeddable":true,"href":"https:\/\/univet.hu\/hu\/wp-json\/wp\/v2\/pages\/1207"}],"wp:attachment":[{"href":"https:\/\/univet.hu\/hu\/wp-json\/wp\/v2\/media?parent=1212"}],"wp:term":[{"taxonomy":"category","embeddable":true,"href":"https:\/\/univet.hu\/hu\/wp-json\/wp\/v2\/categories?post=1212"},{"taxonomy":"post_tag","embeddable":true,"href":"https:\/\/univet.hu\/hu\/wp-json\/wp\/v2\/tags?post=1212"}],"curies":[{"name":"wp","href":"https:\/\/api.w.org\/{rel}","templated":true}]}}