{"id":1213,"date":"2017-10-13T08:38:00","date_gmt":"2017-10-13T06:38:00","guid":{"rendered":"http:\/\/univet.hu\/egyetem\/kozerdeku-adatok\/palyaztatas\/"},"modified":"2018-09-07T05:00:21","modified_gmt":"2018-09-07T03:00:21","slug":"palyaztatas","status":"publish","type":"page","link":"https:\/\/univet.hu\/hu\/egyetem\/kozerdeku-adatok\/palyaztatas\/","title":{"rendered":"P\u00e1ly\u00e1ztat\u00e1s"},"content":{"rendered":"<h3>JELENLEG NINCS AKTU&Aacute;LIS P&Aacute;LY&Aacute;ZATUNK<\/h3>","protected":false},"excerpt":{"rendered":"<p>JELENLEG NINCS AKTU&Aacute;LIS P&Aacute;LY&Aacute;ZATUNK<\/p>\n","protected":false},"author":1,"featured_media":0,"parent":1207,"menu_order":230,"comment_status":"closed","ping_status":"closed","template":"","meta":{"_acf_changed":false,"footnotes":""},"categories":[],"tags":[],"class_list":["post-1213","page","type-page","status-publish","hentry"],"acf":[],"_links":{"self":[{"href":"https:\/\/univet.hu\/hu\/wp-json\/wp\/v2\/pages\/1213","targetHints":{"allow":["GET"]}}],"collection":[{"href":"https:\/\/univet.hu\/hu\/wp-json\/wp\/v2\/pages"}],"about":[{"href":"https:\/\/univet.hu\/hu\/wp-json\/wp\/v2\/types\/page"}],"author":[{"embeddable":true,"href":"https:\/\/univet.hu\/hu\/wp-json\/wp\/v2\/users\/1"}],"replies":[{"embeddable":true,"href":"https:\/\/univet.hu\/hu\/wp-json\/wp\/v2\/comments?post=1213"}],"version-history":[{"count":0,"href":"https:\/\/univet.hu\/hu\/wp-json\/wp\/v2\/pages\/1213\/revisions"}],"up":[{"embeddable":true,"href":"https:\/\/univet.hu\/hu\/wp-json\/wp\/v2\/pages\/1207"}],"wp:attachment":[{"href":"https:\/\/univet.hu\/hu\/wp-json\/wp\/v2\/media?parent=1213"}],"wp:term":[{"taxonomy":"category","embeddable":true,"href":"https:\/\/univet.hu\/hu\/wp-json\/wp\/v2\/categories?post=1213"},{"taxonomy":"post_tag","embeddable":true,"href":"https:\/\/univet.hu\/hu\/wp-json\/wp\/v2\/tags?post=1213"}],"curies":[{"name":"wp","href":"https:\/\/api.w.org\/{rel}","templated":true}]}}