{"id":1214,"date":"2017-09-21T15:10:00","date_gmt":"2017-09-21T13:10:00","guid":{"rendered":"http:\/\/univet.hu\/egyetem\/kozerdeku-adatok\/szenatus-kozalkalmazotti-tanacs\/"},"modified":"2026-05-05T13:23:54","modified_gmt":"2026-05-05T11:23:54","slug":"szenatus","status":"publish","type":"page","link":"https:\/\/univet.hu\/hu\/egyetem\/kozerdeku-adatok\/szenatus\/","title":{"rendered":"Szen\u00e1tus"},"content":{"rendered":"<h2>Szen\u00e1tus tagjai<\/h2> <p>&nbsp;<\/p> <p><strong>Dr. S\u00f3tonyi P\u00e9ter<\/strong><\/p> <p><strong>Dr. Jerzsele \u00c1kos<\/strong><\/p> <p><strong>Dr. N\u00e9meth Tibor<\/strong><\/p> <p><strong>Dr. \u00d3zsv\u00e1ri L\u00e1szl\u00f3<\/strong><\/p> <p><strong>Dr. S\u00fcth Mikl\u00f3s<\/strong><\/p> <p><strong>Dr. R\u00e1cz Bence<\/strong><\/p> <p><strong>Dr. M\u00e1tis G\u00e1bor<\/strong><\/p> <p><strong>Dr. Ps\u00e1der Roland<\/strong><\/p> <p><strong>Dr. Szilasi Anna<\/strong><\/p> <p><strong>Dr. Vizi Zsuzsanna<\/strong><\/p> <p><strong>Horv\u00e1thn\u00e9 Csap\u00f3 T\u00edmea<\/strong><\/p> <p><strong>Dr. Mag Patrik<\/strong><\/p> <p><strong>Sendula Zo\u00e9<\/strong><\/p> <p><strong>Erd\u0151s Bogl\u00e1rka<\/strong><\/p> <p><strong>Nagy D\u00e1niel<\/strong><\/p> <p><strong>Levente Simon<\/strong><\/p> <p><strong>\u00a0<\/strong><\/p>","protected":false},"excerpt":{"rendered":"<p>Szen\u00e1tus tagjai &nbsp; Dr. S\u00f3tonyi P\u00e9ter Dr. Jerzsele \u00c1kos Dr. N\u00e9meth Tibor Dr. \u00d3zsv\u00e1ri L\u00e1szl\u00f3 Dr. S\u00fcth Mikl\u00f3s Dr. R\u00e1cz Bence Dr. M\u00e1tis G\u00e1bor Dr. Ps\u00e1der Roland Dr. Szilasi Anna Dr. Vizi Zsuzsanna Horv\u00e1thn\u00e9 Csap\u00f3 T\u00edmea Dr. Mag Patrik Sendula Zo\u00e9 Erd\u0151s Bogl\u00e1rka Nagy D\u00e1niel Levente Simon \u00a0<\/p>\n","protected":false},"author":1,"featured_media":0,"parent":1207,"menu_order":230,"comment_status":"closed","ping_status":"closed","template":"","meta":{"_acf_changed":false,"footnotes":""},"categories":[],"tags":[],"class_list":["post-1214","page","type-page","status-publish","hentry"],"acf":[],"_links":{"self":[{"href":"https:\/\/univet.hu\/hu\/wp-json\/wp\/v2\/pages\/1214","targetHints":{"allow":["GET"]}}],"collection":[{"href":"https:\/\/univet.hu\/hu\/wp-json\/wp\/v2\/pages"}],"about":[{"href":"https:\/\/univet.hu\/hu\/wp-json\/wp\/v2\/types\/page"}],"author":[{"embeddable":true,"href":"https:\/\/univet.hu\/hu\/wp-json\/wp\/v2\/users\/1"}],"replies":[{"embeddable":true,"href":"https:\/\/univet.hu\/hu\/wp-json\/wp\/v2\/comments?post=1214"}],"version-history":[{"count":6,"href":"https:\/\/univet.hu\/hu\/wp-json\/wp\/v2\/pages\/1214\/revisions"}],"predecessor-version":[{"id":206617,"href":"https:\/\/univet.hu\/hu\/wp-json\/wp\/v2\/pages\/1214\/revisions\/206617"}],"up":[{"embeddable":true,"href":"https:\/\/univet.hu\/hu\/wp-json\/wp\/v2\/pages\/1207"}],"wp:attachment":[{"href":"https:\/\/univet.hu\/hu\/wp-json\/wp\/v2\/media?parent=1214"}],"wp:term":[{"taxonomy":"category","embeddable":true,"href":"https:\/\/univet.hu\/hu\/wp-json\/wp\/v2\/categories?post=1214"},{"taxonomy":"post_tag","embeddable":true,"href":"https:\/\/univet.hu\/hu\/wp-json\/wp\/v2\/tags?post=1214"}],"curies":[{"name":"wp","href":"https:\/\/api.w.org\/{rel}","templated":true}]}}