{"id":1219,"date":"2018-07-02T13:45:00","date_gmt":"2018-02-13T13:37:00","guid":{"rendered":"http:\/\/univet.hu\/egyetem\/dokumentumok-szmsz\/"},"modified":"2026-02-18T09:19:46","modified_gmt":"2026-02-18T08:19:46","slug":"dokumentumok","status":"publish","type":"page","link":"https:\/\/univet.hu\/hu\/egyetem\/dokumentumok\/","title":{"rendered":"Dokumentumok, SZMSZ"},"content":{"rendered":"<table style=\"height: 612px;width: 96.889%\" border=\"0\" width=\"945\" cellspacing=\"5\" cellpadding=\"0\"> <tbody> <tr style=\"height: 24px\"> <td style=\"width: 663.487px;height: 24px\"><a href=\"https:\/\/univet.hu\/wp-content\/uploads\/2026\/02\/ATE_ALAPITO_OKIRAT_20260129.pdf\">\u00c1TE Alap\u00edt\u00f3 okirat<\/a><\/td> <td style=\"width: 278.312px;height: 24px\">(2026. janu\u00e1r 29.)<\/td> <\/tr> <tr style=\"height: 24px\"> <td style=\"height: 24px;width: 663.487px\"><a href=\"https:\/\/univet.hu\/wp-content\/uploads\/2026\/02\/ATE-Organogram.pdf\">\u00c1TE Organogram<\/a><\/td> <td style=\"height: 24px;width: 278.312px\">(2026. janu\u00e1r 29.)<\/td> <\/tr> <tr style=\"height: 24px\"> <td style=\"height: 24px;width: 663.487px\"><a href=\"https:\/\/univet.hu\/files\/menus\/53\/files\/UNIVET%20arculat%20171201.pdf\" target=\"_blank\" rel=\"noopener\" data-replaced=\"true\">Arculati k\u00e9zik\u00f6nyv<\/a><\/td> <td style=\"height: 24px;width: 278.312px\">(2017. december 12.)<\/td> <\/tr> <tr style=\"height: 24px\"> <td style=\"height: 24px;width: 948.2px\" colspan=\"2\"><strong>Szervezeti \u00e9s M\u0171k\u00f6d\u00e9si Szab\u00e1lyzat<\/strong><\/td> <\/tr> <tr style=\"height: 24px\"> <td style=\"height: 24px;width: 663.487px\"><a href=\"https:\/\/univet.hu\/wp-content\/uploads\/2026\/02\/SZMR-20260129.pdf\">I. K\u00f6tet &#8211; Szervezeti \u00e9s M\u0171k\u00f6d\u00e9si Rend<\/a><\/td> <td style=\"height: 24px;width: 278.312px\">(2026. janu\u00e1r 29.)<\/td> <\/tr> <tr style=\"height: 24px\"> <td style=\"height: 24px;width: 663.487px\"><a href=\"https:\/\/univet.hu\/wp-content\/uploads\/2024\/01\/FKR.pdf\">II. K\u00f6tet &#8211; Foglalkoztat\u00e1si K\u00f6vetelm\u00e9nyrendszer<\/a><\/td> <td style=\"height: 24px;width: 278.312px\">(2023. december 13.)<\/td> <\/tr> <tr style=\"height: 57px\"> <td style=\"width: 663.487px;height: 57px\"><a href=\"https:\/\/univet.hu\/wp-content\/uploads\/2022\/06\/03_ATE_Habilit\u00e1ci\u00f3s_Szab\u00e1lyzat_20220629.pdf\">Habilit\u00e1ci\u00f3s Szab\u00e1lyzat<\/a><\/td> <td style=\"width: 278.312px;height: 57px\">(2022. j\u00fanius 29.)<\/td> <\/tr> <tr style=\"height: 24px\"> <td style=\"height: 24px;width: 663.487px\"><a href=\"https:\/\/univet.hu\/wp-content\/uploads\/2025\/08\/06_ATE_rendezvenyszabalyzat_20250724e.pdf\">Hallgat\u00f3i rendezv\u00e9nyszab\u00e1lyzat<\/a><\/td> <td style=\"height: 24px;width: 278.312px\">(2025. j\u00falius 24.)<\/td> <\/tr> <tr style=\"height: 57px\"> <td style=\"width: 663.487px;height: 57px\"><a href=\"https:\/\/univet.hu\/en\/egyetem\/dokumentumok\/ate_gep_2022_ru-2\/\" rel=\"attachment wp-att-78646\">Nemek k\u00f6z\u00f6tti es\u00e9lyegyenl\u0151s\u00e9gi terv<\/a><\/td> <td style=\"width: 278.312px;height: 57px\">(2022. szeptember 13.)<\/td> <\/tr> <tr style=\"height: 24px\"> <td style=\"width: 663.487px;height: 24px\"><a href=\"https:\/\/univet.hu\/wp-content\/uploads\/2024\/09\/Hullad\u00e9kgazd\u00e1lkod\u00e1si-Szab\u00e1lyzat.pdf\">Hullad\u00e9kgazd\u00e1lkod\u00e1si Szab\u00e1lyzat<\/a><\/td> <td style=\"width: 278.312px;height: 24px\">(2024. szeptember 25.)<\/td> <\/tr> <tr style=\"height: 24px\"> <td style=\"height: 24px;width: 948.2px\" colspan=\"2\"><strong>III. K\u00f6tet \u2013 Hallgat\u00f3i K\u00f6vetelm\u00e9nyrendszer:<\/strong><\/td> <\/tr> <tr style=\"height: 24px\"> <td style=\"height: 24px;width: 663.487px\"><a href=\"https:\/\/univet.hu\/wp-content\/uploads\/2024\/02\/I.-Felv\u00e9teli-Szab\u00e1lyzat.pdf\">1. <\/a><a href=\"https:\/\/univet.hu\/wp-content\/uploads\/2025\/01\/03_ATE_HKR_felve\u0301teli-szaba\u0301lyzat_20241212.pdf\">Felv\u00e9teli Szab\u00e1lyzat<\/a><\/td> <td style=\"height: 24px;width: 278.312px\">\u00a0(2024. december 12.)<\/td> <\/tr> <tr style=\"height: 48px\"> <td style=\"height: 48px;width: 663.487px\"><a href=\"https:\/\/univet.hu\/files\/menus\/53\/files\/ATE_Hallgatoi%20jogok_gyakorlasa.pdf\" target=\"_blank\" rel=\"noopener\" data-replaced=\"true\">2. Hallgat\u00f3i jogok gyakorl\u00e1s\u00e1nak \u00e9s k\u00f6teless\u00e9gek teljes\u00edt\u00e9s\u00e9nek rendje, a hallgat\u00f3i jogviszonnyal kapcsolatosan beny\u00fajtott k\u00e9relmek elb\u00edr\u00e1l\u00e1s\u00e1nak \u00e9s a jogorvoslatnak a rendje<\/a><\/td> <td style=\"height: 48px;width: 278.312px\">(2016. j\u00falius 1.)<\/td> <\/tr> <tr style=\"height: 24px\"> <td style=\"height: 24px;width: 663.487px\"><a href=\"https:\/\/univet.hu\/wp-content\/uploads\/2023\/07\/05_ATE_HKR_3a_TVSZ_20221214-1.pdf\">3.a <\/a><a href=\"https:\/\/univet.hu\/wp-content\/uploads\/2025\/08\/TVSZ_compressed_compressed.pdf\">Tanulm\u00e1nyi \u00e9s Vizsgaszab\u00e1lyzat<\/a><\/td> <td style=\"height: 24px;width: 278.312px\">(2025. j\u00falius 24.)<\/td> <\/tr> <tr style=\"height: 24px\"> <td style=\"height: 24px;width: 663.487px\"><a href=\"https:\/\/univet.hu\/wp-content\/uploads\/2022\/06\/03_ATE_Doktori_Szab\u00e1lyzata_20220629.pdf\" target=\"_blank\" rel=\"noopener\">3.b.\u00a0Doktori Szab\u00e1lyzat<\/a><\/td> <td style=\"height: 24px;width: 278.312px\">(2022. j\u00fanius 29.)<\/td> <\/tr> <tr style=\"height: 24px\"> <td style=\"height: 24px;width: 663.487px\"><a href=\"https:\/\/univet.hu\/wp-content\/uploads\/2025\/08\/03_ATE_HKR_04_HJT_20250724.pdf\">Hallgat\u00f3i Juttat\u00e1sok \u00e9s T\u00e9r\u00edt\u00e9sek Szab\u00e1lyzata<\/a><\/td> <td style=\"height: 24px;width: 278.312px\">(2025. j\u00falius 24.)<\/td> <\/tr> <tr style=\"height: 24px\"> <td style=\"height: 24px;width: 663.487px\"><a href=\"https:\/\/univet.hu\/wp-content\/uploads\/2022\/06\/ATE_HKR_5_fegyelmi_2020_11_03.pdf\">5. Hallgat\u00f3i fegyelmi \u00e9s k\u00e1rt\u00e9r\u00edt\u00e9si \u00fcgyek elb\u00edr\u00e1l\u00e1s\u00e1nak rendje<\/a><\/td> <td style=\"height: 24px;width: 278.312px\">(2020. november 3.)<\/td> <\/tr> <tr style=\"height: 24px\"> <td style=\"height: 24px;width: 663.487px\"><a href=\"https:\/\/univet.hu\/wp-content\/uploads\/2022\/06\/ATE_HKR_6_hallgatoi_balesetek_2020_11_03.pdf\" target=\"_blank\" rel=\"noopener\" data-replaced=\"true\">6.\u00a0Hallgat\u00f3i balesetek megel\u0151z\u00e9s\u00e9vel kapcsolatos \u00e9s a bek\u00f6vetkezett balesetek eset\u00e9n k\u00f6vetend\u0151 el\u0151\u00edr\u00e1sok<\/a><\/td> <td style=\"height: 24px;width: 278.312px\">(2020. november 3.)<\/td> <\/tr> <tr style=\"height: 24px\"> <td style=\"height: 42px;width: 663.487px\"><a href=\"https:\/\/univet.hu\/wp-content\/uploads\/2024\/09\/Etikai-k\u00f3dex.pdf\">Etikai k\u00f3dex<\/a><\/td> <td style=\"height: 42px;width: 278.312px\">(2024. szeptember 25.)<\/td> <\/tr> <tr style=\"height: 24px\"> <td style=\"width: 663.487px;height: 24px\"><a href=\"https:\/\/univet.hu\/wp-content\/uploads\/2024\/09\/Vissza\u00e9l\u00e9s-bejelent\u00e9si-Szab\u00e1lyzat.pdf\">Vissza\u00e9l\u00e9s-bejelent\u00e9si Szab\u00e1lyzat<\/a><\/td> <td style=\"width: 278.312px;height: 24px\">(2024. szeptember 25.)<\/td> <\/tr> <tr style=\"height: 24px\"> <td style=\"width: 663.487px;height: 24px\"><a href=\"https:\/\/univet.hu\/wp-content\/uploads\/2025\/01\/Kollegiumi-Szabalyzat_20241212.pdf\">Koll\u00e9giumi Szab\u00e1lyzat<\/a><\/td> <td style=\"width: 278.312px;height: 24px\">(2024. december 12.)<\/td> <\/tr> <tr> <td style=\"width: 663.487px\"><a href=\"https:\/\/univet.hu\/wp-content\/uploads\/2025\/08\/7_2024_2025-szamu-Rektori-utasitas_MI-szabalyzat.pdf\">Mesters\u00e9ges Intelligencia Szab\u00e1lyzat<\/a><\/td> <td style=\"width: 278.312px\">(2025. augusztus 26.)<\/td> <\/tr> <\/tbody> <\/table> <p><strong>Arch\u00edv szab\u00e1lyzatok:<\/strong><\/p> <table border=\"0\" cellspacing=\"5\" cellpadding=\"0\"> <tbody> <tr> <td><a href=\"https:\/\/univet.hu\/wp-content\/uploads\/2021\/02\/02_ATE_AO_organogram_2021_02_01e.pdf\">ATE organogram<\/a><\/td> <td>(2021. febru\u00e1r 1.)<\/td> <\/tr> <tr> <td><a href=\"https:\/\/univet.hu\/files\/menus\/53\/files\/ATE_organogram_20170919.pdf\" target=\"_blank\" rel=\"noopener\" data-replaced=\"true\">ATE organogram<\/a><\/td> <td>(2017. szeptember 19.)<\/td> <\/tr> <tr> <td><a href=\"https:\/\/univet.hu\/files\/menus\/53\/files\/ATE_organogram_20170321.pdf\" target=\"_blank\" rel=\"noopener\" data-replaced=\"true\">ATE organogram<\/a><\/td> <td>(2017. m\u00e1rcius 21.)<\/td> <\/tr> <tr> <td><a href=\"https:\/\/univet.hu\/files\/menus\/53\/files\/ATE_organogram_20160704.pdf\" data-replaced=\"true\">ATE organogram<\/a><\/td> <td>(2016. j\u00falius 1.)<\/td> <\/tr> <\/tbody> <\/table> <p><strong>\u00a0\u00a0\u00a0\u00a0\u00a0\u00a0\u00a0\u00a0\u00a0 <\/strong><\/p>","protected":false},"excerpt":{"rendered":"<p>\u00c1TE Alap\u00edt\u00f3 okirat (2026. janu\u00e1r 29.) \u00c1TE Organogram (2026. janu\u00e1r 29.) Arculati k\u00e9zik\u00f6nyv (2017. december 12.) Szervezeti \u00e9s M\u0171k\u00f6d\u00e9si Szab\u00e1lyzat I. K\u00f6tet &#8211; Szervezeti \u00e9s M\u0171k\u00f6d\u00e9si Rend (2026. janu\u00e1r 29.) II. K\u00f6tet &#8211; Foglalkoztat\u00e1si K\u00f6vetelm\u00e9nyrendszer (2023. december 13.) Habilit\u00e1ci\u00f3s Szab\u00e1lyzat (2022. j\u00fanius 29.) Hallgat\u00f3i rendezv\u00e9nyszab\u00e1lyzat (2025. j\u00falius 24.) Nemek k\u00f6z\u00f6tti es\u00e9lyegyenl\u0151s\u00e9gi terv (2022. szeptember 13.)<\/p>\n","protected":false},"author":1,"featured_media":0,"parent":336,"menu_order":345,"comment_status":"closed","ping_status":"closed","template":"","meta":{"_acf_changed":false,"footnotes":""},"categories":[],"tags":[],"class_list":["post-1219","page","type-page","status-publish","hentry"],"acf":[],"_links":{"self":[{"href":"https:\/\/univet.hu\/hu\/wp-json\/wp\/v2\/pages\/1219","targetHints":{"allow":["GET"]}}],"collection":[{"href":"https:\/\/univet.hu\/hu\/wp-json\/wp\/v2\/pages"}],"about":[{"href":"https:\/\/univet.hu\/hu\/wp-json\/wp\/v2\/types\/page"}],"author":[{"embeddable":true,"href":"https:\/\/univet.hu\/hu\/wp-json\/wp\/v2\/users\/1"}],"replies":[{"embeddable":true,"href":"https:\/\/univet.hu\/hu\/wp-json\/wp\/v2\/comments?post=1219"}],"version-history":[{"count":7,"href":"https:\/\/univet.hu\/hu\/wp-json\/wp\/v2\/pages\/1219\/revisions"}],"predecessor-version":[{"id":201135,"href":"https:\/\/univet.hu\/hu\/wp-json\/wp\/v2\/pages\/1219\/revisions\/201135"}],"up":[{"embeddable":true,"href":"https:\/\/univet.hu\/hu\/wp-json\/wp\/v2\/pages\/336"}],"wp:attachment":[{"href":"https:\/\/univet.hu\/hu\/wp-json\/wp\/v2\/media?parent=1219"}],"wp:term":[{"taxonomy":"category","embeddable":true,"href":"https:\/\/univet.hu\/hu\/wp-json\/wp\/v2\/categories?post=1219"},{"taxonomy":"post_tag","embeddable":true,"href":"https:\/\/univet.hu\/hu\/wp-json\/wp\/v2\/tags?post=1219"}],"curies":[{"name":"wp","href":"https:\/\/api.w.org\/{rel}","templated":true}]}}