{"id":13269,"date":"1970-01-01T01:00:00","date_gmt":"1970-01-01T00:00:00","guid":{"rendered":"http:\/\/univet.hu\/egyetem\/szervezeti-egysegek\/allathigieniai-allomany-egeszsegtani-es-allatorvosi-etologiai-tanszek\/tanszeki-kutatocsoportok\/"},"modified":"2023-04-24T16:40:48","modified_gmt":"2023-04-24T14:40:48","slug":"tanszeki-kutatocsoportok","status":"publish","type":"page","link":"https:\/\/univet.hu\/hu\/egyetem\/szervezeti-egysegek\/allathigieniai-allomany-egeszsegtani-es-allatorvosi-etologiai-tanszek\/tanszeki-kutatocsoportok\/","title":{"rendered":"Tansz\u00e9ki kutat\u00f3csoportok"},"content":{"rendered":"<h3><strong>\u00c1llathigi\u00e9niai, \u00c1llom\u00e1ny-eg\u00e9szs\u00e9gtani \u00e9s \u00c1llatorvosi Etol\u00f3giai Kutat\u00f3csoport<\/strong><\/h3> <p>Kutat\u00f3csoport-vezet\u0151: Dr. K\u00f6nyves L\u00e1szl\u00f3<\/p> <p>B\u0151vebb le\u00edr\u00e1s: <a href=\"https:\/\/univet.hu\/hu\/kutatas\/kutatocsoportok\/allathigieniai-allomany-egeszsegtani-es-allatorvosi-etologiai-kutatocsoport\/\">itt<\/a><\/p> <p>&nbsp;<\/p> <p>&nbsp;<\/p>","protected":false},"excerpt":{"rendered":"<p>\u00c1llathigi\u00e9niai, \u00c1llom\u00e1ny-eg\u00e9szs\u00e9gtani \u00e9s \u00c1llatorvosi Etol\u00f3giai Kutat\u00f3csoport Kutat\u00f3csoport-vezet\u0151: Dr. K\u00f6nyves L\u00e1szl\u00f3 B\u0151vebb le\u00edr\u00e1s: itt &nbsp; &nbsp;<\/p>\n","protected":false},"author":3837,"featured_media":0,"parent":3292,"menu_order":0,"comment_status":"closed","ping_status":"closed","template":"","meta":{"_acf_changed":false,"footnotes":""},"categories":[],"tags":[],"class_list":["post-13269","page","type-page","status-publish","hentry"],"acf":[],"_links":{"self":[{"href":"https:\/\/univet.hu\/hu\/wp-json\/wp\/v2\/pages\/13269","targetHints":{"allow":["GET"]}}],"collection":[{"href":"https:\/\/univet.hu\/hu\/wp-json\/wp\/v2\/pages"}],"about":[{"href":"https:\/\/univet.hu\/hu\/wp-json\/wp\/v2\/types\/page"}],"author":[{"embeddable":true,"href":"https:\/\/univet.hu\/hu\/wp-json\/wp\/v2\/users\/3837"}],"replies":[{"embeddable":true,"href":"https:\/\/univet.hu\/hu\/wp-json\/wp\/v2\/comments?post=13269"}],"version-history":[{"count":0,"href":"https:\/\/univet.hu\/hu\/wp-json\/wp\/v2\/pages\/13269\/revisions"}],"up":[{"embeddable":true,"href":"https:\/\/univet.hu\/hu\/wp-json\/wp\/v2\/pages\/3292"}],"wp:attachment":[{"href":"https:\/\/univet.hu\/hu\/wp-json\/wp\/v2\/media?parent=13269"}],"wp:term":[{"taxonomy":"category","embeddable":true,"href":"https:\/\/univet.hu\/hu\/wp-json\/wp\/v2\/categories?post=13269"},{"taxonomy":"post_tag","embeddable":true,"href":"https:\/\/univet.hu\/hu\/wp-json\/wp\/v2\/tags?post=13269"}],"curies":[{"name":"wp","href":"https:\/\/api.w.org\/{rel}","templated":true}]}}