{"id":13376,"date":"2018-09-04T12:02:37","date_gmt":"2018-09-04T10:02:37","guid":{"rendered":"http:\/\/univet.hu\/egyetem\/szervezeti-egysegek\/bioinformatikai-kozpont\/kurzusok\/"},"modified":"2026-03-18T10:01:18","modified_gmt":"2026-03-18T09:01:18","slug":"kurzusok","status":"publish","type":"page","link":"https:\/\/univet.hu\/hu\/egyetem\/szervezeti-egysegek\/bioinformatikai-kozpont\/kurzusok\/","title":{"rendered":"Kurzusok"},"content":{"rendered":"<ul> <li>Agy-elme elm\u00e9letek \u00e9s a term\u00e9szettudom\u00e1nyok kutat\u00e1s\u00e1nak logik\u00e1ja<\/li> <li>Bevezet\u00e9s a LaTeX haszn\u00e1lat\u00e1ba (PhD)<\/li> <li>Bevezet\u00e9s a Python programoz\u00e1sba<\/li> <li>Genomikai praktikum\u00a0(gradu\u00e1lis \u00e9s PhD)<\/li> <li>Geo-epidemiol\u00f3gia (PhD)<\/li> <li>Kvantitat\u00edv \u00e1llatorvosi epidemiol\u00f3gia<\/li> <li>Tudom\u00e1nyfiloz\u00f3fia<\/li> <\/ul>","protected":false},"excerpt":{"rendered":"<p>Agy-elme elm\u00e9letek \u00e9s a term\u00e9szettudom\u00e1nyok kutat\u00e1s\u00e1nak logik\u00e1ja Bevezet\u00e9s a LaTeX haszn\u00e1lat\u00e1ba (PhD) Bevezet\u00e9s a Python programoz\u00e1sba Genomikai praktikum\u00a0(gradu\u00e1lis \u00e9s PhD) Geo-epidemiol\u00f3gia (PhD) Kvantitat\u00edv \u00e1llatorvosi epidemiol\u00f3gia Tudom\u00e1nyfiloz\u00f3fia<\/p>\n","protected":false},"author":3837,"featured_media":0,"parent":3418,"menu_order":0,"comment_status":"closed","ping_status":"closed","template":"","meta":{"_acf_changed":false,"footnotes":""},"categories":[],"tags":[],"class_list":["post-13376","page","type-page","status-publish","hentry"],"acf":[],"_links":{"self":[{"href":"https:\/\/univet.hu\/hu\/wp-json\/wp\/v2\/pages\/13376","targetHints":{"allow":["GET"]}}],"collection":[{"href":"https:\/\/univet.hu\/hu\/wp-json\/wp\/v2\/pages"}],"about":[{"href":"https:\/\/univet.hu\/hu\/wp-json\/wp\/v2\/types\/page"}],"author":[{"embeddable":true,"href":"https:\/\/univet.hu\/hu\/wp-json\/wp\/v2\/users\/3837"}],"replies":[{"embeddable":true,"href":"https:\/\/univet.hu\/hu\/wp-json\/wp\/v2\/comments?post=13376"}],"version-history":[{"count":3,"href":"https:\/\/univet.hu\/hu\/wp-json\/wp\/v2\/pages\/13376\/revisions"}],"predecessor-version":[{"id":203181,"href":"https:\/\/univet.hu\/hu\/wp-json\/wp\/v2\/pages\/13376\/revisions\/203181"}],"up":[{"embeddable":true,"href":"https:\/\/univet.hu\/hu\/wp-json\/wp\/v2\/pages\/3418"}],"wp:attachment":[{"href":"https:\/\/univet.hu\/hu\/wp-json\/wp\/v2\/media?parent=13376"}],"wp:term":[{"taxonomy":"category","embeddable":true,"href":"https:\/\/univet.hu\/hu\/wp-json\/wp\/v2\/categories?post=13376"},{"taxonomy":"post_tag","embeddable":true,"href":"https:\/\/univet.hu\/hu\/wp-json\/wp\/v2\/tags?post=13376"}],"curies":[{"name":"wp","href":"https:\/\/api.w.org\/{rel}","templated":true}]}}