{"id":13379,"date":"2018-09-04T12:02:39","date_gmt":"2018-09-04T10:02:39","guid":{"rendered":"http:\/\/univet.hu\/egyetem\/szervezeti-egysegek\/bioinformatikai-kozpont\/kutatas\/"},"modified":"2026-03-18T09:43:24","modified_gmt":"2026-03-18T08:43:24","slug":"kutatas","status":"publish","type":"page","link":"https:\/\/univet.hu\/hu\/egyetem\/szervezeti-egysegek\/bioinformatikai-kozpont\/kutatas\/","title":{"rendered":"Kutat\u00e1s"},"content":{"rendered":"<h4>A kutat\u00e1saink eredm\u00e9nyeit bemutat\u00f3 k\u00f6zlem\u00e9nyek az <a href=\"https:\/\/m2.mtmt.hu\/gui2\/?type=authors&amp;mode=browse&amp;sel=authors10017846\">MTMT<\/a>-ben l\u00e1that\u00f3k.<\/h4> <p>&nbsp;<\/p>","protected":false},"excerpt":{"rendered":"<p>A kutat\u00e1saink eredm\u00e9nyeit bemutat\u00f3 k\u00f6zlem\u00e9nyek az MTMT-ben l\u00e1that\u00f3k. &nbsp;<\/p>\n","protected":false},"author":3837,"featured_media":0,"parent":3418,"menu_order":0,"comment_status":"closed","ping_status":"closed","template":"","meta":{"_acf_changed":false,"footnotes":""},"categories":[],"tags":[],"class_list":["post-13379","page","type-page","status-publish","hentry"],"acf":[],"_links":{"self":[{"href":"https:\/\/univet.hu\/hu\/wp-json\/wp\/v2\/pages\/13379","targetHints":{"allow":["GET"]}}],"collection":[{"href":"https:\/\/univet.hu\/hu\/wp-json\/wp\/v2\/pages"}],"about":[{"href":"https:\/\/univet.hu\/hu\/wp-json\/wp\/v2\/types\/page"}],"author":[{"embeddable":true,"href":"https:\/\/univet.hu\/hu\/wp-json\/wp\/v2\/users\/3837"}],"replies":[{"embeddable":true,"href":"https:\/\/univet.hu\/hu\/wp-json\/wp\/v2\/comments?post=13379"}],"version-history":[{"count":2,"href":"https:\/\/univet.hu\/hu\/wp-json\/wp\/v2\/pages\/13379\/revisions"}],"predecessor-version":[{"id":203148,"href":"https:\/\/univet.hu\/hu\/wp-json\/wp\/v2\/pages\/13379\/revisions\/203148"}],"up":[{"embeddable":true,"href":"https:\/\/univet.hu\/hu\/wp-json\/wp\/v2\/pages\/3418"}],"wp:attachment":[{"href":"https:\/\/univet.hu\/hu\/wp-json\/wp\/v2\/media?parent=13379"}],"wp:term":[{"taxonomy":"category","embeddable":true,"href":"https:\/\/univet.hu\/hu\/wp-json\/wp\/v2\/categories?post=13379"},{"taxonomy":"post_tag","embeddable":true,"href":"https:\/\/univet.hu\/hu\/wp-json\/wp\/v2\/tags?post=13379"}],"curies":[{"name":"wp","href":"https:\/\/api.w.org\/{rel}","templated":true}]}}