{"id":13436,"date":"2018-09-04T12:03:02","date_gmt":"2018-09-04T10:03:02","guid":{"rendered":"http:\/\/univet.hu\/egyetem\/szervezeti-egysegek\/egzotikusallat-es-vadegeszsegugyi-tanszek\/kutatas\/"},"modified":"2025-04-17T07:07:09","modified_gmt":"2025-04-17T05:07:09","slug":"kutatas","status":"publish","type":"page","link":"https:\/\/univet.hu\/hu\/egyetem\/szervezeti-egysegek\/egzotikusallat-es-vadegeszsegugyi-tanszek\/kutatas\/","title":{"rendered":"Kutat\u00e1s"},"content":{"rendered":"<p><span style=\"font-size: 14pt\"><b>Folyamatban lev\u0151 kutat\u00e1sok<\/b>\u00a0<\/span><\/p> <p style=\"padding-left: 30px\">1.<b><span data-contrast=\"auto\"> H\u00fcll\u0151k egyes megbeteged\u00e9seinek vizsg\u00e1lata<\/span><\/b><span data-ccp-props=\"{&quot;201341983&quot;:0,&quot;335551550&quot;:6,&quot;335551620&quot;:6,&quot;335559739&quot;:160,&quot;335559740&quot;:259}\">\u00a0<\/span><\/p> <p><span data-contrast=\"auto\">T\u00e9mavezet\u0151: Prof. Dr. G\u00e1l J\u00e1nos DSc.<\/span><span data-ccp-props=\"{&quot;201341983&quot;:0,&quot;335551550&quot;:6,&quot;335551620&quot;:6,&quot;335559739&quot;:160,&quot;335559740&quot;:259}\">\u00a0<\/span><\/p> <p><span data-contrast=\"auto\">Alprogram vezet\u0151: Dr. Ziszisz \u00c1risz, PhD hallgat\u00f3, klinikus \u00e1llatorvos<\/span><span data-ccp-props=\"{&quot;201341983&quot;:0,&quot;335551550&quot;:6,&quot;335551620&quot;:6,&quot;335559739&quot;:160,&quot;335559740&quot;:259}\">\u00a0<\/span><\/p> <p><span data-contrast=\"auto\">A kutat\u00e1s r\u00f6vid \u00f6sszefoglal\u00e1sa: Az egzotikus h\u00fcll\u0151k tart\u00e1sa, gondoz\u00e1sa egyre nagyobb n\u00e9pszer\u0171s\u00e9gnek \u00f6rvend. Ennek megfelel\u0151en \u00e9vr\u0151l-\u00e9vre egyre t\u00f6bb faj ker\u00fcl be a terr\u00e1riumokba. Az \u00faj fajok kih\u00edv\u00e1s el\u00e9 \u00e1ll\u00edtj\u00e1k a terrarist\u00e1kat. Egyr\u00e9szt, a szabad \u00e9l\u0151helyekr\u0151l sz\u00e1rmaz\u00f3 egyedek sz\u00e1mos \u00faj k\u00f3rokoz\u00f3t hozhatnak be \u00e9s ezek elhull\u00e1st id\u00e9zhetnek el\u0151, m\u00e1sr\u00e9szt a tart\u00e1si \u00e9s etet\u00e9si hib\u00e1k vezethetnek elhull\u00e1sokhoz.\u00a0<\/span><span data-ccp-props=\"{&quot;201341983&quot;:0,&quot;335551550&quot;:6,&quot;335551620&quot;:6,&quot;335559739&quot;:160,&quot;335559740&quot;:259}\">\u00a0<\/span><\/p> <p><span data-contrast=\"auto\"> Az ilyen, diagnosztikai boncol\u00e1sra ker\u00fclt h\u00fcll\u0151k k\u00f3rtani, kieg\u00e9sz\u00edt\u0151 (sz\u00f6vettani, immunhisztok\u00e9miai, bakteriol\u00f3giai, virol\u00f3giai \u00e9s parazitol\u00f3giai) vizsg\u00e1lata t\u00f6rt\u00e9nik. Az \u00fajonnan felismert k\u00f3rokoz\u00f3k, nem fert\u0151z\u0151 eredet\u0171 megbeteged\u00e9sekn\u00e9l pedig a k\u00f3rlefoly\u00e1s mechanizmusa ker\u00fcl publik\u00e1l\u00e1sra, seg\u00edtve ezzel a klinikai munk\u00e1t.<\/span><span data-ccp-props=\"{&quot;201341983&quot;:0,&quot;335551550&quot;:6,&quot;335551620&quot;:6,&quot;335559739&quot;:160,&quot;335559740&quot;:259}\">\u00a0<\/span><\/p> <p><span data-contrast=\"auto\">Tov\u00e1bbi r\u00e9sztvev\u0151k:\u00a0<\/span><span data-ccp-props=\"{&quot;201341983&quot;:0,&quot;335551550&quot;:6,&quot;335551620&quot;:6,&quot;335559739&quot;:160,&quot;335559740&quot;:259}\">\u00a0<\/span><\/p> <ul> <li data-leveltext=\"-\" data-font=\"Calibri\" data-listid=\"2\" data-list-defn-props=\"{&quot;335551671&quot;:4,&quot;335552541&quot;:1,&quot;335559684&quot;:-2,&quot;335559685&quot;:720,&quot;335559991&quot;:360,&quot;469769226&quot;:&quot;Calibri&quot;,&quot;469769242&quot;:[8226],&quot;469777803&quot;:&quot;left&quot;,&quot;469777804&quot;:&quot;-&quot;,&quot;469777815&quot;:&quot;hybridMultilevel&quot;}\" data-aria-posinset=\"4\" data-aria-level=\"1\"><span data-contrast=\"auto\">Dr. Csat\u00e1ri D\u00f3ra PhD hallgat\u00f3, klinikus \u00e1llatorvos<\/span><span data-ccp-props=\"{&quot;201341983&quot;:0,&quot;335551550&quot;:6,&quot;335551620&quot;:6,&quot;335559739&quot;:160,&quot;335559740&quot;:259}\">\u00a0<\/span><\/li> <li data-leveltext=\"-\" data-font=\"Calibri\" data-listid=\"2\" data-list-defn-props=\"{&quot;335551671&quot;:4,&quot;335552541&quot;:1,&quot;335559684&quot;:-2,&quot;335559685&quot;:720,&quot;335559991&quot;:360,&quot;469769226&quot;:&quot;Calibri&quot;,&quot;469769242&quot;:[8226],&quot;469777803&quot;:&quot;left&quot;,&quot;469777804&quot;:&quot;-&quot;,&quot;469777815&quot;:&quot;hybridMultilevel&quot;}\" data-aria-posinset=\"4\" data-aria-level=\"1\"><span data-contrast=\"auto\">Dr. N\u00f3gr\u00e1di Anna PhD, egyetemi adjunktus<\/span><span data-ccp-props=\"{&quot;201341983&quot;:0,&quot;335551550&quot;:6,&quot;335551620&quot;:6,&quot;335559739&quot;:160,&quot;335559740&quot;:259}\">\u00a0<\/span><\/li> <li data-leveltext=\"-\" data-font=\"Calibri\" data-listid=\"2\" data-list-defn-props=\"{&quot;335551671&quot;:4,&quot;335552541&quot;:1,&quot;335559684&quot;:-2,&quot;335559685&quot;:720,&quot;335559991&quot;:360,&quot;469769226&quot;:&quot;Calibri&quot;,&quot;469769242&quot;:[8226],&quot;469777803&quot;:&quot;left&quot;,&quot;469777804&quot;:&quot;-&quot;,&quot;469777815&quot;:&quot;hybridMultilevel&quot;}\" data-aria-posinset=\"4\" data-aria-level=\"1\"><span data-contrast=\"auto\">Dr. Papp Antal, klinikus \u00e1llatorvos<\/span><span data-ccp-props=\"{&quot;201341983&quot;:0,&quot;335551550&quot;:6,&quot;335551620&quot;:6,&quot;335559739&quot;:160,&quot;335559740&quot;:259}\">\u00a0<\/span><\/li> <\/ul> <p><span data-contrast=\"auto\">Finansz\u00edroz\u00e1s: Nem p\u00e1ly\u00e1zati<\/span><span data-ccp-props=\"{&quot;201341983&quot;:0,&quot;335551550&quot;:6,&quot;335551620&quot;:6,&quot;335559739&quot;:160,&quot;335559740&quot;:259}\">\u00a0<\/span><\/p> <p style=\"padding-left: 30px\">2.<b><span data-contrast=\"auto\"> Az \u00e9szak-adriai szigetvil\u00e1g gerinces-faunisztikai \u00e9s inv\u00e1zi\u00f3s-biol\u00f3giai vizsg\u00e1lata<\/span><\/b><span data-ccp-props=\"{&quot;201341983&quot;:0,&quot;335551550&quot;:6,&quot;335551620&quot;:6,&quot;335559739&quot;:160,&quot;335559740&quot;:259}\">\u00a0<\/span><\/p> <p><span data-contrast=\"auto\">T\u00e9mavezet\u0151: Dr. T\u00f3th Tam\u00e1s PhD., egyetemi adjunktus<\/span><span data-ccp-props=\"{&quot;201341983&quot;:0,&quot;335551550&quot;:6,&quot;335551620&quot;:6,&quot;335559739&quot;:160,&quot;335559740&quot;:259}\">\u00a0<\/span><\/p> <p><span data-contrast=\"auto\">A kutat\u00e1s r\u00f6vid \u00f6sszefoglal\u00e1sa: Az \u00e9szak-adriai szigetek \u00e9s ezen bel\u00fcl is a Cres-Lo\u0161inj-szigetcsoport gerinces-faunisztikai alapkutat\u00e1sai a mai napig is csak r\u00e9szben k\u00e9sz\u00fcltek el, mivel a 36 sziget t\u00falnyom\u00f3 t\u00f6bbs\u00e9ge lakatlan, \u00edgy ezek el\u00e9r\u00e9se neh\u00e9zs\u00e9gekbe \u00fctk\u00f6zik. 2002-ben kezd\u0151d\u00f6tt el a szigetcsoporton \u00e9l\u0151 k\u00e9t\u00e9lt\u0171ek \u00e9s h\u00fcll\u0151k felm\u00e9r\u00e9se, amely eddig t\u00f6bb mint egy tucat, a tudom\u00e1nyra \u00faj el\u0151fordul\u00e1st eredm\u00e9nyezett, amely adatokat sz\u00e1mos angol \u00e9s n\u00e9met nyelv\u0171 k\u00f6zlem\u00e9nyben nyilv\u00e1noss\u00e1gra is hoztunk.<\/span><span data-ccp-props=\"{&quot;201341983&quot;:0,&quot;335551550&quot;:6,&quot;335551620&quot;:6,&quot;335559739&quot;:160,&quot;335559740&quot;:259}\">\u00a0<\/span><\/p> <p><span data-contrast=\"auto\">Terveink szerint a j\u00f6v\u0151ben a herpetofaunisztikai kutat\u00e1sok folytat\u00e1sa mellett adatgy\u0171jt\u00e9s\u00fcnket kiterjesztj\u00fck a t\u00e9rs\u00e9gben \u00e9l\u0151 madarak \u00e9s eml\u0151s\u00f6k, valamint esetleg az \u00e9desv\u00edzi halak el\u0151fordul\u00e1sainak vizsg\u00e1lat\u00e1ra is. Emellett k\u00fcl\u00f6n k\u00f6zlem\u00e9nyben tervezz\u00fck bemutatni a szigetek k\u00e9t meghat\u00e1roz\u00f3 gy\u00edkfaj\u00e1nak (<\/span><i><span data-contrast=\"auto\">Podarcis melisellensis <\/span><\/i><span data-contrast=\"auto\">\u00e9s a <\/span><i><span data-contrast=\"auto\">Podarcis siculus<\/span><\/i><span data-contrast=\"auto\">) popul\u00e1ci\u00f3s szinten is rendk\u00edv\u00fcl vari\u00e1bilis sz\u00ednezeti \u00e9s mint\u00e1zati v\u00e1ltoz\u00e9konys\u00e1g\u00e1t, valamint a Cres sziget d\u00e9li r\u00e9sz\u00e9n \u00e1ltalunk felfedezett idegenhonos, inv\u00e1zi\u00f3s hegyesfej\u0171 gy\u00edk (<\/span><i><span data-contrast=\"auto\">Dalmatolacerta oxycephala<\/span><\/i><span data-contrast=\"auto\">) terjeszked\u00e9s\u00e9nek dinamik\u00e1j\u00e1t \u00e9s ir\u00e1ny\u00e1t.<\/span><span data-ccp-props=\"{&quot;201341983&quot;:0,&quot;335551550&quot;:6,&quot;335551620&quot;:6,&quot;335559739&quot;:160,&quot;335559740&quot;:259}\">\u00a0<\/span><\/p> <p><span data-contrast=\"auto\">Tov\u00e1bbi r\u00e9sztvev\u0151k:<\/span><span data-ccp-props=\"{&quot;201341983&quot;:0,&quot;335551550&quot;:6,&quot;335551620&quot;:6,&quot;335559739&quot;:160,&quot;335559740&quot;:259}\">\u00a0<\/span><\/p> <ul> <li data-leveltext=\"-\" data-font=\"Calibri\" data-listid=\"2\" data-list-defn-props=\"{&quot;335551671&quot;:4,&quot;335552541&quot;:1,&quot;335559684&quot;:-2,&quot;335559685&quot;:720,&quot;335559991&quot;:360,&quot;469769226&quot;:&quot;Calibri&quot;,&quot;469769242&quot;:[8226],&quot;469777803&quot;:&quot;left&quot;,&quot;469777804&quot;:&quot;-&quot;,&quot;469777815&quot;:&quot;hybridMultilevel&quot;}\" data-aria-posinset=\"4\" data-aria-level=\"1\"><span data-contrast=\"auto\">Dr. Maros\u00e1n Mikl\u00f3s PhD., habil, egyetemi docens<\/span><span data-ccp-props=\"{&quot;201341983&quot;:0,&quot;335551550&quot;:6,&quot;335551620&quot;:6,&quot;335559739&quot;:160,&quot;335559740&quot;:259}\">\u00a0<\/span><\/li> <li data-leveltext=\"-\" data-font=\"Calibri\" data-listid=\"2\" data-list-defn-props=\"{&quot;335551671&quot;:4,&quot;335552541&quot;:1,&quot;335559684&quot;:-2,&quot;335559685&quot;:720,&quot;335559991&quot;:360,&quot;469769226&quot;:&quot;Calibri&quot;,&quot;469769242&quot;:[8226],&quot;469777803&quot;:&quot;left&quot;,&quot;469777804&quot;:&quot;-&quot;,&quot;469777815&quot;:&quot;hybridMultilevel&quot;}\" data-aria-posinset=\"4\" data-aria-level=\"1\"><span data-contrast=\"auto\">Prof. Dr. G\u00e1l J\u00e1nos DSc., egyetemi tan\u00e1r<\/span><span data-ccp-props=\"{&quot;201341983&quot;:0,&quot;335551550&quot;:6,&quot;335551620&quot;:6,&quot;335559739&quot;:160,&quot;335559740&quot;:259}\">\u00a0<\/span><\/li> <\/ul> <p><span data-contrast=\"auto\">Finansz\u00edroz\u00e1s: nem p\u00e1ly\u00e1zati<\/span><span data-ccp-props=\"{&quot;201341983&quot;:0,&quot;335551550&quot;:6,&quot;335551620&quot;:6,&quot;335559739&quot;:160,&quot;335559740&quot;:259}\">\u00a0<\/span><\/p> <p style=\"padding-left: 30px\">3.<b><span data-contrast=\"auto\"> Gerinces fajok t\u00f6rt\u00e9neti zool\u00f3giai kutat\u00e1sa<\/span><\/b><span data-ccp-props=\"{&quot;201341983&quot;:0,&quot;335551550&quot;:6,&quot;335551620&quot;:6,&quot;335559739&quot;:160,&quot;335559740&quot;:259}\">\u00a0<\/span><\/p> <p><span data-contrast=\"auto\">T\u00e9mavezet\u0151: Dr. T\u00f3th Tam\u00e1s PhD., egyetemi adjunktus<\/span><span data-ccp-props=\"{&quot;201341983&quot;:0,&quot;335551550&quot;:6,&quot;335551620&quot;:6,&quot;335559739&quot;:160,&quot;335559740&quot;:259}\">\u00a0<\/span><\/p> <p><span data-contrast=\"auto\">A kutat\u00e1s r\u00f6vid \u00f6sszefoglal\u00e1sa: Mivel a m\u00falt ismerete n\u00e9lk\u00fcl a jelen esem\u00e9nyei nem \u00e9rtelmezhet\u0151ek \u00e9s a j\u00f6v\u0151 folyamatai nem modellezhet\u0151ek, ez\u00e9rt hangs\u00falyosnak \u00e9rezz\u00fck, hogy a K\u00e1rp\u00e1t-medence min\u00e9l t\u00f6bb faj\u00e1nak t\u00f6rt\u00e9neti adatokon nyugv\u00f3 zool\u00f3giai feldolgoz\u00e1sa is elk\u00e9sz\u00fclj\u00f6n, ahogy ezt m\u00e1r az aranysak\u00e1l, az itt \u0151shonos kesely\u0171fajok, vagy a pannongy\u00edk eset\u00e9ben m\u00e1r meg is tett\u00fck. Adatgy\u0171jt\u00e9s\u00fcnk sor\u00e1n a r\u00e9gebbi szakirodalmi adatok felkutat\u00e1sa mellett, a k\u00fcl\u00f6nb\u00f6z\u0151 mag\u00e1n- \u00e9s k\u00f6zgy\u0171jtem\u00e9nyekben fellelhet\u0151 prepar\u00e1tumokhoz k\u00f6thet\u0151 inform\u00e1ci\u00f3kat, valamint a f\u00e9nyk\u00e9pes igazol\u00e1sokat \u00e9s szem\u00e9lyes besz\u00e1mol\u00f3kat is figyelembe vessz\u00fck, \u00e9rt\u00e9kelj\u00fck \u00e9s feldolgozzuk.<\/span><span data-ccp-props=\"{&quot;201341983&quot;:0,&quot;335551550&quot;:6,&quot;335551620&quot;:6,&quot;335559739&quot;:160,&quot;335559740&quot;:259}\">\u00a0<\/span><\/p> <p><span data-contrast=\"auto\">A tov\u00e1bbiakban tervbe vett\u00fck a bar\u00e1tf\u00f3ka adriai el\u0151fordul\u00e1s\u00e1nak, a hazai \u00e9tkez\u00e9si c\u00e9l\u00fa b\u00e9kaexport t\u00f6rt\u00e9net\u00e9nek, a magyarorsz\u00e1gi ny\u00e9rc-el\u0151fordul\u00e1soknak, valamint a k\u00f3bor kuty\u00e1k \u00e9s macsk\u00e1k hazai \u00e1llom\u00e1nyszab\u00e1lyoz\u00e1si k\u00eds\u00e9rleteinek t\u00f6rt\u00e9neti feldolgoz\u00e1s\u00e1t is. A t\u00e1volabbi j\u00f6v\u0151ben felmer\u00fclt a barnamedve \u00e9s a sz\u00fcrke farkas k\u00e1rp\u00e1t-medencei t\u00f6rt\u00e9net\u00e9nek \u00e9s adatainak a kutat\u00e1sa is.<\/span><span data-ccp-props=\"{&quot;201341983&quot;:0,&quot;335551550&quot;:6,&quot;335551620&quot;:6,&quot;335559739&quot;:160,&quot;335559740&quot;:259}\">\u00a0<\/span><\/p> <p><span data-contrast=\"auto\">Tov\u00e1bbi r\u00e9sztvev\u0151k:<\/span><span data-ccp-props=\"{&quot;201341983&quot;:0,&quot;335551550&quot;:6,&quot;335551620&quot;:6,&quot;335559739&quot;:160,&quot;335559740&quot;:259}\">\u00a0<\/span><\/p> <ul> <li data-leveltext=\"-\" data-font=\"Calibri\" data-listid=\"2\" data-list-defn-props=\"{&quot;335551671&quot;:4,&quot;335552541&quot;:1,&quot;335559684&quot;:-2,&quot;335559685&quot;:720,&quot;335559991&quot;:360,&quot;469769226&quot;:&quot;Calibri&quot;,&quot;469769242&quot;:[8226],&quot;469777803&quot;:&quot;left&quot;,&quot;469777804&quot;:&quot;-&quot;,&quot;469777815&quot;:&quot;hybridMultilevel&quot;}\" data-aria-posinset=\"4\" data-aria-level=\"1\"><span data-contrast=\"auto\">Dr. Maros\u00e1n Mikl\u00f3s PhD., habil, egyetemi docens<\/span><span data-ccp-props=\"{&quot;201341983&quot;:0,&quot;335551550&quot;:6,&quot;335551620&quot;:6,&quot;335559739&quot;:160,&quot;335559740&quot;:259}\">\u00a0<\/span><\/li> <li data-leveltext=\"-\" data-font=\"Calibri\" data-listid=\"2\" data-list-defn-props=\"{&quot;335551671&quot;:4,&quot;335552541&quot;:1,&quot;335559684&quot;:-2,&quot;335559685&quot;:720,&quot;335559991&quot;:360,&quot;469769226&quot;:&quot;Calibri&quot;,&quot;469769242&quot;:[8226],&quot;469777803&quot;:&quot;left&quot;,&quot;469777804&quot;:&quot;-&quot;,&quot;469777815&quot;:&quot;hybridMultilevel&quot;}\" data-aria-posinset=\"4\" data-aria-level=\"1\"><span data-contrast=\"auto\">Prof. Dr. G\u00e1l J\u00e1nos DSc., egyetemi tan\u00e1r<\/span><span data-ccp-props=\"{&quot;201341983&quot;:0,&quot;335551550&quot;:6,&quot;335551620&quot;:6,&quot;335559739&quot;:160,&quot;335559740&quot;:259}\">\u00a0<\/span><\/li> <\/ul> <p><span data-contrast=\"auto\">Finansz\u00edroz\u00e1s: nem p\u00e1ly\u00e1zati<\/span><span data-ccp-props=\"{&quot;201341983&quot;:0,&quot;335551550&quot;:6,&quot;335551620&quot;:6,&quot;335559739&quot;:160,&quot;335559740&quot;:259}\">\u00a0<\/span><\/p> <p>&nbsp;<\/p> <p style=\"padding-left: 30px\">4.<b><span data-contrast=\"auto\"> A vadk\u00e1rok vizsg\u00e1lata vad\u00e1szati, agr\u00e1rgazdas\u00e1gi \u00e9s jogi szempontokb\u00f3l<\/span><\/b><span data-ccp-props=\"{&quot;201341983&quot;:0,&quot;335551550&quot;:6,&quot;335551620&quot;:6,&quot;335559739&quot;:160,&quot;335559740&quot;:259}\">\u00a0<\/span><\/p> <p><span data-contrast=\"auto\">T\u00e9mavezet\u0151: Dr. Maros\u00e1n Mikl\u00f3s PhD., habil, egyetemi docens<\/span><span data-ccp-props=\"{&quot;201341983&quot;:0,&quot;335551550&quot;:6,&quot;335551620&quot;:6,&quot;335559739&quot;:160,&quot;335559740&quot;:259}\">\u00a0<\/span><\/p> <p><span data-contrast=\"auto\">A kutat\u00e1s r\u00f6vid \u00f6sszefoglal\u00e1sa: A kutat\u00e1s sor\u00e1n vizsg\u00e1ljuk a k\u00fcl\u00f6nb\u00f6z\u0151 n\u00f6v\u00e9ny\u00e1llom\u00e1nyok regener\u00e1ci\u00f3s k\u00e9pess\u00e9g\u00e9t az elt\u00e9r\u0151 k\u00e1ros\u00edt\u00e1sok f\u00fcggv\u00e9ny\u00e9ben. Els\u0151sorban a k\u00e1ros\u00edt\u00e1s ar\u00e1ny\u00e1t korrel\u00e1ltatjuk a term\u00e9skies\u00e9s m\u00e9rt\u00e9k\u00e9vel. Szakmai javaslatokat tesz\u00fcnk a vadk\u00e1rbecsl\u00e9si m\u00f3dszerek pontos\u00edt\u00e1s\u00e1ra. Vizsg\u00e1ljuk \u00e9s \u00e9rt\u00e9kelj\u00fck a jelenlegi vadk\u00e1r \u00e9rv\u00e9nyes\u00edt\u00e9ssel kapcsolatos elj\u00e1r\u00e1sokat, mind elm\u00e9leti, mind gyakorlati szempontb\u00f3l.<\/span><span data-ccp-props=\"{&quot;201341983&quot;:0,&quot;335551550&quot;:6,&quot;335551620&quot;:6,&quot;335559739&quot;:160,&quot;335559740&quot;:259}\">\u00a0<\/span><\/p> <p><span data-contrast=\"auto\">Tov\u00e1bbi r\u00e9sztvev\u0151k: Aba\u00faji Norbert, tansz\u00e9ki m\u00e9rn\u00f6k<\/span><span data-ccp-props=\"{&quot;201341983&quot;:0,&quot;335551550&quot;:6,&quot;335551620&quot;:6,&quot;335559739&quot;:160,&quot;335559740&quot;:259}\">\u00a0<\/span><\/p> <p><span data-contrast=\"auto\">Finansz\u00edroz\u00e1s: Nem p\u00e1ly\u00e1zati<\/span><span data-ccp-props=\"{&quot;201341983&quot;:0,&quot;335551550&quot;:6,&quot;335551620&quot;:6,&quot;335559739&quot;:160,&quot;335559740&quot;:259}\">\u00a0<\/span><\/p> <p>&nbsp;<\/p> <p><strong>5. Molekul\u00e1ris ivarmarkerek de novo fejleszt\u00e9se k\u00e9t\u00e9lt\u0171- \u00e9s h\u00fcll\u0151 fajokban<\/strong><\/p> <p>T\u00e9mavezet\u0151: Dr. K\u00f6v\u00e9r Szilvia (Molekul\u00e1ris \u00d6kol\u00f3giai Kutat\u00f3csoport, \u00d6kol\u00f3giai Tansz\u00e9k )<\/p> <p>R\u00e9sztvev\u0151k: Balogh Emese PhD hallgat\u00f3 (Molekul\u00e1ris \u00d6kol\u00f3giai Kutat\u00f3csoport, \u00d6kol\u00f3giai Tansz\u00e9k) Dr. Szab\u00f3 Kriszti\u00e1n (Molekul\u00e1ris \u00d6kol\u00f3giai Kutat\u00f3csoport, \u00d6kol\u00f3giai Tansz\u00e9k) Dr. Vili N\u00f3ra (Molekul\u00e1ris \u00d6kol\u00f3giai Kutat\u00f3csoport, \u00d6kol\u00f3giai Tansz\u00e9k) Dr. B\u00f3kony Veronika (ATK N\u00d6VI; \u00c1ODI) Dr. G\u00e1l J\u00e1nos (Egzotikus\u00e1llat-, Vad-, Hal- \u00e9s M\u00e9heg\u00e9szs\u00e9g\u00fcgyi Tansz\u00e9k) Dr. Ziszisz \u00c1risz (Egzotikus\u00e1llat-, Vad-, Hal- \u00e9s M\u00e9heg\u00e9szs\u00e9g\u00fcgyi Tansz\u00e9k)<\/p> <p>A kutat\u00e1s r\u00f6vid \u00f6sszefoglal\u00e1sa:<\/p> <p>A projekt keret\u00e9n bel\u00fcl c\u00e9lunk a molekul\u00e1ris ivarmeghat\u00e1roz\u00e1st lehet\u0151v\u00e9 tev\u0151 markerk\u00e9szlet de novo fejleszt\u00e9se genomikai \u00e9s molekul\u00e1ris technik\u00e1k (RAD-Seq) alkalmaz\u00e1s\u00e1va. Olyan genetikai ivarmeghat\u00e1roz\u00e1s\u00fa h\u00fcll\u0151- \u00e9s k\u00e9t\u00e9lt\u0171fajokban, amelyekben m\u00e9g egy\u00e1ltal\u00e1n nem ismertek ilyen markerek (pl. Pyxicephalus adspersus \u00e9s Theloderma sp. k\u00e9t\u00e9lt\u0171ek,<\/p> <p>bizonyos, eddig nem vizsg\u00e1lt Tiliqua sp. fajok, valamint Morelia sp.,Uromastyx sp. h\u00fcll\u0151 fajok eset\u00e9ben).<\/p> <p>Azokban a h\u00fcll\u0151fajokban, ahol m\u00e1r rendelkez\u00e9sre \u00e1llnak qPCR technik\u00e1val alkalmazhat\u00f3 markerek, de a RAD-Seq adatok alapj\u00e1n kifejlesztett, konvencion\u00e1lis PCR-rel is haszn\u00e1lhat\u00f3 ivarmarkerek olcs\u00f3bb \u00e9s egyszer\u0171bben kivitelezhet\u0151 alternat\u00edv\u00e1t jelenthetnek (pl. Varanidae, Agamidae \u00e9s bizonyos Scincidae fajok).<\/p> <p>Finansz\u00edroz\u00e1s: \u00c1llatorvostudom\u00e1nyi Egyetem Keret\u00f6sszeg : 3 500 000Ft<\/p> <p>&nbsp;<\/p>","protected":false},"excerpt":{"rendered":"<p>Folyamatban lev\u0151 kutat\u00e1sok\u00a0 1. H\u00fcll\u0151k egyes megbeteged\u00e9seinek vizsg\u00e1lata\u00a0 T\u00e9mavezet\u0151: Prof. Dr. G\u00e1l J\u00e1nos DSc.\u00a0 Alprogram vezet\u0151: Dr. Ziszisz \u00c1risz, PhD hallgat\u00f3, klinikus \u00e1llatorvos\u00a0 A kutat\u00e1s r\u00f6vid \u00f6sszefoglal\u00e1sa: Az egzotikus h\u00fcll\u0151k tart\u00e1sa, gondoz\u00e1sa egyre nagyobb n\u00e9pszer\u0171s\u00e9gnek \u00f6rvend. Ennek megfelel\u0151en \u00e9vr\u0151l-\u00e9vre egyre t\u00f6bb faj ker\u00fcl be a terr\u00e1riumokba. Az \u00faj fajok kih\u00edv\u00e1s el\u00e9 \u00e1ll\u00edtj\u00e1k a terrarist\u00e1kat. Egyr\u00e9szt,<\/p>\n","protected":false},"author":3837,"featured_media":0,"parent":3316,"menu_order":0,"comment_status":"closed","ping_status":"closed","template":"","meta":{"_acf_changed":false,"footnotes":""},"categories":[],"tags":[],"class_list":["post-13436","page","type-page","status-publish","hentry"],"acf":[],"_links":{"self":[{"href":"https:\/\/univet.hu\/hu\/wp-json\/wp\/v2\/pages\/13436","targetHints":{"allow":["GET"]}}],"collection":[{"href":"https:\/\/univet.hu\/hu\/wp-json\/wp\/v2\/pages"}],"about":[{"href":"https:\/\/univet.hu\/hu\/wp-json\/wp\/v2\/types\/page"}],"author":[{"embeddable":true,"href":"https:\/\/univet.hu\/hu\/wp-json\/wp\/v2\/users\/3837"}],"replies":[{"embeddable":true,"href":"https:\/\/univet.hu\/hu\/wp-json\/wp\/v2\/comments?post=13436"}],"version-history":[{"count":2,"href":"https:\/\/univet.hu\/hu\/wp-json\/wp\/v2\/pages\/13436\/revisions"}],"predecessor-version":[{"id":178780,"href":"https:\/\/univet.hu\/hu\/wp-json\/wp\/v2\/pages\/13436\/revisions\/178780"}],"up":[{"embeddable":true,"href":"https:\/\/univet.hu\/hu\/wp-json\/wp\/v2\/pages\/3316"}],"wp:attachment":[{"href":"https:\/\/univet.hu\/hu\/wp-json\/wp\/v2\/media?parent=13436"}],"wp:term":[{"taxonomy":"category","embeddable":true,"href":"https:\/\/univet.hu\/hu\/wp-json\/wp\/v2\/categories?post=13436"},{"taxonomy":"post_tag","embeddable":true,"href":"https:\/\/univet.hu\/hu\/wp-json\/wp\/v2\/tags?post=13436"}],"curies":[{"name":"wp","href":"https:\/\/api.w.org\/{rel}","templated":true}]}}