{"id":13445,"date":"2018-09-04T12:03:05","date_gmt":"2018-09-04T10:03:05","guid":{"rendered":"http:\/\/univet.hu\/egyetem\/szervezeti-egysegek\/elelmiszerhigieniai-tanszek\/kutatas\/"},"modified":"2023-07-24T16:47:12","modified_gmt":"2023-07-24T14:47:12","slug":"kutatas","status":"publish","type":"page","link":"https:\/\/univet.hu\/hu\/egyetem\/szervezeti-egysegek\/elelmiszerlanc-tudomanyi-intezet\/tanszekek\/elelmiszerhigieniai-tanszek\/kutatas\/","title":{"rendered":"Kutat\u00e1s"},"content":{"rendered":"<h2 class=\"entry-title\"><span style=\"font-size: 14pt;\">\u00c9lelmiszer-Mikrobiol\u00f3giai Kutat\u00f3csoport<\/span><\/h2> <p><strong><a href=\"https:\/\/univet.hu\/hu\/kutatas\/kutatocsoportok\/elelmiszer-mikrobiologiai-kutatocsoport\/\">https:\/\/univet.hu\/hu\/kutatas\/kutatocsoportok\/elelmiszer-mikrobiologiai-kutatocsoport\/<\/a><\/strong><\/p> <h2><\/h2> <h2 class=\"entry-title\"><span style=\"font-size: 14pt;\">\u00c9lelmiszer-Toxikol\u00f3giai Kutat\u00f3csoport<\/span><\/h2> <p><strong><a href=\"https:\/\/univet.hu\/hu\/kutatas\/kutatocsoportok\/elelmiszer-toxikologiai-kutatocsoport\/\">https:\/\/univet.hu\/hu\/kutatas\/kutatocsoportok\/elelmiszer-toxikologiai-kutatocsoport\/<\/a><\/strong><\/p>","protected":false},"excerpt":{"rendered":"<p>\u00c9lelmiszer-Mikrobiol\u00f3giai Kutat\u00f3csoport https:\/\/univet.hu\/hu\/kutatas\/kutatocsoportok\/elelmiszer-mikrobiologiai-kutatocsoport\/ \u00c9lelmiszer-Toxikol\u00f3giai Kutat\u00f3csoport https:\/\/univet.hu\/hu\/kutatas\/kutatocsoportok\/elelmiszer-toxikologiai-kutatocsoport\/<\/p>\n","protected":false},"author":3837,"featured_media":0,"parent":3319,"menu_order":0,"comment_status":"closed","ping_status":"closed","template":"page-templates\/page-staff.php","meta":{"_acf_changed":false,"footnotes":""},"categories":[],"tags":[],"class_list":["post-13445","page","type-page","status-publish","hentry"],"acf":[],"_links":{"self":[{"href":"https:\/\/univet.hu\/hu\/wp-json\/wp\/v2\/pages\/13445","targetHints":{"allow":["GET"]}}],"collection":[{"href":"https:\/\/univet.hu\/hu\/wp-json\/wp\/v2\/pages"}],"about":[{"href":"https:\/\/univet.hu\/hu\/wp-json\/wp\/v2\/types\/page"}],"author":[{"embeddable":true,"href":"https:\/\/univet.hu\/hu\/wp-json\/wp\/v2\/users\/3837"}],"replies":[{"embeddable":true,"href":"https:\/\/univet.hu\/hu\/wp-json\/wp\/v2\/comments?post=13445"}],"version-history":[{"count":0,"href":"https:\/\/univet.hu\/hu\/wp-json\/wp\/v2\/pages\/13445\/revisions"}],"up":[{"embeddable":true,"href":"https:\/\/univet.hu\/hu\/wp-json\/wp\/v2\/pages\/3319"}],"wp:attachment":[{"href":"https:\/\/univet.hu\/hu\/wp-json\/wp\/v2\/media?parent=13445"}],"wp:term":[{"taxonomy":"category","embeddable":true,"href":"https:\/\/univet.hu\/hu\/wp-json\/wp\/v2\/categories?post=13445"},{"taxonomy":"post_tag","embeddable":true,"href":"https:\/\/univet.hu\/hu\/wp-json\/wp\/v2\/tags?post=13445"}],"curies":[{"name":"wp","href":"https:\/\/api.w.org\/{rel}","templated":true}]}}