{"id":13531,"date":"2018-09-04T12:03:37","date_gmt":"2018-09-04T10:03:37","guid":{"rendered":"http:\/\/univet.hu\/egyetem\/szervezeti-egysegek\/hut%d3%b1ra-ferenc-konyvtar-leveltar-es-muzeum\/kutatas\/"},"modified":"2025-04-29T15:48:21","modified_gmt":"2025-04-29T13:48:21","slug":"kutatas","status":"publish","type":"page","link":"https:\/\/univet.hu\/hu\/egyetem\/szervezeti-egysegek\/hutyra-ferenc-konyvtar-leveltar-es-muzeum\/kutatas\/","title":{"rendered":"Kutat\u00e1s"},"content":{"rendered":"<p>A k\u00f6nyvt\u00e1r els\u0151sorban k\u00f6nyvt\u00e1ri illetve oktat\u00e1s- \u00e9s kutat\u00e1st\u00e1mogat\u00e1si feladatokat l\u00e1t el.<\/p> <p>Kutat\u00e1si tev\u00e9kenys\u00e9get csak kisebb m\u00e9rt\u00e9kben folytat.<\/p> <p>A k\u00f6nyvt\u00e1r munkat\u00e1rsainak publik\u00e1ci\u00f3i r\u00e9szben az <a href=\"https:\/\/m2.mtmt.hu\/gui2\/?type=institutes&amp;mode=browse&amp;sel=institutes20475\" target=\"_blank\" rel=\"noopener\">MTMT fel\u00fclet\u00e9n<\/a> \u00e9rhet\u0151k el.<\/p> <p>A 2024-ben megjelent k\u00f6zlem\u00e9nyek:<\/p> <ul> <li><span data-contrast=\"auto\">Bir\u00f3 Bettina: <\/span><i><span data-contrast=\"auto\">Innov\u00e1ci\u00f3 az inform\u00e1ci\u00f3k keres\u00e9s\u00e9ben: a searchRxiv bemutat\u00e1sa<\/span><\/i><span data-contrast=\"auto\">. Noctua (a Kamarai \u00c1llatorvos mell\u00e9kletek\u00e9nt) 28(4): 69.\u202f\u202f<\/span><span data-ccp-props=\"{&quot;335551550&quot;:6,&quot;335551620&quot;:6}\">\u00a0<\/span><\/li> <li><span data-contrast=\"auto\">Boz\u00f3 Bence P\u00e9ter: <\/span><i><span data-contrast=\"auto\">Az 1972\u20131973. \u00e9vi sz\u00e1j- \u00e9s k\u00f6r\u00f6mf\u00e1j\u00e1s j\u00e1rv\u00e1ny Magyarorsz\u00e1gon<\/span><\/i><span data-contrast=\"auto\">. Noctua (a Kamarai \u00c1llatorvos mell\u00e9klete) 28(3): 81\u201382.\u202f\u202f<\/span><span data-ccp-props=\"{&quot;335551550&quot;:6,&quot;335551620&quot;:6}\">\u00a0<\/span><\/li> <li><span data-contrast=\"auto\">Osv\u00e1th Emese: <\/span><i><span data-contrast=\"auto\">M\u00fazeumok \u00c9jszak\u00e1ja 2024<\/span><\/i><span data-contrast=\"auto\">. Noctua (a Kamarai \u00c1llatorvos mell\u00e9kletek\u00e9nt) 28(3): 80-81.<\/span><span data-ccp-props=\"{&quot;335551550&quot;:6,&quot;335551620&quot;:6}\">\u00a0<\/span><\/li> <li><span data-contrast=\"auto\">Osv\u00e1th Emese: <\/span><i><span data-contrast=\"auto\">Visszapillant\u00f3: Zoon\u00f3zisok a 20. sz\u00e1zad els\u0151 fel\u00e9ben<\/span><\/i><span data-contrast=\"auto\">. Noctua (a Kamarai \u00c1llatorvos mell\u00e9kletek\u00e9nt) 28(1): 73-74.<\/span><span data-ccp-props=\"{&quot;335551550&quot;:6,&quot;335551620&quot;:6}\">\u00a0<\/span><\/li> <li><span data-contrast=\"auto\">Winkler Bea: <\/span><i><span data-contrast=\"auto\">Mesters\u00e9ges intelligencia a publik\u00e1l\u00e1sban. 2. r\u00e9sz<\/span><\/i><span data-contrast=\"auto\">. Noctua (a Kamarai \u00c1llatorvos mell\u00e9kletek\u00e9nt) 28(1): 72-73.<\/span><span data-ccp-props=\"{&quot;335551550&quot;:6,&quot;335551620&quot;:6}\">\u00a0<\/span><\/li> <li><span data-contrast=\"auto\">Winkler Bea (2024) <\/span><i><span data-contrast=\"auto\">K\u00f6nyvt\u00e1r \u00e9s\/vagy mesters\u00e9ges intelligencia<\/span><\/i><span data-contrast=\"auto\">. Magyar Tudom\u00e1ny 185(10): 1299-1306. <\/span><a href=\"https:\/\/doi.org\/10.1556\/2065.185.2024.10.6\"><span data-contrast=\"none\">https:\/\/doi.org\/10.1556\/2065.185.2024.10.6<\/span><\/a><span data-ccp-props=\"{&quot;335551550&quot;:6,&quot;335551620&quot;:6,&quot;335559738&quot;:240}\">\u00a0<\/span><\/li> <\/ul> <p>A M\u00c1L impresszuma mellett 2024-ben megjelent r\u00f6vid k\u00f6zlem\u00e9nyek:<\/p> <ul> <li><span data-contrast=\"auto\">Boz\u00f3 Bence P\u00e9ter: <\/span><i><span data-contrast=\"auto\">A gyakorlati f\u00e9l\u00e9v bevezet\u00e9se az \u00c1llatorvosi F\u0151iskol\u00e1n<\/span><\/i><span data-contrast=\"auto\">. Magyar \u00c1llatorvosok Lapja 146(3): 130.\u202f<\/span><span data-ccp-props=\"{&quot;335551550&quot;:6,&quot;335551620&quot;:6}\">\u00a0<\/span><\/li> <li><span data-contrast=\"auto\">Boz\u00f3 Bence P\u00e9ter: <\/span><i><span data-contrast=\"auto\">Az \u00c1llatorvosi F\u0151iskola sz\u00fclet\u00e9se 1<\/span><\/i><span data-contrast=\"auto\">. Magyar \u00c1llatorvosok Lapja 146(6): 322.\u202f<\/span><span data-ccp-props=\"{&quot;335551550&quot;:6,&quot;335551620&quot;:6}\">\u00a0<\/span><\/li> <li><span data-contrast=\"auto\">Boz\u00f3 Bence P\u00e9ter: <\/span><i><span data-contrast=\"auto\">Az \u00c1llatorvosi F\u0151iskola sz\u00fclet\u00e9se 2<\/span><\/i><span data-contrast=\"auto\">. Magyar \u00c1llatorvosok Lapja 146(7): 386.\u202f<\/span><span data-ccp-props=\"{&quot;335551550&quot;:6,&quot;335551620&quot;:6}\">\u00a0<\/span><\/li> <li><span data-contrast=\"auto\">Boz\u00f3 Bence P\u00e9ter: <\/span><i><span data-contrast=\"auto\">Az \u00c1llatorvosi F\u0151iskola sz\u00fclet\u00e9se 3<\/span><\/i><span data-contrast=\"auto\">. Magyar \u00c1llatorvosok Lapja 146(8): 450.\u202f<\/span><span data-ccp-props=\"{&quot;335551550&quot;:6,&quot;335551620&quot;:6}\">\u00a0<\/span><\/li> <li><span data-contrast=\"auto\">Boz\u00f3 Bence P\u00e9ter: <\/span><i><span data-contrast=\"auto\">Az \u00c1llatorvosi F\u0151iskola sz\u00fclet\u00e9se 4<\/span><\/i><span data-contrast=\"auto\">. Magyar \u00c1llatorvosok Lapja 146(9): 514.\u202f<\/span><span data-ccp-props=\"{&quot;335551550&quot;:6,&quot;335551620&quot;:6}\">\u00a0<\/span><\/li> <li><span data-contrast=\"auto\">Osv\u00e1th Emese: <\/span><i><span data-contrast=\"auto\">Eml\u00e9kez\u00e9s dr. S\u00e1lyi Gyula professzorra sz\u00fclet\u00e9s\u00e9nek 121. \u00e9vfordul\u00f3j\u00e1n<\/span><\/i><span data-contrast=\"auto\">. Magyar \u00c1llatorvosok Lapja 146(2): 66.\u202f<\/span><span data-ccp-props=\"{&quot;335551550&quot;:6,&quot;335551620&quot;:6}\">\u00a0<\/span><\/li> <li><span data-contrast=\"auto\">Osv\u00e1th Emese: <\/span><i><span data-contrast=\"auto\">Az ebad\u00f3r\u00f3l<\/span><\/i><span data-contrast=\"auto\">. Magyar \u00c1llatorvosok Lapja 146(5): 258.\u202f<\/span><span data-ccp-props=\"{&quot;335551550&quot;:6,&quot;335551620&quot;:6}\">\u00a0<\/span><\/li> <li><span data-contrast=\"auto\">Osv\u00e1th Emese: <\/span><i><span data-contrast=\"auto\">Sz\u00fclet\u00e9s\u00e9nek 140. \u00e9vfordul\u00f3ja alkalm\u00e1b\u00f3l dr. Berr\u00e1r Mih\u00e1lyra eml\u00e9kez\u00fcnk<\/span><\/i><span data-contrast=\"auto\">. Magyar \u00c1llatorvosok Lapja 146(10): 578.\u202f<\/span><span data-ccp-props=\"{&quot;335551550&quot;:6,&quot;335551620&quot;:6}\">\u00a0<\/span><\/li> <li><span data-contrast=\"auto\">Osv\u00e1th Emese: <\/span><i><span data-contrast=\"auto\">Id\u00e9zz\u00fck fel a magyar \u00e1llatorvosk\u00e9pz\u00e9s 150. \u00e9vfordul\u00f3j\u00e1t!<\/span><\/i><span data-contrast=\"auto\"> Magyar \u00c1llatorvosok Lapja 146(12): 706.\u202f<\/span><span data-ccp-props=\"{&quot;335551550&quot;:6,&quot;335551620&quot;:6}\">\u00a0<\/span><\/li> <li><span data-contrast=\"auto\">Winkler Bea: <\/span><i><span data-contrast=\"auto\">Zlam\u00e1l Vilmos \u00e9s a barm\u00e1szat tudom\u00e1nya<\/span><\/i><span data-contrast=\"auto\">. Magyar \u00c1llatorvosok Lapja 146(1): 2.\u202f<\/span><span data-ccp-props=\"{&quot;335551550&quot;:6,&quot;335551620&quot;:6}\">\u00a0<\/span><\/li> <li><span data-contrast=\"auto\">Winkler Bea: <\/span><i><span data-contrast=\"auto\">Hirdet\u00e9sek a Veterinarius els\u0151 \u00e9veiben<\/span><\/i><span data-contrast=\"auto\">. Magyar \u00c1llatorvosok Lapja 146(4): 194.\u202f<\/span><span data-ccp-props=\"{&quot;335551550&quot;:6,&quot;335551620&quot;:6}\">\u00a0<\/span><\/li> <li><span data-contrast=\"auto\">Winkler Bea: <\/span><i><span data-contrast=\"auto\">Egy szaklap indul\u00e1s\u00e1hoz<\/span><\/i><span data-contrast=\"auto\">. Magyar \u00c1llatorvosok Lapja 146(11): 642.\u202f<\/span><span data-ccp-props=\"{&quot;335551550&quot;:6,&quot;335551620&quot;:6}\">\u00a0<\/span><\/li> <\/ul>","protected":false},"excerpt":{"rendered":"<p>A k\u00f6nyvt\u00e1r els\u0151sorban k\u00f6nyvt\u00e1ri illetve oktat\u00e1s- \u00e9s kutat\u00e1st\u00e1mogat\u00e1si feladatokat l\u00e1t el. Kutat\u00e1si tev\u00e9kenys\u00e9get csak kisebb m\u00e9rt\u00e9kben folytat. A k\u00f6nyvt\u00e1r munkat\u00e1rsainak publik\u00e1ci\u00f3i r\u00e9szben az MTMT fel\u00fclet\u00e9n \u00e9rhet\u0151k el. A 2024-ben megjelent k\u00f6zlem\u00e9nyek: Bir\u00f3 Bettina: Innov\u00e1ci\u00f3 az inform\u00e1ci\u00f3k keres\u00e9s\u00e9ben: a searchRxiv bemutat\u00e1sa. Noctua (a Kamarai \u00c1llatorvos mell\u00e9kletek\u00e9nt) 28(4): 69.\u202f\u202f\u00a0 Boz\u00f3 Bence P\u00e9ter: Az 1972\u20131973. \u00e9vi sz\u00e1j- \u00e9s<\/p>\n","protected":false},"author":3837,"featured_media":0,"parent":3337,"menu_order":0,"comment_status":"closed","ping_status":"closed","template":"","meta":{"_acf_changed":false,"footnotes":""},"categories":[],"tags":[],"class_list":["post-13531","page","type-page","status-publish","hentry"],"acf":[],"_links":{"self":[{"href":"https:\/\/univet.hu\/hu\/wp-json\/wp\/v2\/pages\/13531","targetHints":{"allow":["GET"]}}],"collection":[{"href":"https:\/\/univet.hu\/hu\/wp-json\/wp\/v2\/pages"}],"about":[{"href":"https:\/\/univet.hu\/hu\/wp-json\/wp\/v2\/types\/page"}],"author":[{"embeddable":true,"href":"https:\/\/univet.hu\/hu\/wp-json\/wp\/v2\/users\/3837"}],"replies":[{"embeddable":true,"href":"https:\/\/univet.hu\/hu\/wp-json\/wp\/v2\/comments?post=13531"}],"version-history":[{"count":4,"href":"https:\/\/univet.hu\/hu\/wp-json\/wp\/v2\/pages\/13531\/revisions"}],"predecessor-version":[{"id":181525,"href":"https:\/\/univet.hu\/hu\/wp-json\/wp\/v2\/pages\/13531\/revisions\/181525"}],"up":[{"embeddable":true,"href":"https:\/\/univet.hu\/hu\/wp-json\/wp\/v2\/pages\/3337"}],"wp:attachment":[{"href":"https:\/\/univet.hu\/hu\/wp-json\/wp\/v2\/media?parent=13531"}],"wp:term":[{"taxonomy":"category","embeddable":true,"href":"https:\/\/univet.hu\/hu\/wp-json\/wp\/v2\/categories?post=13531"},{"taxonomy":"post_tag","embeddable":true,"href":"https:\/\/univet.hu\/hu\/wp-json\/wp\/v2\/tags?post=13531"}],"curies":[{"name":"wp","href":"https:\/\/api.w.org\/{rel}","templated":true}]}}