{"id":13587,"date":"1970-01-01T01:00:00","date_gmt":"1970-01-01T00:00:00","guid":{"rendered":"http:\/\/univet.hu\/egyetem\/szervezeti-egysegek\/informatikai-osztaly\/office-365\/"},"modified":"2020-05-26T11:56:05","modified_gmt":"2020-05-26T09:56:05","slug":"office-365","status":"publish","type":"page","link":"https:\/\/univet.hu\/hu\/egyetem\/szervezeti-egysegek\/informatikai-osztaly\/office-365\/","title":{"rendered":"Office 365"},"content":{"rendered":"<p><strong>A\u00a0 levelez\u0151 rendszer (O365) webes fel\u00fclete a <a href=\"https:\/\/outlook.com\/univet.hu\">https:\/\/outlook.com\/univet.hu<\/a> c\u00edmr\u0151l \u00e9rhet\u0151 el.<\/strong><\/p> <p><strong>A jelsz\u00f3 az al\u00e1bbi helyen m\u00f3dos\u00edthat\u00f3: <a href=\"https:\/\/adfs.univet.hu\/adfs\/portal\/updatepassword\" data-replaced=\"true\">https:\/\/adfs.univet.hu\/adfs\/portal\/updatepassword<\/a><\/strong><\/p> <p><strong>A felhaszn\u00e1l\u00f3i \u00fatmutat\u00f3 <a href=\"https:\/\/univet.hu\/files\/subpages\/397\/files\/O365_Felhasznaloi%20kezikonyv_v0p2p3.pdf\" data-replaced=\"true\">let\u00f6lthet\u0151 innen<\/a>.<\/strong><\/p> <p>Ha b\u00e1rkinek \u00e9szrev\u00e9tele, k\u00e9rd\u00e9se lenne az \u00faj levelez\u0151 rendszerrel kapcsolatban, k\u00e9rem, k\u00fcldj\u00e9k el a <strong><a class=\"decrypt\" rel=\"juAvojwfu\/iv\" href=\"javascript:void(0);\">[Kattintson az emailc\u00edmhez]<\/a><\/strong>-ra, illetve h\u00edvj\u00e1k a <strong>8117<\/strong>-es mell\u00e9ket.<\/p> <p>Informatikai Oszt\u00e1ly<\/p>","protected":false},"excerpt":{"rendered":"<p>A\u00a0 levelez\u0151 rendszer (O365) webes fel\u00fclete a https:\/\/outlook.com\/univet.hu c\u00edmr\u0151l \u00e9rhet\u0151 el. A jelsz\u00f3 az al\u00e1bbi helyen m\u00f3dos\u00edthat\u00f3: https:\/\/adfs.univet.hu\/adfs\/portal\/updatepassword A felhaszn\u00e1l\u00f3i \u00fatmutat\u00f3 let\u00f6lthet\u0151 innen. Ha b\u00e1rkinek \u00e9szrev\u00e9tele, k\u00e9rd\u00e9se lenne az \u00faj levelez\u0151 rendszerrel kapcsolatban, k\u00e9rem, k\u00fcldj\u00e9k el a [Kattintson az emailc\u00edmhez]-ra, illetve h\u00edvj\u00e1k a 8117-es mell\u00e9ket. Informatikai Oszt\u00e1ly<\/p>\n","protected":false},"author":3837,"featured_media":0,"parent":3439,"menu_order":0,"comment_status":"closed","ping_status":"closed","template":"","meta":{"_acf_changed":false,"footnotes":""},"categories":[],"tags":[],"class_list":["post-13587","page","type-page","status-publish","hentry"],"acf":[],"_links":{"self":[{"href":"https:\/\/univet.hu\/hu\/wp-json\/wp\/v2\/pages\/13587","targetHints":{"allow":["GET"]}}],"collection":[{"href":"https:\/\/univet.hu\/hu\/wp-json\/wp\/v2\/pages"}],"about":[{"href":"https:\/\/univet.hu\/hu\/wp-json\/wp\/v2\/types\/page"}],"author":[{"embeddable":true,"href":"https:\/\/univet.hu\/hu\/wp-json\/wp\/v2\/users\/3837"}],"replies":[{"embeddable":true,"href":"https:\/\/univet.hu\/hu\/wp-json\/wp\/v2\/comments?post=13587"}],"version-history":[{"count":0,"href":"https:\/\/univet.hu\/hu\/wp-json\/wp\/v2\/pages\/13587\/revisions"}],"up":[{"embeddable":true,"href":"https:\/\/univet.hu\/hu\/wp-json\/wp\/v2\/pages\/3439"}],"wp:attachment":[{"href":"https:\/\/univet.hu\/hu\/wp-json\/wp\/v2\/media?parent=13587"}],"wp:term":[{"taxonomy":"category","embeddable":true,"href":"https:\/\/univet.hu\/hu\/wp-json\/wp\/v2\/categories?post=13587"},{"taxonomy":"post_tag","embeddable":true,"href":"https:\/\/univet.hu\/hu\/wp-json\/wp\/v2\/tags?post=13587"}],"curies":[{"name":"wp","href":"https:\/\/api.w.org\/{rel}","templated":true}]}}