{"id":13588,"date":"1970-01-01T01:00:00","date_gmt":"1970-01-01T00:00:00","guid":{"rendered":"http:\/\/univet.hu\/egyetem\/szervezeti-egysegek\/informatikai-osztaly\/office-365\/hallgatoi-levelezo-rendszer\/"},"modified":"2020-04-02T12:07:22","modified_gmt":"2020-04-02T10:07:22","slug":"hallgatoi-levelezo-rendszer","status":"publish","type":"page","link":"https:\/\/univet.hu\/hu\/egyetem\/szervezeti-egysegek\/informatikai-osztaly\/office-365\/hallgatoi-levelezo-rendszer\/","title":{"rendered":"Hallgat\u00f3i levelez\u0151 rendszer"},"content":{"rendered":"<p>&nbsp;<\/p> <ul> <li><strong>Hallgat\u00f3i levelez\u0151 rendszer:<\/strong><br \/> <strong>A\u00a0 levelez\u0151 rendszer (O365) webes fel\u00fclete a <a href=\"https:\/\/outlook.office.com\" data-replaced=\"true\">https:\/\/outlook.office.com<\/a> c\u00edmr\u0151l \u00e9rhet\u0151 el.<\/strong><br \/> <strong>A jelsz\u00f3 az al\u00e1bbi helyen m\u00f3dos\u00edthat\u00f3: <a href=\"https:\/\/adfs.univet.hu\/adfs\/portal\/updatepassword\" data-replaced=\"true\">https:\/\/adfs.univet.hu\/adfs\/portal\/updatepassword<\/a><\/strong><a href=\"https:\/\/outlook.office.com\" target=\"_blank\" rel=\"noopener\" data-replaced=\"true\/owa\"><strong>https:\/\/outlook.office.com&#8221; data-replaced=&#8221;true\/owa<\/strong><\/a>;<\/p> <p>Login:\u00a0\u00a0 Neptunk\u00f3<a class=\"decrypt\" rel=\"eAtuvefou\/vojwfu\/iv\" href=\"javascript:void(0);\">[Kattintson az emailc\u00edmhez]<\/a><br \/> jelsz\u00f3:\u00a0\u00a0\u00a0 Bd\u00c9\u00c9\u00c9\u00c9HHNN<br \/> <strong>bel\u00e9p\u00e9s p\u00e9ld\u00e1ul: <a class=\"decrypt\" rel=\"BCD234Atuvefou\/vojwfu\/iv\" href=\"javascript:void(0);\">[Kattintson az emailc\u00edmhez]<\/a><\/strong><br \/> <strong>jelsz\u00f3 p\u00e9ld\u00e1ul:Bd19950214<\/strong><\/li> <\/ul>","protected":false},"excerpt":{"rendered":"<p>&nbsp; Hallgat\u00f3i levelez\u0151 rendszer: A\u00a0 levelez\u0151 rendszer (O365) webes fel\u00fclete a https:\/\/outlook.office.com c\u00edmr\u0151l \u00e9rhet\u0151 el. A jelsz\u00f3 az al\u00e1bbi helyen m\u00f3dos\u00edthat\u00f3: https:\/\/adfs.univet.hu\/adfs\/portal\/updatepasswordhttps:\/\/outlook.office.com&#8221; data-replaced=&#8221;true\/owa; Login:\u00a0\u00a0 Neptunk\u00f3[Kattintson az emailc\u00edmhez] jelsz\u00f3:\u00a0\u00a0\u00a0 Bd\u00c9\u00c9\u00c9\u00c9HHNN bel\u00e9p\u00e9s p\u00e9ld\u00e1ul: [Kattintson az emailc\u00edmhez] jelsz\u00f3 p\u00e9ld\u00e1ul:Bd19950214<\/p>\n","protected":false},"author":3837,"featured_media":0,"parent":13587,"menu_order":0,"comment_status":"closed","ping_status":"closed","template":"","meta":{"_acf_changed":false,"footnotes":""},"categories":[],"tags":[],"class_list":["post-13588","page","type-page","status-publish","hentry"],"acf":[],"_links":{"self":[{"href":"https:\/\/univet.hu\/hu\/wp-json\/wp\/v2\/pages\/13588","targetHints":{"allow":["GET"]}}],"collection":[{"href":"https:\/\/univet.hu\/hu\/wp-json\/wp\/v2\/pages"}],"about":[{"href":"https:\/\/univet.hu\/hu\/wp-json\/wp\/v2\/types\/page"}],"author":[{"embeddable":true,"href":"https:\/\/univet.hu\/hu\/wp-json\/wp\/v2\/users\/3837"}],"replies":[{"embeddable":true,"href":"https:\/\/univet.hu\/hu\/wp-json\/wp\/v2\/comments?post=13588"}],"version-history":[{"count":0,"href":"https:\/\/univet.hu\/hu\/wp-json\/wp\/v2\/pages\/13588\/revisions"}],"up":[{"embeddable":true,"href":"https:\/\/univet.hu\/hu\/wp-json\/wp\/v2\/pages\/13587"}],"wp:attachment":[{"href":"https:\/\/univet.hu\/hu\/wp-json\/wp\/v2\/media?parent=13588"}],"wp:term":[{"taxonomy":"category","embeddable":true,"href":"https:\/\/univet.hu\/hu\/wp-json\/wp\/v2\/categories?post=13588"},{"taxonomy":"post_tag","embeddable":true,"href":"https:\/\/univet.hu\/hu\/wp-json\/wp\/v2\/tags?post=13588"}],"curies":[{"name":"wp","href":"https:\/\/api.w.org\/{rel}","templated":true}]}}