{"id":13653,"date":"2018-09-04T12:04:36","date_gmt":"2018-09-04T10:04:36","guid":{"rendered":"http:\/\/univet.hu\/egyetem\/szervezeti-egysegek\/korelettani-es-onkologiai-tanszek\/kutatas\/"},"modified":"2026-03-24T09:15:33","modified_gmt":"2026-03-24T08:15:33","slug":"kutatas","status":"publish","type":"page","link":"https:\/\/univet.hu\/hu\/egyetem\/szervezeti-egysegek\/korelettani-es-onkologiai-tanszek\/kutatas\/","title":{"rendered":"Kutat\u00e1s"},"content":{"rendered":"<p>K\u00f3r\u00e9lettani \u00e9s Onkol\u00f3giai Tansz\u00e9k kutat\u00e1si t\u00e9m\u00e1i 2023<\/p> <p>&nbsp;<\/p> <p>Kutya daganatok immunter\u00e1pi\u00e1ja\u00a0 T\u00e9mafelel\u0151s:\u00a0\u00a0\u00a0\u00a0 Dr. Vajdovich P\u00e9ter\u00a0\u00a0\u00a0\u00a0\u00a0 R\u00e9sztvev\u0151:\u00a0\u00a0\u00a0\u00a0\u00a0 Dr. Miskolczi Mil\u00e1n, Dr. M\u00e1rialigeti M\u00e1rton, Dr. Berta Anna\u00a0\u00a0\u00a0\u00a0 K\u00fcls\u0151 partner:\u00a0 R\u00e1kvakcina BVM Kft.<\/p> <p>Eml\u0151daganatos kuty\u00e1k kezel\u00e9si hat\u00e9konys\u00e1g\u00e1nak jav\u00edt\u00e1sa\u00a0\u00a0 T\u00e9mafelel\u0151s:\u00a0\u00a0\u00a0\u00a0 Dr. Vajdovich P\u00e9ter\u00a0\u00a0\u00a0\u00a0\u00a0 R\u00e9sztvev\u0151:\u00a0\u00a0\u00a0\u00a0\u00a0 Dr. Miskolczi Mil\u00e1n, Dr. M\u00e1rialigeti M\u00e1rton\u00a0\u00a0\u00a0\u00a0 K\u00fcls\u0151 partner:\u00a0 Boehringer Ingelheim<\/p> <p>Mastocytoma sz\u00f6vettani \u00e9s citol\u00f3giai vizsg\u00e1lat\u00e1nak \u00f6sszevet\u00e9se. Az AgNOR m\u00f3dszer alkalmaz\u00e1sa. A citol\u00f3giai vizsg\u00e1latok hat\u00e9konys\u00e1g\u00e1nak n\u00f6vel\u00e9se T\u00e9mafelel\u0151s:\u00a0\u00a0\u00a0\u00a0 Dr. Vajdovich P\u00e9ter\u00a0\u00a0\u00a0\u00a0\u00a0 R\u00e9sztvev\u0151:\u00a0\u00a0\u00a0\u00a0\u00a0 Dr. Berta Anna\u00a0 K\u00fcls\u0151 partner:\u00a0 \u00c1llatorvostudom\u00e1nyi Egyetem \u00e9s \u00c1HOK Kft<\/p> <p>Mastocytoma lehets\u00e9ges allergi\u00e1s h\u00e1tter\u0171 oktan\u00e1nak vizsg\u00e1lata sz\u00f6vettani \u00e9s klinikai vizsg\u00e1latokkal\u00a0\u00a0\u00a0\u00a0 T\u00e9mafelel\u0151s:\u00a0\u00a0\u00a0\u00a0 Dr. Vajdovich P\u00e9ter\u00a0\u00a0\u00a0\u00a0\u00a0 R\u00e9sztvev\u0151:\u00a0\u00a0\u00a0\u00a0\u00a0 Dr. Miskolczi Mil\u00e1n, Dr. M\u00e1rialigeti M\u00e1rton, Dr. Berta Anna\u00a0\u00a0\u00a0\u00a0 K\u00fcls\u0151 partner:\u00a0 \u00c1llatorvostudom\u00e1nyi Egyetem \u00e9s \u00c1HOK Kft<\/p> <p>Kuty\u00e1k mastocytom\u00e1j\u00e1nak kezel\u00e9si eredm\u00e9nyei a hipoallerg\u00e9n di\u00e9ta seg\u00edts\u00e9g\u00e9vel\u00a0\u00a0 T\u00e9mafelel\u0151s:\u00a0\u00a0\u00a0\u00a0 Dr. Vajdovich P\u00e9ter\u00a0\u00a0\u00a0\u00a0\u00a0 R\u00e9sztvev\u0151:\u00a0\u00a0\u00a0\u00a0\u00a0 Dr. Miskolczi Mil\u00e1n, Dr. M\u00e1rialigeti M\u00e1rton\u00a0\u00a0\u00a0\u00a0 K\u00fcls\u0151 partner:\u00a0 \u00c1llatorvostudom\u00e1nyi Egyetem \u00e9s \u00c1HOK Kft<\/p> <p>L\u00e9zeres v\u00e9rsejtsz\u00e1ml\u00e1l\u00f3 ADVIA system alkalmaz\u00e1sa a szeptikus gyullad\u00e1s diagnosztik\u00e1j\u00e1ban az MPX param\u00e9ter seg\u00edts\u00e9g\u00e9vel\u00a0 T\u00e9mafelel\u0151s:\u00a0\u00a0\u00a0\u00a0 Szab\u00f3 Bernadett R\u00e9sztvev\u0151: Dr. M\u00e1rialigeti M\u00e1rton, Dr. Berta Anna\u00a0\u00a0\u00a0\u00a0\u00a0\u00a0 K\u00fcls\u0151 partner:\u00a0 \u00c1llatorvostudom\u00e1nyi Egyetem \u00e9s \u00c1HOK Kft<\/p> <p>Mad\u00e1rv\u00e9rsejt sz\u00e1mol\u00e1s automatiz\u00e1l\u00e1sa \u00e9s valid\u00e1l\u00e1sa ADVIA 2120-as automat\u00e1val\u00a0\u00a0\u00a0 T\u00e9mafelel\u0151s:\u00a0\u00a0\u00a0\u00a0 Szab\u00f3 Bernadett R\u00e9sztvev\u0151: Dr. M\u00e1rialigeti M\u00e1rton, Dr. Berta Anna\u00a0\u00a0\u00a0\u00a0\u00a0\u00a0 K\u00fcls\u0151 partner:\u00a0 \u00c1llatorvostudom\u00e1nyi Egyetem \u00e9s \u00c1HOK Kft<\/p> <p>Kuty\u00e1k lymphom\u00e1j\u00e1nak vizsg\u00e1lata a sz\u00e9nhidr\u00e1tmetabolizmus (\u201cWartburg effect\u201d) \u00e9s a szabadgy\u00f6k reakci\u00f3k szempontj\u00e1b\u00f3l\u00a0\u00a0\u00a0\u00a0\u00a0\u00a0 T\u00e9mafelel\u0151s:\u00a0\u00a0\u00a0\u00a0 Dr. Jakus Judit R\u00e9sztvev\u0151:\u00a0\u00a0\u00a0\u00a0\u00a0 , Dr. Vajdovich P\u00e9ter\u00a0\u00a0 K\u00fcls\u0151 partner:\u00a0 \u00c1llatorvostudom\u00e1nyi Egyetem \u00e9s \u00c1HOK Kft<\/p> <p>Sz\u00e9rum amiloid A vizsg\u00e1lata kuty\u00e1kban \u00e9s macsk\u00e1kban\u00a0\u00a0\u00a0\u00a0 T\u00e9mafelel\u0151s: Dr. M\u00e1rialigeti M\u00e1rton\u00a0\u00a0\u00a0\u00a0\u00a0\u00a0\u00a0\u00a0\u00a0 R\u00e9sztvev\u0151:\u00a0\u00a0\u00a0\u00a0 Dr. Vajdovich P\u00e9ter, Szab\u00f3 Bernadett K\u00fcls\u0151 partner:\u00a0 \u00c1llatorvostudom\u00e1nyi Egyetem \u00e9s \u00c1HOK Kft<\/p> <p>D-dimer vizsg\u00e1lata kuty\u00e1kban\u00a0\u00a0\u00a0 T\u00e9mafelel\u0151s:\u00a0 macsk\u00e1kban\u00a0\u00a0\u00a0\u00a0 T\u00e9mafelel\u0151s: Dr. M\u00e1rialigeti M\u00e1rton\u00a0\u00a0\u00a0\u00a0\u00a0\u00a0\u00a0\u00a0\u00a0 R\u00e9sztvev\u0151:\u00a0\u00a0\u00a0\u00a0 Dr. Vajdovich P\u00e9ter, Szab\u00f3 Bernadett K\u00fcls\u0151 partner:\u00a0 \u00c1llatorvostudom\u00e1nyi Egyetem \u00e9s \u00c1HOK Kft<\/p> <p>Kuty\u00e1k solid tumorainak kezel\u00e9se elektrokemoter\u00e1pi\u00e1val\u00a0\u00a0\u00a0 T\u00e9mafelel\u0151s:\u00a0\u00a0\u00a0\u00a0 Dr. Vajdovich P\u00e9ter\u00a0\u00a0\u00a0\u00a0\u00a0 R\u00e9sztvev\u0151:\u00a0\u00a0\u00a0\u00a0\u00a0 Dr. Vajdovich P\u00e9ter, dr. Miskolczi Mil\u00e1n, dr. M\u00e1rialigeti M\u00e1rton\u00a0\u00a0\u00a0\u00a0\u00a0\u00a0\u00a0 K\u00fcls\u0151 partner:\u00a0 \u00c1llatorvostudom\u00e1nyi Egyetem \u00e9s \u00c1HOK Kft<\/p> <p>Sysmex CELLAVISION VET, XN-VET alkalmaz\u00e1sa az \u00e1llatok hematol\u00f3giai vizsg\u00e1lat\u00e1ra T\u00e9mafelel\u0151s:\u00a0\u00a0\u00a0\u00a0 Dr. Vajdovich P\u00e9ter\u00a0\u00a0\u00a0\u00a0\u00a0 R\u00e9sztvev\u0151:\u00a0\u00a0\u00a0\u00a0\u00a0 Dr. M\u00e1rialigeti M\u00e1rton, Szab\u00f3 Bernadett, P\u00e9ter Zsolt, Szab\u00f3 Orsolya\u00a0\u00a0\u00a0\u00a0 K\u00fcls\u0151 partner:\u00a0 \u00c1llatorvostudom\u00e1nyi Egyetem \u00e9s \u00c1HOK Kft.<\/p> <p><span style=\"font-size: small\"><span style=\"font-size: 12pt\">Kutat\u00e1si ter\u00fcleteink, amelyekhez v\u00e1rjuk szakdolgoz\u00f3, vagy TDK-ra jelentkez\u0151 hallgat\u00f3kat.<\/span><br \/> <span style=\"font-size: 12pt\">Kuty\u00e1k mastocytom\u00e1j\u00e1nak kezel\u00e9se elektrokemoter\u00e1pi\u00e1val<\/span><br \/> <span style=\"font-size: 12pt\">Kuty\u00e1k sarcom\u00e1j\u00e1nak kezel\u00e9se elektrokemoter\u00e1pi\u00e1val<\/span><br \/> <span style=\"font-size: 12pt\">Kuty\u00e1k solid daganatainak kezel\u00e9se mikrohull\u00e1m\u00fa abl\u00e1ci\u00f3val.<\/span><br \/> <span style=\"font-size: 12pt\">Babesia spp.-vel fert\u0151z\u00f6tt kuty\u00e1k v\u00e9rvizsg\u00e1lata \u00e1raml\u00e1si citometri\u00e1val.<\/span><br \/> <span style=\"font-size: 12pt\">Kuty\u00e1k mastocytom\u00e1j\u00e1nak vizsg\u00e1lata a klonalit\u00e1s szempontj\u00e1b\u00f3l.<\/span><br \/> <span style=\"font-size: 12pt\">Kuty\u00e1k mastocytom\u00e1j\u00e1nak vizsg\u00e1lata az Fc-epszilon receptorok expresszi\u00f3j\u00e1nak szempontj\u00e1b\u00f3l.<\/span><br \/> <span style=\"font-size: 12pt\">Kuty\u00e1k prostata carcinom\u00e1j\u00e1nak kezel\u00e9se celecoxib-bal \u00e9s lok\u00e1lis kemoter\u00e1pi\u00e1val.<\/span><br \/> <span style=\"font-size: 12pt\">Kuty\u00e1k daganataiban a bakt\u00e9riumok jelenl\u00e9t\u00e9nek vizsg\u00e1lata.<\/span><br \/> <span style=\"font-size: 12pt\">Macsk\u00e1k stressz-\u00e9rz\u00e9kenys\u00e9g\u00e9nek vizsg\u00e1lata \u00e9s a gabapentin hat\u00e1sa a stressz-\u00e1llapora.<\/span><br \/> <span style=\"font-size: 12pt\">A celecoxib hat\u00e1s\u00e1nak vizsg\u00e1lata kuty\u00e1k solid tumorainak kezel\u00e9s\u00e9ben.<\/span><br \/> <span style=\"font-size: 12pt\">Az elektokemoter\u00e1pia daganat-immunit\u00e1st modul\u00e1l\u00f3 hat\u00e1s\u00e1nak vizsg\u00e1lata.<\/span><br \/> <span style=\"font-size: 12pt\">A mikrohull\u00e1m\u00fa abl\u00e1ci\u00f3s technika daganat-immunit\u00e1st modul\u00e1l\u00f3 hat\u00e1s\u00e1nak vizsg\u00e1lata.<\/span><br \/> <span style=\"font-size: 12pt\">A celecoxib hat\u00e1s\u00e1nak vizsg\u00e1lata kuty\u00e1k B- \u00e9s T-sejtes lymphom\u00e1j\u00e1nak kezel\u00e9s\u00e9ben.<\/span><br \/> <span style=\"font-size: 12pt\">A v\u00e9r enzimatikusan \u00e9s a Jaff\u00e9-m\u00f3dszerrel m\u00e9rt kreatinin-, valamint az SDMA-koncentr\u00e1ci\u00f3j\u00e1nak vizsg\u00e1lata nagyobb sz\u00e1m\u00fa beteganyag eset\u00e9ben.<\/span><br \/> <span style=\"font-size: 12pt\">A madarak, a h\u00fcll\u0151k, a k\u00e9t\u00e9lt\u0171ek \u00e9s a halak v\u00e9rvizsg\u00e1lat\u00e1nak neh\u00e9zs\u00e9gei, valamint a v\u00e9rkenetek elemz\u00e9se k\u00fcl\u00f6nb\u00f6z\u0151 eg\u00e9szs\u00e9ges \u00e9s beteg egyedek vizsg\u00e1lata alapj\u00e1n.<\/span><br \/> <\/span><\/p>","protected":false},"excerpt":{"rendered":"<p>K\u00f3r\u00e9lettani \u00e9s Onkol\u00f3giai Tansz\u00e9k kutat\u00e1si t\u00e9m\u00e1i 2023 &nbsp; Kutya daganatok immunter\u00e1pi\u00e1ja\u00a0 T\u00e9mafelel\u0151s:\u00a0\u00a0\u00a0\u00a0 Dr. Vajdovich P\u00e9ter\u00a0\u00a0\u00a0\u00a0\u00a0 R\u00e9sztvev\u0151:\u00a0\u00a0\u00a0\u00a0\u00a0 Dr. Miskolczi Mil\u00e1n, Dr. M\u00e1rialigeti M\u00e1rton, Dr. Berta Anna\u00a0\u00a0\u00a0\u00a0 K\u00fcls\u0151 partner:\u00a0 R\u00e1kvakcina BVM Kft. Eml\u0151daganatos kuty\u00e1k kezel\u00e9si hat\u00e9konys\u00e1g\u00e1nak jav\u00edt\u00e1sa\u00a0\u00a0 T\u00e9mafelel\u0151s:\u00a0\u00a0\u00a0\u00a0 Dr. Vajdovich P\u00e9ter\u00a0\u00a0\u00a0\u00a0\u00a0 R\u00e9sztvev\u0151:\u00a0\u00a0\u00a0\u00a0\u00a0 Dr. Miskolczi Mil\u00e1n, Dr. M\u00e1rialigeti M\u00e1rton\u00a0\u00a0\u00a0\u00a0 K\u00fcls\u0151 partner:\u00a0 Boehringer Ingelheim Mastocytoma sz\u00f6vettani \u00e9s citol\u00f3giai vizsg\u00e1lat\u00e1nak<\/p>\n","protected":false},"author":3837,"featured_media":0,"parent":3355,"menu_order":0,"comment_status":"closed","ping_status":"closed","template":"","meta":{"_acf_changed":false,"footnotes":""},"categories":[],"tags":[],"class_list":["post-13653","page","type-page","status-publish","hentry"],"acf":[],"_links":{"self":[{"href":"https:\/\/univet.hu\/hu\/wp-json\/wp\/v2\/pages\/13653","targetHints":{"allow":["GET"]}}],"collection":[{"href":"https:\/\/univet.hu\/hu\/wp-json\/wp\/v2\/pages"}],"about":[{"href":"https:\/\/univet.hu\/hu\/wp-json\/wp\/v2\/types\/page"}],"author":[{"embeddable":true,"href":"https:\/\/univet.hu\/hu\/wp-json\/wp\/v2\/users\/3837"}],"replies":[{"embeddable":true,"href":"https:\/\/univet.hu\/hu\/wp-json\/wp\/v2\/comments?post=13653"}],"version-history":[{"count":2,"href":"https:\/\/univet.hu\/hu\/wp-json\/wp\/v2\/pages\/13653\/revisions"}],"predecessor-version":[{"id":203798,"href":"https:\/\/univet.hu\/hu\/wp-json\/wp\/v2\/pages\/13653\/revisions\/203798"}],"up":[{"embeddable":true,"href":"https:\/\/univet.hu\/hu\/wp-json\/wp\/v2\/pages\/3355"}],"wp:attachment":[{"href":"https:\/\/univet.hu\/hu\/wp-json\/wp\/v2\/media?parent=13653"}],"wp:term":[{"taxonomy":"category","embeddable":true,"href":"https:\/\/univet.hu\/hu\/wp-json\/wp\/v2\/categories?post=13653"},{"taxonomy":"post_tag","embeddable":true,"href":"https:\/\/univet.hu\/hu\/wp-json\/wp\/v2\/tags?post=13653"}],"curies":[{"name":"wp","href":"https:\/\/api.w.org\/{rel}","templated":true}]}}