{"id":13666,"date":"1970-01-01T01:00:00","date_gmt":"1970-01-01T00:00:00","guid":{"rendered":"http:\/\/univet.hu\/egyetem\/szervezeti-egysegek\/kozalkalmazotti-tanacs\/ulesek-jegyzokonyvei\/"},"modified":"2018-09-07T15:46:48","modified_gmt":"2018-09-07T13:46:48","slug":"ulesek-jegyzokonyvei","status":"publish","type":"page","link":"https:\/\/univet.hu\/hu\/egyetem\/szervezeti-egysegek\/ulesek-jegyzokonyvei\/","title":{"rendered":"\u00dcl\u00e9sek jegyz\u0151k\u00f6nyvei"},"content":{"rendered":"<p><a href=\"https:\/\/univet.hu\/files\/subpages\/395\/files\/jegyzokonyv_01_ules_jan_15_2018.pdf\" data-replaced=\"true\">https:\/\/univet.hu\/files\/subpages\/395\/files\/jegyzokonyv_01_ules_jan_15_2018.pdf<\/a><\/p> <p><a href=\"https:\/\/univet.hu\/files\/subpages\/395\/files\/jegyzokonyv_02_ules_apr_23_2018%282%29.pdf\" data-replaced=\"true\">https:\/\/univet.hu\/files\/subpages\/395\/files\/jegyzokonyv_02_ules_apr_23_2018%282%29.pdf<\/a><\/p>","protected":false},"excerpt":{"rendered":"<p>https:\/\/univet.hu\/files\/subpages\/395\/files\/jegyzokonyv_01_ules_jan_15_2018.pdf https:\/\/univet.hu\/files\/subpages\/395\/files\/jegyzokonyv_02_ules_apr_23_2018%282%29.pdf<\/p>\n","protected":false},"author":3837,"featured_media":0,"parent":861,"menu_order":0,"comment_status":"closed","ping_status":"closed","template":"","meta":{"_acf_changed":false,"footnotes":""},"categories":[],"tags":[],"class_list":["post-13666","page","type-page","status-publish","hentry"],"acf":[],"_links":{"self":[{"href":"https:\/\/univet.hu\/hu\/wp-json\/wp\/v2\/pages\/13666","targetHints":{"allow":["GET"]}}],"collection":[{"href":"https:\/\/univet.hu\/hu\/wp-json\/wp\/v2\/pages"}],"about":[{"href":"https:\/\/univet.hu\/hu\/wp-json\/wp\/v2\/types\/page"}],"author":[{"embeddable":true,"href":"https:\/\/univet.hu\/hu\/wp-json\/wp\/v2\/users\/3837"}],"replies":[{"embeddable":true,"href":"https:\/\/univet.hu\/hu\/wp-json\/wp\/v2\/comments?post=13666"}],"version-history":[{"count":0,"href":"https:\/\/univet.hu\/hu\/wp-json\/wp\/v2\/pages\/13666\/revisions"}],"up":[{"embeddable":true,"href":"https:\/\/univet.hu\/hu\/wp-json\/wp\/v2\/pages\/861"}],"wp:attachment":[{"href":"https:\/\/univet.hu\/hu\/wp-json\/wp\/v2\/media?parent=13666"}],"wp:term":[{"taxonomy":"category","embeddable":true,"href":"https:\/\/univet.hu\/hu\/wp-json\/wp\/v2\/categories?post=13666"},{"taxonomy":"post_tag","embeddable":true,"href":"https:\/\/univet.hu\/hu\/wp-json\/wp\/v2\/tags?post=13666"}],"curies":[{"name":"wp","href":"https:\/\/api.w.org\/{rel}","templated":true}]}}