{"id":13682,"date":"2018-09-04T12:04:48","date_gmt":"2018-09-04T10:04:48","guid":{"rendered":"http:\/\/univet.hu\/egyetem\/szervezeti-egysegek\/laborallattudomanyi-es-allatvedelmi-osztaly\/kutatas\/"},"modified":"2023-09-01T10:40:13","modified_gmt":"2023-09-01T08:40:13","slug":"kutatas","status":"publish","type":"page","link":"https:\/\/univet.hu\/hu\/egyetem\/szervezeti-egysegek\/allattenyesztesi-takarmanyozastani-es-laborallat-tudomanyi-tanszek\/laborallattudomanyi-es-allatvedelmi-tanszek\/kutatas\/","title":{"rendered":"Kutat\u00e1s"},"content":{"rendered":"<p>A Labor\u00e1llat-tudom\u00e1nyi \u00e9s \u00c1llatv\u00e9delmi Tansz\u00e9k els\u0151dleges kutat\u00e1si ter\u00fcletei az \u00e1llatv\u00e9delem, k\u00fcl\u00f6n\u00f6sen a szakmai \u00e1llatv\u00e9delem, az\u00a0\u00e1llatj\u00f3ll\u00e9t, \u00e9s a labor\u00e1llat-tudom\u00e1ny etikai \u00e9s \u00e1llatv\u00e9delmi, \u00e1llatj\u00f3ll\u00e9ti\u00a0vonatkoz\u00e1sai. Publik\u00e1ci\u00f3s tev\u00e9kenys\u00e9g\u00fcnkr\u0151l\u00a0<a href=\"https:\/\/univet.hu\/hu\/egyetem\/szervezeti-egysegek\/allattenyesztesi-takarmanyozastani-es-laborallat-tudomanyi-tanszek\/laborallattudomanyi-es-allatvedelmi-tanszek\/publikacios-lista\/\">ITT<\/a>, illetve a <a href=\"https:\/\/univet.hu\/hu\/egyetem\/szervezeti-egysegek\/allattenyesztesi-takarmanyozastani-es-laborallat-tudomanyi-tanszek\/laborallattudomanyi-es-allatvedelmi-tanszek\/tdk-es-szakdolgozatok\/\">kor\u00e1bbi szakdolgozatok\/TDK-munk\u00e1k<\/a>\u00a0\u00e1ttekint\u00e9s\u00e9vel t\u00e1j\u00e9koz\u00f3dhat. Az \u00e9ppen foly\u00f3 szakdolgozati \u00e9s TDK munk\u00e1k <a href=\"https:\/\/univet.hu\/hu\/egyetem\/szervezeti-egysegek\/allattenyesztesi-takarmanyozastani-es-laborallat-tudomanyi-tanszek\/laborallattudomanyi-es-allatvedelmi-tanszek\/valaszthato-tdk-szakdolgozat-temak\/\">ITT<\/a> tal\u00e1lhat\u00f3k.<\/p> <p>dr. Fodor Kinga<\/p> <ul> <li>labor\u00e1llat-tudom\u00e1ny<\/li> <li>kis\u00e1llat dietetika<\/li> <li>szakmai \u00e1llatv\u00e9delem<\/li> <\/ul> <p>dr. Kors\u00f3s Gabriella<\/p> <ul> <li>labor\u00e1llat-tudom\u00e1ny <ul> <li>3R<\/li> <li>bioetika<\/li> <li>etol\u00f3gia<\/li> <\/ul> <\/li> <li>labor\u00e1llat-j\u00f3ll\u00e9t <ul> <li>a k\u00f6rnyezetgazdag\u00edt\u00e1s szerepe \u00e9s lehet\u0151s\u00e9gei<\/li> <li>az akusztikus k\u00f6rnyezet hat\u00e1sa a labor\u00e1llatok j\u00f3ll\u00e9t\u00e9re<\/li> <\/ul> <\/li> <li>\u00e1llatv\u00e9delem<\/li> <\/ul> <p>dr. Kiss Annam\u00e1ria<\/p> <ul> <li>\u00e1llatv\u00e9delem <ul> <li>az \u00e1llatok f\u00e1jdalom\u00e9rzet\u00e9nek meg\u00edt\u00e9l\u00e9se<\/li> <li>\u00e1llatb\u00e1ntalmaz\u00e1sok megel\u0151z\u00e9se, az esetsz\u00e1m cs\u00f6kkent\u00e9s\u00e9re ir\u00e1nyul\u00f3 fejleszt\u00e9sek<\/li> <li>gazdas\u00e1gi haszon\u00e1llatok \u00e9s t\u00e1rs\u00e1llatok \u00e1llatj\u00f3ll\u00e9ti meg\u00edt\u00e9l\u00e9se<\/li> <\/ul> <\/li> <\/ul> <p>Bozs\u00f3 Dorottya<\/p> <ul> <li>\u00e1llatv\u00e9delem<\/li> <li>labor\u00e1llat-tudom\u00e1ny<\/li> <\/ul>","protected":false},"excerpt":{"rendered":"<p>A Labor\u00e1llat-tudom\u00e1nyi \u00e9s \u00c1llatv\u00e9delmi Tansz\u00e9k els\u0151dleges kutat\u00e1si ter\u00fcletei az \u00e1llatv\u00e9delem, k\u00fcl\u00f6n\u00f6sen a szakmai \u00e1llatv\u00e9delem, az\u00a0\u00e1llatj\u00f3ll\u00e9t, \u00e9s a labor\u00e1llat-tudom\u00e1ny etikai \u00e9s \u00e1llatv\u00e9delmi, \u00e1llatj\u00f3ll\u00e9ti\u00a0vonatkoz\u00e1sai. Publik\u00e1ci\u00f3s tev\u00e9kenys\u00e9g\u00fcnkr\u0151l\u00a0ITT, illetve a kor\u00e1bbi szakdolgozatok\/TDK-munk\u00e1k\u00a0\u00e1ttekint\u00e9s\u00e9vel t\u00e1j\u00e9koz\u00f3dhat. Az \u00e9ppen foly\u00f3 szakdolgozati \u00e9s TDK munk\u00e1k ITT tal\u00e1lhat\u00f3k. dr. Fodor Kinga labor\u00e1llat-tudom\u00e1ny kis\u00e1llat dietetika szakmai \u00e1llatv\u00e9delem dr. Kors\u00f3s Gabriella labor\u00e1llat-tudom\u00e1ny 3R bioetika etol\u00f3gia labor\u00e1llat-j\u00f3ll\u00e9t a<\/p>\n","protected":false},"author":3837,"featured_media":0,"parent":3358,"menu_order":0,"comment_status":"closed","ping_status":"closed","template":"page-templates\/page-staff.php","meta":{"_acf_changed":false,"footnotes":""},"categories":[],"tags":[],"class_list":["post-13682","page","type-page","status-publish","hentry"],"acf":[],"_links":{"self":[{"href":"https:\/\/univet.hu\/hu\/wp-json\/wp\/v2\/pages\/13682","targetHints":{"allow":["GET"]}}],"collection":[{"href":"https:\/\/univet.hu\/hu\/wp-json\/wp\/v2\/pages"}],"about":[{"href":"https:\/\/univet.hu\/hu\/wp-json\/wp\/v2\/types\/page"}],"author":[{"embeddable":true,"href":"https:\/\/univet.hu\/hu\/wp-json\/wp\/v2\/users\/3837"}],"replies":[{"embeddable":true,"href":"https:\/\/univet.hu\/hu\/wp-json\/wp\/v2\/comments?post=13682"}],"version-history":[{"count":0,"href":"https:\/\/univet.hu\/hu\/wp-json\/wp\/v2\/pages\/13682\/revisions"}],"up":[{"embeddable":true,"href":"https:\/\/univet.hu\/hu\/wp-json\/wp\/v2\/pages\/3358"}],"wp:attachment":[{"href":"https:\/\/univet.hu\/hu\/wp-json\/wp\/v2\/media?parent=13682"}],"wp:term":[{"taxonomy":"category","embeddable":true,"href":"https:\/\/univet.hu\/hu\/wp-json\/wp\/v2\/categories?post=13682"},{"taxonomy":"post_tag","embeddable":true,"href":"https:\/\/univet.hu\/hu\/wp-json\/wp\/v2\/tags?post=13682"}],"curies":[{"name":"wp","href":"https:\/\/api.w.org\/{rel}","templated":true}]}}