{"id":13692,"date":"2018-09-04T12:04:52","date_gmt":"2018-09-04T10:04:52","guid":{"rendered":"http:\/\/univet.hu\/egyetem\/szervezeti-egysegek\/logyogyaszati-tanszek-es-klinika\/kutatas\/"},"modified":"2025-03-20T09:40:33","modified_gmt":"2025-03-20T08:40:33","slug":"kutatas","status":"publish","type":"page","link":"https:\/\/univet.hu\/hu\/egyetem\/szervezeti-egysegek\/logyogyaszati-tanszek-es-klinika\/kutatas\/","title":{"rendered":"Kutat\u00e1s"},"content":{"rendered":"<p>K\u00e9rj\u00fck, hogy v\u00e1lasszon az al\u00e1bbi men\u00fcpontok k\u00f6z\u00fcl:<\/p> <ul> <li><a href=\"https:\/\/univet.hu\/hu\/klinikak\/loklinika\/kutatas\/sebeszet\/\" data-replaced=\"true\">Seb\u00e9szet \u00bb<\/a><\/li> <li><a href=\"https:\/\/univet.hu\/hu\/klinikak\/loklinika\/kutatas\/belgyogyaszat\/\" data-replaced=\"true\">Belgy\u00f3gy\u00e1szat \u00bb<\/a><\/li> <li><a href=\"https:\/\/univet.hu\/hu\/klinikak\/loklinika\/kutatas\/Ortopedia%20es%20kepalkoto%20diagnosztika\/\"><span data-olk-copy-source=\"MessageBody\">Ortop\u00e9dia \u00e9s k\u00e9palkot\u00f3 diagnosztika<\/span><\/a><\/li> <li><a href=\"https:\/\/univet.hu\/hu\/klinikak\/loklinika\/kutatas\/publikacios-lista\/\" data-replaced=\"true\">Publik\u00e1ci\u00f3s lista \u00bb<\/a><\/li> <\/ul>","protected":false},"excerpt":{"rendered":"<p>K\u00e9rj\u00fck, hogy v\u00e1lasszon az al\u00e1bbi men\u00fcpontok k\u00f6z\u00fcl: Seb\u00e9szet \u00bb Belgy\u00f3gy\u00e1szat \u00bb Ortop\u00e9dia \u00e9s k\u00e9palkot\u00f3 diagnosztika Publik\u00e1ci\u00f3s lista \u00bb<\/p>\n","protected":false},"author":3837,"featured_media":0,"parent":3361,"menu_order":0,"comment_status":"closed","ping_status":"closed","template":"","meta":{"_acf_changed":false,"footnotes":""},"categories":[],"tags":[],"class_list":["post-13692","page","type-page","status-publish","hentry"],"acf":[],"_links":{"self":[{"href":"https:\/\/univet.hu\/hu\/wp-json\/wp\/v2\/pages\/13692","targetHints":{"allow":["GET"]}}],"collection":[{"href":"https:\/\/univet.hu\/hu\/wp-json\/wp\/v2\/pages"}],"about":[{"href":"https:\/\/univet.hu\/hu\/wp-json\/wp\/v2\/types\/page"}],"author":[{"embeddable":true,"href":"https:\/\/univet.hu\/hu\/wp-json\/wp\/v2\/users\/3837"}],"replies":[{"embeddable":true,"href":"https:\/\/univet.hu\/hu\/wp-json\/wp\/v2\/comments?post=13692"}],"version-history":[{"count":1,"href":"https:\/\/univet.hu\/hu\/wp-json\/wp\/v2\/pages\/13692\/revisions"}],"predecessor-version":[{"id":177325,"href":"https:\/\/univet.hu\/hu\/wp-json\/wp\/v2\/pages\/13692\/revisions\/177325"}],"up":[{"embeddable":true,"href":"https:\/\/univet.hu\/hu\/wp-json\/wp\/v2\/pages\/3361"}],"wp:attachment":[{"href":"https:\/\/univet.hu\/hu\/wp-json\/wp\/v2\/media?parent=13692"}],"wp:term":[{"taxonomy":"category","embeddable":true,"href":"https:\/\/univet.hu\/hu\/wp-json\/wp\/v2\/categories?post=13692"},{"taxonomy":"post_tag","embeddable":true,"href":"https:\/\/univet.hu\/hu\/wp-json\/wp\/v2\/tags?post=13692"}],"curies":[{"name":"wp","href":"https:\/\/api.w.org\/{rel}","templated":true}]}}