{"id":1375,"date":"2018-02-27T09:19:10","date_gmt":"2018-02-27T08:19:10","guid":{"rendered":"http:\/\/univet.hu\/?page_id=1375"},"modified":"2023-05-25T13:27:24","modified_gmt":"2023-05-25T11:27:24","slug":"kapcsolat","status":"publish","type":"page","link":"https:\/\/univet.hu\/hu\/kapcsolat\/","title":{"rendered":"Kapcsolat"},"content":{"rendered":"<h3>Az egyetem sz\u00e9khelye<\/h3> <p>1078 Budapest, Istv\u00e1n utca. 2.<\/p> <h3>Postac\u00edm<\/h3> <p>1400 Budapest, Pf. 2.<\/p> <h3>Telefonsz\u00e1m<\/h3> <p>(1) 478-4100<\/p> <h3>E-mail c\u00edm<\/h3> <p>E-mail c\u00edmek keres\u00e9s\u00e9hez, k\u00e9rj\u00fck, haszn\u00e1lja a\u00a0<a title=\"Munkatarsak\" href=\"https:\/\/univet.hu\/hu\/egyetem\/munkatarsak\" data-replaced=\"true\">Munkat\u00e1rsak<\/a>\u00a0men\u00fcpontot. A koll\u00e9ga nev\u00e9re kattintva annak honlapj\u00e1ra jut, ahol megtal\u00e1lja a keresett szem\u00e9ly c\u00edmet \u00e9s tov\u00e1bbi el\u00e9rhet\u0151s\u00e9geit.<\/p> <p><strong>Klinik\u00e1k el\u00e9rhet\u0151s\u00e9gei<\/strong> &gt; <a class=\"\u201cnoreplace\u201d\" href=\"https:\/\/univet.hu\/hu\/klinikak\/\" data-replaced=\"true\" target=\"_blank\" rel=\"noopener\">Link<\/a><\/p> <p><strong>Tanulm\u00e1nyi \u00fcgyekben<\/strong>: <a href=\"mailto:csapo.timea[PUT_AT_HERE]univet.hu\" data-replaced=\"true\">csapo.timea[PUT_AT_HERE]univet.hu<\/a><\/p> <p><strong>P\u00e9nz\u00fcgyekkel kapcsolatos \u00fcgyekben<\/strong>: <a href=\"mailto:penzugy[PUT_AT_HERE]univet.hu\" data-replaced=\"true\">penzugy[PUT_AT_HERE]univet.hu<\/a><\/p> <p><strong>Hivatalos \u00fcgyekben<\/strong>: <a href=\"mailto:rektor[PUT_AT_HERE]univet.hu\" data-replaced=\"true\">rektor[PUT_AT_HERE]univet.hu<\/a><\/p> <p><strong>Egy\u00e9b \u00fcgyekben<\/strong>:\u00a0<a href=\"mailto:info[PUT_AT_HERE]univet.hu\" data-replaced=\"true\">info[PUT_AT_HERE]univet.hu<\/a><\/p>","protected":false},"excerpt":{"rendered":"<p>Az egyetem sz\u00e9khelye 1078 Budapest, Istv\u00e1n utca. 2. Postac\u00edm 1400 Budapest, Pf. 2. Telefonsz\u00e1m (1) 478-4100 E-mail c\u00edm E-mail c\u00edmek keres\u00e9s\u00e9hez, k\u00e9rj\u00fck, haszn\u00e1lja a\u00a0Munkat\u00e1rsak\u00a0men\u00fcpontot. A koll\u00e9ga nev\u00e9re kattintva annak honlapj\u00e1ra jut, ahol megtal\u00e1lja a keresett szem\u00e9ly c\u00edmet \u00e9s tov\u00e1bbi el\u00e9rhet\u0151s\u00e9geit. Klinik\u00e1k el\u00e9rhet\u0151s\u00e9gei &gt; Link Tanulm\u00e1nyi \u00fcgyekben: csapo.timea[PUT_AT_HERE]univet.hu P\u00e9nz\u00fcgyekkel kapcsolatos \u00fcgyekben: penzugy[PUT_AT_HERE]univet.hu Hivatalos \u00fcgyekben: rektor[PUT_AT_HERE]univet.hu Egy\u00e9b<\/p>\n","protected":false},"author":1,"featured_media":0,"parent":0,"menu_order":244,"comment_status":"closed","ping_status":"closed","template":"","meta":{"_acf_changed":false,"footnotes":""},"categories":[],"tags":[],"class_list":["post-1375","page","type-page","status-publish","hentry"],"acf":[],"_links":{"self":[{"href":"https:\/\/univet.hu\/hu\/wp-json\/wp\/v2\/pages\/1375","targetHints":{"allow":["GET"]}}],"collection":[{"href":"https:\/\/univet.hu\/hu\/wp-json\/wp\/v2\/pages"}],"about":[{"href":"https:\/\/univet.hu\/hu\/wp-json\/wp\/v2\/types\/page"}],"author":[{"embeddable":true,"href":"https:\/\/univet.hu\/hu\/wp-json\/wp\/v2\/users\/1"}],"replies":[{"embeddable":true,"href":"https:\/\/univet.hu\/hu\/wp-json\/wp\/v2\/comments?post=1375"}],"version-history":[{"count":0,"href":"https:\/\/univet.hu\/hu\/wp-json\/wp\/v2\/pages\/1375\/revisions"}],"wp:attachment":[{"href":"https:\/\/univet.hu\/hu\/wp-json\/wp\/v2\/media?parent=1375"}],"wp:term":[{"taxonomy":"category","embeddable":true,"href":"https:\/\/univet.hu\/hu\/wp-json\/wp\/v2\/categories?post=1375"},{"taxonomy":"post_tag","embeddable":true,"href":"https:\/\/univet.hu\/hu\/wp-json\/wp\/v2\/tags?post=1375"}],"curies":[{"name":"wp","href":"https:\/\/api.w.org\/{rel}","templated":true}]}}