{"id":13764,"date":"1970-01-01T01:00:00","date_gmt":"1970-01-01T00:00:00","guid":{"rendered":"http:\/\/univet.hu\/egyetem\/szervezeti-egysegek\/palyazati-osztaly\/palyazati-adatlap\/"},"modified":"2026-03-20T09:03:28","modified_gmt":"2026-03-20T08:03:28","slug":"palyazati-adatlap","status":"publish","type":"page","link":"https:\/\/univet.hu\/hu\/egyetem\/szervezeti-egysegek\/penzugyi-kontrolling-palyazati-osztaly\/palyazati-adatlap\/","title":{"rendered":"P\u00e1ly\u00e1zati adatlap"},"content":{"rendered":"<p><a href=\"https:\/\/univet.hu\/hu\/egyetem\/szervezeti-egysegek\/penzugyi-kontrolling-palyazati-osztaly\/palyazati-adatlap\/palyazatindito_lap_2026\/\" rel=\"attachment wp-att-203346\">P\u00e1ly\u00e1zatind\u00edt\u00f3<\/a><a href=\"https:\/\/univet.hu\/hu\/egyetem\/szervezeti-egysegek\/penzugyi-kontrolling-palyazati-osztaly\/palyazati-adatlap\/palyazatindito_lap_2026\/\" rel=\"attachment wp-att-203346\"> adatlap<\/a><\/p>","protected":false},"excerpt":{"rendered":"<p>P\u00e1ly\u00e1zatind\u00edt\u00f3 adatlap<\/p>\n","protected":false},"author":3837,"featured_media":0,"parent":3463,"menu_order":0,"comment_status":"closed","ping_status":"closed","template":"","meta":{"_acf_changed":false,"footnotes":""},"categories":[],"tags":[],"class_list":["post-13764","page","type-page","status-publish","hentry"],"acf":[],"_links":{"self":[{"href":"https:\/\/univet.hu\/hu\/wp-json\/wp\/v2\/pages\/13764","targetHints":{"allow":["GET"]}}],"collection":[{"href":"https:\/\/univet.hu\/hu\/wp-json\/wp\/v2\/pages"}],"about":[{"href":"https:\/\/univet.hu\/hu\/wp-json\/wp\/v2\/types\/page"}],"author":[{"embeddable":true,"href":"https:\/\/univet.hu\/hu\/wp-json\/wp\/v2\/users\/3837"}],"replies":[{"embeddable":true,"href":"https:\/\/univet.hu\/hu\/wp-json\/wp\/v2\/comments?post=13764"}],"version-history":[{"count":2,"href":"https:\/\/univet.hu\/hu\/wp-json\/wp\/v2\/pages\/13764\/revisions"}],"predecessor-version":[{"id":203351,"href":"https:\/\/univet.hu\/hu\/wp-json\/wp\/v2\/pages\/13764\/revisions\/203351"}],"up":[{"embeddable":true,"href":"https:\/\/univet.hu\/hu\/wp-json\/wp\/v2\/pages\/3463"}],"wp:attachment":[{"href":"https:\/\/univet.hu\/hu\/wp-json\/wp\/v2\/media?parent=13764"}],"wp:term":[{"taxonomy":"category","embeddable":true,"href":"https:\/\/univet.hu\/hu\/wp-json\/wp\/v2\/categories?post=13764"},{"taxonomy":"post_tag","embeddable":true,"href":"https:\/\/univet.hu\/hu\/wp-json\/wp\/v2\/tags?post=13764"}],"curies":[{"name":"wp","href":"https:\/\/api.w.org\/{rel}","templated":true}]}}