{"id":13778,"date":"2018-09-04T12:05:29","date_gmt":"2018-09-04T10:05:29","guid":{"rendered":"http:\/\/univet.hu\/egyetem\/szervezeti-egysegek\/patologiai-tanszek\/kurzusok\/"},"modified":"2023-09-08T23:56:08","modified_gmt":"2023-09-08T21:56:08","slug":"kurzusok","status":"publish","type":"page","link":"https:\/\/univet.hu\/hu\/egyetem\/szervezeti-egysegek\/patologiai-tanszek\/kurzusok\/","title":{"rendered":"Kurzusok"},"content":{"rendered":"<p>Minden kurzusn\u00e1l az aktu\u00e1lis inform\u00e1ci\u00f3, tematika, gyakorlati beoszt\u00e1s, vizsgainform\u00e1ci\u00f3 \u00e9s minden felt\u00f6lt\u00f6tt el\u0151ad\u00e1s \u00e9s gyakorlati anyag, beugr\u00f3 teszt <strong>a kurzus Moodle fel\u00fclet\u00e9n<\/strong> tal\u00e1lhat\u00f3! A honlapon tal\u00e1lhat\u00f3 alapadatok t\u00e1j\u00e9koztat\u00f3 jelleg\u0171ek.<\/p>","protected":false},"excerpt":{"rendered":"<p>Minden kurzusn\u00e1l az aktu\u00e1lis inform\u00e1ci\u00f3, tematika, gyakorlati beoszt\u00e1s, vizsgainform\u00e1ci\u00f3 \u00e9s minden felt\u00f6lt\u00f6tt el\u0151ad\u00e1s \u00e9s gyakorlati anyag, beugr\u00f3 teszt a kurzus Moodle fel\u00fclet\u00e9n tal\u00e1lhat\u00f3! A honlapon tal\u00e1lhat\u00f3 alapadatok t\u00e1j\u00e9koztat\u00f3 jelleg\u0171ek.<\/p>\n","protected":false},"author":3837,"featured_media":0,"parent":3374,"menu_order":0,"comment_status":"closed","ping_status":"closed","template":"page-templates\/page-staff.php","meta":{"_acf_changed":false,"footnotes":""},"categories":[],"tags":[],"class_list":["post-13778","page","type-page","status-publish","hentry"],"acf":[],"_links":{"self":[{"href":"https:\/\/univet.hu\/hu\/wp-json\/wp\/v2\/pages\/13778","targetHints":{"allow":["GET"]}}],"collection":[{"href":"https:\/\/univet.hu\/hu\/wp-json\/wp\/v2\/pages"}],"about":[{"href":"https:\/\/univet.hu\/hu\/wp-json\/wp\/v2\/types\/page"}],"author":[{"embeddable":true,"href":"https:\/\/univet.hu\/hu\/wp-json\/wp\/v2\/users\/3837"}],"replies":[{"embeddable":true,"href":"https:\/\/univet.hu\/hu\/wp-json\/wp\/v2\/comments?post=13778"}],"version-history":[{"count":0,"href":"https:\/\/univet.hu\/hu\/wp-json\/wp\/v2\/pages\/13778\/revisions"}],"up":[{"embeddable":true,"href":"https:\/\/univet.hu\/hu\/wp-json\/wp\/v2\/pages\/3374"}],"wp:attachment":[{"href":"https:\/\/univet.hu\/hu\/wp-json\/wp\/v2\/media?parent=13778"}],"wp:term":[{"taxonomy":"category","embeddable":true,"href":"https:\/\/univet.hu\/hu\/wp-json\/wp\/v2\/categories?post=13778"},{"taxonomy":"post_tag","embeddable":true,"href":"https:\/\/univet.hu\/hu\/wp-json\/wp\/v2\/tags?post=13778"}],"curies":[{"name":"wp","href":"https:\/\/api.w.org\/{rel}","templated":true}]}}