{"id":13781,"date":"2018-09-04T12:05:31","date_gmt":"2018-09-04T10:05:31","guid":{"rendered":"http:\/\/univet.hu\/egyetem\/szervezeti-egysegek\/patologiai-tanszek\/kutatas\/"},"modified":"2026-03-19T08:59:30","modified_gmt":"2026-03-19T07:59:30","slug":"kutatas","status":"publish","type":"page","link":"https:\/\/univet.hu\/hu\/egyetem\/szervezeti-egysegek\/patologiai-tanszek\/kutatas\/","title":{"rendered":"Kutat\u00e1s"},"content":{"rendered":"<p>Tansz\u00e9k\u00fcnk kiemelt hangs\u00falyt fektet a kutat\u00e1si tev\u00e9kenys\u00e9gek v\u00e9gz\u00e9s\u00e9re. Jelenleg az al\u00e1bbi t\u00e9m\u00e1kban zajlanak vizsg\u00e1latok:<\/p> <ul> <li data-leveltext=\"\uf0b7\" data-font=\"Symbol\" data-listid=\"1\" data-list-defn-props=\"{&quot;335552541&quot;:1,&quot;335559685&quot;:720,&quot;335559991&quot;:360,&quot;469769226&quot;:&quot;Symbol&quot;,&quot;469769242&quot;:[8226],&quot;469777803&quot;:&quot;left&quot;,&quot;469777804&quot;:&quot;\uf0b7&quot;,&quot;469777815&quot;:&quot;hybridMultilevel&quot;}\" data-aria-posinset=\"1\" data-aria-level=\"1\"><span data-contrast=\"auto\">Magyarorsz\u00e1gi denev\u00e9rek \u00fcr\u00fcl\u00e9k\u00e9nek vizsg\u00e1lata flaviv\u00edrusok \u00e9s pestiv\u00edrusok jelenl\u00e9t\u00e9re (Dr. D\u00e9nes Lilla)<\/span><span data-ccp-props=\"{&quot;201341983&quot;:0,&quot;335559739&quot;:160,&quot;335559740&quot;:360}\">\u00a0<\/span><\/li> <li data-leveltext=\"\uf0b7\" data-font=\"Symbol\" data-listid=\"1\" data-list-defn-props=\"{&quot;335552541&quot;:1,&quot;335559685&quot;:720,&quot;335559991&quot;:360,&quot;469769226&quot;:&quot;Symbol&quot;,&quot;469769242&quot;:[8226],&quot;469777803&quot;:&quot;left&quot;,&quot;469777804&quot;:&quot;\uf0b7&quot;,&quot;469777815&quot;:&quot;hybridMultilevel&quot;}\" data-aria-posinset=\"2\" data-aria-level=\"1\"><span data-contrast=\"auto\">A sert\u00e9s b\u00e9ls\u00e1rmikrobiom-\u00f6sszet\u00e9tel\u00e9nek molekul\u00e1ris vizsg\u00e1lata a rotav\u00edrusok jelenl\u00e9t\u00e9nek \u00e9s genetikai variabilit\u00e1s\u00e1nak t\u00fckr\u00e9ben (Dr. D\u00e9nes Lilla, Dr. Igriczi Barbara)<\/span><span data-ccp-props=\"{&quot;201341983&quot;:0,&quot;335559739&quot;:160,&quot;335559740&quot;:360}\">\u00a0<\/span><\/li> <li data-leveltext=\"\uf0b7\" data-font=\"Symbol\" data-listid=\"1\" data-list-defn-props=\"{&quot;335552541&quot;:1,&quot;335559685&quot;:720,&quot;335559991&quot;:360,&quot;469769226&quot;:&quot;Symbol&quot;,&quot;469769242&quot;:[8226],&quot;469777803&quot;:&quot;left&quot;,&quot;469777804&quot;:&quot;\uf0b7&quot;,&quot;469777815&quot;:&quot;hybridMultilevel&quot;}\" data-aria-posinset=\"3\" data-aria-level=\"1\"><span data-contrast=\"auto\">A nukle\u00e1ris faktor-kappa B (NF-kB) jelenl\u00e9t\u00e9nek \u00e9s szerep\u00e9nek vizsg\u00e1lata hisztopatol\u00f3giai \u00e9s molekul\u00e1ris biol\u00f3giai m\u00f3dszerekkel macsk\u00e1k egyes daganataiban (Dr. Szilasi Anna)<\/span><span data-ccp-props=\"{&quot;201341983&quot;:0,&quot;335559739&quot;:160,&quot;335559740&quot;:360}\">\u00a0<\/span><\/li> <li data-leveltext=\"\uf0b7\" data-font=\"Symbol\" data-listid=\"1\" data-list-defn-props=\"{&quot;335552541&quot;:1,&quot;335559685&quot;:720,&quot;335559991&quot;:360,&quot;469769226&quot;:&quot;Symbol&quot;,&quot;469769242&quot;:[8226],&quot;469777803&quot;:&quot;left&quot;,&quot;469777804&quot;:&quot;\uf0b7&quot;,&quot;469777815&quot;:&quot;hybridMultilevel&quot;}\" data-aria-posinset=\"4\" data-aria-level=\"1\"><span data-contrast=\"auto\">\u201cEmerging pathogens\u201d vizsg\u00e1lata macsk\u00e1k sz\u00f6vetein (Dr. Szilasi Anna)<\/span><\/li> <li data-leveltext=\"\uf0b7\" data-font=\"Symbol\" data-listid=\"1\" data-list-defn-props=\"{&quot;335552541&quot;:1,&quot;335559685&quot;:720,&quot;335559991&quot;:360,&quot;469769226&quot;:&quot;Symbol&quot;,&quot;469769242&quot;:[8226],&quot;469777803&quot;:&quot;left&quot;,&quot;469777804&quot;:&quot;\uf0b7&quot;,&quot;469777815&quot;:&quot;hybridMultilevel&quot;}\" data-aria-posinset=\"4\" data-aria-level=\"1\">Macsk\u00e1k b\u00e9lgyullad\u00e1s\u00e1nak \u00e9s low grade aliment\u00e1ris lymphom\u00e1j\u00e1nak elk\u00fcl\u00f6n\u00edt\u00e9se molekul\u00e1ris biol\u00f3giai m\u00f3dszerekkel (PARR) <span data-contrast=\"auto\">(Dr. Szilasi Anna)<\/span><\/li> <li data-leveltext=\"\uf0b7\" data-font=\"Symbol\" data-listid=\"1\" data-list-defn-props=\"{&quot;335552541&quot;:1,&quot;335559685&quot;:720,&quot;335559991&quot;:360,&quot;469769226&quot;:&quot;Symbol&quot;,&quot;469769242&quot;:[8226],&quot;469777803&quot;:&quot;left&quot;,&quot;469777804&quot;:&quot;\uf0b7&quot;,&quot;469777815&quot;:&quot;hybridMultilevel&quot;}\" data-aria-posinset=\"4\" data-aria-level=\"1\">Kutya vesebiopszia mint\u00e1k k\u00f3rsz\u00f6vettani \u00e9s elektronmikroszk\u00f3pos vizsg\u00e1lata <span data-contrast=\"auto\">(Dr. Szilasi Anna)<\/span><\/li> <li data-leveltext=\"\uf0b7\" data-font=\"Symbol\" data-listid=\"1\" data-list-defn-props=\"{&quot;335552541&quot;:1,&quot;335559685&quot;:720,&quot;335559991&quot;:360,&quot;469769226&quot;:&quot;Symbol&quot;,&quot;469769242&quot;:[8226],&quot;469777803&quot;:&quot;left&quot;,&quot;469777804&quot;:&quot;\uf0b7&quot;,&quot;469777815&quot;:&quot;hybridMultilevel&quot;}\" data-aria-posinset=\"4\" data-aria-level=\"1\"><span class=\"TextRun SCXW113580048 BCX0\" lang=\"HU-HU\" xml:lang=\"HU-HU\" data-contrast=\"auto\"><span class=\"NormalTextRun SCXW113580048 BCX0\">Az \u00e1tolthat\u00f3 (v\u00edrusos) mirigyesgyomor-gyullad\u00e1s vizsg\u00e1lata hazai mint\u00e1kon<\/span><\/span><span class=\"EOP SCXW113580048 BCX0\" data-ccp-props=\"{&quot;201341983&quot;:0,&quot;335559739&quot;:160,&quot;335559740&quot;:360}\"><span class=\"EOP SCXW113580048 BCX0\" data-ccp-props=\"{&quot;201341983&quot;:0,&quot;335559739&quot;:160,&quot;335559740&quot;:360}\">\u00a0(Dr. Dobra P\u00e9ter)<\/span><\/span><\/li> <li><span class=\"NormalTextRun SpellingErrorV2Themed SCXW8975263 BCX0\">Sert\u00e9scirco<\/span><span class=\"NormalTextRun SCXW8975263 BCX0\">&#8211; \u00e9s <\/span><span class=\"NormalTextRun SpellingErrorV2Themed SCXW8975263 BCX0\">parvov\u00edrusok<\/span><span class=\"NormalTextRun SCXW8975263 BCX0\"><span class=\"NormalTextRun SCXW8975263 BCX0\"> fert\u0151z\u00e9sdinamikai \u00e9s \u00f6sszehasonl\u00edt\u00f3 genetikai vizsg\u00e1lata nagyl\u00e9tsz\u00e1m\u00fa sert\u00e9s\u00e1llom\u00e1nyokban (Dr.\u00a0<span data-contrast=\"auto\">Igriczi Barbara)<\/span><\/span><\/span><\/li> <li data-leveltext=\"\uf0b7\" data-font=\"Symbol\" data-listid=\"1\" data-list-defn-props=\"{&quot;335552541&quot;:1,&quot;335559685&quot;:720,&quot;335559991&quot;:360,&quot;469769226&quot;:&quot;Symbol&quot;,&quot;469769242&quot;:[8226],&quot;469777803&quot;:&quot;left&quot;,&quot;469777804&quot;:&quot;\uf0b7&quot;,&quot;469777815&quot;:&quot;hybridMultilevel&quot;}\" data-aria-posinset=\"6\" data-aria-level=\"1\"><span data-contrast=\"auto\">Frontvonalbeli technol\u00f3gi\u00e1k alkalmaz\u00e1sa k\u00f3rokoz\u00f3k, k\u00f6rnyezet \u00e9s sert\u00e9sek sz\u0171r\u00e9s\u00e9re a jobb betegs\u00e9gkontroll \u00e9rdek\u00e9ben a sert\u00e9stelepeken<\/span> <span data-contrast=\"auto\">(Use of frontline technologies to screen pathogens, environment and pigs for a better disease control in swine herds) (Dr. Balka Gyula, Dr. D\u00e9nes Lilla, Dr. Igriczi Barbara)<\/span><\/li> <li data-leveltext=\"\uf0b7\" data-font=\"Symbol\" data-listid=\"1\" data-list-defn-props=\"{&quot;335552541&quot;:1,&quot;335559685&quot;:720,&quot;335559991&quot;:360,&quot;469769226&quot;:&quot;Symbol&quot;,&quot;469769242&quot;:[8226],&quot;469777803&quot;:&quot;left&quot;,&quot;469777804&quot;:&quot;\uf0b7&quot;,&quot;469777815&quot;:&quot;hybridMultilevel&quot;}\" data-aria-posinset=\"6\" data-aria-level=\"1\"><span data-ccp-props=\"{&quot;201341983&quot;:0,&quot;335559739&quot;:160,&quot;335559740&quot;:360}\"> Haszon\u00e1llat metagenomikai adatok feldolgoz\u00e1sa (Dr. Szenes \u00c1ron)<\/span><\/li> <li data-leveltext=\"\uf0b7\" data-font=\"Symbol\" data-listid=\"1\" data-list-defn-props=\"{&quot;335552541&quot;:1,&quot;335559685&quot;:720,&quot;335559991&quot;:360,&quot;469769226&quot;:&quot;Symbol&quot;,&quot;469769242&quot;:[8226],&quot;469777803&quot;:&quot;left&quot;,&quot;469777804&quot;:&quot;\uf0b7&quot;,&quot;469777815&quot;:&quot;hybridMultilevel&quot;}\" data-aria-posinset=\"6\" data-aria-level=\"1\"><span data-olk-copy-source=\"MessageBody\">\u00c1llati hemoszt\u00e1zis tesztek fejleszt\u00e9se (Dr. Szenes \u00c1ron)<\/span><\/li> <\/ul>","protected":false},"excerpt":{"rendered":"<p>Tansz\u00e9k\u00fcnk kiemelt hangs\u00falyt fektet a kutat\u00e1si tev\u00e9kenys\u00e9gek v\u00e9gz\u00e9s\u00e9re. Jelenleg az al\u00e1bbi t\u00e9m\u00e1kban zajlanak vizsg\u00e1latok: Magyarorsz\u00e1gi denev\u00e9rek \u00fcr\u00fcl\u00e9k\u00e9nek vizsg\u00e1lata flaviv\u00edrusok \u00e9s pestiv\u00edrusok jelenl\u00e9t\u00e9re (Dr. D\u00e9nes Lilla)\u00a0 A sert\u00e9s b\u00e9ls\u00e1rmikrobiom-\u00f6sszet\u00e9tel\u00e9nek molekul\u00e1ris vizsg\u00e1lata a rotav\u00edrusok jelenl\u00e9t\u00e9nek \u00e9s genetikai variabilit\u00e1s\u00e1nak t\u00fckr\u00e9ben (Dr. D\u00e9nes Lilla, Dr. Igriczi Barbara)\u00a0 A nukle\u00e1ris faktor-kappa B (NF-kB) jelenl\u00e9t\u00e9nek \u00e9s szerep\u00e9nek vizsg\u00e1lata hisztopatol\u00f3giai \u00e9s molekul\u00e1ris<\/p>\n","protected":false},"author":3837,"featured_media":0,"parent":3374,"menu_order":0,"comment_status":"closed","ping_status":"closed","template":"","meta":{"_acf_changed":false,"footnotes":""},"categories":[],"tags":[],"class_list":["post-13781","page","type-page","status-publish","hentry"],"acf":[],"_links":{"self":[{"href":"https:\/\/univet.hu\/hu\/wp-json\/wp\/v2\/pages\/13781","targetHints":{"allow":["GET"]}}],"collection":[{"href":"https:\/\/univet.hu\/hu\/wp-json\/wp\/v2\/pages"}],"about":[{"href":"https:\/\/univet.hu\/hu\/wp-json\/wp\/v2\/types\/page"}],"author":[{"embeddable":true,"href":"https:\/\/univet.hu\/hu\/wp-json\/wp\/v2\/users\/3837"}],"replies":[{"embeddable":true,"href":"https:\/\/univet.hu\/hu\/wp-json\/wp\/v2\/comments?post=13781"}],"version-history":[{"count":4,"href":"https:\/\/univet.hu\/hu\/wp-json\/wp\/v2\/pages\/13781\/revisions"}],"predecessor-version":[{"id":203261,"href":"https:\/\/univet.hu\/hu\/wp-json\/wp\/v2\/pages\/13781\/revisions\/203261"}],"up":[{"embeddable":true,"href":"https:\/\/univet.hu\/hu\/wp-json\/wp\/v2\/pages\/3374"}],"wp:attachment":[{"href":"https:\/\/univet.hu\/hu\/wp-json\/wp\/v2\/media?parent=13781"}],"wp:term":[{"taxonomy":"category","embeddable":true,"href":"https:\/\/univet.hu\/hu\/wp-json\/wp\/v2\/categories?post=13781"},{"taxonomy":"post_tag","embeddable":true,"href":"https:\/\/univet.hu\/hu\/wp-json\/wp\/v2\/tags?post=13781"}],"curies":[{"name":"wp","href":"https:\/\/api.w.org\/{rel}","templated":true}]}}