{"id":1403,"date":"2018-03-01T10:23:58","date_gmt":"2018-03-01T09:23:58","guid":{"rendered":"http:\/\/univet.hu\/?page_id=1403"},"modified":"2025-02-06T13:36:50","modified_gmt":"2025-02-06T12:36:50","slug":"interaktiv-videotura","status":"publish","type":"page","link":"https:\/\/univet.hu\/hu\/egyetem\/interaktiv-videotura\/","title":{"rendered":"Virtu\u00e1lis s\u00e9ta \u00e9s interakt\u00edv videot\u00fara"},"content":{"rendered":"<h2>360<sup>o<\/sup> virtu\u00e1lis s\u00e9ta<\/h2> <p><a href=\"https:\/\/univet.hu\/virttour\/hu\/\"><img loading=\"lazy\" decoding=\"async\" class=\"wp-image-106162 size-large alignleft\" src=\"https:\/\/univet.hu\/wp-content\/uploads\/2018\/05\/career-960x540.jpg\" alt=\"virtu\u00e1lis s\u00e9ta\" width=\"960\" height=\"540\" srcset=\"https:\/\/univet.hu\/wp-content\/uploads\/2018\/05\/career-960x540.jpg 960w, https:\/\/univet.hu\/wp-content\/uploads\/2018\/05\/career-320x180.jpg 320w, https:\/\/univet.hu\/wp-content\/uploads\/2018\/05\/career-768x432.jpg 768w, https:\/\/univet.hu\/wp-content\/uploads\/2018\/05\/career.jpg 1280w\" sizes=\"auto, (max-width: 960px) 100vw, 960px\" \/><\/a><\/p> <p style=\"clear: both;\">A k\u00e9pre kattintva egy virtu\u00e1lis s\u00e9t\u00e1n vehet\u00fcnk r\u00e9szt az Egyetemen.<\/p> <h2>Videot\u00fara<\/h2> <p>Az interakt\u00edv vide\u00f3sorozat seg\u00edts\u00e9g\u00e9vel az \u00e9rdekl\u0151d\u0151k megismerkedhetnek az egyetemmel, a k\u00e9pz\u00e9sekkel \u00e9s sz\u00e1mos \u00e9rdekes inform\u00e1ci\u00f3val gazdagodhatnak.<br \/> A film egyes fejezetein\u00e9l a n\u00e9z\u0151 d\u00f6nthet, hogy merre megy tov\u00e1bb, \u00edgy mindenki saj\u00e1t kedve szerint j\u00e1rhatja v\u00e9gig a kampuszt.<\/p> <p><em>(A nyelv kiv\u00e1laszt\u00e1sa ut\u00e1n az adott nyelv\u0171\u00a0vide\u00f3sorozat\u00a0\u00faj ablakban, a YouTube csatorn\u00e1nkon tekinthet\u0151 meg.)<\/em><\/p> <p><iframe loading=\"lazy\" src=\"https:\/\/www.youtube.com\/embed\/wtrsTPpDAhQ?list=PLNTrw2ikYh1yfZgIg5XU_yKEqKOmXrQqs\" width=\"853\" height=\"480\" frameborder=\"0\" data-replaced=\"true\"><\/iframe><\/p> <p><a href=\"https:\/\/www.youtube.com\/watch?v=wtrsTPpDAhQ&amp;list=PLNTrw2ikYh1yfZgIg5XU_yKEqKOmXrQqs\" target=\"_blank\" rel=\"noopener\">A teljes\u00a0interakt\u00edv vide\u00f3sorozat el\u00e9rhet\u0151 a Youtube csatorn\u00e1nkon is.<\/a><\/p> <p>A felvett anyagokb\u00f3l k\u00e9sz\u00fclt egy r\u00f6videbb, klasszikus im\u00e1zs film is, amely bepillant\u00e1st enged az egyetem \u00e9let\u00e9be \u00e9s\u00a0kedvet csin\u00e1l az \u00e1llatorvos k\u00e9pz\u00e9shez.<\/p> <p><iframe loading=\"lazy\" src=\"https:\/\/www.youtube.com\/embed\/dtSqc8712x4?rel=0\" width=\"853\" height=\"480\" frameborder=\"0\" data-replaced=\"true\"><\/iframe><\/p> <p><a href=\"https:\/\/www.youtube.com\/watch?v=dtSqc8712x4&amp;feature=youtu.be\" target=\"_blank\" rel=\"noopener\">Az im\u00e1zs film ide kattintva lej\u00e1tszhat\u00f3 a YouTube csatorn\u00e1nkon is.<\/a><\/p> <p>Az angol \u00e9s n\u00e9met nyelv\u0171 verzi\u00f3k az al\u00e1bbi linkeken \u00e9rhet\u0151k el:<\/p> <ul> <li>Angol: <a href=\"https:\/\/youtu.be\/LN8TeCLuVl8\" target=\"_blank\" rel=\"noopener\">https:\/\/youtu.be\/LN8TeCLuVl8<\/a><\/li> <li>N\u00e9met: <a href=\"https:\/\/youtu.be\/xxUqDRGr0DA\" target=\"_blank\" rel=\"noopener\">https:\/\/youtu.be\/xxUqDRGr0DA<\/a><\/li> <\/ul>","protected":false},"excerpt":{"rendered":"<p>360o virtu\u00e1lis s\u00e9ta A k\u00e9pre kattintva egy virtu\u00e1lis s\u00e9t\u00e1n vehet\u00fcnk r\u00e9szt az Egyetemen. Videot\u00fara Az interakt\u00edv vide\u00f3sorozat seg\u00edts\u00e9g\u00e9vel az \u00e9rdekl\u0151d\u0151k megismerkedhetnek az egyetemmel, a k\u00e9pz\u00e9sekkel \u00e9s sz\u00e1mos \u00e9rdekes inform\u00e1ci\u00f3val gazdagodhatnak. A film egyes fejezetein\u00e9l a n\u00e9z\u0151 d\u00f6nthet, hogy merre megy tov\u00e1bb, \u00edgy mindenki saj\u00e1t kedve szerint j\u00e1rhatja v\u00e9gig a kampuszt. (A nyelv kiv\u00e1laszt\u00e1sa ut\u00e1n az<\/p>\n","protected":false},"author":1,"featured_media":0,"parent":336,"menu_order":328,"comment_status":"closed","ping_status":"closed","template":"","meta":{"_acf_changed":false,"footnotes":""},"categories":[],"tags":[],"class_list":["post-1403","page","type-page","status-publish","hentry"],"acf":[],"_links":{"self":[{"href":"https:\/\/univet.hu\/hu\/wp-json\/wp\/v2\/pages\/1403","targetHints":{"allow":["GET"]}}],"collection":[{"href":"https:\/\/univet.hu\/hu\/wp-json\/wp\/v2\/pages"}],"about":[{"href":"https:\/\/univet.hu\/hu\/wp-json\/wp\/v2\/types\/page"}],"author":[{"embeddable":true,"href":"https:\/\/univet.hu\/hu\/wp-json\/wp\/v2\/users\/1"}],"replies":[{"embeddable":true,"href":"https:\/\/univet.hu\/hu\/wp-json\/wp\/v2\/comments?post=1403"}],"version-history":[{"count":4,"href":"https:\/\/univet.hu\/hu\/wp-json\/wp\/v2\/pages\/1403\/revisions"}],"predecessor-version":[{"id":175581,"href":"https:\/\/univet.hu\/hu\/wp-json\/wp\/v2\/pages\/1403\/revisions\/175581"}],"up":[{"embeddable":true,"href":"https:\/\/univet.hu\/hu\/wp-json\/wp\/v2\/pages\/336"}],"wp:attachment":[{"href":"https:\/\/univet.hu\/hu\/wp-json\/wp\/v2\/media?parent=1403"}],"wp:term":[{"taxonomy":"category","embeddable":true,"href":"https:\/\/univet.hu\/hu\/wp-json\/wp\/v2\/categories?post=1403"},{"taxonomy":"post_tag","embeddable":true,"href":"https:\/\/univet.hu\/hu\/wp-json\/wp\/v2\/tags?post=1403"}],"curies":[{"name":"wp","href":"https:\/\/api.w.org\/{rel}","templated":true}]}}