{"id":14314,"date":"2018-09-04T12:09:58","date_gmt":"2018-09-04T10:09:58","guid":{"rendered":"http:\/\/univet.hu\/egyetem\/szervezeti-egysegek\/szuleszeti-es-szaporodasbiologiai-tanszek-es-klinika\/kutatas\/"},"modified":"2026-03-26T17:46:47","modified_gmt":"2026-03-26T16:46:47","slug":"kutatas","status":"publish","type":"page","link":"https:\/\/univet.hu\/hu\/egyetem\/szervezeti-egysegek\/szuleszeti-es-szaporodasbiologiai-tanszek-es-klinika\/kutatas\/","title":{"rendered":"Kutat\u00e1s"},"content":{"rendered":"<p><span style=\"font-size: 18pt\"><a href=\"https:\/\/univet.hu\/wp-content\/uploads\/2023\/03\/Tansz\u00e9k-szakmai-koncepci\u00f3ja.pdf\">Tansz\u00e9k szakmai koncepci\u00f3ja<\/a>, kutat\u00e1si ter\u00fcletei<\/span><\/p> <p><a href=\"https:\/\/univet.hu\/hu\/kutatas\/kutatocsoportok\/andrologiai-asszisztalt-reprodukcios-kutatocsoport\/\">Androl\u00f3giai \u00e9s Assziszt\u00e1lt Reprodukci\u00f3s Kutat\u00f3csoport<\/a><\/p> <p><a href=\"https:\/\/univet.hu\/hu\/kutatas\/kutatocsoportok\/kisallat-szaporodasbiologiai-kutatocsoport\/\">Kis\u00e1llat Szaporod\u00e1sbiol\u00f3giai Kutat\u00f3csoport<\/a><\/p>","protected":false},"excerpt":{"rendered":"<p>Tansz\u00e9k szakmai koncepci\u00f3ja, kutat\u00e1si ter\u00fcletei Androl\u00f3giai \u00e9s Assziszt\u00e1lt Reprodukci\u00f3s Kutat\u00f3csoport Kis\u00e1llat Szaporod\u00e1sbiol\u00f3giai Kutat\u00f3csoport<\/p>\n","protected":false},"author":3837,"featured_media":0,"parent":3382,"menu_order":0,"comment_status":"closed","ping_status":"closed","template":"","meta":{"_acf_changed":false,"footnotes":""},"categories":[],"tags":[],"class_list":["post-14314","page","type-page","status-publish","hentry"],"acf":[],"_links":{"self":[{"href":"https:\/\/univet.hu\/hu\/wp-json\/wp\/v2\/pages\/14314","targetHints":{"allow":["GET"]}}],"collection":[{"href":"https:\/\/univet.hu\/hu\/wp-json\/wp\/v2\/pages"}],"about":[{"href":"https:\/\/univet.hu\/hu\/wp-json\/wp\/v2\/types\/page"}],"author":[{"embeddable":true,"href":"https:\/\/univet.hu\/hu\/wp-json\/wp\/v2\/users\/3837"}],"replies":[{"embeddable":true,"href":"https:\/\/univet.hu\/hu\/wp-json\/wp\/v2\/comments?post=14314"}],"version-history":[{"count":2,"href":"https:\/\/univet.hu\/hu\/wp-json\/wp\/v2\/pages\/14314\/revisions"}],"predecessor-version":[{"id":204400,"href":"https:\/\/univet.hu\/hu\/wp-json\/wp\/v2\/pages\/14314\/revisions\/204400"}],"up":[{"embeddable":true,"href":"https:\/\/univet.hu\/hu\/wp-json\/wp\/v2\/pages\/3382"}],"wp:attachment":[{"href":"https:\/\/univet.hu\/hu\/wp-json\/wp\/v2\/media?parent=14314"}],"wp:term":[{"taxonomy":"category","embeddable":true,"href":"https:\/\/univet.hu\/hu\/wp-json\/wp\/v2\/categories?post=14314"},{"taxonomy":"post_tag","embeddable":true,"href":"https:\/\/univet.hu\/hu\/wp-json\/wp\/v2\/tags?post=14314"}],"curies":[{"name":"wp","href":"https:\/\/api.w.org\/{rel}","templated":true}]}}