{"id":14342,"date":"1970-01-01T01:00:00","date_gmt":"1970-01-01T00:00:00","guid":{"rendered":"http:\/\/univet.hu\/egyetem\/szervezeti-egysegek\/szuleszeti-es-szaporodasbiologiai-tanszek-es-klinika\/szolgaltatasok\/tanacsok-allattartoknak\/"},"modified":"2018-09-07T15:47:32","modified_gmt":"2018-09-07T13:47:32","slug":"tanacsok-allattartoknak","status":"publish","type":"page","link":"https:\/\/univet.hu\/hu\/egyetem\/szervezeti-egysegek\/szuleszeti-es-szaporodasbiologiai-tanszek-es-klinika\/szolgaltatasok\/tanacsok-allattartoknak\/","title":{"rendered":"Tan\u00e1csok \u00e1llattart\u00f3knak"},"content":{"rendered":"<ul> <li><a href=\"https:\/\/univet.hu\/hu\/egyetem\/szervezeti-egysegek\/szuleszeti-es-szaporodasbiologiai-tanszek-es-klinika\/szolgaltatasok\/tanacsok-allattartoknak\/ivartalanitas\" data-replaced=\"true\" title=\"Ivart\">Ivartalan&iacute;t&aacute;s<\/a><\/li> <li><a href=\"https:\/\/univet.hu\/hu\/egyetem\/szervezeti-egysegek\/szuleszeti-es-szaporodasbiologiai-tanszek-es-klinika\/szolgaltatasok\/tanacsok-allattartoknak\/csaszarmetszes\" data-replaced=\"true\" title=\"Cs\u00e1sz\u00e1r\">Cs&aacute;sz&aacute;rmetsz&eacute;s<\/a><\/li> <li><a href=\"https:\/\/univet.hu\/hu\/egyetem\/szervezeti-egysegek\/szuleszeti-es-szaporodasbiologiai-tanszek-es-klinika\/szolgaltatasok\/tanacsok-allattartoknak\/pyometra-gennyes-mehgyulladas\" data-replaced=\"true\" title=\"Pyometr\">Pyometra (gennyes m&eacute;hgyullad&aacute;s)<\/a><\/li> <li><a href=\"https:\/\/univet.hu\/hu\/egyetem\/szervezeti-egysegek\/szuleszeti-es-szaporodasbiologiai-tanszek-es-klinika\/szolgaltatasok\/tanacsok-allattartoknak\/altatas-boditas-kockazatai\" data-replaced=\"true\" title=\"Altat\u00e1s, b\u00f3d\u00edt\u00e1s\">Altat&aacute;s, b&oacute;d&iacute;t&aacute;s kock&aacute;zatai<\/a><\/li> <li><a href=\"https:\/\/univet.hu\/hu\/egyetem\/szervezeti-egysegek\/szuleszeti-es-szaporodasbiologiai-tanszek-es-klinika\/szolgaltatasok\/tanacsok-allattartoknak\/mutet-utani-teendok\" data-replaced=\"true\" title=\"M\u0171t\u00e9t ut\u00e1n\">M\u0171t&eacute;t ut&aacute;ni teend\u0151k<\/a><\/li> <li><a href=\"https:\/\/univet.hu\/hu\/egyetem\/szervezeti-egysegek\/szuleszeti-es-szaporodasbiologiai-tanszek-es-klinika\/szolgaltatasok\/tanacsok-allattartoknak\/a-kutya-ciklusdiagnosztikajarol\" data-replaced=\"true\" title=\"Ciklusdiag\">A kutya ciklusdiagnosztik&aacute;j&aacute;r&oacute;l<\/a><\/li> <li><a href=\"https:\/\/univet.hu\/hu\/egyetem\/szervezeti-egysegek\/szuleszeti-es-szaporodasbiologiai-tanszek-es-klinika\/szolgaltatasok\/tanacsok-allattartoknak\/a-kutya-alvemhessege\" data-replaced=\"true\" title=\"\u00c1lvemhess\u00e9g\">A kutya &aacute;lvemhess&eacute;ge<\/a><\/li> <li><a href=\"https:\/\/univet.hu\/hu\/egyetem\/szervezeti-egysegek\/szuleszeti-es-szaporodasbiologiai-tanszek-es-klinika\/szolgaltatasok\/tanacsok-allattartoknak\/a-kutya-vemhessege\" data-replaced=\"true\" title=\"Kuty vemh\">A kutya vemhess&eacute;ge<\/a><\/li> <li><a href=\"https:\/\/univet.hu\/hu\/egyetem\/szervezeti-egysegek\/szuleszeti-es-szaporodasbiologiai-tanszek-es-klinika\/szolgaltatasok\/tanacsok-allattartoknak\/a-macska-vemhessege\" data-replaced=\"true\" title=\"Macsk vemh\">A macska vemhess&eacute;ge<\/a><\/li> <li><a href=\"https:\/\/univet.hu\/hu\/egyetem\/szervezeti-egysegek\/szuleszeti-es-szaporodasbiologiai-tanszek-es-klinika\/szolgaltatasok\/tanacsok-allattartoknak\/az-elles\" data-replaced=\"true\" title=\"ell\u00e9s\">Az ell&eacute;s<\/a><\/li> <li><a href=\"https:\/\/univet.hu\/hu\/egyetem\/szervezeti-egysegek\/szuleszeti-es-szaporodasbiologiai-tanszek-es-klinika\/szolgaltatasok\/tanacsok-allattartoknak\/szoptatas\" data-replaced=\"true\" title=\"Szoptat\u00e1s\">Szoptat&aacute;s<\/a><\/li> <li><a href=\"https:\/\/univet.hu\/hu\/egyetem\/szervezeti-egysegek\/szuleszeti-es-szaporodasbiologiai-tanszek-es-klinika\/szolgaltatasok\/tanacsok-allattartoknak\/emlodaganatok\" data-replaced=\"true\" title=\"Eml\u0151dag\">Eml\u0151daganatok<\/a><\/li> <li><a href=\"https:\/\/univet.hu\/hu\/egyetem\/szervezeti-egysegek\/szuleszeti-es-szaporodasbiologiai-tanszek-es-klinika\/szolgaltatasok\/tanacsok-allattartoknak\/petefeszek-meh-es-huvelydaganatok\" data-replaced=\"true\" title=\"Pet, m\u00e9h, h\u00fcv dag\">Petef&eacute;szek-, m&eacute;h- &eacute;s h&uuml;velydaganatok<\/a><\/li> <\/ul>","protected":false},"excerpt":{"rendered":"<p>Ivartalan&iacute;t&aacute;s Cs&aacute;sz&aacute;rmetsz&eacute;s Pyometra (gennyes m&eacute;hgyullad&aacute;s) Altat&aacute;s, b&oacute;d&iacute;t&aacute;s kock&aacute;zatai M\u0171t&eacute;t ut&aacute;ni teend\u0151k A kutya ciklusdiagnosztik&aacute;j&aacute;r&oacute;l A kutya &aacute;lvemhess&eacute;ge A kutya vemhess&eacute;ge A macska vemhess&eacute;ge Az ell&eacute;s Szoptat&aacute;s Eml\u0151daganatok Petef&eacute;szek-, m&eacute;h- &eacute;s h&uuml;velydaganatok<\/p>\n","protected":false},"author":3837,"featured_media":0,"parent":16150,"menu_order":0,"comment_status":"closed","ping_status":"closed","template":"","meta":{"_acf_changed":false,"footnotes":""},"categories":[],"tags":[],"class_list":["post-14342","page","type-page","status-publish","hentry"],"acf":[],"_links":{"self":[{"href":"https:\/\/univet.hu\/hu\/wp-json\/wp\/v2\/pages\/14342","targetHints":{"allow":["GET"]}}],"collection":[{"href":"https:\/\/univet.hu\/hu\/wp-json\/wp\/v2\/pages"}],"about":[{"href":"https:\/\/univet.hu\/hu\/wp-json\/wp\/v2\/types\/page"}],"author":[{"embeddable":true,"href":"https:\/\/univet.hu\/hu\/wp-json\/wp\/v2\/users\/3837"}],"replies":[{"embeddable":true,"href":"https:\/\/univet.hu\/hu\/wp-json\/wp\/v2\/comments?post=14342"}],"version-history":[{"count":0,"href":"https:\/\/univet.hu\/hu\/wp-json\/wp\/v2\/pages\/14342\/revisions"}],"up":[{"embeddable":true,"href":"https:\/\/univet.hu\/hu\/wp-json\/wp\/v2\/pages\/16150"}],"wp:attachment":[{"href":"https:\/\/univet.hu\/hu\/wp-json\/wp\/v2\/media?parent=14342"}],"wp:term":[{"taxonomy":"category","embeddable":true,"href":"https:\/\/univet.hu\/hu\/wp-json\/wp\/v2\/categories?post=14342"},{"taxonomy":"post_tag","embeddable":true,"href":"https:\/\/univet.hu\/hu\/wp-json\/wp\/v2\/tags?post=14342"}],"curies":[{"name":"wp","href":"https:\/\/api.w.org\/{rel}","templated":true}]}}