{"id":14343,"date":"1970-01-01T01:00:00","date_gmt":"1970-01-01T00:00:00","guid":{"rendered":"http:\/\/univet.hu\/egyetem\/szervezeti-egysegek\/szuleszeti-es-szaporodasbiologiai-tanszek-es-klinika\/szolgaltatasok\/tanacsok-allattartoknak\/ivartalanitas\/"},"modified":"2018-09-07T15:47:33","modified_gmt":"2018-09-07T13:47:33","slug":"ivartalanitas","status":"publish","type":"page","link":"https:\/\/univet.hu\/hu\/egyetem\/szervezeti-egysegek\/szuleszeti-es-szaporodasbiologiai-tanszek-es-klinika\/szolgaltatasok\/tanacsok-allattartoknak\/ivartalanitas\/","title":{"rendered":"Ivartalan\u00edt\u00e1s"},"content":{"rendered":"<p>A kuty&aacute;k-macsk&aacute;k m\u0171t&eacute;ti ivartalan&iacute;t&aacute;sa neh&eacute;z d&ouml;nt&eacute;st jelent a tulajdonos sz&aacute;m&aacute;ra, pedig a nem teny&eacute;szt&eacute;si c&eacute;lb&oacute;l tartott egyedek ivartalan&iacute;t&aacute;sa hasznos mind az &aacute;llat, mind a gazd&aacute;ja sz&aacute;m&aacute;ra.<\/p> <p>Az ivartalan&iacute;t&aacute;s f\u0151 c&eacute;lja a rendszeresen jelentkez\u0151 ivarz&aacute;sok &eacute;s nem k&iacute;v&aacute;natos p&aacute;rz&aacute;sok megel\u0151z&eacute;se. A v&eacute;letlen p&aacute;rz&aacute;sok eredm&eacute;nyek&eacute;ppen a kidobott, k&oacute;bor &aacute;llatok sz&aacute;ma oly m&eacute;rt&eacute;kben n\u0151, amivel az &aacute;llatv&eacute;d\u0151 egyes&uuml;letek &eacute;s menhelyek k&eacute;ptelenek l&eacute;p&eacute;st tartani. Noha a gy&oacute;gyszeres fogamz&aacute;sg&aacute;tl&aacute;s, illetve vet&eacute;ltet&eacute;s is megoldhat&oacute;, ezek a beavatkoz&aacute;sok a kuty&aacute;k &#8211; macsk&aacute;k (&eacute;s r&eacute;szben a tulajdonosok) sz&aacute;m&aacute;ra sok kellemetlen mell&eacute;khat&aacute;ssal j&aacute;rhatnak.<\/p> <p>T&uuml;zel\u0151 szuk&aacute;k eset&eacute;ben a kan kuty&aacute;k t&aacute;voltart&aacute;sa kitart&aacute;st &eacute;s &aacute;ll&oacute;k&eacute;pess&eacute;get ig&eacute;nyel. N\u0151st&eacute;ny macsk&aacute;kn&aacute;l nem elhanyagoland&oacute; szempont, hogy ivarz&aacute;s sor&aacute;n az &aacute;llatok viselked&eacute;se jellegzetesen megv&aacute;ltozik, ami a tulajdonos sz&aacute;m&aacute;ra sokszor nehezen toler&aacute;lhat&oacute;. Mindezekt\u0151l a probl&eacute;m&aacute;kt&oacute;l ivartalan&iacute;t&aacute;ssal mentes&uuml;lhet&uuml;nk, de t&ouml;bb betegs&eacute;g rizik&oacute;ja is cs&ouml;kken, erre n&eacute;h&aacute;ny p&eacute;lda az al&aacute;bbiakban.<\/p> <p>Az eml\u0151daganatok az &ouml;t &eacute;vesn&eacute;l id\u0151sebb, nem ivartalan&iacute;tott n\u0151st&eacute;ny kuty&aacute;k leggyakoribb rendelleness&eacute;gei k&ouml;z&eacute; tartoznak, ritk&aacute;bban macsk&aacute;kon is el\u0151fordulhatnak. Az ivartalan&iacute;t&aacute;s t&eacute;nye mellett annak id\u0151pontja &eacute;s &eacute;letkor az is jelent\u0151sen befoly&aacute;solja az eml\u0151daganatok gyakoris&aacute;g&aacute;t. Az els\u0151 t&uuml;zel&eacute;s jelentkez&eacute;se k&ouml;r&uuml;li &eacute;letkorban elv&eacute;gzett ivartalan&iacute;t&aacute;s bizony&iacute;tottan cs&ouml;kkenti az eml\u0151daganatok kock&aacute;zat&aacute;t.<\/p> <p><img decoding=\"async\" alt=\"Ivartalanitas\" src=\"https:\/\/univet.hu\/files\/subpages\/225\/images\/ivartalanitas.jpg\" data-replaced=\"true\" style=\"height:333px; width:500px\" \/><\/p> <p>Id\u0151sebb &aacute;llatokban nem ritka a lappangva kifejl\u0151d\u0151 gennyes m&eacute;hgyullad&aacute;s, amely gy&oacute;gykezel&eacute;s n&eacute;lk&uuml;l hal&aacute;los kimenetel\u0171. B&aacute;r 3 &eacute;vesn&eacute;l fiatalabb teny&eacute;sz&aacute;llatokn&aacute;l gy&oacute;gyszeres ter&aacute;pia is sz&oacute;ba j&ouml;het, t&ouml;bbnyire a petef&eacute;szkek &eacute;s a m&eacute;h m\u0171t&eacute;ti elt&aacute;vol&iacute;t&aacute;sa a legbiztons&aacute;gosabb megold&aacute;s. Sajnos az id\u0151s, beteg &aacute;llatok altat&aacute;sa &eacute;s m\u0171t&eacute;tje j&oacute;val nagyobb kock&aacute;zattal j&aacute;r, mint a fiatal korban megel\u0151z\u0151 c&eacute;llal elv&eacute;gzett ivartalan&iacute;t&aacute;s. B&aacute;r a csek&eacute;ly kock&aacute;zat &eacute;s a kedvez\u0151 sebgy&oacute;gyul&aacute;si er&eacute;ly a miel\u0151bbi (k&ouml;ly&ouml;kkori) m\u0171t&eacute;t mellett sz&oacute;l, nem hallgathat&oacute; el a t&uacute;l korai ivartalan&iacute;t&aacute;s egyik lehets&eacute;ges k&eacute;s\u0151i k&ouml;vetkezm&eacute;nye, a vizeletmegtart&aacute;si zavar (incontinentia).<\/p> <p>A petef&eacute;szek &eacute;s m&eacute;h daganatos elv&aacute;ltoz&aacute;sai viszonylag ritk&aacute;bban el\u0151fordul&oacute; betegs&eacute;gek, melyek ivartalan&iacute;t&aacute;ssal ugyancsak megel\u0151zhet\u0151k. A h&uuml;velyel\u0151es&eacute;s bizonyos fajt&aacute;k laza konstit&uacute;ci&oacute;j&uacute; egyedeiben a t&uuml;zel&eacute;shez kapcsol&oacute;d&oacute; &aacute;llapot, mely legt&ouml;bb esetben m\u0171t&eacute;ti beavatkoz&aacute;st ig&eacute;nyel.<\/p> <p>Miut&aacute;n a m\u0171t&eacute;tre elsz&aacute;nta mag&aacute;t, humanit&aacute;rius szempontb&oacute;l sok tulajdonos az &aacute;llat nemi &eacute;let&eacute;nek megtart&aacute;sa &eacute;rdek&eacute;ben a petef&eacute;szek elt&aacute;vol&iacute;t&aacute;sa helyett a petevezet\u0151 lek&ouml;t&eacute;s&eacute;t k&eacute;ri. J&oacute; lelkiismerettel az &aacute;llatorvos ilyen beavatkoz&aacute;st nem v&aacute;llal, mivel a lek&ouml;t&ouml;tt petevezet\u0151 mellett bent hagyott petef&eacute;szek k&ouml;nnyen elciszt&aacute;sodik, aminek folyamatos ivarz&aacute;s, rosszabb esetben v&eacute;gzetes kimenetel\u0171 gennyes m&eacute;hgyullad&aacute;s lehet a k&ouml;vetkezm&eacute;nye. Az is gyakori t&eacute;vhit, hogy a kuty&aacute;nak &eacute;s macsk&aacute;knak ivartalan&iacute;t&aacute;s el\u0151tt legal&aacute;bb egyszer sz&uuml;lnie kell. Val&oacute;j&aacute;ban az ivar&eacute;r&eacute;s k&ouml;r&uuml;l, a teljes testi fejletts&eacute;g ut&aacute;n, de m&eacute;g a teny&eacute;szt&eacute;sbe v&eacute;teli kor el&eacute;r&eacute;se el\u0151tt ivartalan&iacute;tott &aacute;llatn&aacute;l sz&aacute;mos gond elker&uuml;lhet\u0151, amelyek a vemhess&eacute;g, az ell&eacute;s vagy a k&ouml;lyk&ouml;k felnevel&eacute;se sor&aacute;n ad&oacute;dhatnak. Kuty&aacute;nk vagy macsk&aacute;nk nem lesz boldogtalanabb, ha soha nem sz&uuml;letnek ut&oacute;dai &eacute;s nem &eacute;lheti &aacute;t az anyas&aacute;g &eacute;rz&eacute;s&eacute;t.<\/p> <p>N&eacute;h&aacute;ny sz&oacute;t a h&iacute;m ivar&uacute; &aacute;llatokr&oacute;l is. A kan kuty&aacute;k &eacute;s macsk&aacute;k ivartalan&iacute;t&aacute;sa (kasztr&aacute;ci&oacute;) szint&eacute;n j&oacute; megold&aacute;s sz&aacute;mos probl&eacute;ma megel\u0151z&eacute;s&eacute;re. K&ouml;zismert a kand&uacute;rok elcsavarg&aacute;sa &eacute;s vereked&eacute;se, amelyb\u0151l sokszor s&uacute;lyos s&eacute;r&uuml;l&eacute;sekkel ker&uuml;lnek ki, de a penetr&aacute;ns ivari szag&uacute; vizelet &uuml;r&iacute;t&eacute;se is nehezen viselhet\u0151 el. Kuty&aacute;n&aacute;l az agressz&iacute;v viselked&eacute;s, a kellemetlen szexu&aacute;lis magatart&aacute;sform&aacute;k jelentenek gondot, melyekr\u0151l kedvenc&uuml;nk megfelel\u0151 tr&eacute;ninggel &eacute;s kedvess&eacute;ggel sem szoktathat&oacute; le, viszont ezek a probl&eacute;m&aacute;k ivartalan&iacute;t&aacute;ssal az esetek t&uacute;lnyom&oacute; t&ouml;bbs&eacute;g&eacute;ben megsz\u0171nnek vagy cs&ouml;kkenthet\u0151k. Az sem elhanyagolhat&oacute; &eacute;rv, hogy az intakt kanokban gyakori rosszindulat&uacute; heredaganat kialakul&aacute;sa kasztr&aacute;ci&oacute;val megel\u0151zhet\u0151, illetve kezelhet\u0151. V&eacute;g&uuml;l pedig a kasztr&aacute;ci&oacute; k&uuml;l&ouml;nb&ouml;z\u0151 prosztata betegs&eacute;gekre (pl. cysta, hyperplasia &eacute;s daganatok) szint&eacute;n j&oacute;t&eacute;kony hat&aacute;st fejt ki.<\/p> <p>&Ouml;sszegezve teh&aacute;t, a fiatal korban t&ouml;rt&eacute;n\u0151 ivartalan&iacute;t&aacute;ssal a kuty&aacute;k &eacute;s macsk&aacute;k sz&aacute;mos komoly sz&uuml;l&eacute;szeti jelleg\u0171 betegs&eacute;ge megel\u0151zhet\u0151, illetve kialakul&aacute;s&aacute;nak es&eacute;lye jelent\u0151sen cs&ouml;kkenthet\u0151.<\/p>","protected":false},"excerpt":{"rendered":"<p>A kuty&aacute;k-macsk&aacute;k m\u0171t&eacute;ti ivartalan&iacute;t&aacute;sa neh&eacute;z d&ouml;nt&eacute;st jelent a tulajdonos sz&aacute;m&aacute;ra, pedig a nem teny&eacute;szt&eacute;si c&eacute;lb&oacute;l tartott egyedek ivartalan&iacute;t&aacute;sa hasznos mind az &aacute;llat, mind a gazd&aacute;ja sz&aacute;m&aacute;ra. Az ivartalan&iacute;t&aacute;s f\u0151 c&eacute;lja a rendszeresen jelentkez\u0151 ivarz&aacute;sok &eacute;s nem k&iacute;v&aacute;natos p&aacute;rz&aacute;sok megel\u0151z&eacute;se. A v&eacute;letlen p&aacute;rz&aacute;sok eredm&eacute;nyek&eacute;ppen a kidobott, k&oacute;bor &aacute;llatok sz&aacute;ma oly m&eacute;rt&eacute;kben n\u0151, amivel az &aacute;llatv&eacute;d\u0151 egyes&uuml;letek<\/p>\n","protected":false},"author":3837,"featured_media":0,"parent":14342,"menu_order":0,"comment_status":"closed","ping_status":"closed","template":"","meta":{"_acf_changed":false,"footnotes":""},"categories":[],"tags":[],"class_list":["post-14343","page","type-page","status-publish","hentry"],"acf":[],"_links":{"self":[{"href":"https:\/\/univet.hu\/hu\/wp-json\/wp\/v2\/pages\/14343","targetHints":{"allow":["GET"]}}],"collection":[{"href":"https:\/\/univet.hu\/hu\/wp-json\/wp\/v2\/pages"}],"about":[{"href":"https:\/\/univet.hu\/hu\/wp-json\/wp\/v2\/types\/page"}],"author":[{"embeddable":true,"href":"https:\/\/univet.hu\/hu\/wp-json\/wp\/v2\/users\/3837"}],"replies":[{"embeddable":true,"href":"https:\/\/univet.hu\/hu\/wp-json\/wp\/v2\/comments?post=14343"}],"version-history":[{"count":0,"href":"https:\/\/univet.hu\/hu\/wp-json\/wp\/v2\/pages\/14343\/revisions"}],"up":[{"embeddable":true,"href":"https:\/\/univet.hu\/hu\/wp-json\/wp\/v2\/pages\/14342"}],"wp:attachment":[{"href":"https:\/\/univet.hu\/hu\/wp-json\/wp\/v2\/media?parent=14343"}],"wp:term":[{"taxonomy":"category","embeddable":true,"href":"https:\/\/univet.hu\/hu\/wp-json\/wp\/v2\/categories?post=14343"},{"taxonomy":"post_tag","embeddable":true,"href":"https:\/\/univet.hu\/hu\/wp-json\/wp\/v2\/tags?post=14343"}],"curies":[{"name":"wp","href":"https:\/\/api.w.org\/{rel}","templated":true}]}}