{"id":14344,"date":"1970-01-01T01:00:00","date_gmt":"1970-01-01T00:00:00","guid":{"rendered":"http:\/\/univet.hu\/egyetem\/szervezeti-egysegek\/szuleszeti-es-szaporodasbiologiai-tanszek-es-klinika\/szolgaltatasok\/tanacsok-allattartoknak\/csaszarmetszes\/"},"modified":"2018-09-07T15:47:33","modified_gmt":"2018-09-07T13:47:33","slug":"csaszarmetszes","status":"publish","type":"page","link":"https:\/\/univet.hu\/hu\/egyetem\/szervezeti-egysegek\/szuleszeti-es-szaporodasbiologiai-tanszek-es-klinika\/szolgaltatasok\/tanacsok-allattartoknak\/csaszarmetszes\/","title":{"rendered":"Cs\u00e1sz\u00e1rmetsz\u00e9s"},"content":{"rendered":"<p>A cs&aacute;sz&aacute;rmetsz&eacute;s seb&eacute;szi beavatkoz&aacute;s, melynek sor&aacute;n m\u0171t&eacute;ttel t&aacute;vol&iacute;tj&aacute;k el a m&eacute;hben rekedt magzatokat. Megakadt ell&eacute;s eset&eacute;n s&uuml;rg\u0151ss&eacute;gi beavatkoz&aacute;snak sz&aacute;m&iacute;t, de bizonyos nehezen ell\u0151 fajt&aacute;kn&aacute;l (angol bulldog), illetve m&aacute;s fajt&aacute;kn&aacute;l t&uacute;lhord&aacute;s eset&eacute;n megel\u0151z&eacute;sk&eacute;ppen is v&eacute;gezz&uuml;k (elekt&iacute;v cs&aacute;sz&aacute;rmetsz&eacute;s). Amikor az anya k&eacute;s\u0151bbi szaporod&aacute;sa nem k&iacute;v&aacute;natos, esetleg az &aacute;llat &eacute;let&eacute;t vesz&eacute;lyeztetn&eacute;, a cs&aacute;sz&aacute;rmetsz&eacute;st ivartalan&iacute;t&aacute;ssal is &ouml;sszek&ouml;tik.<\/p> <p><img decoding=\"async\" alt=\"Csaszar\" src=\"https:\/\/univet.hu\/files\/subpages\/226\/images\/csaszar.jpg\" data-replaced=\"true\" style=\"height:288px; width:400px\" \/><\/p> <p>El\u0151fordul, hogy az anyakutya kezdett\u0151l fogva renyhe sz&uuml;l\u0151f&aacute;j&aacute;sokat mutat, m&aacute;skor pedig a kezdetben megfelel\u0151 f&aacute;j&aacute;stev&eacute;kenys&eacute;g a m&eacute;hizomzat kif&aacute;rad&aacute;sa miatt gyeng&uuml;l. Amennyiben a gy&oacute;gyszeres f&aacute;j&aacute;ser\u0151s&iacute;t\u0151 kezel&eacute;s nem seg&iacute;t, vagy nincs rem&eacute;ny az ell&eacute;s h&uuml;velyi levezet&eacute;s&eacute;re, a magzatok &eacute;s az anya &eacute;let&eacute;nek meg&oacute;v&aacute;sa &eacute;rdek&eacute;ben c&eacute;lszer\u0171 cs&aacute;sz&aacute;rmetsz&eacute;shez folyamodni. Ugyanez vonatkozik a rendellenes magzati prezent&aacute;ci&oacute;kra, valamint arra, amikor az anya medenc&eacute;je a magzatok m&eacute;ret&eacute;hez k&eacute;pest sz\u0171k. Amikor a h&uuml;velyb\u0151l v&ouml;r&ouml;ses-z&ouml;ld, n&eacute;ha fekete sz&iacute;n\u0171 v&aacute;lad&eacute;k &uuml;r&uuml;l, az a placenta lev&aacute;l&aacute;s&aacute;ra utal a m&eacute;hfalr&oacute;l, a magzatok m&eacute;hen bel&uuml;li oxig&eacute;n- &eacute;s t&aacute;panyagell&aacute;t&aacute;sa fokozatosan romlik &eacute;s hamarosan elpusztulnak. Az ilyenkor v&eacute;gzett ultrahangvizsg&aacute;lat a magzati sz&iacute;vm\u0171k&ouml;d&eacute;s rohamos lassul&aacute;s&aacute;t mutatja, &eacute;s azonnali m\u0171t&eacute;t indokolt.<\/p> <p>A t&ouml;bbi has\u0171ri m\u0171t&eacute;thez hasonl&oacute;an a cs&aacute;sz&aacute;rmetsz&eacute;st is &aacute;ltal&aacute;nos &eacute;rz&eacute;stelen&iacute;t&eacute;sben v&eacute;gezz&uuml;k, azonban az altat&aacute;s m&oacute;dja elt&eacute;r\u0151. A placenta szerkezete miatt ugyanis a legt&ouml;bb gy&oacute;gyszer &aacute;tjut a m&eacute;hlep&eacute;nyen. B&aacute;r a korszer\u0171 anaestheticumok m&aacute;r biztons&aacute;gosabbak, az altat&oacute;szereknek nem elhanyagolhat&oacute; kering&eacute;s- &eacute;s l&eacute;gz&eacute;sdepresszi&oacute;s hat&aacute;suk van, ami a feln\u0151tt &aacute;llatokn&aacute;l sokkal &eacute;rz&eacute;kenyebb magzatok pusztul&aacute;shoz vezethet. Ez&eacute;rt a cs&aacute;sz&aacute;rmetsz&eacute;sn&eacute;l haszn&aacute;lt kombin&aacute;lt nark&oacute;zis a magzatok kiemel&eacute;s&eacute;ig egy fel&uuml;letes b&oacute;d&iacute;t&aacute;ssal kikapcsolja az &aacute;llat ellenkez&eacute;s&eacute;t, biztos&iacute;tja a hasizmok &eacute;s a m&eacute;h ellazul&aacute;s&aacute;t, &eacute;s csak a m&eacute;h &eacute;s a hasfal z&aacute;r&aacute;s&aacute;hoz m&eacute;ly&iacute;tik el a szok&aacute;sos m&eacute;rt&eacute;kig. A nark&oacute;zist &aacute;ltal&aacute;ban intrav&eacute;n&aacute;s injekci&oacute;val vezetik be, azut&aacute;n a l&eacute;gcs\u0151be vezetett tubuson kereszt&uuml;l korm&aacute;nyozhat&oacute; g&eacute;pi altat&aacute;ssal tartj&aacute;k fenn a m\u0171t&eacute;t v&eacute;g&eacute;ig.<\/p> <p><strong><img decoding=\"async\" alt=\"Csaszar Meh\" src=\"https:\/\/univet.hu\/files\/subpages\/226\/images\/csaszar_meh.jpg\" data-replaced=\"true\" style=\"height:297px; width:400px\" \/><\/strong><\/p> <p>A m\u0171t&eacute;t sor&aacute;n a m&eacute;hb\u0151l kiemelt magzatok fokozott gondoskod&aacute;sra szorulnak. Ez&eacute;rt mindenk&eacute;ppen sz&uuml;ks&eacute;g van egy seg&iacute;ts&eacute;gre, aki az &uacute;jsz&uuml;l&ouml;tteket a magzatburkokb&oacute;l kiszabad&iacute;tja, a l&eacute;gutakat megtiszt&iacute;tja, az els\u0151 l&eacute;gv&eacute;teleket vizes &ouml;bl&iacute;t&eacute;ssel, majd sz&aacute;razra d&ouml;rzs&ouml;l&eacute;ssel serkenti &eacute;s a szab&aacute;lyos l&eacute;gz&eacute;s megindul&aacute;sa ut&aacute;n a k&ouml;lyk&ouml;ket meleg helyre teszi. Esetenk&eacute;nt l&eacute;gz&eacute;s-stimul&aacute;ns gy&oacute;gyszerek ad&aacute;sa is sz&uuml;ks&eacute;ges lehet. Az anya f&eacute;l-egy &oacute;ra m&uacute;lva esed&eacute;kes &eacute;bred&eacute;se ut&aacute;n a k&ouml;lyk&ouml;ket al&aacute; kell rakni &eacute;s &uuml;gyelni, hogy k&aacute;bult &aacute;llapotban ne nyomja \u0151ket agyon, illetve elfogadja &eacute;s szoptassa. A ki&uuml;r&iacute;tett &eacute;s &ouml;sszevarrt m&eacute;h miel\u0151bbi &ouml;sszeh&uacute;z&oacute;d&aacute;s&aacute;t oxytocin injekci&oacute;val serkentik, ami a tejelv&aacute;laszt&aacute;s megindul&aacute;s&aacute;t is t&aacute;mogatja. A m\u0171t&eacute;t ut&aacute;n &aacute;ltal&aacute;ban az any&aacute;t k&ouml;lykeivel egy&uuml;tt hazaengedik, az ut&oacute;kezel&eacute;s antibiotikumok &eacute;s m&eacute;h&ouml;sszeh&uacute;z&oacute; szerek n&eacute;h&aacute;ny napos adagol&aacute;s&aacute;t jelenti. A m&eacute;h- &eacute;s a bels\u0151 hasfali varratok felsz&iacute;v&oacute;d&oacute; fonallal k&eacute;sz&uuml;lnek, a b\u0151rvarratok elt&aacute;vol&iacute;t&aacute;sa 7-10 nap m&uacute;lva esed&eacute;kes.<\/p>","protected":false},"excerpt":{"rendered":"<p>A cs&aacute;sz&aacute;rmetsz&eacute;s seb&eacute;szi beavatkoz&aacute;s, melynek sor&aacute;n m\u0171t&eacute;ttel t&aacute;vol&iacute;tj&aacute;k el a m&eacute;hben rekedt magzatokat. Megakadt ell&eacute;s eset&eacute;n s&uuml;rg\u0151ss&eacute;gi beavatkoz&aacute;snak sz&aacute;m&iacute;t, de bizonyos nehezen ell\u0151 fajt&aacute;kn&aacute;l (angol bulldog), illetve m&aacute;s fajt&aacute;kn&aacute;l t&uacute;lhord&aacute;s eset&eacute;n megel\u0151z&eacute;sk&eacute;ppen is v&eacute;gezz&uuml;k (elekt&iacute;v cs&aacute;sz&aacute;rmetsz&eacute;s). Amikor az anya k&eacute;s\u0151bbi szaporod&aacute;sa nem k&iacute;v&aacute;natos, esetleg az &aacute;llat &eacute;let&eacute;t vesz&eacute;lyeztetn&eacute;, a cs&aacute;sz&aacute;rmetsz&eacute;st ivartalan&iacute;t&aacute;ssal is &ouml;sszek&ouml;tik. El\u0151fordul, hogy<\/p>\n","protected":false},"author":3837,"featured_media":0,"parent":14342,"menu_order":0,"comment_status":"closed","ping_status":"closed","template":"","meta":{"_acf_changed":false,"footnotes":""},"categories":[],"tags":[],"class_list":["post-14344","page","type-page","status-publish","hentry"],"acf":[],"_links":{"self":[{"href":"https:\/\/univet.hu\/hu\/wp-json\/wp\/v2\/pages\/14344","targetHints":{"allow":["GET"]}}],"collection":[{"href":"https:\/\/univet.hu\/hu\/wp-json\/wp\/v2\/pages"}],"about":[{"href":"https:\/\/univet.hu\/hu\/wp-json\/wp\/v2\/types\/page"}],"author":[{"embeddable":true,"href":"https:\/\/univet.hu\/hu\/wp-json\/wp\/v2\/users\/3837"}],"replies":[{"embeddable":true,"href":"https:\/\/univet.hu\/hu\/wp-json\/wp\/v2\/comments?post=14344"}],"version-history":[{"count":0,"href":"https:\/\/univet.hu\/hu\/wp-json\/wp\/v2\/pages\/14344\/revisions"}],"up":[{"embeddable":true,"href":"https:\/\/univet.hu\/hu\/wp-json\/wp\/v2\/pages\/14342"}],"wp:attachment":[{"href":"https:\/\/univet.hu\/hu\/wp-json\/wp\/v2\/media?parent=14344"}],"wp:term":[{"taxonomy":"category","embeddable":true,"href":"https:\/\/univet.hu\/hu\/wp-json\/wp\/v2\/categories?post=14344"},{"taxonomy":"post_tag","embeddable":true,"href":"https:\/\/univet.hu\/hu\/wp-json\/wp\/v2\/tags?post=14344"}],"curies":[{"name":"wp","href":"https:\/\/api.w.org\/{rel}","templated":true}]}}