{"id":14345,"date":"1970-01-01T01:00:00","date_gmt":"1970-01-01T00:00:00","guid":{"rendered":"http:\/\/univet.hu\/egyetem\/szervezeti-egysegek\/szuleszeti-es-szaporodasbiologiai-tanszek-es-klinika\/szolgaltatasok\/tanacsok-allattartoknak\/pyometra-gennyes-mehgyulladas\/"},"modified":"2018-09-07T15:47:34","modified_gmt":"2018-09-07T13:47:34","slug":"pyometra-gennyes-mehgyulladas","status":"publish","type":"page","link":"https:\/\/univet.hu\/hu\/egyetem\/szervezeti-egysegek\/szuleszeti-es-szaporodasbiologiai-tanszek-es-klinika\/szolgaltatasok\/tanacsok-allattartoknak\/pyometra-gennyes-mehgyulladas\/","title":{"rendered":"Pyometra (gennyes m\u00e9hgyullad\u00e1s)"},"content":{"rendered":"<p>Id\u0151sebb, nem ivartalan&iacute;tott kuty&aacute;k lappangva fejl\u0151d\u0151 betegs&eacute;ge, amely s&uacute;lyos, nem egyszer &eacute;letvesz&eacute;lyes &aacute;llapothoz vezet. A pyometra l&aacute;that&oacute; klinikai t&uuml;netekkel legt&ouml;bbsz&ouml;r vemhess&eacute;ghez nem vezet\u0151 t&uuml;zel&eacute;s ut&aacute;n 2-3 h&oacute;nappal jelentkezik. Kor&aacute;bban a m&eacute;h fert\u0151z\u0151d&eacute;s&eacute;nek tulajdon&iacute;tott&aacute;k, ma m&aacute;r ink&aacute;bb a hormon&aacute;lis egyens&uacute;ly felborul&aacute;s&aacute;val magyar&aacute;zzuk, amelyn&eacute;l a bakteri&aacute;lis fert\u0151z&eacute;s ink&aacute;bb m&aacute;sodlagos sz&ouml;v\u0151dm&eacute;ny. Nem hallgathat&oacute; el az sem, hogy bizonyos hormon&aacute;lis beavatkoz&aacute;sok, mint pl. a nem k&iacute;v&aacute;nt vemhess&eacute;g megakad&aacute;lyoz&aacute;sa a p&aacute;rz&aacute;s ut&aacute;ni napokban adott &ouml;sztrog&eacute;nnel, vagy a fogamz&aacute;sg&aacute;tl&oacute; tablett&aacute;k vagy injekci&oacute; ellen\u0151rizetlen adagol&aacute;sa, hajlamos&iacute;tanak a pyometra kialakul&aacute;s&aacute;ra.<\/p> <p>Az ivari ciklus szab&aacute;lyoz&aacute;s&aacute;ban szerepet j&aacute;tsz&oacute; k&eacute;t nemi hormon az &ouml;sztrog&eacute;n &eacute;s a progeszteron, amelyek szerte&aacute;gaz&oacute; szerep&eacute;t a kutya nemi ciklus&aacute;nak t&aacute;rgyal&aacute;s&aacute;n&aacute;l m&aacute;r eml&iacute;tett&uuml;k. A r&eacute;szleteket mell\u0151zve, az &ouml;sztrog&eacute;nek a m&eacute;h ny&aacute;lkah&aacute;rty&aacute;j&aacute;ban mirigyek fejl\u0151d&eacute;s&eacute;t serkentik, amelyek azut&aacute;n a progeszteron hormon hat&aacute;s&aacute;ra l&eacute;pnek m\u0171k&ouml;d&eacute;sbe: olyan v&aacute;lad&eacute;kot termelnek, amely a m&eacute;h &uuml;reg&eacute;be &eacute;rkez\u0151 megterm&eacute;keny&uuml;lt embri&oacute;k t&aacute;pl&aacute;l&aacute;s&aacute;t biztos&iacute;tj&aacute;k eg&eacute;szen azok be&aacute;gyaz&oacute;d&aacute;s&aacute;ig.<\/p> <p><img decoding=\"async\" alt=\"Pyometra\" src=\"https:\/\/univet.hu\/files\/subpages\/227\/images\/pyometra.jpg\" data-replaced=\"true\" style=\"height:302px; width:400px\" \/><\/p> <p>Amikor a progeszteron t&uacute;ls&uacute;lyba ker&uuml;l, vagy a m&eacute;h ny&aacute;lkah&aacute;rty&aacute;ja a szok&aacute;sosn&aacute;l &eacute;rz&eacute;kenyebb a progeszteronra, kialakul a m&eacute;hny&aacute;lkah&aacute;rtya mirigyes-t&ouml;ml\u0151s t&uacute;lteng&eacute;se elnevez&eacute;s\u0171 k&oacute;rk&eacute;p (hyperplasia glandularis cystica). Ezt a nem ritka rendelleness&eacute;get a mirigyv&eacute;gkamr&aacute;k burj&aacute;nz&aacute;sa jellemzi, amely &aacute;lland&oacute;sul. A m&eacute;hmirigyek v&aacute;lad&eacute;ka eleinte, a t&uuml;zel&eacute;s k&ouml;r&uuml;li id\u0151szakban m&eacute;g nyitott nyakcsatorn&aacute;n kereszt&uuml;l elt&aacute;vozik, &eacute;s ebben az id\u0151szakban a m&eacute;h egy&eacute;bk&eacute;nt is meglehet\u0151sen ellen&aacute;ll&oacute; a fert\u0151z&eacute;sekkel szemben. Az ivarz&aacute;s befejezt&eacute;vel a m&eacute;hnyak fokozatosan z&aacute;r&oacute;dik, ilyen &aacute;llapotban a m&eacute;h egyre &eacute;rz&eacute;kenyebb a fert\u0151z&eacute;sekre. Amennyiben a m&eacute;hnyakon kereszt&uuml;l (felsz&aacute;ll&oacute; vagy ascend&aacute;l&oacute; fert\u0151z&eacute;s) vagy a v&eacute;rkering&eacute;s &uacute;tj&aacute;n (hematog&eacute;n fert\u0151z&eacute;s) bakt&eacute;riumok jutnak a m&eacute;h &uuml;reg&eacute;be, az ott pang&oacute; v&aacute;lad&eacute;k kit\u0171n\u0151 t&aacute;ptalajt biztos&iacute;t sz&aacute;mukra &eacute;s elszaporodnak. A v&eacute;dekez&eacute;sk&eacute;ppen oda&aacute;raml&oacute; feh&eacute;rv&eacute;rsejtek k&ouml;vetkezt&eacute;ben kialakul a gennyes m&eacute;hgyullad&aacute;s vagy pyometra. Az egyre nagyobb mennyis&eacute;g\u0171 folyad&eacute;k az egy&eacute;bk&eacute;nt ceruzav&eacute;konys&aacute;g&uacute; m&eacute;het jelent\u0151sen, sok esetben a vemhess&eacute;gn&eacute;l is nagyobbra kit&aacute;g&iacute;tja, amelynek k&eacute;t vesz&eacute;lye is van. Egyr&eacute;szt a fenyeget\u0151 m&eacute;hreped&eacute;s: ez k&ouml;zvetlen &eacute;letvesz&eacute;lyt jelent a betegre m&eacute;g akkor is, ha azonnal &eacute;szlelik &eacute;s megoper&aacute;lj&aacute;k. M&aacute;sr&eacute;szt a nagy mennyis&eacute;g\u0171 gennyes-bakt&eacute;riumos v&aacute;lad&eacute;kb&oacute;l kiszabadul&oacute; toxinok a m&aacute;jat, a ves&eacute;t &eacute;s a sz&iacute;vizmot oly m&eacute;rt&eacute;kben k&aacute;ros&iacute;thatj&aacute;k, hogy az ilyenkor m&aacute;r elker&uuml;lhetetlen m\u0171t&eacute;t &eacute;s altat&aacute;s nagy kock&aacute;zatot jelent.<\/p> <p>Sajnos a pyometra lappangva fejl\u0151d\u0151 k&oacute;rk&eacute;p, t&uuml;netei semmitmond&oacute;ak. A fokozott v&iacute;ziv&aacute;s (polydipsia) &eacute;s gyakori vizelet&uuml;r&iacute;t&eacute;s (polyuria), vagy a h&aacute;ny&aacute;s &eacute;s hasmen&eacute;s sok m&aacute;s betegs&eacute;gn&eacute;l is jelentkezik. Szerencs&eacute;s esetben, am&iacute;g a m&eacute;g nyitott m&eacute;hnyakon kereszt&uuml;l a h&uuml;velyb\u0151l &aacute;ttetsz\u0151 vagy feh&eacute;res sz&iacute;n\u0171 v&aacute;lad&eacute;k &uuml;r&uuml;l, addig &eacute;szrevehet\u0151 p&eacute;ld&aacute;ul abb&oacute;l, hogy a kutya sokat nyalogatja, tisztogatja mag&aacute;t. Az ilyenkor elv&eacute;gzett v&eacute;rvizsg&aacute;lat megemelkedett feh&eacute;rv&eacute;rsejtsz&aacute;mot mutat. K&eacute;s\u0151bb, amikor a felgy&uuml;leml\u0151 m&eacute;hv&aacute;lad&eacute;k miatt kit&aacute;gult m&eacute;h s&uacute;lya megn\u0151, a h&aacute;tuls&oacute; testf&eacute;l gyenges&eacute;ge &eacute;szlelhet\u0151. A megn&ouml;vekedett m&eacute;ret\u0171, gennyes v&aacute;lad&eacute;kot tartalmaz&oacute; m&eacute;h alapos ultrahang- vagy r&ouml;ntgenvizsg&aacute;lattal f&ouml;lismerhet\u0151. El\u0151rehaladott, vesek&aacute;rosod&aacute;ssal j&aacute;r&oacute; esetekben a kutya &eacute;tv&aacute;gytalan lesz, elfekszik &eacute;s &aacute;ltal&aacute;nos &aacute;llapota rohamosan s&uacute;lyosbodik, sajnos t&ouml;bbnyire csak ilyenkor der&uuml;l f&eacute;ny a betegs&eacute;gre.<\/p> <p>A betegs&eacute;g ugyan h&oacute;napok alatt fejl\u0151dik ki, de mire &eacute;szrevessz&uuml;k, a toxikus folyamatok miatt a beteg &aacute;llat m&aacute;r igen s&uacute;lyos, ak&aacute;r &eacute;letvesz&eacute;lyes &aacute;llapotba ker&uuml;l, ami azonnali beavatkoz&aacute;st ig&eacute;nyel. A teny&eacute;sz&eacute;rt&eacute;k meg&oacute;v&aacute;sa &eacute;rdek&eacute;ben, k&uuml;l&ouml;n&ouml;sen kiv&aacute;l&oacute; genetikai h&aacute;tter\u0171 egyedekn&eacute;l meg lehet ugyan pr&oacute;b&aacute;lkozni a gy&oacute;gyszeres, &uacute;n. konzervat&iacute;v kezel&eacute;ssel, &aacute;m ennek a kimenetele k&eacute;tes. M&eacute;g eredm&eacute;nyes esetekn&eacute;l is mindig fenn&aacute;ll a ki&uacute;jul&aacute;s vesz&eacute;lye. Amellett, hogy a tov&aacute;bbteny&eacute;szt&eacute;sre alkalmas &aacute;llapot vissza&aacute;ll&iacute;t&aacute;sa bizonytalan, a m\u0171t&eacute;ttel val&oacute; k&eacute;sleked&eacute;s az &aacute;llat &eacute;let&eacute;t is vesz&eacute;lyeztetheti. Val&oacute;j&aacute;ban a pyometra egyetlen gy&oacute;gym&oacute;dja a petef&eacute;szek &eacute;s m&eacute;h azonnali elt&aacute;vol&iacute;t&aacute;sa (ovariohysterectomia). Abban az esetben, amikor a m&aacute;j- &eacute;s vesek&aacute;rosod&aacute;s m&eacute;g nem t&uacute;l s&uacute;lyosfok&uacute;, a m\u0171t&eacute;t k&oacute;rj&oacute;slata kedvez\u0151, az &aacute;llatok gyorsan &eacute;s v&eacute;glegesen gy&oacute;gyulnak. Az el\u0151rehaladott esetekkel &eacute;s rossz &aacute;ltal&aacute;nos &aacute;llapottal egy&uuml;tt j&aacute;r&oacute; fokozott m\u0171t&eacute;ti kock&aacute;zat cs&ouml;kkent&eacute;se &eacute;rdek&eacute;ben c&eacute;lszer\u0171 az intrav&eacute;n&aacute;s folyad&eacute;kter&aacute;pia, valamint a kering&eacute;s gy&oacute;gyszeres t&aacute;mogat&aacute;sa.<\/p> <p>A betegs&eacute;g megel\u0151z&eacute;se &eacute;rdek&eacute;ben a nem teny&eacute;szt&eacute;sre sz&aacute;nt &aacute;llatokat c&eacute;lszer\u0171 id\u0151ben ivartalan&iacute;tani, mert n&aacute;luk a pyometra jelentkez&eacute;se gyakorlatilag kiz&aacute;rhat&oacute;.<\/p>","protected":false},"excerpt":{"rendered":"<p>Id\u0151sebb, nem ivartalan&iacute;tott kuty&aacute;k lappangva fejl\u0151d\u0151 betegs&eacute;ge, amely s&uacute;lyos, nem egyszer &eacute;letvesz&eacute;lyes &aacute;llapothoz vezet. A pyometra l&aacute;that&oacute; klinikai t&uuml;netekkel legt&ouml;bbsz&ouml;r vemhess&eacute;ghez nem vezet\u0151 t&uuml;zel&eacute;s ut&aacute;n 2-3 h&oacute;nappal jelentkezik. Kor&aacute;bban a m&eacute;h fert\u0151z\u0151d&eacute;s&eacute;nek tulajdon&iacute;tott&aacute;k, ma m&aacute;r ink&aacute;bb a hormon&aacute;lis egyens&uacute;ly felborul&aacute;s&aacute;val magyar&aacute;zzuk, amelyn&eacute;l a bakteri&aacute;lis fert\u0151z&eacute;s ink&aacute;bb m&aacute;sodlagos sz&ouml;v\u0151dm&eacute;ny. Nem hallgathat&oacute; el az sem, hogy bizonyos<\/p>\n","protected":false},"author":3837,"featured_media":0,"parent":14342,"menu_order":0,"comment_status":"closed","ping_status":"closed","template":"","meta":{"_acf_changed":false,"footnotes":""},"categories":[],"tags":[],"class_list":["post-14345","page","type-page","status-publish","hentry"],"acf":[],"_links":{"self":[{"href":"https:\/\/univet.hu\/hu\/wp-json\/wp\/v2\/pages\/14345","targetHints":{"allow":["GET"]}}],"collection":[{"href":"https:\/\/univet.hu\/hu\/wp-json\/wp\/v2\/pages"}],"about":[{"href":"https:\/\/univet.hu\/hu\/wp-json\/wp\/v2\/types\/page"}],"author":[{"embeddable":true,"href":"https:\/\/univet.hu\/hu\/wp-json\/wp\/v2\/users\/3837"}],"replies":[{"embeddable":true,"href":"https:\/\/univet.hu\/hu\/wp-json\/wp\/v2\/comments?post=14345"}],"version-history":[{"count":0,"href":"https:\/\/univet.hu\/hu\/wp-json\/wp\/v2\/pages\/14345\/revisions"}],"up":[{"embeddable":true,"href":"https:\/\/univet.hu\/hu\/wp-json\/wp\/v2\/pages\/14342"}],"wp:attachment":[{"href":"https:\/\/univet.hu\/hu\/wp-json\/wp\/v2\/media?parent=14345"}],"wp:term":[{"taxonomy":"category","embeddable":true,"href":"https:\/\/univet.hu\/hu\/wp-json\/wp\/v2\/categories?post=14345"},{"taxonomy":"post_tag","embeddable":true,"href":"https:\/\/univet.hu\/hu\/wp-json\/wp\/v2\/tags?post=14345"}],"curies":[{"name":"wp","href":"https:\/\/api.w.org\/{rel}","templated":true}]}}