{"id":14346,"date":"1970-01-01T01:00:00","date_gmt":"1970-01-01T00:00:00","guid":{"rendered":"http:\/\/univet.hu\/egyetem\/szervezeti-egysegek\/szuleszeti-es-szaporodasbiologiai-tanszek-es-klinika\/szolgaltatasok\/tanacsok-allattartoknak\/altatas-boditas-kockazatai\/"},"modified":"2018-09-07T15:47:34","modified_gmt":"2018-09-07T13:47:34","slug":"altatas-boditas-kockazatai","status":"publish","type":"page","link":"https:\/\/univet.hu\/hu\/egyetem\/szervezeti-egysegek\/szuleszeti-es-szaporodasbiologiai-tanszek-es-klinika\/szolgaltatasok\/tanacsok-allattartoknak\/altatas-boditas-kockazatai\/","title":{"rendered":"Altat\u00e1s, b\u00f3d\u00edt\u00e1s kock\u00e1zatai"},"content":{"rendered":"<p>A m\u0171t&eacute;tekhez (esetenk&eacute;nt a betegvizsg&aacute;lathoz) sz&uuml;ks&eacute;gess&eacute; v&aacute;lhat az &aacute;llatok gy&oacute;gyszeres vagy g&eacute;pi altat&aacute;sa, b&oacute;d&iacute;t&aacute;sa. Ennek a mai korszer\u0171 gy&oacute;gyszerek &eacute;s elj&aacute;r&aacute;sok eset&eacute;ben eg&eacute;szs&eacute;ges &aacute;llatokon csak ritk&aacute;n vannak nem v&aacute;rt mell&eacute;khat&aacute;sai. A m\u0171t&eacute;tre ker&uuml;l\u0151 id\u0151s vagy hosszabb ideje beteg &aacute;llatok m&aacute;j- &eacute;s vesem\u0171k&ouml;d&eacute;se azonban m&aacute;r nem kiel&eacute;g&iacute;t\u0151. A k&aacute;rosodott m&aacute;j &eacute;s vese k&eacute;ptelen az altat&oacute;szerek megfelel\u0151 &uuml;tem\u0171 lebont&aacute;s&aacute;ra &eacute;s az &aacute;llatok a beadott gy&oacute;gyszerekre nem kisz&aacute;m&iacute;that&oacute; m&oacute;don reag&aacute;lnak, ez&eacute;rt id\u0151nk&eacute;nt el\u0151fordulhatnak &uacute;gynevezett altat&aacute;si balesetek. Ilyenkor szerencs&eacute;s esetben csak elh&uacute;z&oacute;dik az &eacute;bred&eacute;se, de sajn&aacute;latos m&oacute;don az is megt&ouml;rt&eacute;nhet, hogy a beteg m&aacute;r a m\u0171t&eacute;t el\u0151tt vagy alatt elpusztul, illetve a m\u0171t&eacute;t ut&aacute;n nem &eacute;bred fel.<\/p> <p>Ezt az altat&aacute;ssal elker&uuml;lhetetlen&uuml;l egy&uuml;tt j&aacute;r&oacute; kock&aacute;zati t&eacute;nyez\u0151t az &aacute;llattulajdonosnak is v&aacute;llalnia kell, amikor beleegyezik az altat&aacute;ssal vagy b&oacute;d&iacute;t&aacute;ssal j&aacute;r&oacute; beavatkoz&aacute;sba!<\/p> <p>A kock&aacute;zati t&eacute;nyez\u0151 id\u0151sebb, rossz &aacute;ltal&aacute;nos &aacute;llapotban lev\u0151, er\u0151sen elh&iacute;zott vagy fiatal &eacute;s fejletlen egyedekben j&oacute;val nagyobb a szok&aacute;sosn&aacute;l. Fokozott kock&aacute;zattal kell sz&aacute;molni a sz&iacute;v-, m&aacute;j- &eacute;s vesebetegs&eacute;gben szenved\u0151 &aacute;llatokn&aacute;l is. Emiatt az el\u0151re tervezhet\u0151 m\u0171t&eacute;tekn&eacute;l c&eacute;lszer\u0171 a beavatkoz&aacute;st megel\u0151z\u0151en az &aacute;llat alapos kivizsg&aacute;l&aacute;sa, &eacute;s a legfontosabb szervi funkci&oacute;k ellen\u0151rz&eacute;se, ami a m\u0171t&eacute;ti kock&aacute;zat m&eacute;rt&eacute;k&eacute;t jelent\u0151sen cs&ouml;kkenti. Amikor (pl. &eacute;letment\u0151 m\u0171t&eacute;tek eset&eacute;ben) erre nincs m&oacute;d vagy id\u0151, akkor vagy a beavatkoz&aacute;st kell elhalasztani (ennek minden vesz&eacute;ly&eacute;vel), vagy v&aacute;llalni az altat&aacute;ssal j&aacute;r&oacute; megn&ouml;vekedett kock&aacute;zatot. Ebben a d&ouml;nt&eacute;sben term&eacute;szetesen &Ouml;nnek kulcsszerepe van, hiszen &Ouml;nnek kell kimondania ezzel kapcsolatban a d&ouml;nt\u0151 sz&oacute;t! Elhat&aacute;roz&aacute;s&aacute;nak megk&ouml;nny&iacute;t&eacute;se &eacute;rdek&eacute;ben az altatni k&iacute;v&aacute;nt &aacute;llat eg&eacute;szs&eacute;gi &aacute;llapot&aacute;t el\u0151zetesen felm&eacute;rj&uuml;k &eacute;s v&eacute;lem&eacute;nyezz&uuml;k az altat&aacute;si rizik&oacute; m&eacute;rt&eacute;ke szempontj&aacute;b&oacute;l.<\/p> <p>D&ouml;nt&eacute;s&eacute;t &eacute;s a t&aacute;j&eacute;koztat&aacute;s tudom&aacute;sul v&eacute;tel&eacute;t egy el\u0151zetes beleegyez\u0151 nyilatkozat al&aacute;&iacute;r&aacute;s&aacute;val is meg kell er\u0151s&iacute;tenie! Ez azt jelenti, hogy &Ouml;n tudat&aacute;ban van, miszerint a szakmai szab&aacute;lyok messzemen\u0151 betart&aacute;s&aacute;val v&eacute;gzett altat&aacute;s is bizonyos kock&aacute;zattal j&aacute;r, ami&eacute;rt a beavatkoz&aacute;st gondosan v&eacute;gz\u0151 &aacute;llatorvost felel\u0151ss&eacute;g nem terheli.<\/p> <p><a href=\"https:\/\/univet.hu\/files\/subpages\/228\/files\/beleegyez%C5%91.pdf\" data-replaced=\"true\" target=\"_blank\">M\u0171t&eacute;ti beleegyez\u0151 nyilatkozat mint&aacute;ja<\/a><\/p>","protected":false},"excerpt":{"rendered":"<p>A m\u0171t&eacute;tekhez (esetenk&eacute;nt a betegvizsg&aacute;lathoz) sz&uuml;ks&eacute;gess&eacute; v&aacute;lhat az &aacute;llatok gy&oacute;gyszeres vagy g&eacute;pi altat&aacute;sa, b&oacute;d&iacute;t&aacute;sa. Ennek a mai korszer\u0171 gy&oacute;gyszerek &eacute;s elj&aacute;r&aacute;sok eset&eacute;ben eg&eacute;szs&eacute;ges &aacute;llatokon csak ritk&aacute;n vannak nem v&aacute;rt mell&eacute;khat&aacute;sai. A m\u0171t&eacute;tre ker&uuml;l\u0151 id\u0151s vagy hosszabb ideje beteg &aacute;llatok m&aacute;j- &eacute;s vesem\u0171k&ouml;d&eacute;se azonban m&aacute;r nem kiel&eacute;g&iacute;t\u0151. A k&aacute;rosodott m&aacute;j &eacute;s vese k&eacute;ptelen az altat&oacute;szerek megfelel\u0151<\/p>\n","protected":false},"author":3837,"featured_media":0,"parent":14342,"menu_order":0,"comment_status":"closed","ping_status":"closed","template":"","meta":{"_acf_changed":false,"footnotes":""},"categories":[],"tags":[],"class_list":["post-14346","page","type-page","status-publish","hentry"],"acf":[],"_links":{"self":[{"href":"https:\/\/univet.hu\/hu\/wp-json\/wp\/v2\/pages\/14346","targetHints":{"allow":["GET"]}}],"collection":[{"href":"https:\/\/univet.hu\/hu\/wp-json\/wp\/v2\/pages"}],"about":[{"href":"https:\/\/univet.hu\/hu\/wp-json\/wp\/v2\/types\/page"}],"author":[{"embeddable":true,"href":"https:\/\/univet.hu\/hu\/wp-json\/wp\/v2\/users\/3837"}],"replies":[{"embeddable":true,"href":"https:\/\/univet.hu\/hu\/wp-json\/wp\/v2\/comments?post=14346"}],"version-history":[{"count":0,"href":"https:\/\/univet.hu\/hu\/wp-json\/wp\/v2\/pages\/14346\/revisions"}],"up":[{"embeddable":true,"href":"https:\/\/univet.hu\/hu\/wp-json\/wp\/v2\/pages\/14342"}],"wp:attachment":[{"href":"https:\/\/univet.hu\/hu\/wp-json\/wp\/v2\/media?parent=14346"}],"wp:term":[{"taxonomy":"category","embeddable":true,"href":"https:\/\/univet.hu\/hu\/wp-json\/wp\/v2\/categories?post=14346"},{"taxonomy":"post_tag","embeddable":true,"href":"https:\/\/univet.hu\/hu\/wp-json\/wp\/v2\/tags?post=14346"}],"curies":[{"name":"wp","href":"https:\/\/api.w.org\/{rel}","templated":true}]}}