{"id":14347,"date":"1970-01-01T01:00:00","date_gmt":"1970-01-01T00:00:00","guid":{"rendered":"http:\/\/univet.hu\/egyetem\/szervezeti-egysegek\/szuleszeti-es-szaporodasbiologiai-tanszek-es-klinika\/szolgaltatasok\/tanacsok-allattartoknak\/mutet-utani-teendok\/"},"modified":"2018-09-07T15:47:34","modified_gmt":"2018-09-07T13:47:34","slug":"mutet-utani-teendok","status":"publish","type":"page","link":"https:\/\/univet.hu\/hu\/egyetem\/szervezeti-egysegek\/szuleszeti-es-szaporodasbiologiai-tanszek-es-klinika\/szolgaltatasok\/tanacsok-allattartoknak\/mutet-utani-teendok\/","title":{"rendered":"M\u0171t\u00e9t ut\u00e1ni teend\u0151k"},"content":{"rendered":"<p>A m\u0171t&eacute;ti beavatkoz&aacute;son (altat&aacute;son) &aacute;tesett &aacute;llattal n&eacute;h&aacute;ny napig a megszokottn&aacute;l gondosabban &eacute;s nagyobb odafigyel&eacute;ssel kell b&aacute;nni. N&eacute;h&aacute;ny j&oacute; tan&aacute;ccsal seg&iacute;ts&eacute;g&eacute;re lesz&uuml;nk, hogy a m\u0171t&eacute;t ut&aacute;ni &eacute;bred&eacute;s, majd a l&aacute;badoz&aacute;s kedvenc&eacute;nek k&ouml;nny\u0171 &eacute;s kock&aacute;zatmentes, &Ouml;nnek pedig esem&eacute;nytelen legyen!<\/p> <p><strong>Mire kell k&uuml;l&ouml;n&ouml;sen figyelnie?<\/strong><\/p> <p>Az altatott &aacute;llat (k&uuml;l&ouml;n&ouml;sen a macska) h\u0151szab&aacute;lyoz&aacute;sa zavart &eacute;s labilis, ez&eacute;rt a m\u0171t&eacute;t ut&aacute;n (a k&uuml;ls\u0151 h\u0151m&eacute;rs&eacute;klet figyelembev&eacute;tel&eacute;vel) gondoskodjon meleg elhelyez&eacute;s&eacute;r\u0151l, betakar&aacute;s&aacute;r&oacute;l, esetleg meleg&iacute;t&eacute;s&eacute;r\u0151l (meleg&iacute;t\u0151p&aacute;rna, infral&aacute;mpa \u0096 vigy&aacute;zat, &eacute;g&eacute;svesz&eacute;ly!). Az alv&oacute; &aacute;llatot kiz&aacute;r&oacute;lag a padl&oacute;szinten helyezze el, &eacute;s mindenk&eacute;ppen tegyen al&aacute; egy t&ouml;bb r&eacute;tegre hajtogatott takar&oacute;t, vagy p&aacute;rn&aacute;t!<\/p> <p>&Eacute;bred&eacute;s&eacute;ig gyakran ellen\u0151rizze az &aacute;llapot&aacute;t, testhelyzet&eacute;t, figyelje meg alv&aacute;s&aacute;t, l&eacute;gz&eacute;s&eacute;t. &Uuml;gyeljen arra, hogy a l&eacute;gutak folyamatosan szabadok legyenek, pl. az &aacute;llat ne f&uacute;rja bele a fej&eacute;t a p&aacute;rn&aacute;ba, vagy a takar&oacute;ba. Az &eacute;bred&eacute;s &aacute;tmeneti izgalommal, ny&uuml;sz&iacute;t&eacute;ssel, ny&aacute;lz&aacute;ssal, remeg&eacute;ssel j&aacute;rhat.<\/p> <p>Az altat&oacute;szerek teljes ki&uuml;r&uuml;l&eacute;se a fokozatos &eacute;bred&eacute;st k&ouml;vet\u0151en hossz&uacute; ideig eltart, ez&eacute;rt az &aacute;llat m&eacute;g &oacute;r&aacute;kig b&oacute;biskolhat, szundik&aacute;lhat, ami nem k&oacute;ros jelens&eacute;g. S&eacute;t&aacute;lni csak akkor vigye el, ha minden r&eacute;szlet&eacute;ben norm&aacute;lisnak &iacute;t&eacute;li meg a tudat&aacute;t &eacute;s viselked&eacute;s&eacute;t! Az &eacute;bred&eacute;s sor&aacute;n &eacute;szlelt b&aacute;rmilyen rendelleness&eacute;gr\u0151l vagy v&aacute;ratlan jelens&eacute;gr\u0151l t&aacute;j&eacute;koztassa a m\u0171t&eacute;tet v&eacute;gz\u0151 &aacute;llatorvost vagy mindenkori &uuml;gyeletes&uuml;nket (06-1\/478-4200)<\/p> <p>B&oacute;dult &aacute;llapotban nagy a f&eacute;lrenyel&eacute;s vesz&eacute;lye, ez&eacute;rt enni vagy inni csak teljes &eacute;bred&eacute;s ut&aacute;n adjon az &aacute;llatnak, amikor m&aacute;r k&eacute;pes &aacute;llva elfogyasztani. A t&aacute;pl&aacute;lkoz&aacute;st az els\u0151 napon nem szabad er\u0151ltetni, b&iacute;zza &aacute;llat&aacute;ra, hogy mennyit akar &eacute;s k&eacute;pes enni. A k&eacute;s\u0151bbiek sor&aacute;n azonban az &eacute;tv&aacute;gy j&oacute; fokm&eacute;r\u0151je lehet az &aacute;ltal&aacute;nos &aacute;llapotnak, ez&eacute;rt &eacute;rdemes megfigyelni annak alakul&aacute;s&aacute;t! A has\u0171ri m\u0171t&eacute;ten &aacute;tesett betegek varratszed&eacute;sig csontos &eacute;teleket nem ehetnek.<\/p> <p>A m\u0171t&eacute;ti sebet &Ouml;n ne bolygassa (kiv&eacute;ve amikor erre k&uuml;l&ouml;n &aacute;llatorvosi utas&iacute;t&aacute;st kapott), azonban a folyamatosan &uuml;r&uuml;l\u0151 sebv&aacute;lad&eacute;kokat vizes ruh&aacute;val rendszeresen tiszt&iacute;tsa le az &aacute;llat sz\u0151r&eacute;r\u0151l vagy testr&eacute;szeir\u0151l. Az &aacute;llatot a seb gy&oacute;gyul&aacute;s&aacute;ig f&uuml;rdetni nem szabad. A gy&oacute;gyul&aacute;s k&ouml;zben zsugorod&oacute; &eacute;s viszket\u0151 m\u0171t&eacute;ti sebet egyes &aacute;llatok hajlamosak nyalogatni, aminek megel\u0151z&eacute;s&eacute;re c&eacute;lszer\u0171 &uacute;gynevezett v&eacute;d\u0151gall&eacute;r felhelyez&eacute;se, hogy a m\u0171t&eacute;ti seb miel\u0151bbi gy&oacute;gyul&aacute;s&aacute;t az &aacute;llat ne tudja zavarni.<\/p> <p>Az oper&aacute;lt &aacute;llat aktivit&aacute;sa m&eacute;g napokig elmaradhat a megszokott&oacute;l. Ha azonban felt\u0171n\u0151en melegnek &eacute;rzi a test&eacute;t, b&aacute;gyadtnak a viselked&eacute;s&eacute;t, &eacute;tv&aacute;gya nincs vagy jelent\u0151sen cs&ouml;kkent, akkor k&ouml;nnyen lehets&eacute;ges, hogy e t&uuml;netek h&aacute;tter&eacute;ben l&aacute;zas &aacute;llapot &aacute;ll. Ilyenkor egy v&eacute;gb&eacute;lbe vezetett h\u0151m&eacute;r\u0151vel m&eacute;rje meg az &aacute;llat testh\u0151m&eacute;rs&eacute;klet&eacute;t. Mind kutya, mind macska eset&eacute;ben a 39 oC feletti &eacute;rt&eacute;kek l&aacute;zra utalnak. Ha ezt vagy egy&eacute;b v&aacute;ratlan t&uuml;netet (jelent\u0151s v&eacute;rz&eacute;s, helyi duzzanat, l&aacute;z, rosszull&eacute;t stb.) tapasztal, l&eacute;pjen kapcsolatba vel&uuml;nk a fenti telefonsz&aacute;mon!<\/p> <p>A megfelel\u0151 gy&oacute;gyul&aacute;s &eacute;rdek&eacute;ben az &aacute;llatnak esetleg n&eacute;h&aacute;ny napig gy&oacute;gyszereket kell beadnia. Amennyiben ez neh&eacute;zs&eacute;gekbe &uuml;tk&ouml;zik, k&eacute;rj&uuml;k szint&eacute;n l&eacute;pjen vel&uuml;nk kapcsolatba.<\/p> <p>Az &aacute;llat ut&oacute;lagos otthoni &aacute;pol&aacute;s&aacute;t, di&eacute;t&aacute;s etet&eacute;s&eacute;t az &aacute;llatorvos utas&iacute;t&aacute;sai szerint v&eacute;gezze. Az el\u0151&iacute;rt ut&oacute;kezel&eacute;sek figyelmen k&iacute;v&uuml;l hagy&aacute;s&aacute;b&oacute;l ered\u0151 eg&eacute;szs&eacute;gi k&aacute;rok&eacute;rt a Klinika nem v&aacute;llal felel\u0151ss&eacute;get!<\/p>","protected":false},"excerpt":{"rendered":"<p>A m\u0171t&eacute;ti beavatkoz&aacute;son (altat&aacute;son) &aacute;tesett &aacute;llattal n&eacute;h&aacute;ny napig a megszokottn&aacute;l gondosabban &eacute;s nagyobb odafigyel&eacute;ssel kell b&aacute;nni. N&eacute;h&aacute;ny j&oacute; tan&aacute;ccsal seg&iacute;ts&eacute;g&eacute;re lesz&uuml;nk, hogy a m\u0171t&eacute;t ut&aacute;ni &eacute;bred&eacute;s, majd a l&aacute;badoz&aacute;s kedvenc&eacute;nek k&ouml;nny\u0171 &eacute;s kock&aacute;zatmentes, &Ouml;nnek pedig esem&eacute;nytelen legyen! Mire kell k&uuml;l&ouml;n&ouml;sen figyelnie? Az altatott &aacute;llat (k&uuml;l&ouml;n&ouml;sen a macska) h\u0151szab&aacute;lyoz&aacute;sa zavart &eacute;s labilis, ez&eacute;rt a m\u0171t&eacute;t ut&aacute;n<\/p>\n","protected":false},"author":3837,"featured_media":0,"parent":14342,"menu_order":0,"comment_status":"closed","ping_status":"closed","template":"","meta":{"_acf_changed":false,"footnotes":""},"categories":[],"tags":[],"class_list":["post-14347","page","type-page","status-publish","hentry"],"acf":[],"_links":{"self":[{"href":"https:\/\/univet.hu\/hu\/wp-json\/wp\/v2\/pages\/14347","targetHints":{"allow":["GET"]}}],"collection":[{"href":"https:\/\/univet.hu\/hu\/wp-json\/wp\/v2\/pages"}],"about":[{"href":"https:\/\/univet.hu\/hu\/wp-json\/wp\/v2\/types\/page"}],"author":[{"embeddable":true,"href":"https:\/\/univet.hu\/hu\/wp-json\/wp\/v2\/users\/3837"}],"replies":[{"embeddable":true,"href":"https:\/\/univet.hu\/hu\/wp-json\/wp\/v2\/comments?post=14347"}],"version-history":[{"count":0,"href":"https:\/\/univet.hu\/hu\/wp-json\/wp\/v2\/pages\/14347\/revisions"}],"up":[{"embeddable":true,"href":"https:\/\/univet.hu\/hu\/wp-json\/wp\/v2\/pages\/14342"}],"wp:attachment":[{"href":"https:\/\/univet.hu\/hu\/wp-json\/wp\/v2\/media?parent=14347"}],"wp:term":[{"taxonomy":"category","embeddable":true,"href":"https:\/\/univet.hu\/hu\/wp-json\/wp\/v2\/categories?post=14347"},{"taxonomy":"post_tag","embeddable":true,"href":"https:\/\/univet.hu\/hu\/wp-json\/wp\/v2\/tags?post=14347"}],"curies":[{"name":"wp","href":"https:\/\/api.w.org\/{rel}","templated":true}]}}