{"id":14348,"date":"1970-01-01T01:00:00","date_gmt":"1970-01-01T00:00:00","guid":{"rendered":"http:\/\/univet.hu\/egyetem\/szervezeti-egysegek\/szuleszeti-es-szaporodasbiologiai-tanszek-es-klinika\/szolgaltatasok\/tanacsok-allattartoknak\/a-kutya-ciklusdiagnosztikajarol\/"},"modified":"2018-09-07T15:47:34","modified_gmt":"2018-09-07T13:47:34","slug":"a-kutya-ciklusdiagnosztikajarol","status":"publish","type":"page","link":"https:\/\/univet.hu\/hu\/egyetem\/szervezeti-egysegek\/szuleszeti-es-szaporodasbiologiai-tanszek-es-klinika\/szolgaltatasok\/tanacsok-allattartoknak\/a-kutya-ciklusdiagnosztikajarol\/","title":{"rendered":"A kutya ciklusdiagnosztik\u00e1j\u00e1r\u00f3l"},"content":{"rendered":"<p>A kutyateny&eacute;szt&eacute;sben \u0096 mivel a szuk&aacute;k &eacute;vente csak k&eacute;tszer ivarzanak \u0096 rendk&iacute;v&uuml;l fontos a t&uuml;sz\u0151reped&eacute;s idej&eacute;nek el\u0151rejelz&eacute;se. Mesters&eacute;ges term&eacute;keny&iacute;t&eacute;sn&eacute;l, k&uuml;l&ouml;n&ouml;sen m&eacute;lyh\u0171t&ouml;tt sperma haszn&aacute;latakor, j&oacute; fogamz&aacute;si ar&aacute;ny csak a megfelel\u0151 id\u0151ben &eacute;s technik&aacute;val v&eacute;gzett inszemin&aacute;l&aacute;st&oacute;l v&aacute;rhat&oacute;. A t&uuml;sz\u0151reped&eacute;s &aacute;ltal&aacute;ban a prooestrus (a p&eacute;raduzzanat &eacute;s v&eacute;rz&eacute;s) kezdet&eacute;t\u0151l sz&aacute;m&iacute;tott 11-13. nap k&ouml;z&ouml;tt k&ouml;vetkezik be (1. &aacute;bra).<\/p> <p>A t&uuml;zel&eacute;s k&uuml;ls\u0151 t&uuml;netei (v&eacute;rz&eacute;s, p&eacute;raduzzanat, a kanok k&ouml;zeled&eacute;s&eacute;nek elfogad&aacute;sa, stb), amelyeket f\u0151leg az &ouml;sztrog&eacute;nek v&aacute;ltoz&oacute; szintje befoly&aacute;sol, csak nagyon pontatlanul t&aacute;j&eacute;koztatnak a k&ouml;zelg\u0151 t&uuml;sz\u0151reped&eacute;sr\u0151l. A luteiniz&aacute;l&oacute; hormon (LH) hirtelen emelked&eacute;se 48 &oacute;r&aacute;val a t&uuml;sz\u0151reped&eacute;s el\u0151tt (prae-ovul&aacute;ci&oacute;s LH-cs&uacute;cs) sokkal pontosabban mutatja, mikorra v&aacute;rhat&oacute; az ovul&aacute;ci&oacute;. Ma m&aacute;r az LH koncentr&aacute;ci&oacute; m&eacute;r&eacute;s&eacute;re alkalmas gyorstesztek is kaphat&oacute;k, amivel meghat&aacute;rozhat&oacute; a ciklus 0. napja, sajnos azonban a prae-ovul&aacute;ci&oacute;s LH cs&uacute;cs igen r&ouml;vid &eacute;s t&uacute;l gyakori mintav&eacute;telez&eacute;st k&iacute;v&aacute;n. Ez&eacute;rt a fedeztet&eacute;s optim&aacute;lis idej&eacute;nek meghat&aacute;roz&aacute;s&aacute;hoz a nagyon informat&iacute;v klinikai h&uuml;velycitol&oacute;giai vizsg&aacute;lat mellett ink&aacute;bb a progeszteron (P4) koncentr&aacute;ci&oacute; v&aacute;ltoz&aacute;s&aacute;t k&ouml;vetj&uuml;k nyomon. M&aacute;s m&oacute;dszerek, pl. a h&uuml;vely elektromos ellen&aacute;ll&aacute;s&aacute;nak m&eacute;r&eacute;se megb&iacute;zhat&oacute;s&aacute;g szempontj&aacute;b&oacute;l elmaradnak a hormon vizsg&aacute;latokt&oacute;l &eacute;s csak kieg&eacute;sz&iacute;t\u0151 vizsg&aacute;latk&eacute;nt &eacute;rt&eacute;kelhet\u0151k.<\/p> <p><img decoding=\"async\" alt=\"Ciklus\" src=\"https:\/\/univet.hu\/files\/subpages\/230\/images\/ciklus.jpg\" data-replaced=\"true\" style=\"height:295px; width:496px\" \/><\/p> <p>1. &aacute;bra. A kutya szab&aacute;lyos ivari ciklusa<\/p> <p>A fejl\u0151d\u0151 t&uuml;sz\u0151k &aacute;ltal termelt &ouml;sztrog&eacute;nek magas szintje az LH cs&uacute;cs jelentkez&eacute;s&eacute;vel egyidej\u0171leg cs&ouml;kken\u0151 tendenci&aacute;t mutat. Sz&aacute;munkra j&oacute;l haszn&aacute;lhat&oacute; jelens&eacute;g, hogy az eddig alacsony szinten ingadoz&oacute; progeszteron fokozatosan emelkedni kezd &eacute;s kb. az LH cs&uacute;ccsal egyid\u0151ben &eacute;ri el a 2 ng\/ml-es koncentr&aacute;ci&oacute;t (2. &aacute;bra). Az &ouml;sztrog&eacute;nek szintj&eacute;nek cs&ouml;kken&eacute;se &eacute;s a progeszteron koncentr&aacute;ci&oacute; egyidej\u0171 emelked&eacute;se nagyj&aacute;b&oacute;l egybeesik az &quot;&aacute;ll&oacute; ivarz&aacute;s&quot; idej&eacute;vel, vagyis a t\u0171r&eacute;si reflex megjelen&eacute;s&eacute;vel. Az &aacute;ll&oacute; ivarz&aacute;st azonban &#8211; csup&aacute;n a klinikai k&eacute;p alapj&aacute;n &#8211; sokszor neh&eacute;z meg&aacute;llap&iacute;tani, mert a viselked&eacute;sbeli v&aacute;ltoz&aacute;sok nem felt&eacute;tlen&uuml;l jelzik pontosan a t&uuml;sz\u0151reped&eacute;s idej&eacute;t. A ciklus diagnosztiz&aacute;l&aacute;s&aacute;ban teh&aacute;t &eacute;rt&eacute;kes seg&iacute;ts&eacute;get ny&uacute;jthat a v&eacute;rsz&eacute;rum progeszteron szintj&eacute;nek meghat&aacute;roz&aacute;sa. A t&uuml;sz\u0151 eredet\u0171 progeszteron koncentr&aacute;ci&oacute;ja az LH cs&uacute;csot megel\u0151z\u0151en alacsony, ut&aacute;na viszont folyamatosan emelkedik az ovul&aacute;ci&oacute;ig. Az ovul&aacute;ci&oacute; az LH cs&uacute;csot k&ouml;vet\u0151 m&aacute;sodik napon, egyben a progeszteron k&uuml;sz&ouml;b&eacute;rt&eacute;k (2 ng\/ml) f&ouml;l&eacute; emelked&eacute;s&eacute;t\u0151l sz&aacute;m&iacute;tott m&aacute;sodik napon v&aacute;rhat&oacute;. A lev&aacute;lt petesejteknek tov&aacute;bbi 2 nap &eacute;r&eacute;si id\u0151re van sz&uuml;ks&eacute;g&uuml;k, ez&eacute;rt a szuka fertilis peri&oacute;dusa az LH cs&uacute;cs (~ progeszteron emelked&eacute;s) ut&aacute;ni 4-7. napra tehet\u0151. A m&aacute;r lezajlott ovul&aacute;ci&oacute;ra fajt&aacute;nk&eacute;nt &eacute;s egyedenk&eacute;nt elt&eacute;r\u0151en a 4-8 ng\/ml-es P4 koncentr&aacute;ci&oacute; utal.<\/p> <p>A term&eacute;szetes fedeztet&eacute;s optim&aacute;lis ideje az ovul&aacute;ci&oacute;t k&ouml;vet\u0151 0-4 (5) napos id\u0151tartam. A mesters&eacute;ges term&eacute;keny&iacute;t&eacute;sre legalkalmasabb id\u0151pont friss vagy h\u0171t&ouml;tt sperm&aacute;val az ovul&aacute;vi&oacute;t k&ouml;vet\u0151 2-3. nap, m&iacute;g m&eacute;lyh\u0171t&ouml;tt sperma haszn&aacute;lata eset&eacute;n a 3-5. nap. M&eacute;lyh\u0171t&ouml;tt sperm&aacute;n&aacute;l azonban a h&uuml;velybe inszemin&aacute;l&aacute;s nem elegend\u0151, a term&eacute;keny&iacute;t&eacute;snek felt&eacute;tlen&uuml;l a m&eacute;hbe kell t&ouml;rt&eacute;nnie!<\/p> <p><img decoding=\"async\" alt=\"Prog Profil\" src=\"https:\/\/univet.hu\/files\/subpages\/230\/images\/prog_profil.jpg\" data-replaced=\"true\" style=\"height:383px; width:500px\" \/><\/p> <p>2. &aacute;bra. Az ivari hormonok &eacute;s a t&uuml;sz\u0151reped&eacute;s kapcsolata<\/p> <p>Progeszteron vizsg&aacute;latra az els\u0151 mint&aacute;t c&eacute;lszer\u0171en akkor aj&aacute;nlott gy\u0171jteni, amikor a h&uuml;velyv&eacute;rz&eacute;s cs&ouml;kken&eacute;se, illetve a kan k&ouml;zeled&eacute;s&eacute;nek elfogad&aacute;sa (esetleg a h&uuml;velykenet &aacute;llapota) az oestrus kezdet&eacute;re utal. Ez &aacute;ltal&aacute;ban a prooestrus kezdet&eacute;t\u0151l sz&aacute;m&iacute;tott 9. napon t&ouml;rt&eacute;nik. Amennyiben a ciklus kezdet&eacute;nek meg&aacute;llap&iacute;t&aacute;sa bizonytalan, tan&aacute;csos a mintav&eacute;telt a 7. napon elkezdeni. Korai t&uuml;sz\u0151reped&eacute;s gyan&uacute;ja eset&eacute;n enn&eacute;l kor&aacute;bbi mintav&eacute;telre is sz&uuml;ks&eacute;g lehet.<\/p>","protected":false},"excerpt":{"rendered":"<p>A kutyateny&eacute;szt&eacute;sben \u0096 mivel a szuk&aacute;k &eacute;vente csak k&eacute;tszer ivarzanak \u0096 rendk&iacute;v&uuml;l fontos a t&uuml;sz\u0151reped&eacute;s idej&eacute;nek el\u0151rejelz&eacute;se. Mesters&eacute;ges term&eacute;keny&iacute;t&eacute;sn&eacute;l, k&uuml;l&ouml;n&ouml;sen m&eacute;lyh\u0171t&ouml;tt sperma haszn&aacute;latakor, j&oacute; fogamz&aacute;si ar&aacute;ny csak a megfelel\u0151 id\u0151ben &eacute;s technik&aacute;val v&eacute;gzett inszemin&aacute;l&aacute;st&oacute;l v&aacute;rhat&oacute;. A t&uuml;sz\u0151reped&eacute;s &aacute;ltal&aacute;ban a prooestrus (a p&eacute;raduzzanat &eacute;s v&eacute;rz&eacute;s) kezdet&eacute;t\u0151l sz&aacute;m&iacute;tott 11-13. nap k&ouml;z&ouml;tt k&ouml;vetkezik be (1. &aacute;bra). A t&uuml;zel&eacute;s<\/p>\n","protected":false},"author":3837,"featured_media":0,"parent":14342,"menu_order":0,"comment_status":"closed","ping_status":"closed","template":"","meta":{"_acf_changed":false,"footnotes":""},"categories":[],"tags":[],"class_list":["post-14348","page","type-page","status-publish","hentry"],"acf":[],"_links":{"self":[{"href":"https:\/\/univet.hu\/hu\/wp-json\/wp\/v2\/pages\/14348","targetHints":{"allow":["GET"]}}],"collection":[{"href":"https:\/\/univet.hu\/hu\/wp-json\/wp\/v2\/pages"}],"about":[{"href":"https:\/\/univet.hu\/hu\/wp-json\/wp\/v2\/types\/page"}],"author":[{"embeddable":true,"href":"https:\/\/univet.hu\/hu\/wp-json\/wp\/v2\/users\/3837"}],"replies":[{"embeddable":true,"href":"https:\/\/univet.hu\/hu\/wp-json\/wp\/v2\/comments?post=14348"}],"version-history":[{"count":0,"href":"https:\/\/univet.hu\/hu\/wp-json\/wp\/v2\/pages\/14348\/revisions"}],"up":[{"embeddable":true,"href":"https:\/\/univet.hu\/hu\/wp-json\/wp\/v2\/pages\/14342"}],"wp:attachment":[{"href":"https:\/\/univet.hu\/hu\/wp-json\/wp\/v2\/media?parent=14348"}],"wp:term":[{"taxonomy":"category","embeddable":true,"href":"https:\/\/univet.hu\/hu\/wp-json\/wp\/v2\/categories?post=14348"},{"taxonomy":"post_tag","embeddable":true,"href":"https:\/\/univet.hu\/hu\/wp-json\/wp\/v2\/tags?post=14348"}],"curies":[{"name":"wp","href":"https:\/\/api.w.org\/{rel}","templated":true}]}}