{"id":14350,"date":"1970-01-01T01:00:00","date_gmt":"1970-01-01T00:00:00","guid":{"rendered":"http:\/\/univet.hu\/egyetem\/szervezeti-egysegek\/szuleszeti-es-szaporodasbiologiai-tanszek-es-klinika\/szolgaltatasok\/tanacsok-allattartoknak\/a-kutya-vemhessege\/"},"modified":"2018-09-07T15:47:34","modified_gmt":"2018-09-07T13:47:34","slug":"a-kutya-vemhessege","status":"publish","type":"page","link":"https:\/\/univet.hu\/hu\/egyetem\/szervezeti-egysegek\/szuleszeti-es-szaporodasbiologiai-tanszek-es-klinika\/szolgaltatasok\/tanacsok-allattartoknak\/a-kutya-vemhessege\/","title":{"rendered":"A kutya vemhess\u00e9ge"},"content":{"rendered":"<p><strong>&Eacute;lettani h&aacute;ttere<\/strong><\/p> <p>A petef&eacute;szken fejl\u0151d\u0151 t&uuml;sz\u0151k ivarz&aacute;skor f&ouml;lrepednek &eacute;s kiszabadul bel\u0151l&uuml;k a petesejt, ez a petelev&aacute;l&aacute;s (ovul&aacute;ci&oacute;). A lev&aacute;lt petesejtek vagy oocyt&aacute;k a petevezet\u0151be sodr&oacute;dva 24-72 &oacute;ra alatt tov&aacute;bbi &eacute;r&eacute;si folyamaton mennek kereszt&uuml;l, am&iacute;g el&eacute;rik a megterm&eacute;keny&uuml;l&eacute;shez (fertiliz&aacute;ci&oacute;) sz&uuml;ks&eacute;ges &aacute;llapotukat. &Eacute;letk&eacute;pess&eacute;g&uuml;k &aacute;tlagosan 2-4 nap. A megterm&eacute;keny&uuml;l&eacute;s, valamint az els\u0151 oszt&oacute;d&aacute;sok a petevezet\u0151ben mennek v&eacute;gbe, majd az embri&oacute;k 32- ill. 64-sejtes szedercs&iacute;ra (morula) st&aacute;diumban jutnak le a m&eacute;hbe. A m&eacute;h &uuml;reg&eacute;ben az embri&oacute;k tov&aacute;bb oszt&oacute;dva m&eacute;g n&eacute;h&aacute;ny napig szabadon v&aacute;ndorolnak, miel\u0151tt megtapadnak a m&eacute;hfalon (be&aacute;gyaz&oacute;d&aacute;s). Ezut&aacute;n megkezd\u0151dik a magzatburkok &eacute;s a placenta kialakul&aacute;sa, fejl\u0151d&eacute;se. A magzati &eacute;let v&eacute;g&eacute;n, az 50-55. nap k&ouml;r&uuml;l indul meg a t&uuml;d\u0151 &eacute;r&eacute;se, ami azonban csak a sz&uuml;let&eacute;s ut&aacute;n, a l&eacute;gz&eacute;s megindul&aacute;s&aacute;val fejez\u0151dik be. H&uacute;sev\u0151kben az anyai &eacute;s magzati v&eacute;rkering&eacute;s kev&eacute;ss&eacute; k&uuml;l&ouml;n&uuml;l el, mert a m&eacute;hfal ereinek bels\u0151 sejtr&eacute;tege k&ouml;zvetlen&uuml;l kapcsol&oacute;dik a magzatburokhoz &eacute;s emiatt a vemhess&eacute;g idej&eacute;n sz&aacute;mos gy&oacute;gyszer, fert\u0151z&eacute;s szinte v&aacute;ltozatlanul jut &aacute;t az any&aacute;b&oacute;l a magzatba. Ell&eacute;skor a m&eacute;hfalr&oacute;l lev&aacute;l&oacute; placenta k&ouml;vetkezt&eacute;ben a &quot;csupaszon&quot; marad&oacute; erekb\u0151l v&eacute;r l&eacute;p ki, ami a magzatv&iacute;z jellegzetes z&ouml;ld (macsk&aacute;ban s&aacute;rg&aacute;s) elsz&iacute;nez\u0151d&eacute;s&eacute;t okozza.<\/p> <p>A petef&eacute;szken f&ouml;lrepedt t&uuml;sz\u0151k hely&eacute;n s&aacute;rgatestek fejl\u0151dnek, amelyek a vemhess&eacute;g fenntart&aacute;sban fontos szerepet j&aacute;tsz&oacute; s&aacute;rgatesthormont vagy progeszteront (P4) termelik. A P4 k&eacute;t ivarz&aacute;s k&ouml;zti alap&eacute;rt&eacute;ke 0.5-1 ng\/ml, amely az ovul&aacute;ci&oacute; ut&aacute;n rohamosan n&ouml;vekszik &eacute;s 10-15 nappal k&eacute;s\u0151bb ak&aacute;r az 50-90 ng\/ml cs&uacute;cs&eacute;rt&eacute;ket is el&eacute;rheti. A s&aacute;rgatest el&eacute;gtelens&eacute;ge a 30. vemhess&eacute;gi nap el\u0151tt a P4 koncentr&aacute;ci&oacute; cs&ouml;kken&eacute;s&eacute;hez &eacute;s nem l&aacute;that&oacute; embri&oacute;felsz&iacute;v&oacute;d&aacute;shoz, a 30. nap ut&aacute;n vet&eacute;l&eacute;shez vezet. A v&aacute;rhat&oacute; ell&eacute;s el\u0151tt 10-15 nappal a P4 mennyis&eacute;ge fokozatosan kevesbedik, majd az ell&eacute;st 36 \u0096 48 &oacute;r&aacute;val megel\u0151z\u0151en hirtelen 2 ng\/ml-re cs&ouml;kken.<\/p> <p>A szaporod&aacute;sban jelent\u0151s szerepet j&aacute;tsz&oacute; m&aacute;sik anyag a t&uuml;sz\u0151hormon vagy &ouml;sztrog&eacute;n, amelynek magas szintje az ivarz&aacute;s kezdet&eacute;n okozza a t&uuml;zel&eacute;s k&uuml;ls\u0151 t&uuml;neteit. A t&uuml;sz\u0151reped&eacute;st k&ouml;vet\u0151en azonban szintje lecs&ouml;kken &eacute;s a vemhess&eacute;g v&eacute;g&eacute;ig alacsony marad, &eacute;s csak az ell&eacute;st megel\u0151z\u0151en emelkedik ism&eacute;t, ez&aacute;ltal el\u0151k&eacute;sz&iacute;tve a sz&uuml;l\u0151utat az ell&eacute;sre, az eml\u0151ket a tejelv&aacute;laszt&aacute;sra. A tejelv&aacute;laszt&aacute;s megindul&aacute;s&aacute;&eacute;rt k&ouml;zvetlen&uuml;l egy m&aacute;sik hormon, a prolaktin felel\u0151s, amelynek koncentr&aacute;ci&oacute;ja a vemhess&eacute;g m&aacute;sodik harmad&aacute;t&oacute;l kezdve fokozatosan emelkedik &eacute;s az ell&eacute;st megel\u0151z\u0151en kiv&aacute;ltja a tejelv&aacute;laszt&aacute;st.<\/p> <p><strong>A vemhess&eacute;g meg&aacute;llap&iacute;t&aacute;sa<\/strong><\/p> <p>Kis test\u0171, laza hasfal&uacute; &aacute;llatok vemhess&eacute;ge m&aacute;r a 20\u009630. nap k&ouml;z&ouml;tt kitapinthat&oacute;. A vemhes m&eacute;h elk&uuml;l&ouml;n&iacute;t&eacute;se a t&ouml;bbi has\u0171ri szervt\u0151l azonban az &aacute;llat ellenszeg&uuml;l&eacute;se, telt belek vagy h&uacute;gyh&oacute;lyag eset&eacute;n meglehet\u0151sen neh&eacute;z lehet. A vemhess&eacute;g 50. napja ut&aacute;n m&aacute;r nemcsak a m&eacute;h, hanem a magzatok vagy magzati testr&eacute;szek is tapinthat&oacute;k.<\/p> <p>R&ouml;ntgenvizsg&aacute;lattal a vemhess&eacute;g csak a csontosod&aacute;s megindul&aacute;sa ut&aacute;n (42-45. napt&oacute;l) diagnosztiz&aacute;lhat&oacute; egy&eacute;rtelm\u0171en, de az ultrahangk&eacute;sz&uuml;l&eacute;kek sz&eacute;les k&ouml;r\u0171 elterjed&eacute;se &eacute;s a magzati sug&aacute;r&aacute;rtalom vesz&eacute;lye miatt kev&eacute;sb&eacute; haszn&aacute;latos.<\/p> <p>B&aacute;r a vemhess&eacute;g fenntart&aacute;s&aacute;&eacute;rt a progeszteron hormon felel\u0151s, szintje a fogamzott &eacute;s nem fogamzott (&aacute;lvemhes, l&aacute;sd k&eacute;s\u0151bb) egyedekn&eacute;l nem k&uuml;l&ouml;nb&ouml;zik l&eacute;nyegesen, ez&eacute;rt nem alkalmas a vemhess&eacute;g kimutat&aacute;s&aacute;ra. Ezzel szemben a placenta &aacute;ltal termelt relaxin vemhess&eacute;g-specifikus hormon, vagyis vemhes &aacute;llatokban jelent\u0151sen magasabb, mint nem vemhesekn&eacute;l, ez&eacute;rt a 24-28. nap k&ouml;z&ouml;tt j&oacute; eredm&eacute;nnyel haszn&aacute;lhat&oacute; a vemhess&eacute;g diagnosztiz&aacute;l&aacute;s&aacute;ra. Kereskedelmi forgalomban m&aacute;r kaphat&oacute; relaxin meghat&aacute;roz&aacute;sra alkalmas gyorsteszt, ami az ovul&aacute;ci&oacute; ut&aacute;n 17-25 nappal m&aacute;r megb&iacute;zhat&oacute; eredm&eacute;nyt ad.<\/p> <p>A jelent\u0151s technikai fejl\u0151d&eacute;s &eacute;s a cs&ouml;kken\u0151 &aacute;r az ut&oacute;bbi &eacute;vekben egyre elterjedtebb&eacute; teszi a val&oacute;s idej\u0171 ultrahang k&eacute;sz&uuml;l&eacute;keket a vemhess&eacute;gi rutindiagnosztik&aacute;ban. Gyakorlott vizsg&aacute;l&oacute; j&oacute; min\u0151s&eacute;g\u0171 k&eacute;sz&uuml;l&eacute;kkel m&aacute;r a 21. napon diagnosztiz&aacute;lni tudja a vemhess&eacute;get a be&aacute;gyaz&oacute;dott petesejt k&ouml;r&uuml;l kialakul&oacute; m&eacute;hfal megvastagod&aacute;s &eacute;s folyad&eacute;k felhalmoz&oacute;d&aacute;s alapj&aacute;n, azonban a negat&iacute;v vizsg&aacute;lati lelet ilyen korai id\u0151szakban m&eacute;g nem z&aacute;rja ki a vemhess&eacute;get. A vemhess&eacute;g 25-27. napj&aacute;n viszont m&aacute;r elk&uuml;l&ouml;n&iacute;thet\u0151 a magzati sz&iacute;vver&eacute;s &eacute;s a 34-36. napt&oacute;l a magzati mozg&aacute;sok is. A 38-40. napon l&aacute;that&oacute;v&aacute; v&aacute;lik a h&uacute;gyh&oacute;lyag, a gyomor, s\u0151t a szem is. A vemhess&eacute;g kor&aacute;ra a magzat fejletts&eacute;g&eacute;b\u0151l &eacute;s a magzatv&iacute;z mennyis&eacute;g&eacute;b\u0151l k&ouml;vetkeztethet&uuml;nk.<\/p> <p><strong>Gondoskod&aacute;s a vemhes kuty&aacute;r&oacute;l<\/strong><\/p> <p>Emberek eset&eacute;ben is gyakori t&eacute;vhit, miszerint a v&aacute;rand&oacute;s any&aacute;nak &quot;kett\u0151 helyett kell ennie&quot;. Ezzel szemben vemhess&eacute;g&uuml;k els\u0151 k&eacute;t harmad&aacute;ban a kuty&aacute;kn&aacute;l semmif&eacute;le t&ouml;bblet energiabevitelre nincs sz&uuml;ks&eacute;g. K&uuml;l&ouml;n&ouml;sen oda kell figyelni a robosztusabb, h&iacute;z&aacute;sra hajlamosabb fajt&aacute;k t&aacute;pl&aacute;l&aacute;s&aacute;ra, hiszen a korai vemhess&eacute;g alatt f&ouml;lszedett t&uacute;ls&uacute;ly a k&eacute;s\u0151bbiekben tov&aacute;bb halmoz&oacute;dik &eacute;s ell&eacute;si komplik&aacute;ci&oacute;khoz vezethet. Mind&ouml;ssze az utols&oacute; harmadban lesz annyira er\u0151teljes a k&ouml;lyk&ouml;k n&ouml;veked&eacute;se, hogy az anyakutya napi egyszeri &eacute;tkez&eacute;ssel m&aacute;r nem k&eacute;pes elegend\u0151 t&aacute;pl&aacute;l&eacute;kot f&ouml;lvenni. Ennek oka nemcsak a rohamosan fejl\u0151d\u0151 magzatok n&ouml;vekv\u0151 t&aacute;pl&aacute;l&oacute;anyag-ig&eacute;ny&eacute;ben, hanem a vemhes m&eacute;h &aacute;ltal &ouml;sszenyomott gyomor korl&aacute;tozott befogad&oacute;k&eacute;pess&eacute;g&eacute;ben is keresend\u0151. Tart&oacute;s energiahi&aacute;ny eset&eacute;n az anyakutya anyagcser&eacute;je kedvez\u0151tlen ir&aacute;nyba v&aacute;ltozik, m&eacute;rgez\u0151 anyagok halmoz&oacute;dnak fel a v&eacute;r&eacute;ben &eacute;s k&oacute;maszer\u0171 &aacute;llapotba ker&uuml;lhet (vemhess&eacute;gi toxik&oacute;zis). Ez&eacute;rt az utols&oacute; h&aacute;rom h&eacute;ten naponta t&ouml;bbsz&ouml;r is adjunk enni a szuk&aacute;nak, lehet\u0151s&eacute;g szerint j&oacute;l hasznosul&oacute;, magas energiatartalm&uacute; vemhess&eacute;gi kutyat&aacute;pot. Nincs sz&uuml;ks&eacute;g teh&aacute;t emelt t&aacute;panyagbevitelre a vemhess&eacute;g els\u0151 k&eacute;t harmad&aacute;ban, s\u0151t kifejezetten helytelen, ha t&uacute;lzott gondoskod&aacute;sb&oacute;l a szoptat&oacute; &aacute;llatok r&eacute;sz&eacute;re szolg&aacute;l&oacute;, kalciummal d&uacute;s&iacute;tott t&aacute;pot, illetve magas feh&eacute;rjetartalm&uacute; k&ouml;ly&ouml;kt&aacute;pot adunk! Az el\u0151rehaladottan vemhes szuk&aacute;val ne v&eacute;geztess&uuml;nk t&uacute;lzottan kimer&iacute;t\u0151 feladatokat, de rendszeresen s&eacute;t&aacute;ltassuk &eacute;s engedj&uuml;k mozogni.<\/p> <p>Az esed&eacute;kes v&eacute;d\u0151olt&aacute;sok bead&aacute;s&aacute;n&aacute;l &eacute;s f&eacute;reghajt&aacute;sn&aacute;l gondolni kell arra, hogy a szerek a placent&aacute;n &aacute;tjutva beker&uuml;lnek a fejl\u0151d\u0151 magzat szervezet&eacute;be. Ez&eacute;rt f&eacute;reghajt&aacute;sra vagy b&aacute;rmely m&aacute;s kezel&eacute;sre csak olyan k&eacute;sz&iacute;tm&eacute;nyek alkalmazhat&oacute;k, ahol a gy&aacute;rt&oacute; kifejezetten megengedi a vemhess&eacute;g idej&eacute;n t&ouml;rt&eacute;n\u0151 haszn&aacute;latot. Kor&aacute;bbi aj&aacute;nl&aacute;sokkal ellent&eacute;tben a vemhess&eacute;g idej&eacute;n semmilyen v&eacute;d\u0151olt&aacute;s bead&aacute;sa nem javasolt, mivel a vakcin&aacute;z&aacute;s v&eacute;d\u0151 hat&aacute;sa elmarad a magzatelhal&aacute;s &eacute;s vet&eacute;l&eacute;s vesz&eacute;lye mellett. Vemhes &aacute;llatokn&aacute;l kiz&aacute;r&oacute;lag el&ouml;lt v&iacute;rusos vakcin&aacute;k alkalmazhat&oacute;k, ezen term&eacute;kek sz&aacute;ma azonban igen sz\u0171k &eacute;s rendszeresen oltott kuty&aacute;kn&aacute;l haszn&aacute;latuk indokolatlan.<\/p>","protected":false},"excerpt":{"rendered":"<p>&Eacute;lettani h&aacute;ttere A petef&eacute;szken fejl\u0151d\u0151 t&uuml;sz\u0151k ivarz&aacute;skor f&ouml;lrepednek &eacute;s kiszabadul bel\u0151l&uuml;k a petesejt, ez a petelev&aacute;l&aacute;s (ovul&aacute;ci&oacute;). A lev&aacute;lt petesejtek vagy oocyt&aacute;k a petevezet\u0151be sodr&oacute;dva 24-72 &oacute;ra alatt tov&aacute;bbi &eacute;r&eacute;si folyamaton mennek kereszt&uuml;l, am&iacute;g el&eacute;rik a megterm&eacute;keny&uuml;l&eacute;shez (fertiliz&aacute;ci&oacute;) sz&uuml;ks&eacute;ges &aacute;llapotukat. &Eacute;letk&eacute;pess&eacute;g&uuml;k &aacute;tlagosan 2-4 nap. A megterm&eacute;keny&uuml;l&eacute;s, valamint az els\u0151 oszt&oacute;d&aacute;sok a petevezet\u0151ben mennek v&eacute;gbe, majd<\/p>\n","protected":false},"author":3837,"featured_media":0,"parent":14342,"menu_order":0,"comment_status":"closed","ping_status":"closed","template":"","meta":{"_acf_changed":false,"footnotes":""},"categories":[],"tags":[],"class_list":["post-14350","page","type-page","status-publish","hentry"],"acf":[],"_links":{"self":[{"href":"https:\/\/univet.hu\/hu\/wp-json\/wp\/v2\/pages\/14350","targetHints":{"allow":["GET"]}}],"collection":[{"href":"https:\/\/univet.hu\/hu\/wp-json\/wp\/v2\/pages"}],"about":[{"href":"https:\/\/univet.hu\/hu\/wp-json\/wp\/v2\/types\/page"}],"author":[{"embeddable":true,"href":"https:\/\/univet.hu\/hu\/wp-json\/wp\/v2\/users\/3837"}],"replies":[{"embeddable":true,"href":"https:\/\/univet.hu\/hu\/wp-json\/wp\/v2\/comments?post=14350"}],"version-history":[{"count":0,"href":"https:\/\/univet.hu\/hu\/wp-json\/wp\/v2\/pages\/14350\/revisions"}],"up":[{"embeddable":true,"href":"https:\/\/univet.hu\/hu\/wp-json\/wp\/v2\/pages\/14342"}],"wp:attachment":[{"href":"https:\/\/univet.hu\/hu\/wp-json\/wp\/v2\/media?parent=14350"}],"wp:term":[{"taxonomy":"category","embeddable":true,"href":"https:\/\/univet.hu\/hu\/wp-json\/wp\/v2\/categories?post=14350"},{"taxonomy":"post_tag","embeddable":true,"href":"https:\/\/univet.hu\/hu\/wp-json\/wp\/v2\/tags?post=14350"}],"curies":[{"name":"wp","href":"https:\/\/api.w.org\/{rel}","templated":true}]}}