{"id":14351,"date":"1970-01-01T01:00:00","date_gmt":"1970-01-01T00:00:00","guid":{"rendered":"http:\/\/univet.hu\/egyetem\/szervezeti-egysegek\/szuleszeti-es-szaporodasbiologiai-tanszek-es-klinika\/szolgaltatasok\/tanacsok-allattartoknak\/a-macska-vemhessege\/"},"modified":"2018-09-07T15:47:35","modified_gmt":"2018-09-07T13:47:35","slug":"a-macska-vemhessege","status":"publish","type":"page","link":"https:\/\/univet.hu\/hu\/egyetem\/szervezeti-egysegek\/szuleszeti-es-szaporodasbiologiai-tanszek-es-klinika\/szolgaltatasok\/tanacsok-allattartoknak\/a-macska-vemhessege\/","title":{"rendered":"A macska vemhess\u00e9ge"},"content":{"rendered":"<p>A vemhess&eacute;gi id\u0151 macsk&aacute;kban 56-69 nap, &aacute;tlagosan 63 nap. Az ovul&aacute;ci&oacute; ut&aacute;n a petesejt 3-4 napig a petevezet\u0151ben tart&oacute;zkodik, ahol megt&ouml;rt&eacute;nik a megterm&eacute;keny&uuml;l&eacute;s. 4-5 nappal a fertiliz&aacute;ci&oacute; ut&aacute;n a zig&oacute;ta a m&eacute;hbe v&aacute;ndorol, ahol a vemhess&eacute;g 13-14. napja k&ouml;r&uuml;l be&aacute;gyaz&oacute;dik. A vemhess&eacute;g 30. napja ut&aacute;n a petef&eacute;szek &aacute;ltal termelt P4 mellett megjelenik a placenta &aacute;ltal termelt P4 is &eacute;s a 40-50. nap k&ouml;z&ouml;tt teljesen &aacute;tveszi a petef&eacute;szekt\u0151l a hormontermel&eacute;st. Ez az oka annak, hogy macsk&aacute;ban a P4-hoz k&ouml;t\u0151d\u0151 &aacute;lvemhess&eacute;g csak az ivarz&aacute;st k&ouml;vet\u0151 1 h&oacute;napon bel&uuml;l jelentkezhet, b&aacute;r klinikai t&uuml;neteket &#8211; a kuty&aacute;val &ouml;sszehasonl&iacute;tva &#8211; eleny&eacute;sz\u0151 sz&aacute;mban okoz. Ismert azonban a kiz&aacute;r&oacute;lag macsk&aacute;kban \u0096 els\u0151 sorban fiatal &aacute;llatokban az els\u0151 ivarz&aacute;s ut&aacute;n \u0096 jelentkez\u0151 hipertr&oacute;fi&aacute;s fibroadenoma komplex nev\u0171 elv&aacute;ltoz&aacute;s. P4 hat&aacute;s&aacute;ra az eml\u0151 sz&ouml;vet, els\u0151 sorban a mirigyh&aacute;m gyors oszt&oacute;d&aacute;sba kezd &eacute;s a tejmirigy teljes &aacute;llom&aacute;ny&aacute;ra kiterjed\u0151 daganatszer\u0171, eleinte j&oacute;indulat&uacute; elv&aacute;ltoz&aacute;s j&ouml;n l&eacute;tre. Kezel&eacute;s&eacute;nek jelenleg leghat&eacute;konyabb m&oacute;dja az eml\u0151 teljes m\u0171t&eacute;ti elt&aacute;vol&iacute;t&aacute;sa.<\/p> <p><img decoding=\"async\" alt=\"Szoptatas Macska\" src=\"https:\/\/univet.hu\/files\/subpages\/233\/images\/szoptatas_macska.jpg\" data-replaced=\"true\" style=\"height:267px; width:400px\" \/><\/p> <p>A vemhess&eacute;g meg&aacute;llap&iacute;t&aacute;sa tapint&aacute;ssal m&aacute;r viszonylag kor&aacute;n, a 18-20. napon lehets&eacute;ges. J&oacute; min\u0151s&eacute;g\u0171 ultrahang k&eacute;sz&uuml;l&eacute;kkel m&aacute;r a 15-17. napon az embri&oacute; l&aacute;that&oacute;, m&iacute;g a sz&iacute;vver&eacute;s a 22-24. napon ismerhet\u0151 fel.<\/p>","protected":false},"excerpt":{"rendered":"<p>A vemhess&eacute;gi id\u0151 macsk&aacute;kban 56-69 nap, &aacute;tlagosan 63 nap. Az ovul&aacute;ci&oacute; ut&aacute;n a petesejt 3-4 napig a petevezet\u0151ben tart&oacute;zkodik, ahol megt&ouml;rt&eacute;nik a megterm&eacute;keny&uuml;l&eacute;s. 4-5 nappal a fertiliz&aacute;ci&oacute; ut&aacute;n a zig&oacute;ta a m&eacute;hbe v&aacute;ndorol, ahol a vemhess&eacute;g 13-14. napja k&ouml;r&uuml;l be&aacute;gyaz&oacute;dik. A vemhess&eacute;g 30. napja ut&aacute;n a petef&eacute;szek &aacute;ltal termelt P4 mellett megjelenik a placenta &aacute;ltal<\/p>\n","protected":false},"author":3837,"featured_media":0,"parent":14342,"menu_order":0,"comment_status":"closed","ping_status":"closed","template":"","meta":{"_acf_changed":false,"footnotes":""},"categories":[],"tags":[],"class_list":["post-14351","page","type-page","status-publish","hentry"],"acf":[],"_links":{"self":[{"href":"https:\/\/univet.hu\/hu\/wp-json\/wp\/v2\/pages\/14351","targetHints":{"allow":["GET"]}}],"collection":[{"href":"https:\/\/univet.hu\/hu\/wp-json\/wp\/v2\/pages"}],"about":[{"href":"https:\/\/univet.hu\/hu\/wp-json\/wp\/v2\/types\/page"}],"author":[{"embeddable":true,"href":"https:\/\/univet.hu\/hu\/wp-json\/wp\/v2\/users\/3837"}],"replies":[{"embeddable":true,"href":"https:\/\/univet.hu\/hu\/wp-json\/wp\/v2\/comments?post=14351"}],"version-history":[{"count":0,"href":"https:\/\/univet.hu\/hu\/wp-json\/wp\/v2\/pages\/14351\/revisions"}],"up":[{"embeddable":true,"href":"https:\/\/univet.hu\/hu\/wp-json\/wp\/v2\/pages\/14342"}],"wp:attachment":[{"href":"https:\/\/univet.hu\/hu\/wp-json\/wp\/v2\/media?parent=14351"}],"wp:term":[{"taxonomy":"category","embeddable":true,"href":"https:\/\/univet.hu\/hu\/wp-json\/wp\/v2\/categories?post=14351"},{"taxonomy":"post_tag","embeddable":true,"href":"https:\/\/univet.hu\/hu\/wp-json\/wp\/v2\/tags?post=14351"}],"curies":[{"name":"wp","href":"https:\/\/api.w.org\/{rel}","templated":true}]}}