{"id":14352,"date":"1970-01-01T01:00:00","date_gmt":"1970-01-01T00:00:00","guid":{"rendered":"http:\/\/univet.hu\/egyetem\/szervezeti-egysegek\/szuleszeti-es-szaporodasbiologiai-tanszek-es-klinika\/szolgaltatasok\/tanacsok-allattartoknak\/az-elles\/"},"modified":"2018-09-07T15:47:35","modified_gmt":"2018-09-07T13:47:35","slug":"az-elles","status":"publish","type":"page","link":"https:\/\/univet.hu\/hu\/egyetem\/szervezeti-egysegek\/szuleszeti-es-szaporodasbiologiai-tanszek-es-klinika\/szolgaltatasok\/tanacsok-allattartoknak\/az-elles\/","title":{"rendered":"Az ell\u00e9s"},"content":{"rendered":"<p><strong>V&aacute;rhat&oacute; id\u0151pontja, a k&ouml;zelg\u0151 ell&eacute;s jelei<\/strong><\/p> <p>A kutya vemhess&eacute;ge &aacute;tlagosan a fedeztet&eacute;st\u0151l vagy term&eacute;keny&iacute;t&eacute;st\u0151l sz&aacute;m&iacute;tott 63 (sz&eacute;ls\u0151 &eacute;rt&eacute;kek: 58 &#8211; 68)nap, amelyt\u0151l azonban t&ouml;bb napos elt&eacute;r&eacute;s is lehets&eacute;ges. A fedeztet&eacute;s &eacute;s a petelev&aacute;l&aacute;s id\u0151pontja ugyanis t&ouml;bbnyire nem esik egybe &eacute;s &iacute;gy a t&eacute;nyleges term&eacute;keny&uuml;l&eacute;s ideje att&oacute;l f&uuml;gg, hogy fedeztet&eacute;skor a szuk&aacute;ban m&aacute;r megt&ouml;rt&eacute;nt-e a t&uuml;sz\u0151reped&eacute;s, illetve befejez\u0151d&ouml;tt-e a petesejtek ut&oacute;&eacute;r&eacute;se. A vemhess&eacute;g fenntart&aacute;s&aacute;&eacute;rt felel\u0151s progeszteron szintje az ell&eacute;shez k&ouml;zeledve gyorsan cs&ouml;kken, amelynek hat&aacute;s&aacute;ra a szuka testh\u0151m&eacute;rs&eacute;klete a v&aacute;rhat&oacute; ell&eacute;s el\u0151tt 6-24 &oacute;r&aacute;val &aacute;tmenetileg leesik. Ez a jelens&eacute;g f&ouml;lhaszn&aacute;lhat&oacute; az ell&eacute;s megindul&aacute;s&aacute;nak el\u0151rejelz&eacute;s&eacute;re oly m&oacute;don, ha a vemhess&eacute;g 55. napj&aacute;t&oacute;l kezd\u0151d\u0151en naponta k&eacute;tszer megm&eacute;rj&uuml;k a szuka testh\u0151m&eacute;rs&eacute;klet&eacute;t, ami a norm&aacute;lis 38,5-39,0&deg;C-r&oacute;l lecs&ouml;kken 37,5&deg;C al&aacute;, gyakran 37,0&deg;C-ra. Kuty&aacute;n&aacute;l &eacute;letk&eacute;pes k&ouml;lyk&ouml;k sz&uuml;let&eacute;s&eacute;re az 57-67. vemhess&eacute;gi nap k&ouml;z&ouml;tt van es&eacute;ly. Az el\u0151bb kezd\u0151d\u0151 sz&uuml;l&eacute;s eset&eacute;n koraell&eacute;sr\u0151l vagy vet&eacute;l&eacute;sr\u0151l, a k&eacute;s\u0151bb megindul&oacute;kn&aacute;l t&uacute;lhord&aacute;sr&oacute;l besz&eacute;l&uuml;nk. Mindk&eacute;t esetben a magzatok szervezete olyan s&uacute;lyosan k&aacute;rosodik, ill. oly m&eacute;rt&eacute;kben fejletlen, hogy az &eacute;lve sz&uuml;letett egyedek is r&ouml;vid id\u0151n bel&uuml;l elpusztulnak. N&eacute;h&aacute;ny nappal ell&eacute;s el\u0151tt a szuka viselked&eacute;se megv&aacute;ltozik, f&eacute;lreh&uacute;z&oacute;dik a zajos &eacute;s forgalmas helyekr\u0151l &eacute;s &quot;f&eacute;szek&eacute;p&iacute;t&eacute;sbe&quot; kezd. A megduzzadt eml\u0151kb\u0151l tejszer\u0171 v&aacute;lad&eacute;k fejhet\u0151, majd az &aacute;llat k&ouml;zvetlen&uuml;l ell&eacute;s el\u0151tt &eacute;tv&aacute;gytalann&aacute; v&aacute;lik, n&eacute;ha h&aacute;ny&aacute;s is el\u0151fordul. A p&eacute;ra megduzzad, bel\u0151le &aacute;ttetsz\u0151 v&aacute;lad&eacute;k &uuml;r&uuml;l.<\/p> <p><img decoding=\"async\" alt=\"Homero\" src=\"https:\/\/univet.hu\/files\/subpages\/234\/images\/homero.jpg\" data-replaced=\"true\" style=\"height:380px; width:300px\" \/><\/p> <p><strong>Amire sz&uuml;ks&eacute;g lesz ell&eacute;skor<\/strong><\/p> <p>A sz&uuml;l\u0151 &aacute;llatnak &aacute;lland&oacute; 22-25&deg;C h\u0151m&eacute;rs&eacute;klet\u0171, nem huzatos, k&ouml;nnyen tiszt&aacute;n tarthat&oacute; &eacute;s nyugodt helyre van sz&uuml;ks&eacute;ge, ahol szabadon mozoghat. Az ell&eacute;s megindul&aacute;sa ut&aacute;n ne engedj&uuml;nk hozz&aacute; idegeneket, a csal&aacute;db&oacute;l is csak az legyen vele, akiben felt&eacute;tlen&uuml;l megb&iacute;zik. Legyen k&eacute;zn&eacute;l tiszta t&ouml;r&ouml;lk&ouml;z\u0151 a k&ouml;lyk&ouml;k sz&aacute;razra d&ouml;rzs&ouml;l&eacute;s&eacute;hez, szemcseppent\u0151 &eacute;s f&uuml;ltiszt&iacute;t&oacute; p&aacute;lcika a l&eacute;gutak szabadd&aacute; t&eacute;tel&eacute;hez, fonal a k&ouml;ld&ouml;k lek&ouml;t&eacute;s&eacute;hez &eacute;s Betadine fert\u0151tlen&iacute;t\u0151 oldat a k&ouml;ld&ouml;kcsonk ell&aacute;t&aacute;s&aacute;hoz.<\/p> <p>Maga az ell&eacute;s h&aacute;rom, egym&aacute;sba &aacute;tmen\u0151 szakaszb&oacute;l tev\u0151dik &ouml;ssze. A 4-36 &oacute;r&aacute;ig tart&oacute; megny&iacute;l&aacute;si szakaszban a m&eacute;h ritmikus &ouml;sszeh&uacute;z&oacute;d&aacute;sai a m&eacute;g &eacute;p burokban l&eacute;v\u0151 magzatokat a bels\u0151 m&eacute;hsz&aacute;jhoz pr&eacute;selve a m&eacute;hnyakat fokozatosan megnyitj&aacute;k, ez&aacute;ltal a sz&uuml;l\u0151&uacute;t f&ouml;lt&aacute;gul. A m&eacute;h els\u0151 (sz&aacute;munkra nem felt&eacute;tlen&uuml;l l&aacute;that&oacute;) &ouml;sszeh&uacute;z&oacute;d&aacute;sai miatt a t&aacute;gul&aacute;si szakaszban a szuka nyugtalan, liheg, k&ouml;rbe j&aacute;r, lefekszik &eacute;s felkel. A viszonylag r&ouml;vid kitol&aacute;si szakaszban a m&eacute;hkontrakci&oacute;k er\u0151ss&eacute;ge &eacute;s gyakoris&aacute;ga fokoz&oacute;dik, amit m&aacute;r l&aacute;that&oacute; hasfal-&ouml;sszeh&uacute;z&oacute;d&aacute;sok is k&iacute;s&eacute;rnek. A magzatburok f&ouml;lreped&eacute;se &eacute;s a magzatv&iacute;z elfoly&aacute;sa ut&aacute;n 4 &oacute;r&aacute;n bel&uuml;l az els\u0151 k&ouml;ly&ouml;knek meg kell sz&uuml;letnie. S&ouml;t&eacute;tz&ouml;ld sz&iacute;n\u0171 m&eacute;hv&aacute;lad&eacute;k a placenta kezd\u0151d\u0151 lev&aacute;l&aacute;s&aacute;ra &eacute;s roml&oacute; magzati oxig&eacute;nell&aacute;t&aacute;sra utal, ilyenkor legfeljebb egy &oacute;ra telhet el az els\u0151 k&ouml;ly&ouml;k megsz&uuml;let&eacute;s&eacute;ig. A magzat sz&uuml;l\u0151&uacute;tba jut&aacute;sa ut&aacute;n fokoz&oacute;dnak a m&eacute;h &eacute;s a hasfal &ouml;sszeh&uacute;z&oacute;d&aacute;sai, &eacute;s percek alatt (fejjel vagy farral, mindkett\u0151 szab&aacute;lyos) a k&uuml;lvil&aacute;gra ker&uuml;l a k&ouml;ly&ouml;k. A hossz&uacute; k&ouml;ld&ouml;kzsin&oacute;r miatt a kiskuty&aacute;k gyakran burokban sz&uuml;letnek, m&aacute;skor viszont a burok felreped &eacute;s csak a k&ouml;ld&ouml;kzsin&oacute;rral kapcsol&oacute;dik a k&ouml;ly&ouml;kh&ouml;z. Tapasztalt szuka gyorsan felszak&iacute;tja (&eacute;s megeszi!) a magzatburkot, majd a k&ouml;ld&ouml;kzsin&oacute;rt elr&aacute;gva nyalogat&aacute;ssal megtiszt&iacute;tja az &uacute;jsz&uuml;l&ouml;tt orr-&eacute;s sz&aacute;jny&iacute;l&aacute;s&aacute;t &eacute;s serkenti a l&eacute;gz&eacute;s&eacute;t. A magzatok 30-60 percenk&eacute;nt, nyugalmi peri&oacute;dust k&ouml;vet\u0151en j&ouml;nnek a vil&aacute;gra, mik&ouml;zben az anya l&aacute;tsz&oacute;lag semmit nem csin&aacute;l, csak felk&eacute;sz&uuml;l a k&ouml;vetkez\u0151 k&ouml;ly&ouml;k megsz&uuml;l&eacute;s&eacute;re. Ezek a pihen&eacute;si szakaszok a sz&uuml;l&eacute;s el\u0151rehaladt&aacute;val &eacute;s a m&eacute;h izomzat&aacute;nak f&aacute;rad&aacute;s&aacute;val egyre hosszabbak: a kezdeti 5-15 perc helyett 30-60 percesek lesznek. Ha a m&eacute;hben m&eacute;g magzat van &eacute;s a nyugalmi szakasz a k&eacute;t &oacute;r&aacute;t meghaladja (f&aacute;j&aacute;sgyenges&eacute;g), halad&eacute;ktalanul &aacute;llatorvoshoz kell fordulni. Az ell&eacute;s a magzatburkok megsz&uuml;let&eacute;s&eacute;vel &eacute;s a ki&uuml;r&uuml;lt m&eacute;h er\u0151teljes &ouml;sszeh&uacute;z&oacute;d&aacute;saival (ut&oacute;szakasz) fejez\u0151dik be. Ha a k&ouml;ld&ouml;kzsin&oacute;r a magzatburok megsz&uuml;let&eacute;se el\u0151tt elszakad, akkor a burok csak egy bizonyos id\u0151 (5-15 perc) elm&uacute;lt&aacute;val fog elt&aacute;vozni &uacute;gy, hogy a k&ouml;vetkez\u0151 magzat tolja maga el\u0151tt, esetleg csak a k&ouml;vetkez\u0151 k&ouml;ly&ouml;k ut&aacute;n sz&uuml;letik meg. Mivel az anya &aacute;ltal&aacute;ban megeszi a magzatburkokat, sz&aacute;mon kell tartani, h&aacute;ny sz&uuml;letett meg, hogy az ell&eacute;s v&eacute;gezt&eacute;vel tudjuk, maradt-e a m&eacute;hben magzatburok. A magzati f&uuml;ggel&eacute;kek elfogyaszt&aacute;sa &eacute;lettani jelens&eacute;g, de n&eacute;pes almokn&aacute;l hasmen&eacute;st, h&aacute;ny&aacute;st okozhat. Miut&aacute;n az &ouml;sszes k&ouml;ly&ouml;k vil&aacute;gra j&ouml;tt, a szuka megnyugszik, &aacute;polja &eacute;s szoptatja k&ouml;lykeit. Az ell&eacute;s ut&aacute;ni hetekben &uuml;r&uuml;l\u0151 m&eacute;hv&aacute;lad&eacute;k, az &uacute;n. lochia ny&aacute;lk&aacute;s vagy v&iacute;zszer\u0171, kezdetben s&ouml;t&eacute;t z&ouml;ldesbarna sz&iacute;n\u0171, esetleg v&eacute;rt tartalmaz, de semmik&eacute;ppen nem b\u0171z&ouml;s, nem ken\u0151csszer\u0171. A m&eacute;h vissza-alakul&aacute;s&aacute;val sz&iacute;ne egyre vil&aacute;gosabb lesz, mennyis&eacute;ge fokozatosan cs&ouml;kken.<\/p> <p>&nbsp;<\/p> <p><strong>&Aacute;llatorvost kell h&iacute;vni, ha<\/strong><\/p> <p>63 nap eltelt a fedeztet&eacute;s &oacute;ta &eacute;s a szuka nem k&eacute;sz&uuml;l\u0151dik az ell&eacute;sre<\/p> <p>4 &oacute;r&aacute;ja elfolyt a magzatv&iacute;z, de nem sz&uuml;letett k&ouml;ly&ouml;k<\/p> <p>30-60 perce tart&oacute; er\u0151teljes f&aacute;j&aacute;sok ellen&eacute;re nem sz&uuml;letett k&ouml;ly&ouml;k<\/p> <p>1 &oacute;r&aacute;n&aacute;l r&eacute;gebben s&ouml;t&eacute;tz&ouml;ld v&aacute;lad&eacute;k &uuml;r&uuml;l, de nem sz&uuml;letett k&ouml;ly&ouml;k<\/p> <p>2 percn&eacute;l r&eacute;gebb &oacute;ta magzati testr&eacute;sz l&aacute;that&oacute; a p&eacute;rar&eacute;sben<\/p> <p>az ell\u0151 szuka 2 &oacute;r&aacute;n&aacute;l r&eacute;gebben pihen, de m&eacute;g van sz&uuml;letend\u0151 k&ouml;ly&ouml;k<\/p> <p>az ell&eacute;s ut&aacute;ni napokban &uuml;r&uuml;l\u0151 v&aacute;lad&eacute;k b\u0171z&ouml;s, ken\u0151csszer\u0171 &eacute;s\/vagy a szuka l&aacute;that&oacute;an nincs j&oacute;l<\/p> <p>a k&ouml;lyk&ouml;k &aacute;lland&oacute;an (etet&eacute;s ut&aacute;n is) s&iacute;rnak<\/p> <p>az el\u0151rehaladottan vemhes vagy szoptat&oacute; szuka remeg, elfekszik, &eacute;rdektelen a k&uuml;lvil&aacute;g ingereire.<\/p> <p>&nbsp;<\/p> <p><strong>Ha a szuka nem szak&iacute;tja fel a magzatburkot<\/strong><\/p> <p>Az els\u0151 sz&uuml;l&eacute;sn&eacute;l a szuk&aacute;k n&eacute;ha &uuml;gyetlenek az &uacute;jsz&uuml;l&ouml;ttjeik ell&aacute;t&aacute;s&aacute;ban, ez&eacute;rt seg&iacute;ts&eacute;gre szorulnak. Ha egy perccel a megsz&uuml;let&eacute;s ut&aacute;n a k&ouml;lyk&ouml;n a burok m&eacute;g mindig &eacute;p, akkor a burkot f&ouml;l kell t&eacute;pni &#8211; az orrot &eacute;s sz&aacute;jny&iacute;l&aacute;st szabadd&aacute; t&eacute;ve &#8211; lehet\u0151s&eacute;get adva az any&aacute;nak, hogy nyalogassa k&ouml;lyk&eacute;t. Ha m&eacute;g ekkor sem &aacute;polja az &uacute;jsz&uuml;l&ouml;ttet, akkor t&aacute;vol&iacute;tsuk el az &ouml;sszes burokmaradv&aacute;nyt, k&ouml;ss&uuml;k le a k&ouml;ld&ouml;k&ouml;t kb. f&eacute;l cm-re a hasfalt&oacute;l, v&aacute;gjuk el a csom&oacute; f&ouml;l&ouml;tt egy cm-rel, &eacute;s fert\u0151tlen&iacute;ts&uuml;k le a csonkot Betadine oldattal. Az els\u0151 l&eacute;gv&eacute;telt &eacute;s az egyenletes l&eacute;gz&eacute;s beindul&aacute;s&aacute;t tiszta t&ouml;r&ouml;lk&ouml;z\u0151vel v&eacute;gzett d&ouml;rzs&ouml;lget&eacute;ssel serkents&uuml;k. Amikor m&aacute;r d&ouml;rzs&ouml;lget&eacute;s n&eacute;lk&uuml;l is rendszeresen vesz leveg\u0151t &eacute;s er\u0151teljesen s&iacute;r, visszaadhatjuk az anyj&aacute;nak.<\/p> <p><img decoding=\"async\" alt=\"Neonatology\" src=\"https:\/\/univet.hu\/files\/subpages\/234\/images\/neonatology.jpg\" data-replaced=\"true\" style=\"height:324px; width:500px\" \/><\/p> <p><strong>Ha a k&ouml;ly&ouml;k nem l&eacute;legzik<\/strong><\/p> <p>Tegy&uuml;k egyik kez&uuml;nk mutat&oacute;- &eacute;s h&uuml;velykujj&aacute;t a k&ouml;ny&ouml;k m&ouml;g&ouml;tt a mellkas k&eacute;t oldal&aacute;ra, hogy &eacute;rezz&uuml;k a sz&iacute;vver&eacute;seket. Ha a sz&iacute;v ver, szemcseppent\u0151 seg&iacute;ts&eacute;g&eacute;vel sz&iacute;vjuk ki a v&aacute;lad&eacute;kot az orr- &eacute;s sz&aacute;jny&iacute;l&aacute;sb&oacute;l, &eacute;s tiszt&iacute;tsuk meg k&ouml;rny&eacute;k&uuml;ket f&uuml;ltiszt&iacute;t&oacute; p&aacute;lcik&aacute;val. T&ouml;r&ouml;lk&ouml;z\u0151vel d&ouml;rzs&ouml;lgess&uuml;k f\u0151leg a mellkast, hogy l&eacute;legezzen. Csak akkor hagyjuk abba, ha az &uacute;jsz&uuml;l&ouml;tt m&aacute;r mag&aacute;t&oacute;l is vesz leveg\u0151t, illetve ha a sz&iacute;vver&eacute;s le&aacute;ll&aacute;sa arra utal, hogy a k&ouml;ly&ouml;k m&aacute;r nem &eacute;l.<\/p> <p>Az &eacute;letmin\u0151s&eacute;get befoly&aacute;sol&oacute; fejl\u0151d&eacute;si rendelleness&eacute;gek, &ouml;r&ouml;kletes betegs&eacute;gek (k&ouml;ld&ouml;ks&eacute;rv, nyitott sz&aacute;jpadl&aacute;s, rejtett here, stb) sz\u0171r&eacute;s&eacute;t min&eacute;l kor&aacute;bbi id\u0151pontban c&eacute;lszer\u0171 elv&eacute;gezni. Sajnos egyes v&eacute;rvonalakn&aacute;l bizonyos &ouml;r&ouml;kl\u0151d\u0151 betegs&eacute;gek (rejtetther&eacute;j\u0171s&eacute;g, cs&iacute;p\u0151iz&uuml;leti dysplasia) el\u0151fordul&aacute;sa halmozott, ezeket a vonalakat a teny&eacute;szt&eacute;sb\u0151l ki kell z&aacute;rni.<\/p> <p><strong>Ha a szuka nem szoptatja k&ouml;lykeit<\/strong><\/p> <p>Az ell&eacute;s ut&aacute;n nyugtalan szuka mell&eacute; le kell &uuml;lni &eacute;s besz&eacute;lni hozz&aacute;, hogy megnyugodjon. Ek&ouml;zben pr&oacute;b&aacute;ljuk meg lefektetni, hogy a k&ouml;lyk&ouml;k odam&aacute;szhassanak szopni. Nem felt&eacute;tlen&uuml;l sz&uuml;ks&eacute;ges r&aacute;tenni \u0151ket a csecsbimb&oacute;ra; jobb, ha maguk tal&aacute;lj&aacute;k meg az utat a t&aacute;panyagforr&aacute;sig. Ha az anya m&eacute;g mindig ideges, vigy&uuml;k ki s&eacute;t&aacute;lni, hogy vizeletet &uuml;r&iacute;thessen. Olykor az is elegend\u0151, ha a vil&aacute;g&iacute;t&aacute;st lekapcsolva kimegy&uuml;nk, azonban 15-20 perc eltelt&eacute;vel ellen\u0151rizni kell, hogy szoptat-e. Ha mindez nem haszn&aacute;l, &aacute;llatorvost kell h&iacute;vni.<\/p> <p>Eg&eacute;szs&eacute;ges anyakutya az esetek t&ouml;bbs&eacute;g&eacute;ben gondoskodik ut&oacute;dair&oacute;l, tisztogatja &eacute;s szoptatja \u0151ket, m&eacute;gis el\u0151fordul, hogy n&eacute;melyik cs&ouml;pps&eacute;g elmarad testv&eacute;reit\u0151l a fejl\u0151d&eacute;sben. Nagy l&eacute;tsz&aacute;m&uacute; alom gyeng&eacute;bb egyedei a t&ouml;bbiekt\u0151l nem jutnak elegend\u0151 t&aacute;pl&aacute;l&eacute;khoz, ez&eacute;rt emberi gondoskod&aacute;sra, fejl\u0151d&eacute;s&uuml;k &eacute;s s&uacute;lygyarapod&aacute;suk nyomon k&ouml;vet&eacute;s&eacute;re szorulnak. Amikor az anya&aacute;llat nem t&ouml;r\u0151dik k&ouml;lykeivel, illetve betegs&eacute;g vagy tejhi&aacute;ny miatt nem tudja gondozni \u0151ket, esetleg elpusztul, akkor a feladat teljes eg&eacute;sz&eacute;ben a tulajdonosra h&aacute;rul. Ma m&aacute;r t&ouml;bb tejp&oacute;tl&oacute; t&aacute;pszer &eacute;s eszk&ouml;z kaphat&oacute;, amelyek seg&iacute;ts&eacute;g&eacute;vel a k&ouml;lyk&ouml;k anya n&eacute;lk&uuml;l is f&ouml;lnevelhet\u0151k. Ilyen esetekben gondoz&aacute;si, t&aacute;pl&aacute;l&aacute;si tan&aacute;csokkal seg&iacute;t&uuml;nk.<\/p> <p><strong>Sz&uuml;let&eacute;st\u0151l a v&aacute;laszt&aacute;sig<\/strong><\/p> <p>Az &uacute;jsz&uuml;l&ouml;ttek &eacute;let&uuml;k els\u0151 napjaiban m&eacute;g k&eacute;ptelenek a testh\u0151m&eacute;rs&eacute;klet szab&aacute;lyoz&aacute;s&aacute;ra, a szem&uuml;k z&aacute;rva, nem tudnak &ouml;n&aacute;ll&oacute;an t&aacute;pl&aacute;l&eacute;kot szerezni &eacute;s reflexm\u0171k&ouml;d&eacute;s&uuml;k is t&ouml;k&eacute;letlen. Teljes eg&eacute;sz&eacute;ben az anyai gondoskod&aacute;sra vannak utalva, ilyenkor fog&eacute;konyak a k&uuml;lvil&aacute;g mikroorganizmusai &aacute;ltal okozott fert\u0151z&eacute;sekre. Ez&eacute;rt c&eacute;lszer\u0171 a k&ouml;rnyezet tisztas&aacute;g&aacute;ra &eacute;s megfelel\u0151 h\u0151m&eacute;rs&eacute;klet&eacute;re fokozottan &uuml;gyelni.<\/p> <p>Bizonyos &uacute;jsz&uuml;l&ouml;ttkori fert\u0151z\u0151 betegs&eacute;gek ak&aacute;r teljes almok kipusztul&aacute;s&aacute;hoz vezetnek, de el\u0151sz&ouml;r &aacute;ltal&aacute;ban csak egy-k&eacute;t egyedet &eacute;rintenek (t&ouml;bbnyire a leggyeng&eacute;bbeket), majd a betegs&eacute;g t&uuml;netei fokozatosan v&aacute;lnak l&aacute;that&oacute;v&aacute; a t&ouml;bbi &uacute;jsz&uuml;l&ouml;tt&ouml;n is. Sikeres &aacute;llatorvosi beavatkoz&aacute;sra viszont csak akkor van rem&eacute;ny, ha nem az utols&oacute; &eacute;letben maradt, m&aacute;r nagy m&eacute;rt&eacute;kben legyeng&uuml;lt k&ouml;lyk&ouml;t akarjuk megmenteni, hanem r&ouml;gt&ouml;n az els\u0151 t&uuml;netekn&eacute;l kezdj&uuml;k meg a vizsg&aacute;latokat, &eacute;s az azoknak megfelel\u0151 kezel&eacute;st.<\/p>","protected":false},"excerpt":{"rendered":"<p>V&aacute;rhat&oacute; id\u0151pontja, a k&ouml;zelg\u0151 ell&eacute;s jelei A kutya vemhess&eacute;ge &aacute;tlagosan a fedeztet&eacute;st\u0151l vagy term&eacute;keny&iacute;t&eacute;st\u0151l sz&aacute;m&iacute;tott 63 (sz&eacute;ls\u0151 &eacute;rt&eacute;kek: 58 &#8211; 68)nap, amelyt\u0151l azonban t&ouml;bb napos elt&eacute;r&eacute;s is lehets&eacute;ges. A fedeztet&eacute;s &eacute;s a petelev&aacute;l&aacute;s id\u0151pontja ugyanis t&ouml;bbnyire nem esik egybe &eacute;s &iacute;gy a t&eacute;nyleges term&eacute;keny&uuml;l&eacute;s ideje att&oacute;l f&uuml;gg, hogy fedeztet&eacute;skor a szuk&aacute;ban m&aacute;r megt&ouml;rt&eacute;nt-e a t&uuml;sz\u0151reped&eacute;s,<\/p>\n","protected":false},"author":3837,"featured_media":0,"parent":14342,"menu_order":0,"comment_status":"closed","ping_status":"closed","template":"","meta":{"_acf_changed":false,"footnotes":""},"categories":[],"tags":[],"class_list":["post-14352","page","type-page","status-publish","hentry"],"acf":[],"_links":{"self":[{"href":"https:\/\/univet.hu\/hu\/wp-json\/wp\/v2\/pages\/14352","targetHints":{"allow":["GET"]}}],"collection":[{"href":"https:\/\/univet.hu\/hu\/wp-json\/wp\/v2\/pages"}],"about":[{"href":"https:\/\/univet.hu\/hu\/wp-json\/wp\/v2\/types\/page"}],"author":[{"embeddable":true,"href":"https:\/\/univet.hu\/hu\/wp-json\/wp\/v2\/users\/3837"}],"replies":[{"embeddable":true,"href":"https:\/\/univet.hu\/hu\/wp-json\/wp\/v2\/comments?post=14352"}],"version-history":[{"count":0,"href":"https:\/\/univet.hu\/hu\/wp-json\/wp\/v2\/pages\/14352\/revisions"}],"up":[{"embeddable":true,"href":"https:\/\/univet.hu\/hu\/wp-json\/wp\/v2\/pages\/14342"}],"wp:attachment":[{"href":"https:\/\/univet.hu\/hu\/wp-json\/wp\/v2\/media?parent=14352"}],"wp:term":[{"taxonomy":"category","embeddable":true,"href":"https:\/\/univet.hu\/hu\/wp-json\/wp\/v2\/categories?post=14352"},{"taxonomy":"post_tag","embeddable":true,"href":"https:\/\/univet.hu\/hu\/wp-json\/wp\/v2\/tags?post=14352"}],"curies":[{"name":"wp","href":"https:\/\/api.w.org\/{rel}","templated":true}]}}