{"id":14353,"date":"1970-01-01T01:00:00","date_gmt":"1970-01-01T00:00:00","guid":{"rendered":"http:\/\/univet.hu\/egyetem\/szervezeti-egysegek\/szuleszeti-es-szaporodasbiologiai-tanszek-es-klinika\/szolgaltatasok\/tanacsok-allattartoknak\/szoptatas\/"},"modified":"2018-09-07T15:47:35","modified_gmt":"2018-09-07T13:47:35","slug":"szoptatas","status":"publish","type":"page","link":"https:\/\/univet.hu\/hu\/egyetem\/szervezeti-egysegek\/szuleszeti-es-szaporodasbiologiai-tanszek-es-klinika\/szolgaltatasok\/tanacsok-allattartoknak\/szoptatas\/","title":{"rendered":"Szoptat\u00e1s"},"content":{"rendered":"<p><strong>A szoptat&aacute;s sor&aacute;n felmer&uuml;l\u0151 probl&eacute;m&aacute;k<\/strong><\/p> <p><strong>Energiahi&aacute;ny:<\/strong>&nbsp;a szoptat&aacute;si id\u0151szak t&aacute;pl&aacute;l&oacute;anyag-ig&eacute;nye a l&eacute;tfenntart&oacute; mennyis&eacute;g h&aacute;romszoros&aacute;t is meghaladhatja! Amennyire &aacute;ltal&aacute;nos a korai vemhess&eacute;g alatti t&uacute;lt&aacute;pl&aacute;l&aacute;s, ugyanolyan gyakran feledkeznek meg arr&oacute;l, hogy a szoptat&oacute; anya \u0096 k&uuml;l&ouml;n&ouml;sen n&eacute;pes alom eset&eacute;n &#8211; a tejjel olyan mennyis&eacute;g\u0171 energi&aacute;t vesz&iacute;t, amit a f&ouml;lvett t&aacute;pl&aacute;l&eacute;kkal k&eacute;ptelen p&oacute;tolni. Ez&eacute;rt a k&ouml;lykeit nevel\u0151 &aacute;llatnak lehet\u0151v&eacute; kell tenni, hogy &eacute;tv&aacute;gya szerint naponta t&ouml;bbsz&ouml;r fogyaszthasson nagy t&aacute;p&eacute;rt&eacute;k\u0171 eles&eacute;get. Forgalomban vannak a megn&ouml;vekedett t&aacute;pl&aacute;l&oacute;anyag-ig&eacute;nyt kiel&eacute;g&iacute;t\u0151 t&aacute;pok, amelyek a szoptat&aacute;si id\u0151szak alatti kond&iacute;ci&oacute;roml&aacute;s vesz&eacute;ly&eacute;t cs&ouml;kkentik.<\/p> <p><img decoding=\"async\" alt=\"Szoptatas Kutya\" src=\"https:\/\/univet.hu\/files\/subpages\/235\/images\/szoptatas_kutya.jpg\" data-replaced=\"true\" style=\"height:333px; width:500px\" \/><\/p> <p><strong>Kalciumhi&aacute;nyos g&ouml;rcs&ouml;k (eclampsia):<\/strong>&nbsp;kistest\u0171 &aacute;llatokn&aacute;l el\u0151fordul, hogy a szoptat&aacute;ssal nagy mennyis&eacute;gben &uuml;r&uuml;l\u0151 kalciumot az eles&eacute;gb\u0151l felsz&iacute;v&oacute;d&oacute; &eacute;s a csontokb&oacute;l mozg&oacute;s&iacute;tott kalcium egy&uuml;ttesen sem k&eacute;pesek p&oacute;tolni, ez&eacute;rt a v&eacute;rben kalciumhi&aacute;nyos &aacute;llapot alakul ki. A k&oacute;rk&eacute;p kiv&eacute;telesen nagytest\u0171 fajt&aacute;kn&aacute;l is tapasztalhat&oacute;, gyakran az&eacute;rt, mert vemhess&eacute;g alatt a szuka t&uacute;l sok kalciumot (szoptat&oacute; t&aacute;pot vagy kalcium kieg&eacute;sz&iacute;t\u0151t) kapott, ami a kalciumh&aacute;ztart&aacute;s&eacute;rt felel\u0151s mell&eacute;kpajzsmirigy &quot;ellustul&aacute;s&aacute;hoz&quot; vezet, &eacute;s az nem k&eacute;pes megfelel\u0151 mozg&oacute;s&iacute;t&aacute;sra a csontokb&oacute;l. Az alacsony v&eacute;rkalcium-szint k&ouml;vetkezt&eacute;ben az izomm\u0171k&ouml;d&eacute;s zavart szenved, ami eleinte er\u0151tlens&eacute;gben, remeg&eacute;sben &eacute;s k&ouml;t&ouml;tt j&aacute;r&aacute;sban mutatkozik. Az &aacute;llapot s&uacute;lyosbod&aacute;sakor a pupilla kit&aacute;gul, a testh\u0151m&eacute;rs&eacute;klet emelkedik, r&aacute;ng&oacute;g&ouml;rcs&ouml;k jelentkeznek &eacute;s az &aacute;llat oldal&aacute;ra d\u0151l. Amikor a g&ouml;rcs&ouml;s &aacute;llapot m&aacute;r nemcsak a v&aacute;zizmokra korl&aacute;toz&oacute;dik, hanem a l&eacute;gz\u0151izmokat &eacute;s a sz&iacute;vizmot is &eacute;rinti, &eacute;letvesz&eacute;lyess&eacute; v&aacute;lhat, ez&eacute;rt k&eacute;sedelem n&eacute;lk&uuml;l h&iacute;vjunk &aacute;llatorvost &eacute;s vegy&uuml;k el t\u0151le a k&ouml;lyk&ouml;ket.<\/p> <p><strong>M&eacute;hgyullad&aacute;s:<\/strong>&nbsp;a m&eacute;hben visszamaradt k&ouml;ly&ouml;k vagy magzatburok, esetleg az ell&eacute;si higi&eacute;nia hi&aacute;nyoss&aacute;gai okozhatj&aacute;k. Erre utal, ha az ell&eacute;st k&ouml;vet\u0151 napokban az anyakutya &eacute;tv&aacute;gytalan, kedvetlen, &eacute;s b\u0171z&ouml;s v&aacute;lad&eacute;k &uuml;r&uuml;l a h&uuml;vely&eacute;b\u0151l, k&ouml;lykeit nem gondozza vagy nincs el&eacute;g teje, esetleg l&aacute;zas (testh\u0151m&eacute;rs&eacute;klete 40&deg;C vagy magasabb). Ilyenkor halad&eacute;ktalanul meg kell mutatni &aacute;llatorvosnak, mert m&eacute;hgyullad&aacute;sa lehet, ami az &eacute;let&eacute;t is vesz&eacute;lybe sodorja.<\/p> <p><strong>Eml\u0151gyullad&aacute;s:<\/strong>&nbsp;A tejet termel\u0151 eg&eacute;szs&eacute;ges eml\u0151k viszonylag nagyok &eacute;s puha tapintat&uacute;ak. A s&ouml;t&eacute;tv&ouml;r&ouml;s sz&iacute;n\u0171 gyulladt eml\u0151k fesz&uuml;l&eacute;sig teltek, kem&eacute;ny tapintat&uacute;ak, melegek &eacute;s f&aacute;jdalmasak. Am&iacute;g a betegs&eacute;g csak az eml\u0151ket &eacute;rinti, addig az anya &aacute;ltal&aacute;nos &aacute;llapota nem romlik sz&aacute;mottev\u0151en. Minthogy azonban a f&aacute;jdalom miatt nem engedi szopni k&ouml;lykeit, a pang&oacute; tej miatt a probl&eacute;ma egyre s&uacute;lyosbodik. Ilyenkor az &aacute;llatorvos antibiotikumot ad a szuk&aacute;nak, ezenk&iacute;v&uuml;l min&eacute;l gyakrabban ki kell fejni a tejet a beteg eml\u0151kb\u0151l, el\u0151rehaladott esetben a szuk&aacute;t gy&oacute;gyszeresen el kell apasztani &eacute;s a k&ouml;lyk&ouml;ket mesters&eacute;gesen (tejp&oacute;tl&oacute;val) t&aacute;pl&aacute;lni.<\/p>","protected":false},"excerpt":{"rendered":"<p>A szoptat&aacute;s sor&aacute;n felmer&uuml;l\u0151 probl&eacute;m&aacute;k Energiahi&aacute;ny:&nbsp;a szoptat&aacute;si id\u0151szak t&aacute;pl&aacute;l&oacute;anyag-ig&eacute;nye a l&eacute;tfenntart&oacute; mennyis&eacute;g h&aacute;romszoros&aacute;t is meghaladhatja! Amennyire &aacute;ltal&aacute;nos a korai vemhess&eacute;g alatti t&uacute;lt&aacute;pl&aacute;l&aacute;s, ugyanolyan gyakran feledkeznek meg arr&oacute;l, hogy a szoptat&oacute; anya \u0096 k&uuml;l&ouml;n&ouml;sen n&eacute;pes alom eset&eacute;n &#8211; a tejjel olyan mennyis&eacute;g\u0171 energi&aacute;t vesz&iacute;t, amit a f&ouml;lvett t&aacute;pl&aacute;l&eacute;kkal k&eacute;ptelen p&oacute;tolni. Ez&eacute;rt a k&ouml;lykeit nevel\u0151 &aacute;llatnak lehet\u0151v&eacute;<\/p>\n","protected":false},"author":3837,"featured_media":0,"parent":14342,"menu_order":0,"comment_status":"closed","ping_status":"closed","template":"","meta":{"_acf_changed":false,"footnotes":""},"categories":[],"tags":[],"class_list":["post-14353","page","type-page","status-publish","hentry"],"acf":[],"_links":{"self":[{"href":"https:\/\/univet.hu\/hu\/wp-json\/wp\/v2\/pages\/14353","targetHints":{"allow":["GET"]}}],"collection":[{"href":"https:\/\/univet.hu\/hu\/wp-json\/wp\/v2\/pages"}],"about":[{"href":"https:\/\/univet.hu\/hu\/wp-json\/wp\/v2\/types\/page"}],"author":[{"embeddable":true,"href":"https:\/\/univet.hu\/hu\/wp-json\/wp\/v2\/users\/3837"}],"replies":[{"embeddable":true,"href":"https:\/\/univet.hu\/hu\/wp-json\/wp\/v2\/comments?post=14353"}],"version-history":[{"count":0,"href":"https:\/\/univet.hu\/hu\/wp-json\/wp\/v2\/pages\/14353\/revisions"}],"up":[{"embeddable":true,"href":"https:\/\/univet.hu\/hu\/wp-json\/wp\/v2\/pages\/14342"}],"wp:attachment":[{"href":"https:\/\/univet.hu\/hu\/wp-json\/wp\/v2\/media?parent=14353"}],"wp:term":[{"taxonomy":"category","embeddable":true,"href":"https:\/\/univet.hu\/hu\/wp-json\/wp\/v2\/categories?post=14353"},{"taxonomy":"post_tag","embeddable":true,"href":"https:\/\/univet.hu\/hu\/wp-json\/wp\/v2\/tags?post=14353"}],"curies":[{"name":"wp","href":"https:\/\/api.w.org\/{rel}","templated":true}]}}