{"id":14354,"date":"1970-01-01T01:00:00","date_gmt":"1970-01-01T00:00:00","guid":{"rendered":"http:\/\/univet.hu\/egyetem\/szervezeti-egysegek\/szuleszeti-es-szaporodasbiologiai-tanszek-es-klinika\/szolgaltatasok\/tanacsok-allattartoknak\/emlodaganatok\/"},"modified":"2018-09-07T15:47:35","modified_gmt":"2018-09-07T13:47:35","slug":"emlodaganatok","status":"publish","type":"page","link":"https:\/\/univet.hu\/hu\/egyetem\/szervezeti-egysegek\/szuleszeti-es-szaporodasbiologiai-tanszek-es-klinika\/szolgaltatasok\/tanacsok-allattartoknak\/emlodaganatok\/","title":{"rendered":"Eml\u0151daganatok"},"content":{"rendered":"<p>Id\u0151sebb szuk&aacute;kn&aacute;l \u0096 gyakoris&aacute;gukat tekintve \u0096 a tejmirigy daganatai nagyon el\u0151kel\u0151 helyet foglalnak el. &Ouml;t&eacute;ves kor felett m&aacute;r nem ritk&aacute;k, t&iacute;z&eacute;ves kor f&ouml;l&ouml;tt a nem ivartalan&iacute;tott szuk&aacute;k eml\u0151vizsg&aacute;lata sor&aacute;n nagy t&ouml;bbs&eacute;g&uuml;kn&eacute;l tal&aacute;lunk daganatos elv&aacute;ltoz&aacute;st. Nemcsak a fajtatiszta kuty&aacute;k betegs&eacute;ge ez; p&aacute;cienseink t&ouml;bb mint fele kever&eacute;k.<\/p> <p>A k&oacute;rsz&ouml;vettani vizsg&aacute;lattal igazolt daganatos elv&aacute;ltoz&aacute;sok jelent\u0151s r&eacute;sze (80%) rosszindulat&uacute;, ezek t&ouml;bbs&eacute;ge carcinoma, egy r&eacute;sz&uuml;k kevert t&iacute;pus&uacute; daganat, kisebb r&eacute;sz&uuml;k sarcoma. A j&oacute;indulat&uacute;ak k&ouml;z&uuml;l adenoma, chondroma, lipoma, &eacute;s kevert daganatok fordulnak el\u0151.<\/p> <p>Egyel\u0151re nem ismert a m&aacute;r kialakult eml\u0151daganat n&ouml;veked&eacute;s&eacute;t meg&aacute;ll&iacute;t&oacute; gy&oacute;gyszer, egyed&uuml;li megold&aacute;s a daganat seb&eacute;szi elt&aacute;vol&iacute;t&aacute;sa. A m\u0171t&eacute;ti felk&eacute;sz&uuml;l&eacute;s &eacute;s poszt-operat&iacute;v l&aacute;badoz&aacute;s sor&aacute;n alkalmazunk kieg&eacute;sz&iacute;t\u0151 gy&oacute;gyszeres kezel&eacute;st, ami a m\u0171t&eacute;t hat&eacute;konys&aacute;g&aacute;t n&ouml;veli &eacute;s p&aacute;cienseink &eacute;letmin\u0151s&eacute;g&eacute;t jav&iacute;tja.<\/p> <p>A betegs&eacute;g megel\u0151z&eacute;s&eacute;ben nagy szerepe van az ivartalan&iacute;t&aacute;snak, ugyanis az els\u0151 t&uuml;zel&eacute;s ut&aacute;n ivartalan&iacute;tott szuk&aacute;kat sz&aacute;mottev\u0151en kev&eacute;sb&eacute; vesz&eacute;lyezteti eml\u0151daganat kialakul&aacute;sa.<\/p> <p>Az eml\u0151daganatok m&aacute;r r&ouml;viddel kialakul&aacute;suk ut&aacute;n &aacute;tt&eacute;tet k&eacute;pezhetnek. Az els\u0151 c&eacute;l&aacute;llom&aacute;s a k&ouml;rny&eacute;ki nyirokcsom&oacute;, majd a daganatsejtek a nyirok-&eacute;s v&eacute;rkering&eacute;ssel eljutnak a t&uuml;d\u0151be, ritk&aacute;bban a m&aacute;jba, l&eacute;pbe, ves&eacute;kbe. M\u0171t&eacute;t el\u0151tt &aacute;ttapintjuk a nyirokcsom&oacute;kat, az esetleges t&uuml;d\u0151&aacute;tt&eacute;tek mellkasi r&ouml;ntgenvizsg&aacute;lattal der&iacute;thet\u0151k fel. Id\u0151s betegekn&eacute;l az altat&aacute;si kock&aacute;zat felm&eacute;r&eacute;s&eacute;re v&eacute;rvizsg&aacute;latot, a sz&iacute;vm\u0171k&ouml;d&eacute;s ellen\u0151rz&eacute;s&eacute;hez kardiol&oacute;giai kivizsg&aacute;l&aacute;st javasolunk. A daganatsz&ouml;vet kiterjed&eacute;s&eacute;nek, &aacute;tt&eacute;teinek felismer&eacute;se &eacute;rdek&eacute;ben bizonyos esetekben izot&oacute;pos vizsg&aacute;lat sz&uuml;ks&eacute;ges.<\/p> <p>A m\u0171t&eacute;t sor&aacute;n a daganathoz tartoz&oacute; nyirokcsom&oacute;t speci&aacute;lis fest&eacute;ssel tessz&uuml;k l&aacute;that&oacute;v&aacute;, &eacute;s a daganattal egy&uuml;tt elt&aacute;vol&iacute;tjuk. Az elt&aacute;vol&iacute;tott sz&ouml;veteket daganattipiz&aacute;l&aacute;s c&eacute;lj&aacute;b&oacute;l k&oacute;rsz&ouml;vettani vizsg&aacute;latra k&uuml;ldj&uuml;k.<\/p> <p>Az oper&aacute;ci&oacute; ut&aacute;ni id\u0151szakban a tulajdonos havonta &aacute;tvizsg&aacute;lja &aacute;llat&aacute;t. Ha &uacute;jabb elv&aacute;ltoz&aacute;st tal&aacute;l, konzult&aacute;l kedvence kezel\u0151orvos&aacute;val, akihez probl&eacute;mamentes id\u0151szakban f&eacute;l&eacute;vente kontrollra viszi.<\/p>","protected":false},"excerpt":{"rendered":"<p>Id\u0151sebb szuk&aacute;kn&aacute;l \u0096 gyakoris&aacute;gukat tekintve \u0096 a tejmirigy daganatai nagyon el\u0151kel\u0151 helyet foglalnak el. &Ouml;t&eacute;ves kor felett m&aacute;r nem ritk&aacute;k, t&iacute;z&eacute;ves kor f&ouml;l&ouml;tt a nem ivartalan&iacute;tott szuk&aacute;k eml\u0151vizsg&aacute;lata sor&aacute;n nagy t&ouml;bbs&eacute;g&uuml;kn&eacute;l tal&aacute;lunk daganatos elv&aacute;ltoz&aacute;st. Nemcsak a fajtatiszta kuty&aacute;k betegs&eacute;ge ez; p&aacute;cienseink t&ouml;bb mint fele kever&eacute;k. A k&oacute;rsz&ouml;vettani vizsg&aacute;lattal igazolt daganatos elv&aacute;ltoz&aacute;sok jelent\u0151s r&eacute;sze (80%) rosszindulat&uacute;,<\/p>\n","protected":false},"author":3837,"featured_media":0,"parent":14342,"menu_order":0,"comment_status":"closed","ping_status":"closed","template":"","meta":{"_acf_changed":false,"footnotes":""},"categories":[],"tags":[],"class_list":["post-14354","page","type-page","status-publish","hentry"],"acf":[],"_links":{"self":[{"href":"https:\/\/univet.hu\/hu\/wp-json\/wp\/v2\/pages\/14354","targetHints":{"allow":["GET"]}}],"collection":[{"href":"https:\/\/univet.hu\/hu\/wp-json\/wp\/v2\/pages"}],"about":[{"href":"https:\/\/univet.hu\/hu\/wp-json\/wp\/v2\/types\/page"}],"author":[{"embeddable":true,"href":"https:\/\/univet.hu\/hu\/wp-json\/wp\/v2\/users\/3837"}],"replies":[{"embeddable":true,"href":"https:\/\/univet.hu\/hu\/wp-json\/wp\/v2\/comments?post=14354"}],"version-history":[{"count":0,"href":"https:\/\/univet.hu\/hu\/wp-json\/wp\/v2\/pages\/14354\/revisions"}],"up":[{"embeddable":true,"href":"https:\/\/univet.hu\/hu\/wp-json\/wp\/v2\/pages\/14342"}],"wp:attachment":[{"href":"https:\/\/univet.hu\/hu\/wp-json\/wp\/v2\/media?parent=14354"}],"wp:term":[{"taxonomy":"category","embeddable":true,"href":"https:\/\/univet.hu\/hu\/wp-json\/wp\/v2\/categories?post=14354"},{"taxonomy":"post_tag","embeddable":true,"href":"https:\/\/univet.hu\/hu\/wp-json\/wp\/v2\/tags?post=14354"}],"curies":[{"name":"wp","href":"https:\/\/api.w.org\/{rel}","templated":true}]}}