{"id":14355,"date":"1970-01-01T01:00:00","date_gmt":"1970-01-01T00:00:00","guid":{"rendered":"http:\/\/univet.hu\/egyetem\/szervezeti-egysegek\/szuleszeti-es-szaporodasbiologiai-tanszek-es-klinika\/szolgaltatasok\/tanacsok-allattartoknak\/petefeszek-meh-es-huvelydaganatok\/"},"modified":"2018-09-07T15:47:35","modified_gmt":"2018-09-07T13:47:35","slug":"petefeszek-meh-es-huvelydaganatok","status":"publish","type":"page","link":"https:\/\/univet.hu\/hu\/egyetem\/szervezeti-egysegek\/szuleszeti-es-szaporodasbiologiai-tanszek-es-klinika\/szolgaltatasok\/tanacsok-allattartoknak\/petefeszek-meh-es-huvelydaganatok\/","title":{"rendered":"Petef\u00e9szek-, m\u00e9h- \u00e9s h\u00fcvelydaganatok"},"content":{"rendered":"<p>Mint a daganatos betegs&eacute;gek &aacute;ltal&aacute;ban, a petef&eacute;szek-daganat is f\u0151leg az id\u0151sebb kuty&aacute;k betegs&eacute;ge, kiv&eacute;ve az els\u0151sorban fiatal korban jelentkez\u0151 teratom&aacute;kat. Egyes fajt&aacute;k a t&ouml;bbiekn&eacute;l gyakrabban betegszenek meg. A k&oacute;rk&eacute;p t&ouml;bbnyire egy oldalon jelentkezik, b&aacute;r alkalmank&eacute;nt az ellenoldali petef&eacute;szken &eacute;s a m&eacute;h ny&aacute;lkah&aacute;rty&aacute;j&aacute;n m&aacute;sodlagos cisztak&eacute;pz\u0151d&eacute;ssel j&aacute;rhat. Bizonyos daganatok (granulosa-, theca sejtes &eacute;s Sertoli-Leydig tumorok) 30%-ban k&eacute;toldali n&ouml;veked&eacute;s\u0171ek lehetnek.<\/p> <p>Amennyiben a petef&eacute;szek daganata ivari hormonokat is termel, a klinikai k&oacute;rk&eacute;p ennek megfelel\u0151en v&aacute;ltozik. Az &ouml;sztrog&eacute;n-termel\u0151 daganatok m&aacute;r kezdeti st&aacute;diumban v&eacute;res h&uuml;velykifoly&aacute;ssal k&iacute;s&eacute;rt szab&aacute;lytalan ivarz&aacute;si t&uuml;netekkel j&aacute;rnak, amely k&eacute;s\u0151bb a m&eacute;hny&aacute;lkah&aacute;rtya t&uacute;lteng&eacute;s&eacute;hez, majd gennyes m&eacute;hgyullad&aacute;s (pyometra) kialakul&aacute;s&aacute;hoz vezet. A petef&eacute;szek-daganatok nagyobbik r&eacute;sze azonban hormont nem termel, ez&eacute;rt viszonylag hossz&uacute; ideig rejtve maradhat. Amikor tov&aacute;bb n&ouml;vekedve m&aacute;r a k&ouml;rnyez\u0151 szerveket elnyomj&aacute;k, igen v&aacute;ltozatos klinikai t&uuml;neteket (depresszi&oacute;, &eacute;tv&aacute;gytalans&aacute;g, a vesem\u0171k&ouml;d&eacute;s &eacute;s v&iacute;zh&aacute;ztart&aacute;s zavara, hasv&iacute;zk&oacute;r) okozhatnak. A petef&eacute;szek daganatai nem hajlamosak t&aacute;voli &aacute;tt&eacute;tk&eacute;pz&eacute;sre, ez&eacute;rt a petef&eacute;szek &eacute;s a m&eacute;h seb&eacute;szi elt&aacute;vol&iacute;t&aacute;sa (ovario-hysterectomia) t&ouml;bbnyire elegend\u0151. Az &aacute;tt&eacute;ttel j&aacute;r&oacute; esetekben a kezel&eacute;s kemoter&aacute;pi&aacute;val eg&eacute;sz&iacute;thet\u0151 ki.<\/p> <p>A m&eacute;h- &eacute;s h&uuml;velydaganatok a petef&eacute;szektumorokn&aacute;l valamivel gyakoribbak, ezen bel&uuml;l a m&eacute;htumorok el\u0151fordul&aacute;sa mintegy 12-13%. &Aacute;ltal&aacute;ban j&oacute;indulat&uacute; leiomyom&aacute;k &eacute;s fibrom&aacute;k, kialakul&aacute;sukban a t&uuml;zel&eacute;s rendelleness&eacute;geinek nincs bizony&iacute;tott szerepe, viszont a lezajlott vemhess&eacute;gek n&ouml;velik a daganatk&eacute;pz\u0151d&eacute;s kock&aacute;zat&aacute;t. A rosszindulat&uacute; daganatok k&ouml;z&uuml;l a leiomyosarcom&aacute;k &eacute;s laph&aacute;m-carcinom&aacute;k a leggyakoribb t&iacute;pusok. A betegek &aacute;tlagos &eacute;letkora 11 &eacute;v. A nem k&iacute;v&aacute;nt vemhess&eacute;g megakad&aacute;lyoz&aacute;s&aacute;ra (nid&aacute;ci&oacute;g&aacute;tl&aacute;s) alkalmazott kor&aacute;bbi &ouml;sztrog&eacute;n (ethinylestradiol, testosteron &eacute;s megestrol acetat) kezel&eacute;sek azonban &#8211; mell&eacute;khat&aacute;sk&eacute;nt &#8211; m&eacute;hcarcinoma kialakul&aacute;s&aacute;ra hajlamos&iacute;tanak! Az &aacute;tt&eacute;tk&eacute;pz&eacute;si hajlam daganatt&iacute;pusonk&eacute;nt elt&eacute;r\u0151, &iacute;gy pl. a leiomyosarcoma nem hajlamos &aacute;tt&eacute;tk&eacute;pz&eacute;sre, ezzel szemben a m&eacute;hcarcinom&aacute;kn&aacute;l a t&uuml;d\u0151, vese, m&aacute;j, mell&eacute;kvese &eacute;s pajzsmirigy sz&ouml;veteiben gyakran tal&aacute;lunk metastasist. A j&oacute;indulat&uacute; &eacute;s &aacute;tt&eacute;ttel nem j&aacute;r&oacute; daganatokn&aacute;l a seb&eacute;szi elt&aacute;vol&iacute;t&aacute;s kiel&eacute;g&iacute;t\u0151 eredm&eacute;nyt ny&uacute;jt, ami &aacute;tt&eacute;tk&eacute;pz\u0151d&eacute;s eset&eacute;n kemoter&aacute;pi&aacute;val eg&eacute;sz&iacute;thet\u0151 ki.<\/p>","protected":false},"excerpt":{"rendered":"<p>Mint a daganatos betegs&eacute;gek &aacute;ltal&aacute;ban, a petef&eacute;szek-daganat is f\u0151leg az id\u0151sebb kuty&aacute;k betegs&eacute;ge, kiv&eacute;ve az els\u0151sorban fiatal korban jelentkez\u0151 teratom&aacute;kat. Egyes fajt&aacute;k a t&ouml;bbiekn&eacute;l gyakrabban betegszenek meg. A k&oacute;rk&eacute;p t&ouml;bbnyire egy oldalon jelentkezik, b&aacute;r alkalmank&eacute;nt az ellenoldali petef&eacute;szken &eacute;s a m&eacute;h ny&aacute;lkah&aacute;rty&aacute;j&aacute;n m&aacute;sodlagos cisztak&eacute;pz\u0151d&eacute;ssel j&aacute;rhat. Bizonyos daganatok (granulosa-, theca sejtes &eacute;s Sertoli-Leydig tumorok) 30%-ban k&eacute;toldali<\/p>\n","protected":false},"author":3837,"featured_media":0,"parent":14342,"menu_order":0,"comment_status":"closed","ping_status":"closed","template":"","meta":{"_acf_changed":false,"footnotes":""},"categories":[],"tags":[],"class_list":["post-14355","page","type-page","status-publish","hentry"],"acf":[],"_links":{"self":[{"href":"https:\/\/univet.hu\/hu\/wp-json\/wp\/v2\/pages\/14355","targetHints":{"allow":["GET"]}}],"collection":[{"href":"https:\/\/univet.hu\/hu\/wp-json\/wp\/v2\/pages"}],"about":[{"href":"https:\/\/univet.hu\/hu\/wp-json\/wp\/v2\/types\/page"}],"author":[{"embeddable":true,"href":"https:\/\/univet.hu\/hu\/wp-json\/wp\/v2\/users\/3837"}],"replies":[{"embeddable":true,"href":"https:\/\/univet.hu\/hu\/wp-json\/wp\/v2\/comments?post=14355"}],"version-history":[{"count":0,"href":"https:\/\/univet.hu\/hu\/wp-json\/wp\/v2\/pages\/14355\/revisions"}],"up":[{"embeddable":true,"href":"https:\/\/univet.hu\/hu\/wp-json\/wp\/v2\/pages\/14342"}],"wp:attachment":[{"href":"https:\/\/univet.hu\/hu\/wp-json\/wp\/v2\/media?parent=14355"}],"wp:term":[{"taxonomy":"category","embeddable":true,"href":"https:\/\/univet.hu\/hu\/wp-json\/wp\/v2\/categories?post=14355"},{"taxonomy":"post_tag","embeddable":true,"href":"https:\/\/univet.hu\/hu\/wp-json\/wp\/v2\/tags?post=14355"}],"curies":[{"name":"wp","href":"https:\/\/api.w.org\/{rel}","templated":true}]}}