{"id":14362,"date":"2018-09-04T12:10:19","date_gmt":"2018-09-04T10:10:19","guid":{"rendered":"http:\/\/univet.hu\/egyetem\/szervezeti-egysegek\/takarmanyozastani-osztaly\/kutatas\/"},"modified":"2026-01-14T13:57:03","modified_gmt":"2026-01-14T12:57:03","slug":"kutatas","status":"publish","type":"page","link":"https:\/\/univet.hu\/hu\/egyetem\/szervezeti-egysegek\/allattenyesztesi-takarmanyozastani-es-laborallat-tudomanyi-tanszek\/takarmanyozastani-tanszek\/kutatas\/","title":{"rendered":"Kutat\u00e1s"},"content":{"rendered":"<p><span style=\"font-size: 14pt\"><strong>A tansz\u00e9k kutat\u00f3i \u00e9s f\u0151bb kutat\u00e1si ter\u00fcleteik<\/strong><\/span><\/p> <table style=\"border-collapse: collapse;width: 70.443%;height: 210px\"> <tbody> <tr style=\"height: 200px\"> <td style=\"width: 13.7255%;height: 46px\"><span style=\"font-size: 10pt\">Bajnok M\u00e1rta<\/span><\/td> <td style=\"width: 13.8665%;height: 46px\" width=\"226\"><span style=\"font-size: 10pt\"><a href=\"https:\/\/m2.mtmt.hu\/gui2\/?type=authors&amp;mode=browse&amp;sel=authors10024880\">MTMT:<\/a>\u00a010024880<\/span><\/td> <td style=\"width: 42.8457%;height: 46px\"> <ul> <li><span style=\"font-size: 10pt\">Takarm\u00e1nyc\u00e9l\u00fa, term\u00e9szetv\u00e9delmi, \u00f6kol\u00f3giai gyepgazd\u00e1lkod\u00e1s.<\/span><\/li> <li><span style=\"font-size: 10pt\">\u00c1llatok a legel\u0151n, legeltet\u00e9ses \u00e1llattart\u00e1s.<\/span><\/li> <li><span style=\"font-size: 10pt\">A kl\u00edmav\u00e1ltoz\u00e1s hat\u00e1sa a gyepek hasznos\u00edt\u00e1s\u00e1ra.<\/span><\/li> <\/ul> <\/td> <\/tr> <tr style=\"height: 24px\"> <td style=\"width: 13.7255%;height: 24px\"><span style=\"font-size: 10pt\">Bers\u00e9nyi\u00a0Andr\u00e1s<\/span><\/td> <td style=\"width: 13.8665%;height: 24px\"><span style=\"font-size: 10pt\"><a href=\"https:\/\/m2.mtmt.hu\/gui2\/?type=authors&amp;mode=browse&amp;sel=authors10012274\">MTMT<\/a> 10012274<\/span><\/td> <td style=\"width: 42.8457%;height: 24px\"> <ul> <li><span style=\"font-size: 10pt\">Rovarfeh\u00e9rj\u00e9k takarm\u00e1nyoz\u00e1si c\u00e9l\u00fa felhaszn\u00e1l\u00e1sa.<\/span><\/li> <li><span style=\"font-size: 10pt\">Toxikus elemek vizsg\u00e1lata a t\u00e1pl\u00e1l\u00e9kl\u00e1ncban.<\/span><\/li> <li><span style=\"font-size: 10pt\">Kedvtel\u00e9sb\u0151l tartott \u00e1llatok aktu\u00e1lis dietetikai k\u00e9rd\u00e9sei.<\/span><\/li> <li><span style=\"font-size: 10pt\">\u00daj takarm\u00e1nyok alkalmaz\u00e1sa brojlercsirk\u00e9n\u00e9l<\/span><\/li> <\/ul> <\/td> <\/tr> <tr style=\"height: 24px\"> <td style=\"width: 13.7255%;height: 10px\"><span style=\"font-size: 10pt\">Het\u00e9nyi Nikoletta<\/span><\/td> <td style=\"width: 13.8665%;height: 10px\"> <p><span style=\"font-size: 10pt\"><a href=\"https:\/\/m2.mtmt.hu\/gui2\/?type=authors&amp;mode=browse&amp;sel=authors10023169\">MTMT<\/a>\u00a010023169 <a href=\"https:\/\/www.researchgate.net\/profile\/Nikoletta-Hetenyi?ev=hdr_xprf\">ResearchGate\u00a0 <\/a><\/span><\/p> <p><span style=\"font-size: 10pt\">ORCID: 0000-0001-8772-0868<\/span><\/td> <td style=\"width: 42.8457%;height: 10px\"> <ul> <li><span style=\"font-size: 10pt\">H\u00fcll\u0151k\u00a0t\u00e1pl\u00e1l\u00e1si\u00a0eredet\u0171\u00a0megbeteged\u00e9sei.<\/span><\/li> <li><span style=\"font-size: 10pt\">A kedvtel\u00e9sb\u0151l tartott egzotikus \u00e1llatok tart\u00e1sa \u00e9s t\u00e1pl\u00e1l\u00e1sa.<\/span><\/li> <li><span style=\"font-size: 10pt\">Rovarok felhaszn\u00e1l\u00e1sa a takarm\u00e1nyoz\u00e1sban.<\/span><\/li> <li><span style=\"font-family: inherit;font-size: 10pt\">Rovarok nagy\u00fczemi el\u0151\u00e1ll\u00edt\u00e1sa \u00e9s t\u00e1pl\u00e1l\u00e1sa.\u00a0<\/span><\/li> <\/ul> <\/td> <\/tr> <tr style=\"height: 24px\"> <td style=\"width: 13.7255%;height: 24px\"><span style=\"font-size: 10pt\">Hull\u00e1r Istv\u00e1n<\/span><\/td> <td style=\"width: 13.8665%;height: 24px\"> <p><span style=\"font-size: 10pt\"><a href=\"https:\/\/m2.mtmt.hu\/gui2\/?type=authors&amp;mode=browse&amp;sel=authors10002299\">MTMT<\/a>\u00a010002299<\/span><\/p> <p><span style=\"font-size: 10pt\">ORDID: 0000-0002-1748-5654<\/span><\/td> <td style=\"width: 42.8457%;height: 24px\"> <ul> <li><span style=\"font-size: 10pt\">A gl\u00fck\u00f3z \u00e9s a frukt\u00f3z takarm\u00e1nyoz\u00e1s\u00e9lettani hat\u00e1sai.<\/span><\/li> <li><span style=\"font-size: 10pt\">A gl\u00fck\u00f3z, a frukt\u00f3z \u00e9s a zs\u00edr k\u00f6lcs\u00f6nhat\u00e1sai,\u00a0befoly\u00e1suk a\u00a0b\u00e9lmikrobi\u00f3t\u00e1ra.<\/span><\/li> <\/ul> <\/td> <\/tr> <tr style=\"height: 24px\"> <td style=\"width: 13.7255%;height: 10px\"><span style=\"font-size: 10pt\">Korbacska-Kutasi Orsolya<\/span><\/td> <td style=\"width: 13.8665%;height: 10px\"> <p><span style=\"font-size: 10pt\"><a href=\"https:\/\/m2.mtmt.hu\/gui2\/?type=authors&amp;mode=browse&amp;sel=authors10023453\">MTMT<\/a>\u00a010023453<\/span><\/p> <p><span style=\"font-size: 10pt\"><a href=\"https:\/\/www.researchgate.net\/profile\/Orsolya-Kutasi\">ResearchGate\u00a0<\/a><\/span><\/p> <p><span style=\"font-size: 10pt\">ORCID: 0000-0002-8950-5923<\/span><\/td> <td style=\"width: 42.8457%;height: 10px\"> <ul> <li><span style=\"font-size: 10pt\">Lovak takarm\u00e1nyoz\u00e1sa \u00e9s klinikai dietetik\u00e1ja.<\/span><\/li> <li><span style=\"font-size: 10pt\">Lovak sport\u00e9lettana \u00e9s teljes\u00edtm\u00e9nyvizsg\u00e1lata.<\/span><\/li> <li><span style=\"font-size: 10pt\">Lovak v\u00edrusos betegs\u00e9gei (nyugat-n\u00edlusi v\u00edrus).<\/span><\/li> <li><span style=\"font-size: 10pt\">T\u00e1rs\u00e1llat etet\u00e9si szok\u00e1sok \u00e9s trendek vizsg\u00e1lata.<\/span><\/li> <\/ul> <\/td> <\/tr> <tr style=\"height: 24px\"> <td style=\"width: 13.7255%;height: 24px\"><span style=\"font-size: 10pt\">Moravszki Let\u00edcia<\/span><\/td> <td style=\"width: 13.8665%;height: 24px\"> <p><span style=\"font-size: 10pt\"><a href=\"https:\/\/m2.mtmt.hu\/gui2\/?type=authors&amp;mode=browse&amp;sel=authors10023449\">MTMT<\/a>\u00a010023449<\/span><\/p> <p><span style=\"font-size: 10pt\"><a href=\"https:\/\/www.researchgate.net\/profile\/Leticia-Moravszki?ev=hdr_xprf\">ResearchGate<\/a><\/span><\/p> <p><span style=\"font-size: 10pt\">ORCID: 0000-0001-8665-7836<\/span><\/td> <td style=\"width: 42.8457%;height: 24px\"> <ul> <li><span style=\"font-size: 10pt\">A melan\u00f3ma egyes megjelen\u00e9si form\u00e1inak el\u0151fordul\u00e1si gyakoris\u00e1ga magyarorsz\u00e1gi arab l\u00f3fajt\u00e1kban.<\/span><\/li> <li><span style=\"font-size: 10pt\">Az Equid Herpeszv\u00edrus 5 elterjedts\u00e9g\u00e9nek \u00e9s k\u00f3rtani szerep\u00e9nek vizsg\u00e1lata .<\/span><\/li> <li><span style=\"font-size: 10pt\">T\u00e1rs\u00e1llat etet\u00e9si szok\u00e1sok \u00e9s trendek vizsg\u00e1lata.<\/span><\/li> <\/ul> <\/td> <\/tr> <tr style=\"height: 24px\"> <td style=\"width: 13.7255%;height: 24px\"><span style=\"font-size: 10pt\">Orosz Szilvia<\/span><\/td> <td style=\"width: 13.8665%;height: 24px\"> <p><span style=\"font-size: 10pt\"><a href=\"https:\/\/m2.mtmt.hu\/gui2\/?type=authors&amp;mode=browse&amp;sel=authors10011304\">MTMT:<\/a>\u00a010011304<\/span><\/p> <p><span style=\"font-size: 10pt\"><a href=\"https:\/\/www.researchgate.net\/profile\/Szilvia-Orosz\">ResearchGate<\/a><\/span><\/p> <p><span style=\"font-size: 10pt\">ORCID: 0000-0002-0935-1697<\/span><\/td> <td style=\"width: 42.8457%;height: 24px\"> <ul> <li><span style=\"font-size: 10pt\">A t\u00f6megtakarm\u00e1nyok betakar\u00edt\u00e1stechnol\u00f3gi\u00e1ja \u00e9s tart\u00f3s\u00edt\u00e1sa.<\/span><\/li> <li><span style=\"font-size: 10pt\">A t\u00f6megtakarm\u00e1ny-b\u00e1zis stabilit\u00e1s\u00e1nak jav\u00edt\u00e1sa a kl\u00edmav\u00e1ltoz\u00e1s \u00e9s a javul\u00f3 tejtermel\u00e9si eredm\u00e9nyek t\u00fckr\u00e9ben (intenz\u00edv, sz\u00e1nt\u00f3f\u00f6ldi termeszt\u00e9s\u0171 f\u0171f\u00e9l\u00e9k; kora tavaszi betakar\u00edt\u00e1s\u00fa gabonaf\u00e9l\u00e9k -rozs, tritik\u00e1l\u00e9; \u0151szi \u00e9s tavaszi t\u00f6megtakarm\u00e1ny-kever\u00e9kek; BMR cirokf\u00e9l\u00e9k \u00e9s szud\u00e1ni f\u0171).<\/span><\/li> <li><span style=\"font-size: 10pt\">NIR t\u00f6megtakarm\u00e1ny-analitika. \u00daj, korszer\u0171 param\u00e9terek bevezet\u00e9se a hazai gyakorlatba a t\u00f6megtakarm\u00e1nyok ter\u00fclet\u00e9n: kukoricaszil\u00e1zs CSPS, peNDF, rostem\u00e9szthet\u0151s\u00e9g &#8211; NDFd<sub>48\u00a0<\/sub>\u00e9s\u00a0dNDF<sub>48<\/sub>, em\u00e9szthetelen rost (iNDF240), sz\u00e9naf\u00e9l\u00e9k min\u0151s\u00edt\u00e9se &#8211; RFQ, RFV.<\/span><\/li> <li><span style=\"font-size: 10pt\">A tejel\u0151 szarvasmarha takarm\u00e1nyoz\u00e1sa.<\/span><\/li> <\/ul> <\/td> <\/tr> <tr style=\"height: 24px\"> <td style=\"width: 13.7255%;height: 24px\"><span style=\"font-size: 10pt\">Szentes Szil\u00e1rd<\/span><\/td> <td style=\"width: 13.8665%;height: 24px\"> <p><span style=\"font-size: 10pt\"><a href=\"https:\/\/m2.mtmt.hu\/gui2\/?type=authors&amp;mode=browse&amp;sel=authors10027719\">MTMT:<\/a>\u00a010027719<\/span><\/p> <p><span style=\"font-size: 10pt\"><a href=\"https:\/\/www.researchgate.net\/profile\/Szilard-Szentes\">ResearchGate<\/a><\/span><\/p> <p><span style=\"font-size: 10pt\">ORCID: 0009-0003-9285-5849<\/span><\/td> <td style=\"width: 42.8457%;height: 24px\"> <ul> <li><span style=\"font-size: 10pt\">K\u00fcl\u00f6nb\u00f6z\u0151 \u00e1llatfajok legeltet\u00e9s\u00e9nek \u00e9s legeltet\u00e9si m\u00f3dok hat\u00e1s\u00e1nak vizsg\u00e1lata a gyepek bels\u0151 szerkezet\u00e9re.<\/span><\/li> <li><span style=\"font-size: 10pt\">Inv\u00e1zi\u00f3s \u00e9s lok\u00e1lisan felszaporod\u00f3 p\u00e1zsitf\u00fcvek\u00a0agro\u00f6kol\u00f3giai\u00a0\u00e9s\u00a0mikroc\u00f6nol\u00f3giai\u00a0hat\u00e1sainak vizsg\u00e1lata.<\/span><\/li> <li><span style=\"font-size: 10pt\">Gyepalkot\u00f3k takarm\u00e1nyoz\u00e1si vizsg\u00e1lata\u00a0fenol\u00f3giai\u00a0fejletts\u00e9g\u00fck f\u00fcggv\u00e9ny\u00e9ben.<\/span><\/li> <li><span style=\"font-size: 10pt\">Boszork\u00e1nyk\u00f6r k\u00e9pz\u0151\u00a0gombataxonok\u00a0hat\u00e1sainak vizsg\u00e1lata a gyepek \u00e9letk\u00f6z\u00f6ss\u00e9g\u00e9re<\/span><\/li> <li><span style=\"font-size: 10pt\">C4-es p\u00e1zsitf\u0171 fajok \u00f6kol\u00f3gi\u00e1ja.<\/span><\/li> <li><span style=\"font-size: 10pt\">Mezsgy\u00e9k n\u00f6v\u00e9nyzet\u00e9nek term\u00e9szetv\u00e9delmi c\u00e9l\u00fa vizsg\u00e1lata.<\/span><\/li> <\/ul> <\/td> <\/tr> <tr style=\"height: 24px\"> <td style=\"width: 13.7255%;height: 24px\"><span style=\"font-size: 10pt\">Wagenhoffer Zsombor<\/span><\/td> <td style=\"width: 13.8665%;height: 24px\"> <p><span style=\"font-size: 10pt\"><a href=\"https:\/\/m2.mtmt.hu\/gui2\/?type=authors&amp;mode=browse&amp;sel=authors10011032\">MTMT<\/a>\u00a010011032<\/span><\/p> <p><span style=\"font-size: 10pt\"><a href=\"https:\/\/www.researchgate.net\/profile\/Zsombor-Wagenhoffer\">ResearchGate<\/a><\/span><\/p> <p><span style=\"font-size: 10pt\">ORCID: 0009-0008-6163-5006<\/span><\/td> <td style=\"width: 42.8457%;height: 24px\"> <ul> <li><span style=\"font-size: 10pt\">teny\u00e9szt\u00e9s-szervez\u00e9s,<\/span><\/li> <li><span style=\"font-size: 10pt\">h\u00fasmarhateny\u00e9szt\u00e9s,<\/span><\/li> <li><span style=\"font-size: 10pt\">h\u00fasmarh\u00e1k k\u00fcllemi b\u00edr\u00e1lata,<\/span><\/li> <li><span style=\"font-size: 10pt\">szarvasmarh\u00e1k, juhok hizlal\u00e1si lehet\u0151s\u00e9ge, v\u00e1g\u00e1si- \u00e9s h\u00fasmin\u0151s\u00e9ge,<\/span><\/li> <li><span style=\"font-size: 10pt\">\u00e1llati term\u00e9kek glob\u00e1lis piaca,<\/span><\/li> <li><span style=\"font-size: 10pt\">szarvasmarha-, juh-, l\u00f3- \u00e9s sert\u00e9s\u00e1gazati elemz\u00e9sek, strat\u00e9gi\u00e1k,<\/span><\/li> <li><span style=\"font-size: 10pt\">KAP \u00e9s a t\u00e1mogat\u00e1si rendszerei,<\/span><\/li> <li><span style=\"font-size: 10pt\">legel\u0151re alapozott \u00e1llattart\u00e1s,<\/span><\/li> <li><span style=\"font-size: 10pt\">szakmak\u00f6zi szervezetek<\/span><\/li> <\/ul> <\/td> <\/tr> <\/tbody> <\/table> <p>&nbsp;<\/p>","protected":false},"excerpt":{"rendered":"<p>A tansz\u00e9k kutat\u00f3i \u00e9s f\u0151bb kutat\u00e1si ter\u00fcleteik Bajnok M\u00e1rta MTMT:\u00a010024880 Takarm\u00e1nyc\u00e9l\u00fa, term\u00e9szetv\u00e9delmi, \u00f6kol\u00f3giai gyepgazd\u00e1lkod\u00e1s. \u00c1llatok a legel\u0151n, legeltet\u00e9ses \u00e1llattart\u00e1s. A kl\u00edmav\u00e1ltoz\u00e1s hat\u00e1sa a gyepek hasznos\u00edt\u00e1s\u00e1ra. Bers\u00e9nyi\u00a0Andr\u00e1s MTMT 10012274 Rovarfeh\u00e9rj\u00e9k takarm\u00e1nyoz\u00e1si c\u00e9l\u00fa felhaszn\u00e1l\u00e1sa. Toxikus elemek vizsg\u00e1lata a t\u00e1pl\u00e1l\u00e9kl\u00e1ncban. Kedvtel\u00e9sb\u0151l tartott \u00e1llatok aktu\u00e1lis dietetikai k\u00e9rd\u00e9sei. \u00daj takarm\u00e1nyok alkalmaz\u00e1sa brojlercsirk\u00e9n\u00e9l Het\u00e9nyi Nikoletta MTMT\u00a010023169 ResearchGate\u00a0 ORCID: 0000-0001-8772-0868 H\u00fcll\u0151k\u00a0t\u00e1pl\u00e1l\u00e1si\u00a0eredet\u0171\u00a0megbeteged\u00e9sei. A<\/p>\n","protected":false},"author":3837,"featured_media":0,"parent":3384,"menu_order":2,"comment_status":"closed","ping_status":"closed","template":"","meta":{"_acf_changed":false,"footnotes":""},"categories":[],"tags":[],"class_list":["post-14362","page","type-page","status-publish","hentry"],"acf":[],"_links":{"self":[{"href":"https:\/\/univet.hu\/hu\/wp-json\/wp\/v2\/pages\/14362","targetHints":{"allow":["GET"]}}],"collection":[{"href":"https:\/\/univet.hu\/hu\/wp-json\/wp\/v2\/pages"}],"about":[{"href":"https:\/\/univet.hu\/hu\/wp-json\/wp\/v2\/types\/page"}],"author":[{"embeddable":true,"href":"https:\/\/univet.hu\/hu\/wp-json\/wp\/v2\/users\/3837"}],"replies":[{"embeddable":true,"href":"https:\/\/univet.hu\/hu\/wp-json\/wp\/v2\/comments?post=14362"}],"version-history":[{"count":6,"href":"https:\/\/univet.hu\/hu\/wp-json\/wp\/v2\/pages\/14362\/revisions"}],"predecessor-version":[{"id":197867,"href":"https:\/\/univet.hu\/hu\/wp-json\/wp\/v2\/pages\/14362\/revisions\/197867"}],"up":[{"embeddable":true,"href":"https:\/\/univet.hu\/hu\/wp-json\/wp\/v2\/pages\/3384"}],"wp:attachment":[{"href":"https:\/\/univet.hu\/hu\/wp-json\/wp\/v2\/media?parent=14362"}],"wp:term":[{"taxonomy":"category","embeddable":true,"href":"https:\/\/univet.hu\/hu\/wp-json\/wp\/v2\/categories?post=14362"},{"taxonomy":"post_tag","embeddable":true,"href":"https:\/\/univet.hu\/hu\/wp-json\/wp\/v2\/tags?post=14362"}],"curies":[{"name":"wp","href":"https:\/\/api.w.org\/{rel}","templated":true}]}}