{"id":14422,"date":"1970-01-01T01:00:00","date_gmt":"1970-01-01T00:00:00","guid":{"rendered":"http:\/\/univet.hu\/egyetem\/szervezeti-egysegek\/udulo-fonyod\/az-udulorol\/"},"modified":"2019-04-10T15:59:06","modified_gmt":"2019-04-10T13:59:06","slug":"az-udulorol","status":"publish","type":"page","link":"https:\/\/univet.hu\/hu\/egyetem\/szervezeti-egysegek\/udulo-fonyod\/az-udulorol\/","title":{"rendered":"Az \u00fcd\u00fcl\u0151r\u0151l"},"content":{"rendered":"<p><strong>\u00dcd\u00fcl\u0151 le\u00edr\u00e1sa (<a title=\"Alaprajz\" href=\"\/files\/subpages\/242\/files\/Terkep.pdf\" target=\"_blank\" rel=\"noopener\">alaprajz<\/a>)<\/strong><\/p> <p>Az \u00e9p\u00fcletben oldalank\u00e9nt 3-3 szoba tal\u00e1lhat\u00f3, melyek a t\u00e1rsalg\u00f3b\u00f3l k\u00f6zel\u00edthet\u0151k meg.<\/p> <p>Jobb oldal<br \/> 1. szoba: alapter\u00fclet 11 m2, 2 f\u00e9r\u0151helyes<br \/> 2. szoba: alapter\u00fclet 18 m2, 3 f\u00e9r\u0151helyes (p\u00f3t\u00e1gyazhat\u00f3)<br \/> 3. szoba: alapter\u00fclet 15 m2, 3 f\u00e9r\u0151helyes (p\u00f3t\u00e1gyazhat\u00f3)<\/p> <p>Bal oldal<br \/> 4. szoba: alapter\u00fclet 18 m2, 3 f\u00e9r\u0151helyes (p\u00f3t\u00e1gyazhat\u00f3)<br \/> 5. szoba: alapter\u00fclet 16,5 m2, 3 f\u00e9r\u0151helyes (p\u00f3t\u00e1gyazhat\u00f3)<br \/> 6. szoba: alapter\u00fclet 12 m2, 2 f\u00e9r\u0151helyes<\/p> <p>Minden oldalhoz 1-1 f\u00fcrd\u0151szoba \u00e9s WC, valamint 1-1 felszerelt konyha \u00e9s \u00e9tkez\u0151 tartozik. Minden szob\u00e1ban egy nagym\u00e9ret\u0171 h\u0171t\u0151szekr\u00e9ny, a konyh\u00e1kban pedig k\u00fcl\u00f6n fagyaszt\u00f3szekr\u00e9ny ker\u00fclt elhelyez\u00e9sre.<\/p> <p>Tov\u00e1bbi f\u00e9nyk\u00e9pek a\u00a0<a class=\"\u201cnoreplace\u201d\" href=\"https:\/\/univet.hu\/hu\/2013\/11\/17\/a-fonyodi-udulo-fonyod-magyarorszag\/\" target=\"_blank\" rel=\"noopener\"> gal\u00e9ri\u00e1ban\u00a0<\/a>tal\u00e1lhat\u00f3k.<\/p> <p><img loading=\"lazy\" decoding=\"async\" class=\"alignnone\" style=\"height: 348px; width: 464px;\" src=\"https:\/\/univet.hu\/files\/subpages\/242\/images\/04-Homlokzat.JPG\" data-replaced=\"true\" alt=\"04 Homlokzat\" width=\"2592\" height=\"1944\" \/><\/p>","protected":false},"excerpt":{"rendered":"<p>\u00dcd\u00fcl\u0151 le\u00edr\u00e1sa (alaprajz) Az \u00e9p\u00fcletben oldalank\u00e9nt 3-3 szoba tal\u00e1lhat\u00f3, melyek a t\u00e1rsalg\u00f3b\u00f3l k\u00f6zel\u00edthet\u0151k meg. Jobb oldal 1. szoba: alapter\u00fclet 11 m2, 2 f\u00e9r\u0151helyes 2. szoba: alapter\u00fclet 18 m2, 3 f\u00e9r\u0151helyes (p\u00f3t\u00e1gyazhat\u00f3) 3. szoba: alapter\u00fclet 15 m2, 3 f\u00e9r\u0151helyes (p\u00f3t\u00e1gyazhat\u00f3) Bal oldal 4. szoba: alapter\u00fclet 18 m2, 3 f\u00e9r\u0151helyes (p\u00f3t\u00e1gyazhat\u00f3) 5. szoba: alapter\u00fclet 16,5 m2, 3<\/p>\n","protected":false},"author":3837,"featured_media":0,"parent":3475,"menu_order":0,"comment_status":"closed","ping_status":"closed","template":"","meta":{"_acf_changed":false,"footnotes":""},"categories":[],"tags":[],"class_list":["post-14422","page","type-page","status-publish","hentry"],"acf":[],"_links":{"self":[{"href":"https:\/\/univet.hu\/hu\/wp-json\/wp\/v2\/pages\/14422","targetHints":{"allow":["GET"]}}],"collection":[{"href":"https:\/\/univet.hu\/hu\/wp-json\/wp\/v2\/pages"}],"about":[{"href":"https:\/\/univet.hu\/hu\/wp-json\/wp\/v2\/types\/page"}],"author":[{"embeddable":true,"href":"https:\/\/univet.hu\/hu\/wp-json\/wp\/v2\/users\/3837"}],"replies":[{"embeddable":true,"href":"https:\/\/univet.hu\/hu\/wp-json\/wp\/v2\/comments?post=14422"}],"version-history":[{"count":0,"href":"https:\/\/univet.hu\/hu\/wp-json\/wp\/v2\/pages\/14422\/revisions"}],"up":[{"embeddable":true,"href":"https:\/\/univet.hu\/hu\/wp-json\/wp\/v2\/pages\/3475"}],"wp:attachment":[{"href":"https:\/\/univet.hu\/hu\/wp-json\/wp\/v2\/media?parent=14422"}],"wp:term":[{"taxonomy":"category","embeddable":true,"href":"https:\/\/univet.hu\/hu\/wp-json\/wp\/v2\/categories?post=14422"},{"taxonomy":"post_tag","embeddable":true,"href":"https:\/\/univet.hu\/hu\/wp-json\/wp\/v2\/tags?post=14422"}],"curies":[{"name":"wp","href":"https:\/\/api.w.org\/{rel}","templated":true}]}}