{"id":14423,"date":"1970-01-01T01:00:00","date_gmt":"1970-01-01T00:00:00","guid":{"rendered":"http:\/\/univet.hu\/egyetem\/szervezeti-egysegek\/udulo-fonyod\/udulesi-dijak\/"},"modified":"2018-09-07T15:47:38","modified_gmt":"2018-09-07T13:47:38","slug":"udulesi-dijak","status":"publish","type":"page","link":"https:\/\/univet.hu\/hu\/egyetem\/szervezeti-egysegek\/udulo-fonyod\/udulesi-dijak\/","title":{"rendered":"\u00dcd\u00fcl\u00e9si d\u00edjak"},"content":{"rendered":"<ul> <li>Egyetemi dolgoz&oacute; &eacute;s k&ouml;zvetlen csal&aacute;dtag (sz&uuml;l\u0151, gyermek, f&eacute;rj-feles&eacute;g-&eacute;lett&aacute;rs): 800 Ft\/f\u0151\/nap<\/li> <li>3-14 &eacute;ves gyermek: 600 Ft\/f\u0151\/nap<\/li> <li>Nem egyetemi dolgoz&oacute;, nem k&ouml;zvetlen csal&aacute;dtag (pl. unoka): 1600 Ft\/f\u0151\/nap<\/li> <li>3-14 &eacute;ves gyermek: 1200 Ft\/f\u0151\/nap<\/li> <\/ul> <p>Az &uuml;d&uuml;l\u0151helyi d&iacute;jat (18 &eacute;ves kort&oacute;l) a helysz&iacute;nen kell fizetni.<\/p>","protected":false},"excerpt":{"rendered":"<p>Egyetemi dolgoz&oacute; &eacute;s k&ouml;zvetlen csal&aacute;dtag (sz&uuml;l\u0151, gyermek, f&eacute;rj-feles&eacute;g-&eacute;lett&aacute;rs): 800 Ft\/f\u0151\/nap 3-14 &eacute;ves gyermek: 600 Ft\/f\u0151\/nap Nem egyetemi dolgoz&oacute;, nem k&ouml;zvetlen csal&aacute;dtag (pl. unoka): 1600 Ft\/f\u0151\/nap 3-14 &eacute;ves gyermek: 1200 Ft\/f\u0151\/nap Az &uuml;d&uuml;l\u0151helyi d&iacute;jat (18 &eacute;ves kort&oacute;l) a helysz&iacute;nen kell fizetni.<\/p>\n","protected":false},"author":3837,"featured_media":0,"parent":3475,"menu_order":0,"comment_status":"closed","ping_status":"closed","template":"","meta":{"_acf_changed":false,"footnotes":""},"categories":[],"tags":[],"class_list":["post-14423","page","type-page","status-publish","hentry"],"acf":[],"_links":{"self":[{"href":"https:\/\/univet.hu\/hu\/wp-json\/wp\/v2\/pages\/14423","targetHints":{"allow":["GET"]}}],"collection":[{"href":"https:\/\/univet.hu\/hu\/wp-json\/wp\/v2\/pages"}],"about":[{"href":"https:\/\/univet.hu\/hu\/wp-json\/wp\/v2\/types\/page"}],"author":[{"embeddable":true,"href":"https:\/\/univet.hu\/hu\/wp-json\/wp\/v2\/users\/3837"}],"replies":[{"embeddable":true,"href":"https:\/\/univet.hu\/hu\/wp-json\/wp\/v2\/comments?post=14423"}],"version-history":[{"count":0,"href":"https:\/\/univet.hu\/hu\/wp-json\/wp\/v2\/pages\/14423\/revisions"}],"up":[{"embeddable":true,"href":"https:\/\/univet.hu\/hu\/wp-json\/wp\/v2\/pages\/3475"}],"wp:attachment":[{"href":"https:\/\/univet.hu\/hu\/wp-json\/wp\/v2\/media?parent=14423"}],"wp:term":[{"taxonomy":"category","embeddable":true,"href":"https:\/\/univet.hu\/hu\/wp-json\/wp\/v2\/categories?post=14423"},{"taxonomy":"post_tag","embeddable":true,"href":"https:\/\/univet.hu\/hu\/wp-json\/wp\/v2\/tags?post=14423"}],"curies":[{"name":"wp","href":"https:\/\/api.w.org\/{rel}","templated":true}]}}