{"id":1454,"date":"2018-03-01T11:02:35","date_gmt":"2018-03-01T10:02:35","guid":{"rendered":"http:\/\/univet.hu\/?page_id=1454"},"modified":"2018-08-10T13:11:33","modified_gmt":"2018-08-10T11:11:33","slug":"hirlevel","status":"publish","type":"page","link":"https:\/\/univet.hu\/hu\/kapcsolat\/hirlevel\/","title":{"rendered":"H\u00edrlev\u00e9l"},"content":{"rendered":"<div>H\u00edrlevel\u00fcnkre val\u00f3 feliratkoz\u00e1shoz adja meg e-mail c\u00edm\u00e9t \u00e9s t\u00f6ltse ki az al\u00e1bbi \u0171rlapot! Amennyiben \u00d6n dolgoz\u00f3i jelsz\u00f3val bejelentkezett az oldalra, elegend\u0151 a megjelen\u0151 list\u00e1r\u00f3l v\u00e1lasztania:<\/div> <div><\/div> <div id=\"landing-newsletter-iframe\">[ALO-EASYMAIL-PAGE]<\/div>","protected":false},"excerpt":{"rendered":"<p>H\u00edrlevel\u00fcnkre val\u00f3 feliratkoz\u00e1shoz adja meg e-mail c\u00edm\u00e9t \u00e9s t\u00f6ltse ki az al\u00e1bbi \u0171rlapot! Amennyiben \u00d6n dolgoz\u00f3i jelsz\u00f3val bejelentkezett az oldalra, elegend\u0151 a megjelen\u0151 list\u00e1r\u00f3l v\u00e1lasztania: [ALO-EASYMAIL-PAGE]<\/p>\n","protected":false},"author":1,"featured_media":0,"parent":1375,"menu_order":216,"comment_status":"closed","ping_status":"closed","template":"","meta":{"_acf_changed":false,"footnotes":""},"categories":[],"tags":[],"class_list":["post-1454","page","type-page","status-publish","hentry"],"acf":[],"_links":{"self":[{"href":"https:\/\/univet.hu\/hu\/wp-json\/wp\/v2\/pages\/1454","targetHints":{"allow":["GET"]}}],"collection":[{"href":"https:\/\/univet.hu\/hu\/wp-json\/wp\/v2\/pages"}],"about":[{"href":"https:\/\/univet.hu\/hu\/wp-json\/wp\/v2\/types\/page"}],"author":[{"embeddable":true,"href":"https:\/\/univet.hu\/hu\/wp-json\/wp\/v2\/users\/1"}],"replies":[{"embeddable":true,"href":"https:\/\/univet.hu\/hu\/wp-json\/wp\/v2\/comments?post=1454"}],"version-history":[{"count":0,"href":"https:\/\/univet.hu\/hu\/wp-json\/wp\/v2\/pages\/1454\/revisions"}],"up":[{"embeddable":true,"href":"https:\/\/univet.hu\/hu\/wp-json\/wp\/v2\/pages\/1375"}],"wp:attachment":[{"href":"https:\/\/univet.hu\/hu\/wp-json\/wp\/v2\/media?parent=1454"}],"wp:term":[{"taxonomy":"category","embeddable":true,"href":"https:\/\/univet.hu\/hu\/wp-json\/wp\/v2\/categories?post=1454"},{"taxonomy":"post_tag","embeddable":true,"href":"https:\/\/univet.hu\/hu\/wp-json\/wp\/v2\/tags?post=1454"}],"curies":[{"name":"wp","href":"https:\/\/api.w.org\/{rel}","templated":true}]}}