{"id":15401,"date":"2018-03-12T10:04:00","date_gmt":"2018-03-12T09:04:00","guid":{"rendered":"http:\/\/univet.hu\/egyetem\/barati-kor\/"},"modified":"2018-03-12T10:04:00","modified_gmt":"2018-03-12T09:04:00","slug":"barati-kor","status":"publish","type":"page","link":"https:\/\/univet.hu\/hu\/egyetem\/barati-kor\/","title":{"rendered":"Bar\u00e1ti K\u00f6r"},"content":{"rendered":"<p>A&nbsp;Szent Istv&aacute;n Egyetem &Aacute;llatorvos-tudom&aacute;nyi Kar&aacute;nak a Bar&aacute;ti K&ouml;re&nbsp;(SZIE &Aacute;OTK Bar&aacute;ti K&ouml;r) 2000-t\u0151l, az integr&aacute;ci&oacute;t&oacute;l jogut&oacute;da az &Aacute;llatorvos-tudom&aacute;nyi Egyetem Bar&aacute;ti K&ouml;r&eacute;nek (&Aacute;OTE Bar&aacute;ti K&ouml;r). Az egyetemi tan&aacute;cs 1987. november 24-&eacute;n tartott &uuml;l&eacute;s&eacute;n hozott hat&aacute;rozat&aacute;val a Bar&aacute;ti K&ouml;r alap&iacute;t&aacute;s&aacute;val egyet&eacute;rtett, &eacute;s azt p&aacute;rtfog&aacute;s&aacute;r&oacute;l biztos&iacute;totta. A Bar&aacute;ti K&ouml;r 1988 \u0151sz&eacute;t\u0151l tartja negyed&eacute;venk&eacute;nti tal&aacute;lkoz&oacute;it. A Bar&aacute;ti K&ouml;rt a F\u0151v&aacute;rosi B&iacute;r&oacute;s&aacute;g 1990. febru&aacute;r 9-&eacute;n 1239. sorsz&aacute;m alatt a t&aacute;rsadalmi szervezetek nyilv&aacute;ntart&aacute;s&aacute;ba felvette.<\/p> <p>A SZIE &Aacute;OTK Bar&aacute;ti K&ouml;re &ouml;n&aacute;ll&oacute; egyes&uuml;let, jogi szem&eacute;ly.<br \/>  Sz&eacute;khelye: 1078 Budapest, Istv&aacute;n u. 2.&nbsp;<br \/>  Eln&ouml;k:&nbsp;Dr. Varga Istv&aacute;n&nbsp;ny. egyetemi tan&aacute;r<br \/>  Titk&aacute;r:&nbsp;Dr. Visnyei L&aacute;szl&oacute;&nbsp;egyetemi docens<br \/>  El&eacute;rhet\u0151s&eacute;g: (1) 4784-100, varga.istvan&#39;kukac&#39;aotk.szie.hu<\/p> <p>&nbsp;<\/p> <hr \/> <p>A SZIE &Aacute;llatorvos-tudom&aacute;nyi Kar Bar&aacute;ti K&ouml;re 2015. november 20-t&oacute;l &Aacute;llatorvostudom&aacute;nyi Egyetem Bar&aacute;ti K&ouml;re Civil T&aacute;rsas&aacute;g (&Aacute;OTE BK CT) n&eacute;ven folytatja tev&eacute;kenys&eacute;g&eacute;t.<br \/>  &Uuml;gyvezet\u0151: Dr. Varga Istv&aacute;n prof. emeritus<br \/>  Sz&eacute;khely &eacute;s El&eacute;rhet\u0151s&eacute;g a fentivel azonos.<\/p>","protected":false},"excerpt":{"rendered":"<p>A&nbsp;Szent Istv&aacute;n Egyetem &Aacute;llatorvos-tudom&aacute;nyi Kar&aacute;nak a Bar&aacute;ti K&ouml;re&nbsp;(SZIE &Aacute;OTK Bar&aacute;ti K&ouml;r) 2000-t\u0151l, az integr&aacute;ci&oacute;t&oacute;l jogut&oacute;da az &Aacute;llatorvos-tudom&aacute;nyi Egyetem Bar&aacute;ti K&ouml;r&eacute;nek (&Aacute;OTE Bar&aacute;ti K&ouml;r). Az egyetemi tan&aacute;cs 1987. november 24-&eacute;n tartott &uuml;l&eacute;s&eacute;n hozott hat&aacute;rozat&aacute;val a Bar&aacute;ti K&ouml;r alap&iacute;t&aacute;s&aacute;val egyet&eacute;rtett, &eacute;s azt p&aacute;rtfog&aacute;s&aacute;r&oacute;l biztos&iacute;totta. A Bar&aacute;ti K&ouml;r 1988 \u0151sz&eacute;t\u0151l tartja negyed&eacute;venk&eacute;nti tal&aacute;lkoz&oacute;it. A Bar&aacute;ti K&ouml;rt a F\u0151v&aacute;rosi<\/p>\n","protected":false},"author":1,"featured_media":0,"parent":336,"menu_order":133,"comment_status":"closed","ping_status":"closed","template":"","meta":{"_acf_changed":false,"footnotes":""},"categories":[],"tags":[],"class_list":["post-15401","page","type-page","status-publish","hentry"],"acf":[],"_links":{"self":[{"href":"https:\/\/univet.hu\/hu\/wp-json\/wp\/v2\/pages\/15401","targetHints":{"allow":["GET"]}}],"collection":[{"href":"https:\/\/univet.hu\/hu\/wp-json\/wp\/v2\/pages"}],"about":[{"href":"https:\/\/univet.hu\/hu\/wp-json\/wp\/v2\/types\/page"}],"author":[{"embeddable":true,"href":"https:\/\/univet.hu\/hu\/wp-json\/wp\/v2\/users\/1"}],"replies":[{"embeddable":true,"href":"https:\/\/univet.hu\/hu\/wp-json\/wp\/v2\/comments?post=15401"}],"version-history":[{"count":0,"href":"https:\/\/univet.hu\/hu\/wp-json\/wp\/v2\/pages\/15401\/revisions"}],"up":[{"embeddable":true,"href":"https:\/\/univet.hu\/hu\/wp-json\/wp\/v2\/pages\/336"}],"wp:attachment":[{"href":"https:\/\/univet.hu\/hu\/wp-json\/wp\/v2\/media?parent=15401"}],"wp:term":[{"taxonomy":"category","embeddable":true,"href":"https:\/\/univet.hu\/hu\/wp-json\/wp\/v2\/categories?post=15401"},{"taxonomy":"post_tag","embeddable":true,"href":"https:\/\/univet.hu\/hu\/wp-json\/wp\/v2\/tags?post=15401"}],"curies":[{"name":"wp","href":"https:\/\/api.w.org\/{rel}","templated":true}]}}