{"id":15406,"date":"2017-05-09T14:17:00","date_gmt":"2017-05-09T12:17:00","guid":{"rendered":"http:\/\/univet.hu\/egyetem\/barati-kor\/alapszabaly\/"},"modified":"2017-05-09T14:17:00","modified_gmt":"2017-05-09T12:17:00","slug":"alapszabaly","status":"publish","type":"page","link":"https:\/\/univet.hu\/hu\/egyetem\/barati-kor\/alapszabaly\/","title":{"rendered":"Alapszab\u00e1ly"},"content":{"rendered":"<p>Az &Aacute;llatorvostudom&aacute;nyi Egyetem Bar&aacute;ti K&ouml;r&eacute;nek 1989-ben k&eacute;sz&uuml;lt alapszab&aacute;lya f&uuml;zet form&aacute;j&aacute;ban &eacute;s a Magyar &Aacute;llatorvosok Lapj&aacute;ban (1991. 46. 251-253) is megjelent. Ez tartalmazza az &aacute;ltal&aacute;nos rendelkez&eacute;sek mellett a Bar&aacute;ti K&ouml;r c&eacute;lj&aacute;t, a tags&aacute;gra, a tagok jogaira &eacute;s k&ouml;telezetts&eacute;geire, a tags&aacute;gi viszony megsz\u0171n&eacute;s&eacute;re, a k&ouml;zgy\u0171l&eacute;sre, eln&ouml;ks&eacute;gre, a sz&aacute;mvizsg&aacute;l&oacute; &eacute;s eln&ouml;ks&eacute;gi bizotts&aacute;gokra vonatkoz&oacute; el\u0151&iacute;r&aacute;sokat.<\/p> <p>Ezek r&eacute;szletez&eacute;se helyett fontosnak tartjuk itt megeml&iacute;teni, hogy az eredetileg elk&eacute;pzelt szenior megk&uuml;l&ouml;nb&ouml;ztet\u0151 elnevez&eacute;s de jure okafogyott&aacute; v&aacute;lt, noha de facto &eacute;rv&eacute;nyes, mert &#8211; a t&ouml;bb mint 2 &eacute;vtizedes tapasztalat szerint &#8211; a Bar&aacute;ti K&ouml;r tags&aacute;g&aacute;nak mintegy 95 %-a nyugd&iacute;jas kor&uacute;.<\/p> <p>A m\u0171k&ouml;d&eacute;s &eacute;s tags&aacute;gi viszony olyan formai felt&eacute;teleit\u0151l, mint pl. a jelentkez&eacute;si \u0171rlap kit&ouml;lt&eacute;se, a tagd&iacute;jfizet&eacute;s stb. hagyom&aacute;nyosan eltekint&uuml;nk A Bar&aacute;ti K&ouml;r tagja lehet ugyanis az alma materhez, a kari &ouml;sszetartoz&aacute;shoz ragaszkod&oacute;, a szervezet kor&aacute;bban lefektetett c&eacute;lkit\u0171z&eacute;sei, az &aacute;llatorvos- &eacute;s rokon tudom&aacute;nyok fejl\u0151d&eacute;se, a k&ouml;z&eacute;let &eacute;s a m\u0171v&eacute;szetek ir&aacute;nt &eacute;rdekl\u0151d\u0151 koll&eacute;ga &eacute;letkor&aacute;t&oacute;l f&uuml;ggetlen&uuml;l, esetleg hozz&aacute;tartoz&oacute;ja vagy a tal&aacute;lkoz&oacute;kon rendszeresen megjelen\u0151 vend&eacute;g. Minthogy a bev&eacute;tellel nem rendelkez\u0151 szervezet m\u0171k&ouml;d&eacute;si k&ouml;lts&eacute;ge l&eacute;nyeg&eacute;ben a postak&ouml;lts&eacute;gb\u0151l ad&oacute;dik, postai megh&iacute;v&oacute;t a tal&aacute;lkoz&oacute;kra &ndash; takar&eacute;koss&aacute;gi c&eacute;lb&oacute;l, k&ouml;zgy\u0171l&eacute;si beleegyez&eacute;ssel &ndash; csak a nyilv&aacute;ntart&aacute;sunk szerint t&ouml;bb&eacute;-kev&eacute;sb&eacute; rendszeresen megjelen\u0151 tagoknak k&uuml;ld&uuml;nk. Az &aacute;llatorvos-t&aacute;rsadalom &eacute;rdekl\u0151d\u0151 tagjai az elektronikus &uacute;ton (e-mail) &eacute;rtes&iacute;tett koll&eacute;g&aacute;kt&oacute;l &eacute;s szakmai foly&oacute;iratokb&oacute;l, 2010-t\u0151l kezdve e honlap H&iacute;rek rovat&aacute;b&oacute;l is t&aacute;j&eacute;koz&oacute;dhatnak a sorra ker&uuml;l\u0151 rendezv&eacute;nyekr\u0151l. A kor&ouml;sszet&eacute;telb\u0151l k&ouml;vetkez\u0151en folytonosan v&aacute;ltozik a tagl&eacute;tsz&aacute;m; a rendezv&eacute;nyekre tal&aacute;lkoz&oacute;nk&eacute;nt &aacute;ltal&aacute;ban 45-105 f\u0151 jelenik meg.<\/p> <p>Minthogy egyes&uuml;let&uuml;nk nem felelt meg a megv&aacute;ltozott jogszab&aacute;lyoknak, a jelenl&eacute;v\u0151k civil t&aacute;rsas&aacute;gi forma megalap&iacute;t&aacute;s&aacute;r&oacute;l d&ouml;nt&ouml;ttek Ett\u0151l kezdve a neve: &Aacute;llatorvostudom&aacute;nyi Egyetem Bar&aacute;ti K&ouml;re Civil T&aacute;rsas&aacute;g (&Aacute;TE BK CT).<\/p> <p><a href=\"https:\/\/univet.hu\/files\/subpages\/160\/files\/TE-BK-CT-Tarsasagi-szerzodese.doc\" data-replaced=\"true\">&Aacute;TE-BK-CT T&aacute;rsas&aacute;gi Szerz\u0151d&eacute;s<\/a><\/p> <p><a href=\"https:\/\/univet.hu\/files\/subpages\/160\/files\/CT-Csatlakozasi_nyilatkozat(2).doc\" data-replaced=\"true\">Csatlakoz&aacute;si Nyilatkozat<\/a><\/p> <p><a href=\"http:\/\/www.univet.hu\/hu\/egyetem\/alumni\/jubileumi-diplomak\" data-replaced=\"true\">Jubileumi diplom&aacute;k<\/a><\/p>","protected":false},"excerpt":{"rendered":"<p>Az &Aacute;llatorvostudom&aacute;nyi Egyetem Bar&aacute;ti K&ouml;r&eacute;nek 1989-ben k&eacute;sz&uuml;lt alapszab&aacute;lya f&uuml;zet form&aacute;j&aacute;ban &eacute;s a Magyar &Aacute;llatorvosok Lapj&aacute;ban (1991. 46. 251-253) is megjelent. Ez tartalmazza az &aacute;ltal&aacute;nos rendelkez&eacute;sek mellett a Bar&aacute;ti K&ouml;r c&eacute;lj&aacute;t, a tags&aacute;gra, a tagok jogaira &eacute;s k&ouml;telezetts&eacute;geire, a tags&aacute;gi viszony megsz\u0171n&eacute;s&eacute;re, a k&ouml;zgy\u0171l&eacute;sre, eln&ouml;ks&eacute;gre, a sz&aacute;mvizsg&aacute;l&oacute; &eacute;s eln&ouml;ks&eacute;gi bizotts&aacute;gokra vonatkoz&oacute; el\u0151&iacute;r&aacute;sokat. Ezek r&eacute;szletez&eacute;se helyett fontosnak<\/p>\n","protected":false},"author":1,"featured_media":0,"parent":15401,"menu_order":133,"comment_status":"closed","ping_status":"closed","template":"","meta":{"_acf_changed":false,"footnotes":""},"categories":[],"tags":[],"class_list":["post-15406","page","type-page","status-publish","hentry"],"acf":[],"_links":{"self":[{"href":"https:\/\/univet.hu\/hu\/wp-json\/wp\/v2\/pages\/15406","targetHints":{"allow":["GET"]}}],"collection":[{"href":"https:\/\/univet.hu\/hu\/wp-json\/wp\/v2\/pages"}],"about":[{"href":"https:\/\/univet.hu\/hu\/wp-json\/wp\/v2\/types\/page"}],"author":[{"embeddable":true,"href":"https:\/\/univet.hu\/hu\/wp-json\/wp\/v2\/users\/1"}],"replies":[{"embeddable":true,"href":"https:\/\/univet.hu\/hu\/wp-json\/wp\/v2\/comments?post=15406"}],"version-history":[{"count":0,"href":"https:\/\/univet.hu\/hu\/wp-json\/wp\/v2\/pages\/15406\/revisions"}],"up":[{"embeddable":true,"href":"https:\/\/univet.hu\/hu\/wp-json\/wp\/v2\/pages\/15401"}],"wp:attachment":[{"href":"https:\/\/univet.hu\/hu\/wp-json\/wp\/v2\/media?parent=15406"}],"wp:term":[{"taxonomy":"category","embeddable":true,"href":"https:\/\/univet.hu\/hu\/wp-json\/wp\/v2\/categories?post=15406"},{"taxonomy":"post_tag","embeddable":true,"href":"https:\/\/univet.hu\/hu\/wp-json\/wp\/v2\/tags?post=15406"}],"curies":[{"name":"wp","href":"https:\/\/api.w.org\/{rel}","templated":true}]}}