{"id":15408,"date":"2016-01-26T10:26:00","date_gmt":"2016-01-26T09:26:00","guid":{"rendered":"http:\/\/univet.hu\/egyetem\/barati-kor\/kezdetek\/"},"modified":"2016-01-26T10:26:00","modified_gmt":"2016-01-26T09:26:00","slug":"kezdetek","status":"publish","type":"page","link":"https:\/\/univet.hu\/hu\/egyetem\/barati-kor\/kezdetek\/","title":{"rendered":"Kezdetek"},"content":{"rendered":"<p><strong>Kezdetek<\/strong><\/p> <p>Dr. D&oacute;zsa Istv&aacute;n t&ouml;bb id\u0151sebb &ndash; f\u0151leg nyugd&iacute;jas &ndash; &aacute;llatorvos nev&eacute;ben 1985 febru&aacute;rj&aacute;ban az akkori rektornak c&iacute;mzett lev&eacute;lben fogalmazta meg el\u0151sz&ouml;r azt az ig&eacute;nyt, hogy j&aacute;ruljon hozz&aacute; &eacute;s t&aacute;mogassa az alma mater k&ouml;r&eacute; csoportosul&oacute; Bar&aacute;ti K&ouml;r m\u0171k&ouml;d&eacute;s&eacute;t. A Bar&aacute;ti K&ouml;r megsz&uuml;let&eacute;s&eacute;nek el\u0151zm&eacute;nyeit, c&eacute;lkit\u0171z&eacute;seit, m\u0171k&ouml;d&eacute;si felt&eacute;teleit stb., n&eacute;hai Dr. Topon&aacute;ry Ferenc koll&eacute;g&aacute;nk foglalta &ouml;ssze a Magyar &Aacute;llatorvosok Lapja 1988. 43. 236. oldal&aacute;n. Ez&eacute;rt, valamint a Bar&aacute;ti K&ouml;r megalakul&aacute;s&aacute;ban fontos szerepet j&aacute;tsz&oacute;, s az id\u0151k&ouml;zben az &eacute;l\u0151k sor&aacute;b&oacute;l elt&aacute;vozott koll&eacute;g&aacute;ink ir&aacute;nti tiszteletb\u0151l e k&ouml;zlem&eacute;ny fontosabb r&eacute;szeit sz&oacute; szerint adjuk k&ouml;zre az al&aacute;bbiakban.<\/p> <p>&quot;Szenior&quot; &aacute;llatorvosok tal&aacute;lkoz&oacute;ja &ndash;<br \/>  c&eacute;ljuk: az &Aacute;llatorvos-tudom&aacute;nyi Egyetem Bar&aacute;ti K&ouml;r&eacute;nek l&eacute;trehoz&aacute;sa<\/p> <p>Sz&aacute;zn&eacute;gy budapesti &eacute;s vid&eacute;ki nyugd&iacute;jas &aacute;llatorvos tal&aacute;lkozott az &Aacute;llatorvos-tudom&aacute;nyi Egyetem belgy&oacute;gy&aacute;szati tansz&eacute;k&eacute;nek el\u0151ad&oacute;term&eacute;ben febru&aacute;r 10-&eacute;n. A megjelenteket Karsai Ferenc dr., a tansz&eacute;k vezet\u0151 professzora, mint felk&eacute;rt h&aacute;zigazda, k&ouml;sz&ouml;nt&ouml;tte. Elmondta, hogy a tal&aacute;lkoz&oacute; hely&eacute;nek megv&aacute;laszt&aacute;s&aacute;ban a tansz&eacute;k volt nagynev\u0171 professzorai ir&aacute;nti tisztelet megnyilv&aacute;nul&aacute;s&aacute;t l&aacute;tja, &eacute;s most, de a j&ouml;v\u0151ben is, ak&aacute;r a tansz&eacute;k bemutat&aacute;s&aacute;ra, mindig sz&iacute;vesen l&aacute;tja vend&eacute;g&uuml;l a volt hallgat&oacute;kat, &eacute;s eredm&eacute;nyes megbesz&eacute;l&eacute;st k&iacute;v&aacute;nt.<\/p> <p>Kucsera Gy&ouml;rgy dr. az el\u0151k&eacute;sz&iacute;t\u0151 bizotts&aacute;g nev&eacute;ben, melynek tagjai m&eacute;g D&oacute;zsa Istv&aacute;n, Kaz&aacute;r Gyula &eacute;s Topon&aacute;ry Ferenc doktorok, ismertette az &ouml;sszej&ouml;vetel meghirdet&eacute;s&eacute;nek el\u0151zm&eacute;nyeit. A MAE &Aacute;llatorvosok T&aacute;rsas&aacute;g&aacute;nak eln&ouml;ks&eacute;ge 1987 december&eacute;ben &ouml;sszeh&iacute;vott 16 &aacute;llatorvost azzal a c&eacute;llal, hogy megt&aacute;rgyalja a budapesti nyugd&iacute;jas &aacute;llatorvosok &eacute;vente 3-4 &ouml;sszej&ouml;vetel&eacute;nek a lehet\u0151s&eacute;g&eacute;t. A r&eacute;sztvev\u0151k a felt&eacute;telek biztos&iacute;t&aacute;s&aacute;t &eacute;s a r&eacute;szletek kidolgoz&aacute;s&aacute;t n&eacute;gytag&uacute; el\u0151k&eacute;sz&iacute;t\u0151 bizotts&aacute;gra b&iacute;zt&aacute;k. A bizotts&aacute;g meghirdette a febru&aacute;r 10-i tal&aacute;lkoz&oacute;t, id\u0151k&ouml;zben sz&eacute;les k&ouml;r\u0171 v&eacute;lem&eacute;nykutat&aacute;st v&eacute;gzett &eacute;s javaslatokat gy\u0171jt&ouml;tt.<\/p> <p>Topon&aacute;ry Ferenc dr. a javaslatok ismertet&eacute;se el\u0151tt statisztikai adatok feldolgoz&aacute;s&aacute;val bemutatta az egy&eacute;b &eacute;rvekkel is al&aacute;t&aacute;masztott &eacute;s &ouml;sszegy\u0171jt&ouml;tt javaslatokat, miszerint a l&eacute;trehozand&oacute; szervezet a nyugd&iacute;jas &aacute;llatorvosok szervezete helyett a szenior &aacute;llatorvosok szervezetek&eacute;nt alakuljon meg. A jelenl&eacute;v\u0151k a javaslattal egyet&eacute;rtettek.<\/p> <p>A szervezet m\u0171k&ouml;d&eacute;s&eacute;re vonatkoz&oacute;an a bizotts&aacute;g javaslat&aacute;t a k&ouml;vetkez\u0151kben foglalta &ouml;ssze. A szervezetnek c&eacute;lja legyen:<\/p> <ul> <li>el\u0151seg&iacute;teni azt, hogy az &aacute;llatorvosoknak szenior korban is kapcsolatuk legyen az &aacute;llatorvosok k&ouml;z&ouml;ss&eacute;g&eacute;vel, ismerj&eacute;k a szak- &eacute;s a rokontudom&aacute;nyok fejl\u0151d&eacute;s&eacute;t, azok &uacute;jabb eredm&eacute;nyeit &eacute;s kapcsolatuk ne sz\u0171nj&ouml;n meg a gyakorlattal,<\/li> <li>szervezni bar&aacute;ti, kultur&aacute;lis, sz&oacute;rakoztat&oacute; &ouml;sszej&ouml;veteleket, szakmai v&eacute;lem&eacute;nycser&eacute;ket, &uuml;zeml&aacute;togat&aacute;sokat,<\/li> <li>el\u0151seg&iacute;teni a szenior &eacute;letkor el\u0151nyeinek, a gazdag szakmai, &eacute;let- &eacute;s k&ouml;z&eacute;leti tapasztalatoknak a felhaszn&aacute;l&aacute;s&aacute;t, &aacute;tad&aacute;s&aacute;t a fiatal nemzed&eacute;knek,<\/li> <li>seg&iacute;ts&eacute;get ny&uacute;jtani eg&eacute;szs&eacute;g&uuml;k roml&aacute;s&aacute;nak megel\u0151z&eacute;s&eacute;ben &eacute;s a mag&aacute;nyoss&aacute;g &eacute;rz&eacute;s&eacute;nek lek&uuml;zd&eacute;s&eacute;ben.<\/li> <\/ul> <p>Bejelentette tov&aacute;bb&aacute;, hogy a &quot;Magyar &Aacute;llatorvosok Lapja&quot; &eacute;s a Phylaxia &quot;&Aacute;llatorvosi K&ouml;zlem&eacute;nyek&quot; c&iacute;m\u0171 kiadv&aacute;ny&aacute;nak f\u0151szerkeszt\u0151i sz&iacute;vesen v&aacute;llalt&aacute;k lapjukon kereszt&uuml;l az &aacute;llatorvosok t&aacute;j&eacute;koztat&aacute;s&aacute;t.<\/p> <p>Kov&aacute;cs Ferenc dr. rektor, akad&eacute;mikus k&ouml;sz&ouml;nt&ouml;tte ezut&aacute;n a megjelenteket. M&eacute;ltatta az &ouml;sszej&ouml;vetel c&eacute;ljait, megk&ouml;sz&ouml;nte az Egyetemen t&ouml;rt&eacute;n\u0151 megrendez&eacute;ssel kifejez&eacute;sre jut&oacute; megtiszteltet&eacute;st &eacute;s az Alma Mater eml&eacute;keinek meg\u0151rz&eacute;s&eacute;t. A c&eacute;lkit\u0171z&eacute;sek k&ouml;z&uuml;l kiemelte annak jelent\u0151s&eacute;g&eacute;t, hogy a hallgat&oacute;k megismerhetik a szeniorok &eacute;lettapasztalat&aacute;t. Az &ouml;sszej&ouml;vetelekre az Egyetem termet tud biztos&iacute;tani, &eacute;s a tervezett d&eacute;lut&aacute;ni bar&aacute;ti tal&aacute;lkoz&oacute;kra felaj&aacute;nlotta a KISZ klubhelyis&eacute;g&eacute;t, majd sikeres m\u0171k&ouml;d&eacute;st k&iacute;v&aacute;nt.<\/p> <p>V&eacute;g&uuml;l S&oacute;tonyi P&eacute;ter dr. KISZ-titk&aacute;r k&ouml;sz&ouml;nt&ouml;tte a megjelenteket, &eacute;s tolm&aacute;csolta a hallgat&oacute;k azon k&eacute;r&eacute;s&eacute;t, hogy besz&eacute;lgethessenek a szeniorokkal di&aacute;k&eacute;veikr\u0151l &eacute;s &eacute;lettapasztalataikr&oacute;l. Felaj&aacute;nlotta a kapcsolatok ki&eacute;p&iacute;t&eacute;s&eacute;re &eacute;s fenntart&aacute;s&aacute;ra a &quot;H&iacute;rad&oacute;&quot; c&iacute;m\u0171 egyetemi &uacute;js&aacute;got. K&eacute;rte, hogy a szeniorok k&ouml;z&ouml;lj&eacute;k majd vele a volt egyetemi oktat&oacute;k s&iacute;rhelyeit, amennyiben ismerik azokat, mert a hallgat&oacute;k v&aacute;llalt&aacute;k gondoz&aacute;sukat. A jelenl&eacute;v\u0151k k&ouml;z&uuml;l &ouml;nk&eacute;nt jelentkez&eacute;ssel 8 &aacute;llatorvos v&aacute;llalta a kerekasztal-besz&eacute;lget&eacute;seket, &eacute;s megtart&aacute;sukra a KISZ klubhelyis&eacute;g&eacute;ben m&aacute;rcius 16-&aacute;n &eacute;s &aacute;prilis 13-&aacute;n du. 2 &oacute;rakor ker&uuml;lt sor.<\/p> <p>Az elhangzott c&eacute;lokkal val&oacute; egyet&eacute;rt&eacute;s&eacute;t kifejezte t&ouml;bb hozz&aacute;sz&oacute;l&oacute;, &eacute;s b\u0151v&iacute;t&eacute;s&uuml;kre is tettek javaslatot. V&aacute;rnagy L&aacute;szl&oacute; dr., az &Aacute;llatorvosok T&aacute;rsas&aacute;g&aacute;nak eln&ouml;ke bar&aacute;ti tal&aacute;lkoz&oacute;k megtart&aacute;s&aacute;t javasolta a budapesti szenior &aacute;llatorvosok r&eacute;sz&eacute;re az Egyetem klubhelyis&eacute;g&eacute;ben, mert a T&aacute;rsas&aacute;gnak klub vagy egy&eacute;b szervezet l&eacute;trehoz&aacute;s&aacute;ra &eacute;s m\u0171k&ouml;dtet&eacute;s&eacute;re nincsen jogi &eacute;s anyagi lehet\u0151s&eacute;ge. Javaslat&aacute;nak elfogad&aacute;s&aacute;val a tal&aacute;lkoz&aacute;sok kit\u0171z&ouml;tt id\u0151pontjai &aacute;prilis 6., szeptember 7. &eacute;s november 9. du. 2 &oacute;ra. A h&aacute;zigazda tiszt&eacute;t D&oacute;zsa Istv&aacute;n, Kaz&aacute;r Gyula &eacute;s Kucsera Gy&ouml;rgy doktorok v&aacute;llalt&aacute;k. Ezek ut&aacute;n ker&uuml;lt sor &ouml;nk&eacute;ntes jelentkez&eacute;ssel &eacute;s a jelenl&eacute;v\u0151k egyet&eacute;rt&eacute;s&eacute;vel az el\u0151k&eacute;sz&iacute;t\u0151 bizotts&aacute;g kib\u0151v&iacute;t&eacute;s&eacute;re. A bizotts&aacute;g feladata a c&eacute;lok megval&oacute;s&iacute;t&aacute;s&aacute;ra alkalmas szervezet l&eacute;trehoz&aacute;s&aacute;nak felt&eacute;teleit kialak&iacute;tani &eacute;s a megalakul&aacute;s&aacute;t el\u0151k&eacute;sz&iacute;teni.<\/p> <p>A 12 tag&uacute;, kib\u0151v&iacute;tett el\u0151k&eacute;sz&iacute;t\u0151 bizotts&aacute;g febru&aacute;r 24-&eacute;n tartott &uuml;l&eacute;s&eacute;n meg&aacute;llap&iacute;totta, hogy lehet\u0151s&eacute;g van ugyan a szervezet &ouml;n&aacute;ll&oacute; vagy a Hazafias N&eacute;pfront budapesti szervezet&eacute;n bel&uuml;li l&eacute;trehoz&aacute;s&aacute;ra, de a legc&eacute;lszer\u0171bb &eacute;s a legalkalmasabb lenne l&eacute;trehozni az &Aacute;llatorvos-tudom&aacute;nyi Egyetem Bar&aacute;ti K&ouml;r&eacute;t. A K&ouml;r tagja lehetne valamennyi, k&uuml;l&ouml;nb&ouml;z\u0151 alkalmaztat&aacute;s&uacute;, beoszt&aacute;s&uacute; &eacute;s nyugd&iacute;jas &aacute;llatorvos. L&eacute;trehoz&aacute;s&aacute;nak &eacute;s m\u0171k&ouml;d&eacute;s&eacute;nek megvannak a jogi, anyagi &eacute;s t&aacute;rgyi felt&eacute;telei, keretei pedig m&oacute;dot adn&aacute;nak a szeniori, valamint egy&eacute;b csoportok, k&ouml;r&ouml;k &eacute;s azok k&ouml;zponti, valamint vid&eacute;ki klubjainak l&eacute;trehoz&aacute;s&aacute;ra. A szeniorok &aacute;ltal m&aacute;r megfogalmazott c&eacute;lok a K&ouml;r c&eacute;ljainak egy r&eacute;sz&eacute;t alkotn&aacute;k. Ez&eacute;rt a bizotts&aacute;g &uacute;gy hat&aacute;rozott, felk&eacute;ri az Egyetem rektor&aacute;t &eacute;s vezet\u0151s&eacute;g&eacute;t, hogy t&aacute;mogassa &eacute;s seg&iacute;tse az &Aacute;llatorvos-tudom&aacute;nyi Egyetem Bar&aacute;ti K&ouml;r&eacute;nek l&eacute;trehoz&aacute;s&aacute;t. Egyet&eacute;rt&eacute;s&uuml;k &eacute;s hozz&aacute;j&aacute;rul&aacute;suk ut&aacute;n kezden&eacute; meg a bizotts&aacute;g a K&ouml;r szervez&eacute;s&eacute;t, melynek eredm&eacute;ny&eacute;r\u0151l a szaklapokon kereszt&uuml;l folyamatosan adunk t&aacute;j&eacute;koztat&aacute;st.<\/p> <p>A bizotts&aacute;g ez&uacute;ton is k&ouml;sz&ouml;netet mond mindazoknak, akik k&ouml;sz&ouml;nt&ouml;tt&eacute;k a tal&aacute;lkoz&oacute; r&eacute;sztvev\u0151it &eacute;s lehet\u0151v&eacute; tett&eacute;k annak megtart&aacute;s&aacute;t.<\/p>","protected":false},"excerpt":{"rendered":"<p>Kezdetek Dr. D&oacute;zsa Istv&aacute;n t&ouml;bb id\u0151sebb &ndash; f\u0151leg nyugd&iacute;jas &ndash; &aacute;llatorvos nev&eacute;ben 1985 febru&aacute;rj&aacute;ban az akkori rektornak c&iacute;mzett lev&eacute;lben fogalmazta meg el\u0151sz&ouml;r azt az ig&eacute;nyt, hogy j&aacute;ruljon hozz&aacute; &eacute;s t&aacute;mogassa az alma mater k&ouml;r&eacute; csoportosul&oacute; Bar&aacute;ti K&ouml;r m\u0171k&ouml;d&eacute;s&eacute;t. A Bar&aacute;ti K&ouml;r megsz&uuml;let&eacute;s&eacute;nek el\u0151zm&eacute;nyeit, c&eacute;lkit\u0171z&eacute;seit, m\u0171k&ouml;d&eacute;si felt&eacute;teleit stb., n&eacute;hai Dr. Topon&aacute;ry Ferenc koll&eacute;g&aacute;nk foglalta &ouml;ssze a<\/p>\n","protected":false},"author":1,"featured_media":0,"parent":15401,"menu_order":133,"comment_status":"closed","ping_status":"closed","template":"","meta":{"_acf_changed":false,"footnotes":""},"categories":[],"tags":[],"class_list":["post-15408","page","type-page","status-publish","hentry"],"acf":[],"_links":{"self":[{"href":"https:\/\/univet.hu\/hu\/wp-json\/wp\/v2\/pages\/15408","targetHints":{"allow":["GET"]}}],"collection":[{"href":"https:\/\/univet.hu\/hu\/wp-json\/wp\/v2\/pages"}],"about":[{"href":"https:\/\/univet.hu\/hu\/wp-json\/wp\/v2\/types\/page"}],"author":[{"embeddable":true,"href":"https:\/\/univet.hu\/hu\/wp-json\/wp\/v2\/users\/1"}],"replies":[{"embeddable":true,"href":"https:\/\/univet.hu\/hu\/wp-json\/wp\/v2\/comments?post=15408"}],"version-history":[{"count":0,"href":"https:\/\/univet.hu\/hu\/wp-json\/wp\/v2\/pages\/15408\/revisions"}],"up":[{"embeddable":true,"href":"https:\/\/univet.hu\/hu\/wp-json\/wp\/v2\/pages\/15401"}],"wp:attachment":[{"href":"https:\/\/univet.hu\/hu\/wp-json\/wp\/v2\/media?parent=15408"}],"wp:term":[{"taxonomy":"category","embeddable":true,"href":"https:\/\/univet.hu\/hu\/wp-json\/wp\/v2\/categories?post=15408"},{"taxonomy":"post_tag","embeddable":true,"href":"https:\/\/univet.hu\/hu\/wp-json\/wp\/v2\/tags?post=15408"}],"curies":[{"name":"wp","href":"https:\/\/api.w.org\/{rel}","templated":true}]}}